{"id":52,"date":"2022-08-23T03:30:05","date_gmt":"2022-08-23T03:30:05","guid":{"rendered":"http:\/\/www.coaliciondelasamericas.org\/blog\/?page_id=52"},"modified":"2025-08-08T14:15:52","modified_gmt":"2025-08-08T14:15:52","slug":"consejo-directivo","status":"publish","type":"page","link":"https:\/\/www.coaliciondelasamericas.org\/blog\/consejo-directivo\/","title":{"rendered":"Comisi\u00f3n Directiva"},"content":{"rendered":"\n<div class=\"wp-block-columns is-layout-flex wp-container-core-columns-is-layout-28f84493 wp-block-columns-is-layout-flex\">\n<div class=\"wp-block-column is-layout-flow wp-block-column-is-layout-flow\"><\/div>\n\n\n\n<div class=\"wp-block-column is-layout-flow wp-block-column-is-layout-flow\"><\/div>\n\n\n\n<div class=\"wp-block-column is-layout-flow wp-block-column-is-layout-flow\"><\/div>\n<\/div>\n\n\n\n<div class=\"wp-block-columns is-layout-flex wp-container-core-columns-is-layout-28f84493 wp-block-columns-is-layout-flex\">\n<div class=\"wp-block-column is-layout-flow wp-block-column-is-layout-flow\">\n<p>Asociaci\u00f3n Coalici\u00f3n de las Am\u00e9ricas<br>Ministerio de Educaci\u00f3n y Cultura del Uruguay<br>Resoluci\u00f3n 2059\/024 del 12 de Diciembre del 2024<br>RUT: 220164660019<br>Direcci\u00f3n legal: Av 18 de Julio N\u00b0 959, oficina 1001. CP 11100, Montevideo, Uruguay<br><\/p>\n\n\n\n<p>Primera Comisi\u00f3n Directiva y la Primera Sindicatura Vigente hasta el <strong>31 de Marzo del 2026<\/strong><\/p>\n<\/div>\n<\/div>\n\n\n\n<div class=\"wp-block-columns is-layout-flex wp-container-core-columns-is-layout-28f84493 wp-block-columns-is-layout-flex\">\n<div class=\"wp-block-column is-layout-flow wp-block-column-is-layout-flow\">\n<p class=\"has-white-color has-text-color has-link-color wp-elements-7e4ac651328708ea719ac0894fa30934\">.<\/p>\n<\/div>\n\n\n\n<div class=\"wp-block-column is-layout-flow wp-block-column-is-layout-flow\"><\/div>\n\n\n\n<div class=\"wp-block-column is-layout-flow wp-block-column-is-layout-flow\"><\/div>\n<\/div>\n\n\n\n<div class=\"wp-block-columns is-layout-flex wp-container-core-columns-is-layout-28f84493 wp-block-columns-is-layout-flex\">\n<div class=\"wp-block-column is-layout-flow wp-block-column-is-layout-flow\" style=\"flex-basis:33.33%\">\n<figure class=\"wp-block-image size-full\"><img loading=\"lazy\" decoding=\"async\" width=\"480\" height=\"480\" src=\"https:\/\/www.coaliciondelasamericas.org\/blog\/wp-content\/uploads\/2025\/08\/Juan-Andres-Pereira-de-Souza-003.jpg\" alt=\"\" class=\"wp-image-4134\" srcset=\"https:\/\/www.coaliciondelasamericas.org\/blog\/wp-content\/uploads\/2025\/08\/Juan-Andres-Pereira-de-Souza-003.jpg 480w, https:\/\/www.coaliciondelasamericas.org\/blog\/wp-content\/uploads\/2025\/08\/Juan-Andres-Pereira-de-Souza-003-300x300.jpg 300w, https:\/\/www.coaliciondelasamericas.org\/blog\/wp-content\/uploads\/2025\/08\/Juan-Andres-Pereira-de-Souza-003-150x150.jpg 150w\" sizes=\"auto, (max-width: 480px) 100vw, 480px\" \/><\/figure>\n<\/div>\n\n\n\n<div class=\"wp-block-column is-layout-flow wp-block-column-is-layout-flow\" style=\"flex-basis:66.66%\">\n<p><strong>JUAN ANDR\u00c9S PEREIRA DE SOUZA<br><\/strong>Presidente (i)<br>Uruguay<\/p>\n\n\n\n<p>Persona con hemofilia A severa. Profesor de ingl\u00e9s de Educaci\u00f3n Media, efectivo, graduado del Consejo de Formaci\u00f3n en Educaci\u00f3n de Uruguay. Cuenta con un m\u00e1ster en Ense\u00f1anza de ingl\u00e9s como lengua extranjera por la Universidad de Ja\u00e9n, Espa\u00f1a . <strong><a href=\"https:\/\/www.coaliciondelasamericas.org\/blog\/consejo-directivo\/juan-andres-pereira-de-souza\/\">Leer M\u00e1s \u00bb<\/a><\/strong><\/p>\n<\/div>\n<\/div>\n\n\n\n<hr class=\"wp-block-separator has-text-color has-black-color has-alpha-channel-opacity has-black-background-color has-background\"\/>\n\n\n\n<div class=\"wp-block-columns is-layout-flex wp-container-core-columns-is-layout-28f84493 wp-block-columns-is-layout-flex\">\n<div class=\"wp-block-column is-layout-flow wp-block-column-is-layout-flow\" style=\"flex-basis:33.33%\">\n<figure class=\"wp-block-image size-full\"><img loading=\"lazy\" decoding=\"async\" width=\"480\" height=\"480\" src=\"https:\/\/www.coaliciondelasamericas.org\/blog\/wp-content\/uploads\/2024\/03\/isabel-sorondo-uru.jpeg\" alt=\"Isabel Sorondo\" class=\"wp-image-3222\" srcset=\"https:\/\/www.coaliciondelasamericas.org\/blog\/wp-content\/uploads\/2024\/03\/isabel-sorondo-uru.jpeg 480w, https:\/\/www.coaliciondelasamericas.org\/blog\/wp-content\/uploads\/2024\/03\/isabel-sorondo-uru-300x300.jpeg 300w, https:\/\/www.coaliciondelasamericas.org\/blog\/wp-content\/uploads\/2024\/03\/isabel-sorondo-uru-150x150.jpeg 150w\" sizes=\"auto, (max-width: 480px) 100vw, 480px\" \/><\/figure>\n<\/div>\n\n\n\n<div class=\"wp-block-column is-layout-flow wp-block-column-is-layout-flow\" style=\"flex-basis:66.66%\">\n<p><strong>ISABEL SORONDO<br><\/strong>Secretaria<br>Uruguay<\/p>\n\n\n\n<p>Con una s\u00f3lida trayectoria como Trabajadora Social y una destacada labor en la Asociaci\u00f3n de Hemofilia del Uruguay. se une a nosotros una l\u00edder en la lucha por los derechos de las personas con hemofilia. <strong><a href=\"https:\/\/www.coaliciondelasamericas.org\/blog\/consejo-directivo\/isabel-sorondo\/\">Leer M\u00e1s \u00bb<\/a><\/strong><\/p>\n<\/div>\n<\/div>\n\n\n\n<hr class=\"wp-block-separator has-text-color has-black-color has-alpha-channel-opacity has-black-background-color has-background\"\/>\n\n\n\n<div class=\"wp-block-columns is-layout-flex wp-container-core-columns-is-layout-28f84493 wp-block-columns-is-layout-flex\">\n<div class=\"wp-block-column is-layout-flow wp-block-column-is-layout-flow\" style=\"flex-basis:33.33%\">\n<figure class=\"wp-block-image size-full\"><img loading=\"lazy\" decoding=\"async\" width=\"480\" height=\"480\" src=\"https:\/\/www.coaliciondelasamericas.org\/blog\/wp-content\/uploads\/2024\/03\/WhatsApp-Image-2024-03-01-at-10.36.06-AM.jpeg\" alt=\"Patricia Romo Mart\u00ednez\" class=\"wp-image-3043\" srcset=\"https:\/\/www.coaliciondelasamericas.org\/blog\/wp-content\/uploads\/2024\/03\/WhatsApp-Image-2024-03-01-at-10.36.06-AM.jpeg 480w, https:\/\/www.coaliciondelasamericas.org\/blog\/wp-content\/uploads\/2024\/03\/WhatsApp-Image-2024-03-01-at-10.36.06-AM-300x300.jpeg 300w, https:\/\/www.coaliciondelasamericas.org\/blog\/wp-content\/uploads\/2024\/03\/WhatsApp-Image-2024-03-01-at-10.36.06-AM-150x150.jpeg 150w\" sizes=\"auto, (max-width: 480px) 100vw, 480px\" \/><\/figure>\n<\/div>\n\n\n\n<div class=\"wp-block-column is-layout-flow wp-block-column-is-layout-flow\" style=\"flex-basis:66.66%\">\n<p><strong>PATRICIA ROMO MART\u00cdNEZ<br><\/strong>Tesorera<br>M\u00e9xico<\/p>\n\n\n\n<p>Madre de un adulto joven con hemofilia, y de dos mujeres portadoras. Contador P\u00fablico de profesi\u00f3n. Cofundadora de la As. Potosina de Hemofilia A.C. en el a\u00f1o 1995 de la que he sido voluntaria desde hace casi 30 a\u00f1os, en mi natal San Luis Potos\u00ed, M\u00e9xico, de la que actualmente soy Asesora.  <strong><a href=\"https:\/\/www.coaliciondelasamericas.org\/blog\/consejo-directivo\/patricia-romo-martinez\/\">Leer M\u00e1s \u00bb<\/a><\/strong><\/p>\n<\/div>\n<\/div>\n\n\n\n<div class=\"wp-block-columns is-layout-flex wp-container-core-columns-is-layout-28f84493 wp-block-columns-is-layout-flex\">\n<div class=\"wp-block-column is-layout-flow wp-block-column-is-layout-flow\">\n<p class=\"has-white-color has-text-color has-link-color wp-elements-7e4ac651328708ea719ac0894fa30934\">.<\/p>\n<\/div>\n\n\n\n<div class=\"wp-block-column is-layout-flow wp-block-column-is-layout-flow\"><\/div>\n\n\n\n<div class=\"wp-block-column is-layout-flow wp-block-column-is-layout-flow\"><\/div>\n<\/div>\n\n\n\n<div class=\"wp-block-columns is-layout-flex wp-container-core-columns-is-layout-28f84493 wp-block-columns-is-layout-flex\">\n<div class=\"wp-block-column is-layout-flow wp-block-column-is-layout-flow\">\n<h6 class=\"wp-block-heading\">Primera Sindicatura<\/h6>\n<\/div>\n<\/div>\n\n\n\n<div class=\"wp-block-columns is-layout-flex wp-container-core-columns-is-layout-28f84493 wp-block-columns-is-layout-flex\">\n<div class=\"wp-block-column is-layout-flow wp-block-column-is-layout-flow\">\n<p class=\"has-white-color has-text-color has-link-color wp-elements-7e4ac651328708ea719ac0894fa30934\">.<\/p>\n<\/div>\n\n\n\n<div class=\"wp-block-column is-layout-flow wp-block-column-is-layout-flow\"><\/div>\n\n\n\n<div class=\"wp-block-column is-layout-flow wp-block-column-is-layout-flow\"><\/div>\n<\/div>\n\n\n\n<div class=\"wp-block-columns is-layout-flex wp-container-core-columns-is-layout-28f84493 wp-block-columns-is-layout-flex\">\n<div class=\"wp-block-column is-layout-flow wp-block-column-is-layout-flow\" style=\"flex-basis:33.33%\">\n<figure class=\"wp-block-image size-full\"><img loading=\"lazy\" decoding=\"async\" width=\"480\" height=\"480\" src=\"https:\/\/www.coaliciondelasamericas.org\/blog\/wp-content\/uploads\/2024\/02\/Isidro-Montero-Montero-CR.jpg\" alt=\"Isidro Montero Montero\" class=\"wp-image-3034\" srcset=\"https:\/\/www.coaliciondelasamericas.org\/blog\/wp-content\/uploads\/2024\/02\/Isidro-Montero-Montero-CR.jpg 480w, https:\/\/www.coaliciondelasamericas.org\/blog\/wp-content\/uploads\/2024\/02\/Isidro-Montero-Montero-CR-300x300.jpg 300w, https:\/\/www.coaliciondelasamericas.org\/blog\/wp-content\/uploads\/2024\/02\/Isidro-Montero-Montero-CR-150x150.jpg 150w\" sizes=\"auto, (max-width: 480px) 100vw, 480px\" \/><\/figure>\n<\/div>\n\n\n\n<div class=\"wp-block-column is-layout-flow wp-block-column-is-layout-flow\" style=\"flex-basis:66.66%\">\n<p><strong>ISIDRO A. MONTERO MONTERO<br><\/strong>Sindicatura Titular<br>Costa Rica<\/p>\n\n\n\n<p>Es segunda generaci\u00f3n con la condici\u00f3n de Hemofilia B. M\u00e1s de 18 a\u00f1os como voluntario, Ex &#8211; presidente de la Asociaci\u00f3n Costarricense de Hemofilia, durante varios a\u00f1os, ha impulsado muchas acciones en su pa\u00eds para la inclusi\u00f3n de nuevas terapias, las gu\u00edas de tratamiento y ha impulsado el registro de pacientes de hemofilia y otros trastornos del sangrado, formaci\u00f3n de j\u00f3venes l\u00edderes.. <strong><a href=\"https:\/\/www.coaliciondelasamericas.org\/blog\/consejo-directivo\/isidro-montero-montero\/\">Leer M\u00e1s \u00bb<\/a><\/strong><\/p>\n<\/div>\n<\/div>\n\n\n\n<div class=\"wp-block-columns is-layout-flex wp-container-core-columns-is-layout-28f84493 wp-block-columns-is-layout-flex\">\n<div class=\"wp-block-column is-layout-flow wp-block-column-is-layout-flow\">\n<p>.<\/p>\n<\/div>\n\n\n\n<div class=\"wp-block-column is-layout-flow wp-block-column-is-layout-flow\"><\/div>\n\n\n\n<div class=\"wp-block-column is-layout-flow wp-block-column-is-layout-flow\"><\/div>\n<\/div>\n\n\n\n<hr class=\"wp-block-separator has-text-color has-black-color has-alpha-channel-opacity has-black-background-color has-background\"\/>\n\n\n\n<div class=\"wp-block-columns is-layout-flex wp-container-core-columns-is-layout-28f84493 wp-block-columns-is-layout-flex\">\n<div class=\"wp-block-column is-layout-flow wp-block-column-is-layout-flow\">\n<p class=\"has-white-color has-text-color has-link-color wp-elements-7e4ac651328708ea719ac0894fa30934\">.<\/p>\n<\/div>\n\n\n\n<div class=\"wp-block-column is-layout-flow wp-block-column-is-layout-flow\"><\/div>\n\n\n\n<div class=\"wp-block-column is-layout-flow wp-block-column-is-layout-flow\"><\/div>\n<\/div>\n\n\n\n<div class=\"wp-block-columns is-layout-flex wp-container-core-columns-is-layout-28f84493 wp-block-columns-is-layout-flex\">\n<div class=\"wp-block-column is-layout-flow wp-block-column-is-layout-flow\">\n<h6 class=\"wp-block-heading\">Gestor de Iniciativas Estrat\u00e9gicas y Convenios \/ Acuerdos.<\/h6>\n<\/div>\n<\/div>\n\n\n\n<div class=\"wp-block-columns is-layout-flex wp-container-core-columns-is-layout-28f84493 wp-block-columns-is-layout-flex\">\n<div class=\"wp-block-column is-layout-flow wp-block-column-is-layout-flow\">\n<p class=\"has-white-color has-text-color has-link-color wp-elements-7e4ac651328708ea719ac0894fa30934\">.<\/p>\n<\/div>\n\n\n\n<div class=\"wp-block-column is-layout-flow wp-block-column-is-layout-flow\"><\/div>\n\n\n\n<div class=\"wp-block-column is-layout-flow wp-block-column-is-layout-flow\"><\/div>\n<\/div>\n\n\n\n<div class=\"wp-block-columns is-layout-flex wp-container-core-columns-is-layout-28f84493 wp-block-columns-is-layout-flex\">\n<div class=\"wp-block-column is-layout-flow wp-block-column-is-layout-flow\" style=\"flex-basis:33.33%\">\n<figure class=\"wp-block-image size-full\"><img loading=\"lazy\" decoding=\"async\" width=\"480\" height=\"480\" src=\"https:\/\/www.coaliciondelasamericas.org\/blog\/wp-content\/uploads\/2025\/08\/antonio-gomez-cavallini-003.jpg\" alt=\"\" class=\"wp-image-4136\" srcset=\"https:\/\/www.coaliciondelasamericas.org\/blog\/wp-content\/uploads\/2025\/08\/antonio-gomez-cavallini-003.jpg 480w, https:\/\/www.coaliciondelasamericas.org\/blog\/wp-content\/uploads\/2025\/08\/antonio-gomez-cavallini-003-300x300.jpg 300w, https:\/\/www.coaliciondelasamericas.org\/blog\/wp-content\/uploads\/2025\/08\/antonio-gomez-cavallini-003-150x150.jpg 150w\" sizes=\"auto, (max-width: 480px) 100vw, 480px\" \/><\/figure>\n<\/div>\n\n\n\n<div class=\"wp-block-column is-layout-flow wp-block-column-is-layout-flow\" style=\"flex-basis:66.66%\">\n<p><strong>ANTONIO G\u00d3MEZ CAVALLINI<\/strong><br>Gerente de Planificaci\u00f3n y Relaciones Estrat\u00e9gicas<br>Argentina<\/p>\n\n\n\n<p>Naci\u00f3 en Buenos Aires Argentina, persona con Hemofilia B. Casado, Tiene dos hijos, Licenciado en Ciencia Pol\u00edtica, Postgrados en \u00c1mbitos P\u00fablicos, Gesti\u00f3n de Proyectos entre otros. Manejo de idiomas. <strong><a href=\"https:\/\/www.coaliciondelasamericas.org\/blog\/consejo-directivo\/antonio-gomez-cavallini\/\">Leer M\u00e1s \u00bb<\/a><\/strong><\/p>\n<\/div>\n<\/div>\n","protected":false},"excerpt":{"rendered":"<p>Asociaci\u00f3n Coalici\u00f3n de las Am\u00e9ricasMinisterio de Educaci\u00f3n y Cultura del UruguayResoluci\u00f3n 2059\/024 del 12 de Diciembre del 2024RUT: 220164660019Direcci\u00f3n legal:<\/p>\n","protected":false},"author":1,"featured_media":0,"parent":0,"menu_order":0,"comment_status":"closed","ping_status":"closed","template":"","meta":{"colormag_page_container_layout":"no_sidebar_content_centered","colormag_page_sidebar_layout":"no_sidebar","_coblocks_attr":"","_coblocks_dimensions":"","_coblocks_responsive_height":"","_coblocks_accordion_ie_support":"","_monsterinsights_skip_tracking":false,"_monsterinsights_sitenote_active":false,"_monsterinsights_sitenote_note":"","_monsterinsights_sitenote_category":0,"footnotes":""},"class_list":["post-52","page","type-page","status-publish","hentry"],"yoast_head":"<!-- This site is optimized with the Yoast SEO plugin v27.4 - https:\/\/yoast.com\/product\/yoast-seo-wordpress\/ -->\n<title>Comisi\u00f3n Directiva - Coalici&oacute;n de las Am&eacute;ricas<\/title>\n<meta name=\"description\" content=\"Comisi\u00f3n Directiva de la Coalici\u00f3n de la Coalici\u00f3n, Voluntarios a apoyar y servir a los Lideres de la regi\u00f3n.\" \/>\n<meta name=\"robots\" content=\"index, follow, max-snippet:-1, max-image-preview:large, max-video-preview:-1\" \/>\n<link rel=\"canonical\" href=\"https:\/\/www.coaliciondelasamericas.org\/blog\/consejo-directivo\/\" \/>\n<meta property=\"og:locale\" content=\"es_ES\" \/>\n<meta property=\"og:type\" content=\"article\" \/>\n<meta property=\"og:title\" content=\"Comisi\u00f3n Directiva - Coalici&oacute;n de las Am&eacute;ricas\" \/>\n<meta property=\"og:description\" content=\"Comisi\u00f3n Directiva de la Coalici\u00f3n de la Coalici\u00f3n, Voluntarios a apoyar y servir a los Lideres de la regi\u00f3n.\" \/>\n<meta property=\"og:url\" content=\"https:\/\/www.coaliciondelasamericas.org\/blog\/consejo-directivo\/\" \/>\n<meta property=\"og:site_name\" content=\"Coalici&oacute;n de las Am&eacute;ricas\" \/>\n<meta property=\"article:modified_time\" content=\"2025-08-08T14:15:52+00:00\" \/>\n<meta property=\"og:image\" content=\"https:\/\/www.coaliciondelasamericas.org\/blog\/wp-content\/uploads\/2025\/08\/Juan-Andres-Pereira-de-Souza-003.jpg\" \/>\n\t<meta property=\"og:image:width\" content=\"480\" \/>\n\t<meta property=\"og:image:height\" content=\"480\" \/>\n\t<meta property=\"og:image:type\" content=\"image\/jpeg\" \/>\n<meta name=\"twitter:card\" content=\"summary_large_image\" \/>\n<meta name=\"twitter:label1\" content=\"Tiempo de lectura\" \/>\n\t<meta name=\"twitter:data1\" content=\"3 minutos\" \/>\n<script type=\"application\/ld+json\" class=\"yoast-schema-graph\">{\"@context\":\"https:\\\/\\\/schema.org\",\"@graph\":[{\"@type\":\"WebPage\",\"@id\":\"https:\\\/\\\/www.coaliciondelasamericas.org\\\/blog\\\/consejo-directivo\\\/\",\"url\":\"https:\\\/\\\/www.coaliciondelasamericas.org\\\/blog\\\/consejo-directivo\\\/\",\"name\":\"Comisi\u00f3n Directiva - Coalici&oacute;n de las Am&eacute;ricas\",\"isPartOf\":{\"@id\":\"https:\\\/\\\/www.coaliciondelasamericas.org\\\/blog\\\/#website\"},\"primaryImageOfPage\":{\"@id\":\"https:\\\/\\\/www.coaliciondelasamericas.org\\\/blog\\\/consejo-directivo\\\/#primaryimage\"},\"image\":{\"@id\":\"https:\\\/\\\/www.coaliciondelasamericas.org\\\/blog\\\/consejo-directivo\\\/#primaryimage\"},\"thumbnailUrl\":\"https:\\\/\\\/www.coaliciondelasamericas.org\\\/blog\\\/wp-content\\\/uploads\\\/2025\\\/08\\\/Juan-Andres-Pereira-de-Souza-003.jpg\",\"datePublished\":\"2022-08-23T03:30:05+00:00\",\"dateModified\":\"2025-08-08T14:15:52+00:00\",\"description\":\"Comisi\u00f3n Directiva de la Coalici\u00f3n de la Coalici\u00f3n, Voluntarios a apoyar y servir a los Lideres de la regi\u00f3n.\",\"breadcrumb\":{\"@id\":\"https:\\\/\\\/www.coaliciondelasamericas.org\\\/blog\\\/consejo-directivo\\\/#breadcrumb\"},\"inLanguage\":\"es\",\"potentialAction\":[{\"@type\":\"ReadAction\",\"target\":[\"https:\\\/\\\/www.coaliciondelasamericas.org\\\/blog\\\/consejo-directivo\\\/\"]}]},{\"@type\":\"ImageObject\",\"inLanguage\":\"es\",\"@id\":\"https:\\\/\\\/www.coaliciondelasamericas.org\\\/blog\\\/consejo-directivo\\\/#primaryimage\",\"url\":\"https:\\\/\\\/www.coaliciondelasamericas.org\\\/blog\\\/wp-content\\\/uploads\\\/2025\\\/08\\\/Juan-Andres-Pereira-de-Souza-003.jpg\",\"contentUrl\":\"https:\\\/\\\/www.coaliciondelasamericas.org\\\/blog\\\/wp-content\\\/uploads\\\/2025\\\/08\\\/Juan-Andres-Pereira-de-Souza-003.jpg\",\"width\":480,\"height\":480},{\"@type\":\"BreadcrumbList\",\"@id\":\"https:\\\/\\\/www.coaliciondelasamericas.org\\\/blog\\\/consejo-directivo\\\/#breadcrumb\",\"itemListElement\":[{\"@type\":\"ListItem\",\"position\":1,\"name\":\"Portada\",\"item\":\"https:\\\/\\\/www.coaliciondelasamericas.org\\\/blog\\\/\"},{\"@type\":\"ListItem\",\"position\":2,\"name\":\"Comisi\u00f3n Directiva\"}]},{\"@type\":\"WebSite\",\"@id\":\"https:\\\/\\\/www.coaliciondelasamericas.org\\\/blog\\\/#website\",\"url\":\"https:\\\/\\\/www.coaliciondelasamericas.org\\\/blog\\\/\",\"name\":\"Coalici&oacute;n de las Am&eacute;ricas\",\"description\":\"Lideres Unidos por el Bienestar de la Hemofilia\",\"publisher\":{\"@id\":\"https:\\\/\\\/www.coaliciondelasamericas.org\\\/blog\\\/#organization\"},\"potentialAction\":[{\"@type\":\"SearchAction\",\"target\":{\"@type\":\"EntryPoint\",\"urlTemplate\":\"https:\\\/\\\/www.coaliciondelasamericas.org\\\/blog\\\/?s={search_term_string}\"},\"query-input\":{\"@type\":\"PropertyValueSpecification\",\"valueRequired\":true,\"valueName\":\"search_term_string\"}}],\"inLanguage\":\"es\"},{\"@type\":\"Organization\",\"@id\":\"https:\\\/\\\/www.coaliciondelasamericas.org\\\/blog\\\/#organization\",\"name\":\"Coalici&oacute;n de las Am&eacute;ricas\",\"url\":\"https:\\\/\\\/www.coaliciondelasamericas.org\\\/blog\\\/\",\"logo\":{\"@type\":\"ImageObject\",\"inLanguage\":\"es\",\"@id\":\"https:\\\/\\\/www.coaliciondelasamericas.org\\\/blog\\\/#\\\/schema\\\/logo\\\/image\\\/\",\"url\":\"https:\\\/\\\/www.coaliciondelasamericas.org\\\/blog\\\/wp-content\\\/uploads\\\/2023\\\/03\\\/cropped-01-Portada-02.png\",\"contentUrl\":\"https:\\\/\\\/www.coaliciondelasamericas.org\\\/blog\\\/wp-content\\\/uploads\\\/2023\\\/03\\\/cropped-01-Portada-02.png\",\"width\":300,\"height\":130,\"caption\":\"Coalici&oacute;n de las Am&eacute;ricas\"},\"image\":{\"@id\":\"https:\\\/\\\/www.coaliciondelasamericas.org\\\/blog\\\/#\\\/schema\\\/logo\\\/image\\\/\"}}]}<\/script>\n<!-- \/ Yoast SEO plugin. -->","yoast_head_json":{"title":"Comisi\u00f3n Directiva - Coalici&oacute;n de las Am&eacute;ricas","description":"Comisi\u00f3n Directiva de la Coalici\u00f3n de la Coalici\u00f3n, Voluntarios a apoyar y servir a los Lideres de la regi\u00f3n.","robots":{"index":"index","follow":"follow","max-snippet":"max-snippet:-1","max-image-preview":"max-image-preview:large","max-video-preview":"max-video-preview:-1"},"canonical":"https:\/\/www.coaliciondelasamericas.org\/blog\/consejo-directivo\/","og_locale":"es_ES","og_type":"article","og_title":"Comisi\u00f3n Directiva - Coalici&oacute;n de las Am&eacute;ricas","og_description":"Comisi\u00f3n Directiva de la Coalici\u00f3n de la Coalici\u00f3n, Voluntarios a apoyar y servir a los Lideres de la regi\u00f3n.","og_url":"https:\/\/www.coaliciondelasamericas.org\/blog\/consejo-directivo\/","og_site_name":"Coalici&oacute;n de las Am&eacute;ricas","article_modified_time":"2025-08-08T14:15:52+00:00","og_image":[{"width":480,"height":480,"url":"https:\/\/www.coaliciondelasamericas.org\/blog\/wp-content\/uploads\/2025\/08\/Juan-Andres-Pereira-de-Souza-003.jpg","type":"image\/jpeg"}],"twitter_card":"summary_large_image","twitter_misc":{"Tiempo de lectura":"3 minutos"},"schema":{"@context":"https:\/\/schema.org","@graph":[{"@type":"WebPage","@id":"https:\/\/www.coaliciondelasamericas.org\/blog\/consejo-directivo\/","url":"https:\/\/www.coaliciondelasamericas.org\/blog\/consejo-directivo\/","name":"Comisi\u00f3n Directiva - Coalici&oacute;n de las Am&eacute;ricas","isPartOf":{"@id":"https:\/\/www.coaliciondelasamericas.org\/blog\/#website"},"primaryImageOfPage":{"@id":"https:\/\/www.coaliciondelasamericas.org\/blog\/consejo-directivo\/#primaryimage"},"image":{"@id":"https:\/\/www.coaliciondelasamericas.org\/blog\/consejo-directivo\/#primaryimage"},"thumbnailUrl":"https:\/\/www.coaliciondelasamericas.org\/blog\/wp-content\/uploads\/2025\/08\/Juan-Andres-Pereira-de-Souza-003.jpg","datePublished":"2022-08-23T03:30:05+00:00","dateModified":"2025-08-08T14:15:52+00:00","description":"Comisi\u00f3n Directiva de la Coalici\u00f3n de la Coalici\u00f3n, Voluntarios a apoyar y servir a los Lideres de la regi\u00f3n.","breadcrumb":{"@id":"https:\/\/www.coaliciondelasamericas.org\/blog\/consejo-directivo\/#breadcrumb"},"inLanguage":"es","potentialAction":[{"@type":"ReadAction","target":["https:\/\/www.coaliciondelasamericas.org\/blog\/consejo-directivo\/"]}]},{"@type":"ImageObject","inLanguage":"es","@id":"https:\/\/www.coaliciondelasamericas.org\/blog\/consejo-directivo\/#primaryimage","url":"https:\/\/www.coaliciondelasamericas.org\/blog\/wp-content\/uploads\/2025\/08\/Juan-Andres-Pereira-de-Souza-003.jpg","contentUrl":"https:\/\/www.coaliciondelasamericas.org\/blog\/wp-content\/uploads\/2025\/08\/Juan-Andres-Pereira-de-Souza-003.jpg","width":480,"height":480},{"@type":"BreadcrumbList","@id":"https:\/\/www.coaliciondelasamericas.org\/blog\/consejo-directivo\/#breadcrumb","itemListElement":[{"@type":"ListItem","position":1,"name":"Portada","item":"https:\/\/www.coaliciondelasamericas.org\/blog\/"},{"@type":"ListItem","position":2,"name":"Comisi\u00f3n Directiva"}]},{"@type":"WebSite","@id":"https:\/\/www.coaliciondelasamericas.org\/blog\/#website","url":"https:\/\/www.coaliciondelasamericas.org\/blog\/","name":"Coalici&oacute;n de las Am&eacute;ricas","description":"Lideres Unidos por el Bienestar de la Hemofilia","publisher":{"@id":"https:\/\/www.coaliciondelasamericas.org\/blog\/#organization"},"potentialAction":[{"@type":"SearchAction","target":{"@type":"EntryPoint","urlTemplate":"https:\/\/www.coaliciondelasamericas.org\/blog\/?s={search_term_string}"},"query-input":{"@type":"PropertyValueSpecification","valueRequired":true,"valueName":"search_term_string"}}],"inLanguage":"es"},{"@type":"Organization","@id":"https:\/\/www.coaliciondelasamericas.org\/blog\/#organization","name":"Coalici&oacute;n de las Am&eacute;ricas","url":"https:\/\/www.coaliciondelasamericas.org\/blog\/","logo":{"@type":"ImageObject","inLanguage":"es","@id":"https:\/\/www.coaliciondelasamericas.org\/blog\/#\/schema\/logo\/image\/","url":"https:\/\/www.coaliciondelasamericas.org\/blog\/wp-content\/uploads\/2023\/03\/cropped-01-Portada-02.png","contentUrl":"https:\/\/www.coaliciondelasamericas.org\/blog\/wp-content\/uploads\/2023\/03\/cropped-01-Portada-02.png","width":300,"height":130,"caption":"Coalici&oacute;n de las Am&eacute;ricas"},"image":{"@id":"https:\/\/www.coaliciondelasamericas.org\/blog\/#\/schema\/logo\/image\/"}}]}},"_links":{"self":[{"href":"https:\/\/www.coaliciondelasamericas.org\/blog\/wp-json\/wp\/v2\/pages\/52","targetHints":{"allow":["GET"]}}],"collection":[{"href":"https:\/\/www.coaliciondelasamericas.org\/blog\/wp-json\/wp\/v2\/pages"}],"about":[{"href":"https:\/\/www.coaliciondelasamericas.org\/blog\/wp-json\/wp\/v2\/types\/page"}],"author":[{"embeddable":true,"href":"https:\/\/www.coaliciondelasamericas.org\/blog\/wp-json\/wp\/v2\/users\/1"}],"replies":[{"embeddable":true,"href":"https:\/\/www.coaliciondelasamericas.org\/blog\/wp-json\/wp\/v2\/comments?post=52"}],"version-history":[{"count":84,"href":"https:\/\/www.coaliciondelasamericas.org\/blog\/wp-json\/wp\/v2\/pages\/52\/revisions"}],"predecessor-version":[{"id":4227,"href":"https:\/\/www.coaliciondelasamericas.org\/blog\/wp-json\/wp\/v2\/pages\/52\/revisions\/4227"}],"wp:attachment":[{"href":"https:\/\/www.coaliciondelasamericas.org\/blog\/wp-json\/wp\/v2\/media?parent=52"}],"curies":[{"name":"wp","href":"https:\/\/api.w.org\/{rel}","templated":true}]}}