{"id":4175,"date":"2025-08-05T22:36:19","date_gmt":"2025-08-05T22:36:19","guid":{"rendered":"https:\/\/www.coaliciondelasamericas.org\/blog\/?page_id=4175"},"modified":"2025-08-05T23:09:38","modified_gmt":"2025-08-05T23:09:38","slug":"congreso-claht-2025","status":"publish","type":"page","link":"https:\/\/www.coaliciondelasamericas.org\/blog\/galeria\/congreso-claht-2025\/","title":{"rendered":"Congreso CLAHT 2025"},"content":{"rendered":"\n<div class=\"wp-block-columns is-layout-flex wp-container-core-columns-is-layout-28f84493 wp-block-columns-is-layout-flex\">\n<div class=\"wp-block-column is-layout-flow wp-block-column-is-layout-flow\" style=\"flex-basis:33.33%\">\n<figure class=\"wp-block-image size-full\"><img loading=\"lazy\" decoding=\"async\" width=\"520\" height=\"390\" src=\"https:\/\/www.coaliciondelasamericas.org\/blog\/wp-content\/uploads\/2025\/08\/Clath-2025-000-1.jpg\" alt=\"\" class=\"wp-image-4220\" srcset=\"https:\/\/www.coaliciondelasamericas.org\/blog\/wp-content\/uploads\/2025\/08\/Clath-2025-000-1.jpg 520w, https:\/\/www.coaliciondelasamericas.org\/blog\/wp-content\/uploads\/2025\/08\/Clath-2025-000-1-300x225.jpg 300w\" sizes=\"auto, (max-width: 520px) 100vw, 520px\" \/><\/figure>\n<\/div>\n\n\n\n<div class=\"wp-block-column is-layout-flow wp-block-column-is-layout-flow\" style=\"flex-basis:66.66%\">\n<p>Simposio de la FMH en el Congreso CLAHT en Montevideo, Uruguay<br>Este simposio aborda temas clave como:<\/p>\n\n\n\n<ul class=\"wp-block-list\">\n<li>Evaluaci\u00f3n de la situaci\u00f3n en Latinoam\u00e9rica y recursos disponibles.<\/li>\n\n\n\n<li>Diagn\u00f3stico precoz de trastornos de la coagulaci\u00f3n en mujeres y ni\u00f1as.<\/li>\n\n\n\n<li>Enfoque integral y modelos de atenci\u00f3n.<\/li>\n\n\n\n<li>Profilaxis y tratamiento integral, incluyendo hemofilia B y el uso de ultrasonido.<\/li>\n\n\n\n<li>Recolecci\u00f3n de datos y herramientas para la toma de decisiones compartidas.<\/li>\n<\/ul>\n<\/div>\n<\/div>\n\n\n\n<div class=\"wp-block-columns is-layout-flex wp-container-core-columns-is-layout-28f84493 wp-block-columns-is-layout-flex\">\n<div class=\"wp-block-column is-layout-flow wp-block-column-is-layout-flow\" style=\"flex-basis:33.33%\"><\/div>\n\n\n\n<div class=\"wp-block-column is-layout-flow wp-block-column-is-layout-flow\" style=\"flex-basis:66.66%\"><\/div>\n<\/div>\n\n\n\n<hr class=\"wp-block-separator has-text-color has-cyan-bluish-gray-color has-alpha-channel-opacity has-cyan-bluish-gray-background-color has-background is-style-wide\"\/>\n\n\n\n<figure class=\"wp-block-gallery has-nested-images columns-default is-cropped wp-block-gallery-1 is-layout-flex wp-block-gallery-is-layout-flex\">\n<figure class=\"wp-block-image size-large\"><img loading=\"lazy\" decoding=\"async\" width=\"1024\" height=\"1024\" data-id=\"4213\" src=\"https:\/\/www.coaliciondelasamericas.org\/blog\/wp-content\/uploads\/2025\/08\/Clath-2025-001-1024x1024.jpg\" alt=\"\" class=\"wp-image-4213\" srcset=\"https:\/\/www.coaliciondelasamericas.org\/blog\/wp-content\/uploads\/2025\/08\/Clath-2025-001-1024x1024.jpg 1024w, https:\/\/www.coaliciondelasamericas.org\/blog\/wp-content\/uploads\/2025\/08\/Clath-2025-001-300x300.jpg 300w, https:\/\/www.coaliciondelasamericas.org\/blog\/wp-content\/uploads\/2025\/08\/Clath-2025-001-150x150.jpg 150w, https:\/\/www.coaliciondelasamericas.org\/blog\/wp-content\/uploads\/2025\/08\/Clath-2025-001-768x768.jpg 768w, https:\/\/www.coaliciondelasamericas.org\/blog\/wp-content\/uploads\/2025\/08\/Clath-2025-001.jpg 1440w\" sizes=\"auto, (max-width: 1024px) 100vw, 1024px\" \/><\/figure>\n\n\n\n<figure class=\"wp-block-image size-large\"><img loading=\"lazy\" decoding=\"async\" width=\"1024\" height=\"1024\" data-id=\"4216\" src=\"https:\/\/www.coaliciondelasamericas.org\/blog\/wp-content\/uploads\/2025\/08\/Clath-2025-003-1024x1024.jpg\" alt=\"\" class=\"wp-image-4216\" srcset=\"https:\/\/www.coaliciondelasamericas.org\/blog\/wp-content\/uploads\/2025\/08\/Clath-2025-003-1024x1024.jpg 1024w, https:\/\/www.coaliciondelasamericas.org\/blog\/wp-content\/uploads\/2025\/08\/Clath-2025-003-300x300.jpg 300w, https:\/\/www.coaliciondelasamericas.org\/blog\/wp-content\/uploads\/2025\/08\/Clath-2025-003-150x150.jpg 150w, https:\/\/www.coaliciondelasamericas.org\/blog\/wp-content\/uploads\/2025\/08\/Clath-2025-003-768x767.jpg 768w, https:\/\/www.coaliciondelasamericas.org\/blog\/wp-content\/uploads\/2025\/08\/Clath-2025-003.jpg 1440w\" sizes=\"auto, (max-width: 1024px) 100vw, 1024px\" \/><\/figure>\n\n\n\n<figure class=\"wp-block-image size-large\"><img loading=\"lazy\" decoding=\"async\" width=\"1024\" height=\"1024\" data-id=\"4215\" src=\"https:\/\/www.coaliciondelasamericas.org\/blog\/wp-content\/uploads\/2025\/08\/Clath-2025-004-1024x1024.jpg\" alt=\"\" class=\"wp-image-4215\" srcset=\"https:\/\/www.coaliciondelasamericas.org\/blog\/wp-content\/uploads\/2025\/08\/Clath-2025-004-1024x1024.jpg 1024w, https:\/\/www.coaliciondelasamericas.org\/blog\/wp-content\/uploads\/2025\/08\/Clath-2025-004-300x300.jpg 300w, https:\/\/www.coaliciondelasamericas.org\/blog\/wp-content\/uploads\/2025\/08\/Clath-2025-004-150x150.jpg 150w, https:\/\/www.coaliciondelasamericas.org\/blog\/wp-content\/uploads\/2025\/08\/Clath-2025-004-768x767.jpg 768w, https:\/\/www.coaliciondelasamericas.org\/blog\/wp-content\/uploads\/2025\/08\/Clath-2025-004.jpg 1440w\" sizes=\"auto, (max-width: 1024px) 100vw, 1024px\" \/><\/figure>\n\n\n\n<figure class=\"wp-block-image size-large\"><img loading=\"lazy\" decoding=\"async\" width=\"1024\" height=\"1024\" data-id=\"4217\" src=\"https:\/\/www.coaliciondelasamericas.org\/blog\/wp-content\/uploads\/2025\/08\/Clath-2025-005-1024x1024.jpg\" alt=\"\" class=\"wp-image-4217\" srcset=\"https:\/\/www.coaliciondelasamericas.org\/blog\/wp-content\/uploads\/2025\/08\/Clath-2025-005-1024x1024.jpg 1024w, https:\/\/www.coaliciondelasamericas.org\/blog\/wp-content\/uploads\/2025\/08\/Clath-2025-005-300x300.jpg 300w, https:\/\/www.coaliciondelasamericas.org\/blog\/wp-content\/uploads\/2025\/08\/Clath-2025-005-150x150.jpg 150w, https:\/\/www.coaliciondelasamericas.org\/blog\/wp-content\/uploads\/2025\/08\/Clath-2025-005-768x767.jpg 768w, https:\/\/www.coaliciondelasamericas.org\/blog\/wp-content\/uploads\/2025\/08\/Clath-2025-005.jpg 1440w\" sizes=\"auto, (max-width: 1024px) 100vw, 1024px\" \/><\/figure>\n\n\n\n<figure class=\"wp-block-image size-large\"><img loading=\"lazy\" decoding=\"async\" width=\"1024\" height=\"1024\" data-id=\"4211\" src=\"https:\/\/www.coaliciondelasamericas.org\/blog\/wp-content\/uploads\/2025\/08\/Clath-2025-006-1024x1024.jpg\" alt=\"\" class=\"wp-image-4211\" srcset=\"https:\/\/www.coaliciondelasamericas.org\/blog\/wp-content\/uploads\/2025\/08\/Clath-2025-006-1024x1024.jpg 1024w, https:\/\/www.coaliciondelasamericas.org\/blog\/wp-content\/uploads\/2025\/08\/Clath-2025-006-300x300.jpg 300w, https:\/\/www.coaliciondelasamericas.org\/blog\/wp-content\/uploads\/2025\/08\/Clath-2025-006-150x150.jpg 150w, https:\/\/www.coaliciondelasamericas.org\/blog\/wp-content\/uploads\/2025\/08\/Clath-2025-006-768x767.jpg 768w, https:\/\/www.coaliciondelasamericas.org\/blog\/wp-content\/uploads\/2025\/08\/Clath-2025-006.jpg 1440w\" sizes=\"auto, (max-width: 1024px) 100vw, 1024px\" \/><\/figure>\n\n\n\n<figure class=\"wp-block-image size-large\"><img loading=\"lazy\" decoding=\"async\" width=\"1024\" height=\"1024\" data-id=\"4207\" src=\"https:\/\/www.coaliciondelasamericas.org\/blog\/wp-content\/uploads\/2025\/08\/Clath-2025-007-1024x1024.jpg\" alt=\"\" class=\"wp-image-4207\" srcset=\"https:\/\/www.coaliciondelasamericas.org\/blog\/wp-content\/uploads\/2025\/08\/Clath-2025-007-1024x1024.jpg 1024w, https:\/\/www.coaliciondelasamericas.org\/blog\/wp-content\/uploads\/2025\/08\/Clath-2025-007-300x300.jpg 300w, https:\/\/www.coaliciondelasamericas.org\/blog\/wp-content\/uploads\/2025\/08\/Clath-2025-007-150x150.jpg 150w, https:\/\/www.coaliciondelasamericas.org\/blog\/wp-content\/uploads\/2025\/08\/Clath-2025-007-768x767.jpg 768w, https:\/\/www.coaliciondelasamericas.org\/blog\/wp-content\/uploads\/2025\/08\/Clath-2025-007.jpg 1440w\" sizes=\"auto, (max-width: 1024px) 100vw, 1024px\" \/><\/figure>\n\n\n\n<figure class=\"wp-block-image size-large\"><img loading=\"lazy\" decoding=\"async\" width=\"1024\" height=\"1024\" data-id=\"4208\" src=\"https:\/\/www.coaliciondelasamericas.org\/blog\/wp-content\/uploads\/2025\/08\/Clath-2025-008-1024x1024.jpg\" alt=\"\" class=\"wp-image-4208\" srcset=\"https:\/\/www.coaliciondelasamericas.org\/blog\/wp-content\/uploads\/2025\/08\/Clath-2025-008-1024x1024.jpg 1024w, https:\/\/www.coaliciondelasamericas.org\/blog\/wp-content\/uploads\/2025\/08\/Clath-2025-008-300x300.jpg 300w, https:\/\/www.coaliciondelasamericas.org\/blog\/wp-content\/uploads\/2025\/08\/Clath-2025-008-150x150.jpg 150w, https:\/\/www.coaliciondelasamericas.org\/blog\/wp-content\/uploads\/2025\/08\/Clath-2025-008-768x767.jpg 768w, https:\/\/www.coaliciondelasamericas.org\/blog\/wp-content\/uploads\/2025\/08\/Clath-2025-008.jpg 1440w\" sizes=\"auto, (max-width: 1024px) 100vw, 1024px\" \/><\/figure>\n\n\n\n<figure class=\"wp-block-image size-large\"><img loading=\"lazy\" decoding=\"async\" width=\"1024\" height=\"1024\" data-id=\"4214\" src=\"https:\/\/www.coaliciondelasamericas.org\/blog\/wp-content\/uploads\/2025\/08\/Clath-2025-009-1024x1024.jpg\" alt=\"\" class=\"wp-image-4214\" srcset=\"https:\/\/www.coaliciondelasamericas.org\/blog\/wp-content\/uploads\/2025\/08\/Clath-2025-009-1024x1024.jpg 1024w, https:\/\/www.coaliciondelasamericas.org\/blog\/wp-content\/uploads\/2025\/08\/Clath-2025-009-300x300.jpg 300w, https:\/\/www.coaliciondelasamericas.org\/blog\/wp-content\/uploads\/2025\/08\/Clath-2025-009-150x150.jpg 150w, https:\/\/www.coaliciondelasamericas.org\/blog\/wp-content\/uploads\/2025\/08\/Clath-2025-009-768x767.jpg 768w, https:\/\/www.coaliciondelasamericas.org\/blog\/wp-content\/uploads\/2025\/08\/Clath-2025-009.jpg 1440w\" sizes=\"auto, (max-width: 1024px) 100vw, 1024px\" \/><\/figure>\n\n\n\n<figure class=\"wp-block-image size-large\"><img loading=\"lazy\" decoding=\"async\" width=\"1024\" height=\"1024\" data-id=\"4209\" src=\"https:\/\/www.coaliciondelasamericas.org\/blog\/wp-content\/uploads\/2025\/08\/Clath-2025-010-1024x1024.jpg\" alt=\"\" class=\"wp-image-4209\" srcset=\"https:\/\/www.coaliciondelasamericas.org\/blog\/wp-content\/uploads\/2025\/08\/Clath-2025-010-1024x1024.jpg 1024w, https:\/\/www.coaliciondelasamericas.org\/blog\/wp-content\/uploads\/2025\/08\/Clath-2025-010-300x300.jpg 300w, https:\/\/www.coaliciondelasamericas.org\/blog\/wp-content\/uploads\/2025\/08\/Clath-2025-010-150x150.jpg 150w, https:\/\/www.coaliciondelasamericas.org\/blog\/wp-content\/uploads\/2025\/08\/Clath-2025-010-768x767.jpg 768w, https:\/\/www.coaliciondelasamericas.org\/blog\/wp-content\/uploads\/2025\/08\/Clath-2025-010.jpg 1440w\" sizes=\"auto, (max-width: 1024px) 100vw, 1024px\" \/><\/figure>\n\n\n\n<figure class=\"wp-block-image size-large\"><img loading=\"lazy\" decoding=\"async\" width=\"1024\" height=\"1024\" data-id=\"4218\" src=\"https:\/\/www.coaliciondelasamericas.org\/blog\/wp-content\/uploads\/2025\/08\/Clath-2025-011-1024x1024.jpg\" alt=\"\" class=\"wp-image-4218\" srcset=\"https:\/\/www.coaliciondelasamericas.org\/blog\/wp-content\/uploads\/2025\/08\/Clath-2025-011-1024x1024.jpg 1024w, https:\/\/www.coaliciondelasamericas.org\/blog\/wp-content\/uploads\/2025\/08\/Clath-2025-011-300x300.jpg 300w, https:\/\/www.coaliciondelasamericas.org\/blog\/wp-content\/uploads\/2025\/08\/Clath-2025-011-150x150.jpg 150w, https:\/\/www.coaliciondelasamericas.org\/blog\/wp-content\/uploads\/2025\/08\/Clath-2025-011-768x767.jpg 768w, https:\/\/www.coaliciondelasamericas.org\/blog\/wp-content\/uploads\/2025\/08\/Clath-2025-011.jpg 1440w\" sizes=\"auto, (max-width: 1024px) 100vw, 1024px\" \/><\/figure>\n\n\n\n<figure class=\"wp-block-image size-large\"><img loading=\"lazy\" decoding=\"async\" width=\"1024\" height=\"1024\" data-id=\"4212\" src=\"https:\/\/www.coaliciondelasamericas.org\/blog\/wp-content\/uploads\/2025\/08\/Clath-2025-012-1024x1024.jpg\" alt=\"\" class=\"wp-image-4212\" srcset=\"https:\/\/www.coaliciondelasamericas.org\/blog\/wp-content\/uploads\/2025\/08\/Clath-2025-012-1024x1024.jpg 1024w, https:\/\/www.coaliciondelasamericas.org\/blog\/wp-content\/uploads\/2025\/08\/Clath-2025-012-300x300.jpg 300w, https:\/\/www.coaliciondelasamericas.org\/blog\/wp-content\/uploads\/2025\/08\/Clath-2025-012-150x150.jpg 150w, https:\/\/www.coaliciondelasamericas.org\/blog\/wp-content\/uploads\/2025\/08\/Clath-2025-012-768x767.jpg 768w, https:\/\/www.coaliciondelasamericas.org\/blog\/wp-content\/uploads\/2025\/08\/Clath-2025-012.jpg 1440w\" sizes=\"auto, (max-width: 1024px) 100vw, 1024px\" \/><\/figure>\n\n\n\n<figure class=\"wp-block-image size-large\"><img loading=\"lazy\" decoding=\"async\" width=\"1024\" height=\"1024\" data-id=\"4210\" src=\"https:\/\/www.coaliciondelasamericas.org\/blog\/wp-content\/uploads\/2025\/08\/Clath-2025-013-1024x1024.jpg\" alt=\"\" class=\"wp-image-4210\" srcset=\"https:\/\/www.coaliciondelasamericas.org\/blog\/wp-content\/uploads\/2025\/08\/Clath-2025-013-1024x1024.jpg 1024w, https:\/\/www.coaliciondelasamericas.org\/blog\/wp-content\/uploads\/2025\/08\/Clath-2025-013-300x300.jpg 300w, https:\/\/www.coaliciondelasamericas.org\/blog\/wp-content\/uploads\/2025\/08\/Clath-2025-013-150x150.jpg 150w, https:\/\/www.coaliciondelasamericas.org\/blog\/wp-content\/uploads\/2025\/08\/Clath-2025-013-768x767.jpg 768w, https:\/\/www.coaliciondelasamericas.org\/blog\/wp-content\/uploads\/2025\/08\/Clath-2025-013.jpg 1440w\" sizes=\"auto, (max-width: 1024px) 100vw, 1024px\" \/><\/figure>\n<\/figure>\n","protected":false},"excerpt":{"rendered":"<p>Simposio de la FMH en el Congreso CLAHT en Montevideo, UruguayEste simposio aborda temas clave como:<\/p>\n","protected":false},"author":1,"featured_media":0,"parent":42,"menu_order":23,"comment_status":"closed","ping_status":"closed","template":"","meta":{"colormag_page_container_layout":"no_sidebar_content_centered","colormag_page_sidebar_layout":"no_sidebar","_coblocks_attr":"","_coblocks_dimensions":"","_coblocks_responsive_height":"","_coblocks_accordion_ie_support":"","_monsterinsights_skip_tracking":false,"_monsterinsights_sitenote_active":false,"_monsterinsights_sitenote_note":"","_monsterinsights_sitenote_category":0,"footnotes":""},"class_list":["post-4175","page","type-page","status-publish","hentry"],"yoast_head":"<!-- This site is optimized with the Yoast SEO plugin v27.4 - https:\/\/yoast.com\/product\/yoast-seo-wordpress\/ -->\n<title>Congreso CLAHT 2025 - Coalici&oacute;n de las Am&eacute;ricas<\/title>\n<meta name=\"description\" content=\"Simposio de la FMH en el Congreso CLAHT en Montevideo, Uruguay. Este simposio aborda temas clave sobre trastornos de la coagulaci\u00f3n\" \/>\n<meta name=\"robots\" content=\"index, follow, max-snippet:-1, max-image-preview:large, max-video-preview:-1\" \/>\n<link rel=\"canonical\" href=\"https:\/\/www.coaliciondelasamericas.org\/blog\/galeria\/congreso-claht-2025\/\" \/>\n<meta property=\"og:locale\" content=\"es_ES\" \/>\n<meta property=\"og:type\" content=\"article\" \/>\n<meta property=\"og:title\" content=\"Congreso CLAHT 2025 - Coalici&oacute;n de las Am&eacute;ricas\" \/>\n<meta property=\"og:description\" content=\"Simposio de la FMH en el Congreso CLAHT en Montevideo, Uruguay. Este simposio aborda temas clave sobre trastornos de la coagulaci\u00f3n\" \/>\n<meta property=\"og:url\" content=\"https:\/\/www.coaliciondelasamericas.org\/blog\/galeria\/congreso-claht-2025\/\" \/>\n<meta property=\"og:site_name\" content=\"Coalici&oacute;n de las Am&eacute;ricas\" \/>\n<meta property=\"article:modified_time\" content=\"2025-08-05T23:09:38+00:00\" \/>\n<meta property=\"og:image\" content=\"https:\/\/www.coaliciondelasamericas.org\/blog\/wp-content\/uploads\/2025\/08\/Clath-2025-000-1.jpg\" \/>\n\t<meta property=\"og:image:width\" content=\"520\" \/>\n\t<meta property=\"og:image:height\" content=\"390\" \/>\n\t<meta property=\"og:image:type\" content=\"image\/jpeg\" \/>\n<meta name=\"twitter:card\" content=\"summary_large_image\" \/>\n<meta name=\"twitter:label1\" content=\"Tiempo de lectura\" \/>\n\t<meta name=\"twitter:data1\" content=\"3 minutos\" \/>\n<script type=\"application\/ld+json\" class=\"yoast-schema-graph\">{\"@context\":\"https:\\\/\\\/schema.org\",\"@graph\":[{\"@type\":\"WebPage\",\"@id\":\"https:\\\/\\\/www.coaliciondelasamericas.org\\\/blog\\\/galeria\\\/congreso-claht-2025\\\/\",\"url\":\"https:\\\/\\\/www.coaliciondelasamericas.org\\\/blog\\\/galeria\\\/congreso-claht-2025\\\/\",\"name\":\"Congreso CLAHT 2025 - Coalici&oacute;n de las Am&eacute;ricas\",\"isPartOf\":{\"@id\":\"https:\\\/\\\/www.coaliciondelasamericas.org\\\/blog\\\/#website\"},\"primaryImageOfPage\":{\"@id\":\"https:\\\/\\\/www.coaliciondelasamericas.org\\\/blog\\\/galeria\\\/congreso-claht-2025\\\/#primaryimage\"},\"image\":{\"@id\":\"https:\\\/\\\/www.coaliciondelasamericas.org\\\/blog\\\/galeria\\\/congreso-claht-2025\\\/#primaryimage\"},\"thumbnailUrl\":\"https:\\\/\\\/www.coaliciondelasamericas.org\\\/blog\\\/wp-content\\\/uploads\\\/2025\\\/08\\\/Clath-2025-000-1.jpg\",\"datePublished\":\"2025-08-05T22:36:19+00:00\",\"dateModified\":\"2025-08-05T23:09:38+00:00\",\"description\":\"Simposio de la FMH en el Congreso CLAHT en Montevideo, Uruguay. Este simposio aborda temas clave sobre trastornos de la coagulaci\u00f3n\",\"breadcrumb\":{\"@id\":\"https:\\\/\\\/www.coaliciondelasamericas.org\\\/blog\\\/galeria\\\/congreso-claht-2025\\\/#breadcrumb\"},\"inLanguage\":\"es\",\"potentialAction\":[{\"@type\":\"ReadAction\",\"target\":[\"https:\\\/\\\/www.coaliciondelasamericas.org\\\/blog\\\/galeria\\\/congreso-claht-2025\\\/\"]}]},{\"@type\":\"ImageObject\",\"inLanguage\":\"es\",\"@id\":\"https:\\\/\\\/www.coaliciondelasamericas.org\\\/blog\\\/galeria\\\/congreso-claht-2025\\\/#primaryimage\",\"url\":\"https:\\\/\\\/www.coaliciondelasamericas.org\\\/blog\\\/wp-content\\\/uploads\\\/2025\\\/08\\\/Clath-2025-000-1.jpg\",\"contentUrl\":\"https:\\\/\\\/www.coaliciondelasamericas.org\\\/blog\\\/wp-content\\\/uploads\\\/2025\\\/08\\\/Clath-2025-000-1.jpg\",\"width\":520,\"height\":390},{\"@type\":\"BreadcrumbList\",\"@id\":\"https:\\\/\\\/www.coaliciondelasamericas.org\\\/blog\\\/galeria\\\/congreso-claht-2025\\\/#breadcrumb\",\"itemListElement\":[{\"@type\":\"ListItem\",\"position\":1,\"name\":\"Portada\",\"item\":\"https:\\\/\\\/www.coaliciondelasamericas.org\\\/blog\\\/\"},{\"@type\":\"ListItem\",\"position\":2,\"name\":\"Galer\u00eda\",\"item\":\"https:\\\/\\\/www.coaliciondelasamericas.org\\\/blog\\\/galeria\\\/\"},{\"@type\":\"ListItem\",\"position\":3,\"name\":\"Congreso CLAHT 2025\"}]},{\"@type\":\"WebSite\",\"@id\":\"https:\\\/\\\/www.coaliciondelasamericas.org\\\/blog\\\/#website\",\"url\":\"https:\\\/\\\/www.coaliciondelasamericas.org\\\/blog\\\/\",\"name\":\"Coalici&oacute;n de las Am&eacute;ricas\",\"description\":\"Lideres Unidos por el Bienestar de la Hemofilia\",\"publisher\":{\"@id\":\"https:\\\/\\\/www.coaliciondelasamericas.org\\\/blog\\\/#organization\"},\"potentialAction\":[{\"@type\":\"SearchAction\",\"target\":{\"@type\":\"EntryPoint\",\"urlTemplate\":\"https:\\\/\\\/www.coaliciondelasamericas.org\\\/blog\\\/?s={search_term_string}\"},\"query-input\":{\"@type\":\"PropertyValueSpecification\",\"valueRequired\":true,\"valueName\":\"search_term_string\"}}],\"inLanguage\":\"es\"},{\"@type\":\"Organization\",\"@id\":\"https:\\\/\\\/www.coaliciondelasamericas.org\\\/blog\\\/#organization\",\"name\":\"Coalici&oacute;n de las Am&eacute;ricas\",\"url\":\"https:\\\/\\\/www.coaliciondelasamericas.org\\\/blog\\\/\",\"logo\":{\"@type\":\"ImageObject\",\"inLanguage\":\"es\",\"@id\":\"https:\\\/\\\/www.coaliciondelasamericas.org\\\/blog\\\/#\\\/schema\\\/logo\\\/image\\\/\",\"url\":\"https:\\\/\\\/www.coaliciondelasamericas.org\\\/blog\\\/wp-content\\\/uploads\\\/2023\\\/03\\\/cropped-01-Portada-02.png\",\"contentUrl\":\"https:\\\/\\\/www.coaliciondelasamericas.org\\\/blog\\\/wp-content\\\/uploads\\\/2023\\\/03\\\/cropped-01-Portada-02.png\",\"width\":300,\"height\":130,\"caption\":\"Coalici&oacute;n de las Am&eacute;ricas\"},\"image\":{\"@id\":\"https:\\\/\\\/www.coaliciondelasamericas.org\\\/blog\\\/#\\\/schema\\\/logo\\\/image\\\/\"}}]}<\/script>\n<!-- \/ Yoast SEO plugin. -->","yoast_head_json":{"title":"Congreso CLAHT 2025 - Coalici&oacute;n de las Am&eacute;ricas","description":"Simposio de la FMH en el Congreso CLAHT en Montevideo, Uruguay. Este simposio aborda temas clave sobre trastornos de la coagulaci\u00f3n","robots":{"index":"index","follow":"follow","max-snippet":"max-snippet:-1","max-image-preview":"max-image-preview:large","max-video-preview":"max-video-preview:-1"},"canonical":"https:\/\/www.coaliciondelasamericas.org\/blog\/galeria\/congreso-claht-2025\/","og_locale":"es_ES","og_type":"article","og_title":"Congreso CLAHT 2025 - Coalici&oacute;n de las Am&eacute;ricas","og_description":"Simposio de la FMH en el Congreso CLAHT en Montevideo, Uruguay. Este simposio aborda temas clave sobre trastornos de la coagulaci\u00f3n","og_url":"https:\/\/www.coaliciondelasamericas.org\/blog\/galeria\/congreso-claht-2025\/","og_site_name":"Coalici&oacute;n de las Am&eacute;ricas","article_modified_time":"2025-08-05T23:09:38+00:00","og_image":[{"width":520,"height":390,"url":"https:\/\/www.coaliciondelasamericas.org\/blog\/wp-content\/uploads\/2025\/08\/Clath-2025-000-1.jpg","type":"image\/jpeg"}],"twitter_card":"summary_large_image","twitter_misc":{"Tiempo de lectura":"3 minutos"},"schema":{"@context":"https:\/\/schema.org","@graph":[{"@type":"WebPage","@id":"https:\/\/www.coaliciondelasamericas.org\/blog\/galeria\/congreso-claht-2025\/","url":"https:\/\/www.coaliciondelasamericas.org\/blog\/galeria\/congreso-claht-2025\/","name":"Congreso CLAHT 2025 - Coalici&oacute;n de las Am&eacute;ricas","isPartOf":{"@id":"https:\/\/www.coaliciondelasamericas.org\/blog\/#website"},"primaryImageOfPage":{"@id":"https:\/\/www.coaliciondelasamericas.org\/blog\/galeria\/congreso-claht-2025\/#primaryimage"},"image":{"@id":"https:\/\/www.coaliciondelasamericas.org\/blog\/galeria\/congreso-claht-2025\/#primaryimage"},"thumbnailUrl":"https:\/\/www.coaliciondelasamericas.org\/blog\/wp-content\/uploads\/2025\/08\/Clath-2025-000-1.jpg","datePublished":"2025-08-05T22:36:19+00:00","dateModified":"2025-08-05T23:09:38+00:00","description":"Simposio de la FMH en el Congreso CLAHT en Montevideo, Uruguay. Este simposio aborda temas clave sobre trastornos de la coagulaci\u00f3n","breadcrumb":{"@id":"https:\/\/www.coaliciondelasamericas.org\/blog\/galeria\/congreso-claht-2025\/#breadcrumb"},"inLanguage":"es","potentialAction":[{"@type":"ReadAction","target":["https:\/\/www.coaliciondelasamericas.org\/blog\/galeria\/congreso-claht-2025\/"]}]},{"@type":"ImageObject","inLanguage":"es","@id":"https:\/\/www.coaliciondelasamericas.org\/blog\/galeria\/congreso-claht-2025\/#primaryimage","url":"https:\/\/www.coaliciondelasamericas.org\/blog\/wp-content\/uploads\/2025\/08\/Clath-2025-000-1.jpg","contentUrl":"https:\/\/www.coaliciondelasamericas.org\/blog\/wp-content\/uploads\/2025\/08\/Clath-2025-000-1.jpg","width":520,"height":390},{"@type":"BreadcrumbList","@id":"https:\/\/www.coaliciondelasamericas.org\/blog\/galeria\/congreso-claht-2025\/#breadcrumb","itemListElement":[{"@type":"ListItem","position":1,"name":"Portada","item":"https:\/\/www.coaliciondelasamericas.org\/blog\/"},{"@type":"ListItem","position":2,"name":"Galer\u00eda","item":"https:\/\/www.coaliciondelasamericas.org\/blog\/galeria\/"},{"@type":"ListItem","position":3,"name":"Congreso CLAHT 2025"}]},{"@type":"WebSite","@id":"https:\/\/www.coaliciondelasamericas.org\/blog\/#website","url":"https:\/\/www.coaliciondelasamericas.org\/blog\/","name":"Coalici&oacute;n de las Am&eacute;ricas","description":"Lideres Unidos por el Bienestar de la Hemofilia","publisher":{"@id":"https:\/\/www.coaliciondelasamericas.org\/blog\/#organization"},"potentialAction":[{"@type":"SearchAction","target":{"@type":"EntryPoint","urlTemplate":"https:\/\/www.coaliciondelasamericas.org\/blog\/?s={search_term_string}"},"query-input":{"@type":"PropertyValueSpecification","valueRequired":true,"valueName":"search_term_string"}}],"inLanguage":"es"},{"@type":"Organization","@id":"https:\/\/www.coaliciondelasamericas.org\/blog\/#organization","name":"Coalici&oacute;n de las Am&eacute;ricas","url":"https:\/\/www.coaliciondelasamericas.org\/blog\/","logo":{"@type":"ImageObject","inLanguage":"es","@id":"https:\/\/www.coaliciondelasamericas.org\/blog\/#\/schema\/logo\/image\/","url":"https:\/\/www.coaliciondelasamericas.org\/blog\/wp-content\/uploads\/2023\/03\/cropped-01-Portada-02.png","contentUrl":"https:\/\/www.coaliciondelasamericas.org\/blog\/wp-content\/uploads\/2023\/03\/cropped-01-Portada-02.png","width":300,"height":130,"caption":"Coalici&oacute;n de las Am&eacute;ricas"},"image":{"@id":"https:\/\/www.coaliciondelasamericas.org\/blog\/#\/schema\/logo\/image\/"}}]}},"_links":{"self":[{"href":"https:\/\/www.coaliciondelasamericas.org\/blog\/wp-json\/wp\/v2\/pages\/4175","targetHints":{"allow":["GET"]}}],"collection":[{"href":"https:\/\/www.coaliciondelasamericas.org\/blog\/wp-json\/wp\/v2\/pages"}],"about":[{"href":"https:\/\/www.coaliciondelasamericas.org\/blog\/wp-json\/wp\/v2\/types\/page"}],"author":[{"embeddable":true,"href":"https:\/\/www.coaliciondelasamericas.org\/blog\/wp-json\/wp\/v2\/users\/1"}],"replies":[{"embeddable":true,"href":"https:\/\/www.coaliciondelasamericas.org\/blog\/wp-json\/wp\/v2\/comments?post=4175"}],"version-history":[{"count":1,"href":"https:\/\/www.coaliciondelasamericas.org\/blog\/wp-json\/wp\/v2\/pages\/4175\/revisions"}],"predecessor-version":[{"id":4221,"href":"https:\/\/www.coaliciondelasamericas.org\/blog\/wp-json\/wp\/v2\/pages\/4175\/revisions\/4221"}],"up":[{"embeddable":true,"href":"https:\/\/www.coaliciondelasamericas.org\/blog\/wp-json\/wp\/v2\/pages\/42"}],"wp:attachment":[{"href":"https:\/\/www.coaliciondelasamericas.org\/blog\/wp-json\/wp\/v2\/media?parent=4175"}],"curies":[{"name":"wp","href":"https:\/\/api.w.org\/{rel}","templated":true}]}}