{"id":4174,"date":"2025-10-11T19:24:15","date_gmt":"2025-10-11T19:24:15","guid":{"rendered":"https:\/\/www.coaliciondelasamericas.org\/blog\/?page_id=4174"},"modified":"2025-10-11T19:24:16","modified_gmt":"2025-10-11T19:24:16","slug":"together-2025","status":"publish","type":"page","link":"https:\/\/www.coaliciondelasamericas.org\/blog\/galeria\/together-2025\/","title":{"rendered":"Together 2025"},"content":{"rendered":"\n<div class=\"wp-block-columns is-layout-flex wp-container-core-columns-is-layout-28f84493 wp-block-columns-is-layout-flex\">\n<div class=\"wp-block-column is-layout-flow wp-block-column-is-layout-flow\" style=\"flex-basis:33.33%\">\n<figure class=\"wp-block-image aligncenter size-full is-resized\"><img loading=\"lazy\" decoding=\"async\" width=\"520\" height=\"450\" src=\"https:\/\/www.coaliciondelasamericas.org\/blog\/wp-content\/uploads\/2024\/03\/Together.png\" alt=\"Programa Together\" class=\"wp-image-3242\" style=\"width:188px;height:auto\" srcset=\"https:\/\/www.coaliciondelasamericas.org\/blog\/wp-content\/uploads\/2024\/03\/Together.png 520w, https:\/\/www.coaliciondelasamericas.org\/blog\/wp-content\/uploads\/2024\/03\/Together-300x260.png 300w\" sizes=\"auto, (max-width: 520px) 100vw, 520px\" \/><\/figure>\n<\/div>\n\n\n\n<div class=\"wp-block-column is-layout-flow wp-block-column-is-layout-flow\" style=\"flex-basis:66.66%\">\n<p>El programa Together tiene como objetivo empoderar y darles acceso al conocimiento de las patolog\u00edas hematol\u00f3gicas a mujeres de toda Am\u00e9rica. Desde 2022, la National Bleeding Disorders Foundation, Hemophilia of Georgia y la Coalici\u00f3n de las Am\u00e9ricas han trabajado en un programa de becas en general y ahora basado para mujeres, con la convicci\u00f3n de que capacitar a l\u00edderes potenciales es clave para lograr los cambios necesarios y fortalecer la comunidad femenina.<\/p>\n<\/div>\n<\/div>\n\n\n\n<div class=\"wp-block-columns is-layout-flex wp-container-core-columns-is-layout-28f84493 wp-block-columns-is-layout-flex\">\n<div class=\"wp-block-column is-layout-flow wp-block-column-is-layout-flow\" style=\"flex-basis:33.33%\"><\/div>\n\n\n\n<div class=\"wp-block-column is-layout-flow wp-block-column-is-layout-flow\" style=\"flex-basis:66.66%\"><\/div>\n<\/div>\n\n\n\n<hr class=\"wp-block-separator has-text-color has-cyan-bluish-gray-color has-alpha-channel-opacity has-cyan-bluish-gray-background-color has-background is-style-wide\"\/>\n\n\n\n<figure class=\"wp-block-gallery has-nested-images columns-default is-cropped wp-block-gallery-1 is-layout-flex wp-block-gallery-is-layout-flex\">\n<figure class=\"wp-block-image size-large\"><img loading=\"lazy\" decoding=\"async\" width=\"1024\" height=\"768\" data-id=\"4424\" src=\"https:\/\/www.coaliciondelasamericas.org\/blog\/wp-content\/uploads\/2025\/10\/Together-2025-001-1024x768.jpeg\" alt=\"\" class=\"wp-image-4424\" srcset=\"https:\/\/www.coaliciondelasamericas.org\/blog\/wp-content\/uploads\/2025\/10\/Together-2025-001-1024x768.jpeg 1024w, https:\/\/www.coaliciondelasamericas.org\/blog\/wp-content\/uploads\/2025\/10\/Together-2025-001-300x225.jpeg 300w, https:\/\/www.coaliciondelasamericas.org\/blog\/wp-content\/uploads\/2025\/10\/Together-2025-001-768x576.jpeg 768w, https:\/\/www.coaliciondelasamericas.org\/blog\/wp-content\/uploads\/2025\/10\/Together-2025-001-1536x1152.jpeg 1536w, https:\/\/www.coaliciondelasamericas.org\/blog\/wp-content\/uploads\/2025\/10\/Together-2025-001.jpeg 1600w\" sizes=\"auto, (max-width: 1024px) 100vw, 1024px\" \/><\/figure>\n\n\n\n<figure class=\"wp-block-image size-large\"><img loading=\"lazy\" decoding=\"async\" width=\"1024\" height=\"768\" data-id=\"4422\" src=\"https:\/\/www.coaliciondelasamericas.org\/blog\/wp-content\/uploads\/2025\/10\/Together-2025-002-1024x768.jpeg\" alt=\"\" class=\"wp-image-4422\" srcset=\"https:\/\/www.coaliciondelasamericas.org\/blog\/wp-content\/uploads\/2025\/10\/Together-2025-002-1024x768.jpeg 1024w, https:\/\/www.coaliciondelasamericas.org\/blog\/wp-content\/uploads\/2025\/10\/Together-2025-002-300x225.jpeg 300w, https:\/\/www.coaliciondelasamericas.org\/blog\/wp-content\/uploads\/2025\/10\/Together-2025-002-768x576.jpeg 768w, https:\/\/www.coaliciondelasamericas.org\/blog\/wp-content\/uploads\/2025\/10\/Together-2025-002-1536x1152.jpeg 1536w, https:\/\/www.coaliciondelasamericas.org\/blog\/wp-content\/uploads\/2025\/10\/Together-2025-002.jpeg 1600w\" sizes=\"auto, (max-width: 1024px) 100vw, 1024px\" \/><\/figure>\n\n\n\n<figure class=\"wp-block-image size-large\"><img loading=\"lazy\" decoding=\"async\" width=\"1024\" height=\"768\" data-id=\"4423\" src=\"https:\/\/www.coaliciondelasamericas.org\/blog\/wp-content\/uploads\/2025\/10\/Together-2025-003-1024x768.jpeg\" alt=\"\" class=\"wp-image-4423\" srcset=\"https:\/\/www.coaliciondelasamericas.org\/blog\/wp-content\/uploads\/2025\/10\/Together-2025-003-1024x768.jpeg 1024w, https:\/\/www.coaliciondelasamericas.org\/blog\/wp-content\/uploads\/2025\/10\/Together-2025-003-300x225.jpeg 300w, https:\/\/www.coaliciondelasamericas.org\/blog\/wp-content\/uploads\/2025\/10\/Together-2025-003-768x576.jpeg 768w, https:\/\/www.coaliciondelasamericas.org\/blog\/wp-content\/uploads\/2025\/10\/Together-2025-003-1536x1152.jpeg 1536w, https:\/\/www.coaliciondelasamericas.org\/blog\/wp-content\/uploads\/2025\/10\/Together-2025-003.jpeg 1600w\" sizes=\"auto, (max-width: 1024px) 100vw, 1024px\" \/><\/figure>\n\n\n\n<figure class=\"wp-block-image size-large\"><img loading=\"lazy\" decoding=\"async\" width=\"1024\" height=\"768\" data-id=\"4419\" src=\"https:\/\/www.coaliciondelasamericas.org\/blog\/wp-content\/uploads\/2025\/10\/Together-2025-004-1024x768.jpeg\" alt=\"\" class=\"wp-image-4419\" srcset=\"https:\/\/www.coaliciondelasamericas.org\/blog\/wp-content\/uploads\/2025\/10\/Together-2025-004-1024x768.jpeg 1024w, https:\/\/www.coaliciondelasamericas.org\/blog\/wp-content\/uploads\/2025\/10\/Together-2025-004-300x225.jpeg 300w, https:\/\/www.coaliciondelasamericas.org\/blog\/wp-content\/uploads\/2025\/10\/Together-2025-004-768x576.jpeg 768w, https:\/\/www.coaliciondelasamericas.org\/blog\/wp-content\/uploads\/2025\/10\/Together-2025-004-1536x1152.jpeg 1536w, https:\/\/www.coaliciondelasamericas.org\/blog\/wp-content\/uploads\/2025\/10\/Together-2025-004.jpeg 1600w\" sizes=\"auto, (max-width: 1024px) 100vw, 1024px\" \/><\/figure>\n\n\n\n<figure class=\"wp-block-image size-large\"><img loading=\"lazy\" decoding=\"async\" width=\"1024\" height=\"623\" data-id=\"4415\" src=\"https:\/\/www.coaliciondelasamericas.org\/blog\/wp-content\/uploads\/2025\/10\/Together-2025-005-1024x623.jpg\" alt=\"\" class=\"wp-image-4415\" srcset=\"https:\/\/www.coaliciondelasamericas.org\/blog\/wp-content\/uploads\/2025\/10\/Together-2025-005-1024x623.jpg 1024w, https:\/\/www.coaliciondelasamericas.org\/blog\/wp-content\/uploads\/2025\/10\/Together-2025-005-300x182.jpg 300w, https:\/\/www.coaliciondelasamericas.org\/blog\/wp-content\/uploads\/2025\/10\/Together-2025-005-768x467.jpg 768w, https:\/\/www.coaliciondelasamericas.org\/blog\/wp-content\/uploads\/2025\/10\/Together-2025-005.jpg 1426w\" sizes=\"auto, (max-width: 1024px) 100vw, 1024px\" \/><\/figure>\n\n\n\n<figure class=\"wp-block-image size-large\"><img loading=\"lazy\" decoding=\"async\" width=\"1024\" height=\"739\" data-id=\"4416\" src=\"https:\/\/www.coaliciondelasamericas.org\/blog\/wp-content\/uploads\/2025\/10\/Together-2025-006-1024x739.jpg\" alt=\"\" class=\"wp-image-4416\" srcset=\"https:\/\/www.coaliciondelasamericas.org\/blog\/wp-content\/uploads\/2025\/10\/Together-2025-006-1024x739.jpg 1024w, https:\/\/www.coaliciondelasamericas.org\/blog\/wp-content\/uploads\/2025\/10\/Together-2025-006-300x217.jpg 300w, https:\/\/www.coaliciondelasamericas.org\/blog\/wp-content\/uploads\/2025\/10\/Together-2025-006-768x554.jpg 768w, https:\/\/www.coaliciondelasamericas.org\/blog\/wp-content\/uploads\/2025\/10\/Together-2025-006.jpg 1319w\" sizes=\"auto, (max-width: 1024px) 100vw, 1024px\" \/><\/figure>\n\n\n\n<figure class=\"wp-block-image size-large\"><img loading=\"lazy\" decoding=\"async\" width=\"768\" height=\"1024\" data-id=\"4421\" src=\"https:\/\/www.coaliciondelasamericas.org\/blog\/wp-content\/uploads\/2025\/10\/Together-2025-007-768x1024.jpeg\" alt=\"\" class=\"wp-image-4421\" srcset=\"https:\/\/www.coaliciondelasamericas.org\/blog\/wp-content\/uploads\/2025\/10\/Together-2025-007-768x1024.jpeg 768w, https:\/\/www.coaliciondelasamericas.org\/blog\/wp-content\/uploads\/2025\/10\/Together-2025-007-225x300.jpeg 225w, https:\/\/www.coaliciondelasamericas.org\/blog\/wp-content\/uploads\/2025\/10\/Together-2025-007-1152x1536.jpeg 1152w, https:\/\/www.coaliciondelasamericas.org\/blog\/wp-content\/uploads\/2025\/10\/Together-2025-007.jpeg 1200w\" sizes=\"auto, (max-width: 768px) 100vw, 768px\" \/><\/figure>\n\n\n\n<figure class=\"wp-block-image size-large\"><img loading=\"lazy\" decoding=\"async\" width=\"768\" height=\"1024\" data-id=\"4426\" src=\"https:\/\/www.coaliciondelasamericas.org\/blog\/wp-content\/uploads\/2025\/10\/Together-2025-008-768x1024.jpeg\" alt=\"\" class=\"wp-image-4426\" srcset=\"https:\/\/www.coaliciondelasamericas.org\/blog\/wp-content\/uploads\/2025\/10\/Together-2025-008-768x1024.jpeg 768w, https:\/\/www.coaliciondelasamericas.org\/blog\/wp-content\/uploads\/2025\/10\/Together-2025-008-225x300.jpeg 225w, https:\/\/www.coaliciondelasamericas.org\/blog\/wp-content\/uploads\/2025\/10\/Together-2025-008-1152x1536.jpeg 1152w, https:\/\/www.coaliciondelasamericas.org\/blog\/wp-content\/uploads\/2025\/10\/Together-2025-008.jpeg 1200w\" sizes=\"auto, (max-width: 768px) 100vw, 768px\" \/><\/figure>\n\n\n\n<figure class=\"wp-block-image size-large\"><img loading=\"lazy\" decoding=\"async\" width=\"768\" height=\"1024\" data-id=\"4428\" src=\"https:\/\/www.coaliciondelasamericas.org\/blog\/wp-content\/uploads\/2025\/10\/Together-2025-009-768x1024.jpeg\" alt=\"\" class=\"wp-image-4428\" srcset=\"https:\/\/www.coaliciondelasamericas.org\/blog\/wp-content\/uploads\/2025\/10\/Together-2025-009-768x1024.jpeg 768w, https:\/\/www.coaliciondelasamericas.org\/blog\/wp-content\/uploads\/2025\/10\/Together-2025-009-225x300.jpeg 225w, https:\/\/www.coaliciondelasamericas.org\/blog\/wp-content\/uploads\/2025\/10\/Together-2025-009-1152x1536.jpeg 1152w, https:\/\/www.coaliciondelasamericas.org\/blog\/wp-content\/uploads\/2025\/10\/Together-2025-009.jpeg 1200w\" sizes=\"auto, (max-width: 768px) 100vw, 768px\" \/><\/figure>\n\n\n\n<figure class=\"wp-block-image size-large\"><img loading=\"lazy\" decoding=\"async\" width=\"768\" height=\"1024\" data-id=\"4425\" src=\"https:\/\/www.coaliciondelasamericas.org\/blog\/wp-content\/uploads\/2025\/10\/Together-2025-010-768x1024.jpeg\" alt=\"\" class=\"wp-image-4425\" srcset=\"https:\/\/www.coaliciondelasamericas.org\/blog\/wp-content\/uploads\/2025\/10\/Together-2025-010-768x1024.jpeg 768w, https:\/\/www.coaliciondelasamericas.org\/blog\/wp-content\/uploads\/2025\/10\/Together-2025-010-225x300.jpeg 225w, https:\/\/www.coaliciondelasamericas.org\/blog\/wp-content\/uploads\/2025\/10\/Together-2025-010-1152x1536.jpeg 1152w, https:\/\/www.coaliciondelasamericas.org\/blog\/wp-content\/uploads\/2025\/10\/Together-2025-010.jpeg 1200w\" sizes=\"auto, (max-width: 768px) 100vw, 768px\" \/><\/figure>\n\n\n\n<figure class=\"wp-block-image size-large\"><img loading=\"lazy\" decoding=\"async\" width=\"768\" height=\"1024\" data-id=\"4427\" src=\"https:\/\/www.coaliciondelasamericas.org\/blog\/wp-content\/uploads\/2025\/10\/Together-2025-011-768x1024.jpeg\" alt=\"\" class=\"wp-image-4427\" srcset=\"https:\/\/www.coaliciondelasamericas.org\/blog\/wp-content\/uploads\/2025\/10\/Together-2025-011-768x1024.jpeg 768w, https:\/\/www.coaliciondelasamericas.org\/blog\/wp-content\/uploads\/2025\/10\/Together-2025-011-225x300.jpeg 225w, https:\/\/www.coaliciondelasamericas.org\/blog\/wp-content\/uploads\/2025\/10\/Together-2025-011-1152x1536.jpeg 1152w, https:\/\/www.coaliciondelasamericas.org\/blog\/wp-content\/uploads\/2025\/10\/Together-2025-011.jpeg 1200w\" sizes=\"auto, (max-width: 768px) 100vw, 768px\" \/><\/figure>\n\n\n\n<figure class=\"wp-block-image size-large\"><img loading=\"lazy\" decoding=\"async\" width=\"768\" height=\"1024\" data-id=\"4420\" src=\"https:\/\/www.coaliciondelasamericas.org\/blog\/wp-content\/uploads\/2025\/10\/Together-2025-012-768x1024.jpeg\" alt=\"\" class=\"wp-image-4420\" srcset=\"https:\/\/www.coaliciondelasamericas.org\/blog\/wp-content\/uploads\/2025\/10\/Together-2025-012-768x1024.jpeg 768w, https:\/\/www.coaliciondelasamericas.org\/blog\/wp-content\/uploads\/2025\/10\/Together-2025-012-225x300.jpeg 225w, https:\/\/www.coaliciondelasamericas.org\/blog\/wp-content\/uploads\/2025\/10\/Together-2025-012-1152x1536.jpeg 1152w, https:\/\/www.coaliciondelasamericas.org\/blog\/wp-content\/uploads\/2025\/10\/Together-2025-012.jpeg 1200w\" sizes=\"auto, (max-width: 768px) 100vw, 768px\" \/><\/figure>\n\n\n\n<figure class=\"wp-block-image size-large\"><img loading=\"lazy\" decoding=\"async\" width=\"768\" height=\"1024\" data-id=\"4417\" src=\"https:\/\/www.coaliciondelasamericas.org\/blog\/wp-content\/uploads\/2025\/10\/Together-2025-013-768x1024.jpeg\" alt=\"\" class=\"wp-image-4417\" srcset=\"https:\/\/www.coaliciondelasamericas.org\/blog\/wp-content\/uploads\/2025\/10\/Together-2025-013-768x1024.jpeg 768w, https:\/\/www.coaliciondelasamericas.org\/blog\/wp-content\/uploads\/2025\/10\/Together-2025-013-225x300.jpeg 225w, https:\/\/www.coaliciondelasamericas.org\/blog\/wp-content\/uploads\/2025\/10\/Together-2025-013-1152x1536.jpeg 1152w, https:\/\/www.coaliciondelasamericas.org\/blog\/wp-content\/uploads\/2025\/10\/Together-2025-013.jpeg 1200w\" sizes=\"auto, (max-width: 768px) 100vw, 768px\" \/><\/figure>\n\n\n\n<figure class=\"wp-block-image size-large\"><img loading=\"lazy\" decoding=\"async\" width=\"768\" height=\"1024\" data-id=\"4418\" src=\"https:\/\/www.coaliciondelasamericas.org\/blog\/wp-content\/uploads\/2025\/10\/Together-2025-014-768x1024.jpeg\" alt=\"\" class=\"wp-image-4418\" srcset=\"https:\/\/www.coaliciondelasamericas.org\/blog\/wp-content\/uploads\/2025\/10\/Together-2025-014-768x1024.jpeg 768w, https:\/\/www.coaliciondelasamericas.org\/blog\/wp-content\/uploads\/2025\/10\/Together-2025-014-225x300.jpeg 225w, https:\/\/www.coaliciondelasamericas.org\/blog\/wp-content\/uploads\/2025\/10\/Together-2025-014-1152x1536.jpeg 1152w, https:\/\/www.coaliciondelasamericas.org\/blog\/wp-content\/uploads\/2025\/10\/Together-2025-014.jpeg 1200w\" sizes=\"auto, (max-width: 768px) 100vw, 768px\" \/><\/figure>\n\n\n\n<figure class=\"wp-block-image size-large\"><img loading=\"lazy\" decoding=\"async\" width=\"768\" height=\"1024\" data-id=\"4414\" src=\"https:\/\/www.coaliciondelasamericas.org\/blog\/wp-content\/uploads\/2025\/10\/Together-2025-015-768x1024.jpeg\" alt=\"\" class=\"wp-image-4414\" srcset=\"https:\/\/www.coaliciondelasamericas.org\/blog\/wp-content\/uploads\/2025\/10\/Together-2025-015-768x1024.jpeg 768w, https:\/\/www.coaliciondelasamericas.org\/blog\/wp-content\/uploads\/2025\/10\/Together-2025-015-225x300.jpeg 225w, https:\/\/www.coaliciondelasamericas.org\/blog\/wp-content\/uploads\/2025\/10\/Together-2025-015-1152x1536.jpeg 1152w, https:\/\/www.coaliciondelasamericas.org\/blog\/wp-content\/uploads\/2025\/10\/Together-2025-015.jpeg 1200w\" sizes=\"auto, (max-width: 768px) 100vw, 768px\" \/><\/figure>\n<\/figure>\n","protected":false},"excerpt":{"rendered":"<p>El programa Together tiene como objetivo empoderar y darles acceso al conocimiento de las patolog\u00edas hematol\u00f3gicas a mujeres de toda<\/p>\n","protected":false},"author":1,"featured_media":0,"parent":42,"menu_order":24,"comment_status":"closed","ping_status":"closed","template":"","meta":{"colormag_page_container_layout":"default_layout","colormag_page_sidebar_layout":"default_layout","_coblocks_attr":"","_coblocks_dimensions":"","_coblocks_responsive_height":"","_coblocks_accordion_ie_support":"","_monsterinsights_skip_tracking":false,"_monsterinsights_sitenote_active":false,"_monsterinsights_sitenote_note":"","_monsterinsights_sitenote_category":0,"footnotes":""},"class_list":["post-4174","page","type-page","status-publish","hentry"],"yoast_head":"<!-- This site is optimized with the Yoast SEO plugin v27.4 - https:\/\/yoast.com\/product\/yoast-seo-wordpress\/ -->\n<title>Together 2025 - Coalici&oacute;n de las Am&eacute;ricas<\/title>\n<meta name=\"description\" content=\"El programa Together tiene como objetivo empoderar y darles acceso al conocimiento de las patolog\u00edas hematol\u00f3gicas a mujeres de toda Am\u00e9rica.\" \/>\n<meta name=\"robots\" content=\"index, follow, max-snippet:-1, max-image-preview:large, max-video-preview:-1\" \/>\n<link rel=\"canonical\" href=\"https:\/\/www.coaliciondelasamericas.org\/blog\/galeria\/together-2025\/\" \/>\n<meta property=\"og:locale\" content=\"es_ES\" \/>\n<meta property=\"og:type\" content=\"article\" \/>\n<meta property=\"og:title\" content=\"Together 2025 - Coalici&oacute;n de las Am&eacute;ricas\" \/>\n<meta property=\"og:description\" content=\"El programa Together tiene como objetivo empoderar y darles acceso al conocimiento de las patolog\u00edas hematol\u00f3gicas a mujeres de toda Am\u00e9rica.\" \/>\n<meta property=\"og:url\" content=\"https:\/\/www.coaliciondelasamericas.org\/blog\/galeria\/together-2025\/\" \/>\n<meta property=\"og:site_name\" content=\"Coalici&oacute;n de las Am&eacute;ricas\" \/>\n<meta property=\"article:modified_time\" content=\"2025-10-11T19:24:16+00:00\" \/>\n<meta property=\"og:image\" content=\"https:\/\/www.coaliciondelasamericas.org\/blog\/wp-content\/uploads\/2024\/03\/Together.png\" \/>\n\t<meta property=\"og:image:width\" content=\"520\" \/>\n\t<meta property=\"og:image:height\" content=\"450\" \/>\n\t<meta property=\"og:image:type\" content=\"image\/png\" \/>\n<meta name=\"twitter:card\" content=\"summary_large_image\" \/>\n<meta name=\"twitter:label1\" content=\"Tiempo de lectura\" \/>\n\t<meta name=\"twitter:data1\" content=\"4 minutos\" \/>\n<script type=\"application\/ld+json\" class=\"yoast-schema-graph\">{\"@context\":\"https:\\\/\\\/schema.org\",\"@graph\":[{\"@type\":\"WebPage\",\"@id\":\"https:\\\/\\\/www.coaliciondelasamericas.org\\\/blog\\\/galeria\\\/together-2025\\\/\",\"url\":\"https:\\\/\\\/www.coaliciondelasamericas.org\\\/blog\\\/galeria\\\/together-2025\\\/\",\"name\":\"Together 2025 - Coalici&oacute;n de las Am&eacute;ricas\",\"isPartOf\":{\"@id\":\"https:\\\/\\\/www.coaliciondelasamericas.org\\\/blog\\\/#website\"},\"primaryImageOfPage\":{\"@id\":\"https:\\\/\\\/www.coaliciondelasamericas.org\\\/blog\\\/galeria\\\/together-2025\\\/#primaryimage\"},\"image\":{\"@id\":\"https:\\\/\\\/www.coaliciondelasamericas.org\\\/blog\\\/galeria\\\/together-2025\\\/#primaryimage\"},\"thumbnailUrl\":\"https:\\\/\\\/www.coaliciondelasamericas.org\\\/blog\\\/wp-content\\\/uploads\\\/2024\\\/03\\\/Together.png\",\"datePublished\":\"2025-10-11T19:24:15+00:00\",\"dateModified\":\"2025-10-11T19:24:16+00:00\",\"description\":\"El programa Together tiene como objetivo empoderar y darles acceso al conocimiento de las patolog\u00edas hematol\u00f3gicas a mujeres de toda Am\u00e9rica.\",\"breadcrumb\":{\"@id\":\"https:\\\/\\\/www.coaliciondelasamericas.org\\\/blog\\\/galeria\\\/together-2025\\\/#breadcrumb\"},\"inLanguage\":\"es\",\"potentialAction\":[{\"@type\":\"ReadAction\",\"target\":[\"https:\\\/\\\/www.coaliciondelasamericas.org\\\/blog\\\/galeria\\\/together-2025\\\/\"]}]},{\"@type\":\"ImageObject\",\"inLanguage\":\"es\",\"@id\":\"https:\\\/\\\/www.coaliciondelasamericas.org\\\/blog\\\/galeria\\\/together-2025\\\/#primaryimage\",\"url\":\"https:\\\/\\\/www.coaliciondelasamericas.org\\\/blog\\\/wp-content\\\/uploads\\\/2024\\\/03\\\/Together.png\",\"contentUrl\":\"https:\\\/\\\/www.coaliciondelasamericas.org\\\/blog\\\/wp-content\\\/uploads\\\/2024\\\/03\\\/Together.png\",\"width\":520,\"height\":450,\"caption\":\"Programa Together\"},{\"@type\":\"BreadcrumbList\",\"@id\":\"https:\\\/\\\/www.coaliciondelasamericas.org\\\/blog\\\/galeria\\\/together-2025\\\/#breadcrumb\",\"itemListElement\":[{\"@type\":\"ListItem\",\"position\":1,\"name\":\"Portada\",\"item\":\"https:\\\/\\\/www.coaliciondelasamericas.org\\\/blog\\\/\"},{\"@type\":\"ListItem\",\"position\":2,\"name\":\"Galer\u00eda\",\"item\":\"https:\\\/\\\/www.coaliciondelasamericas.org\\\/blog\\\/galeria\\\/\"},{\"@type\":\"ListItem\",\"position\":3,\"name\":\"Together 2025\"}]},{\"@type\":\"WebSite\",\"@id\":\"https:\\\/\\\/www.coaliciondelasamericas.org\\\/blog\\\/#website\",\"url\":\"https:\\\/\\\/www.coaliciondelasamericas.org\\\/blog\\\/\",\"name\":\"Coalici&oacute;n de las Am&eacute;ricas\",\"description\":\"Lideres Unidos por el Bienestar de la Hemofilia\",\"publisher\":{\"@id\":\"https:\\\/\\\/www.coaliciondelasamericas.org\\\/blog\\\/#organization\"},\"potentialAction\":[{\"@type\":\"SearchAction\",\"target\":{\"@type\":\"EntryPoint\",\"urlTemplate\":\"https:\\\/\\\/www.coaliciondelasamericas.org\\\/blog\\\/?s={search_term_string}\"},\"query-input\":{\"@type\":\"PropertyValueSpecification\",\"valueRequired\":true,\"valueName\":\"search_term_string\"}}],\"inLanguage\":\"es\"},{\"@type\":\"Organization\",\"@id\":\"https:\\\/\\\/www.coaliciondelasamericas.org\\\/blog\\\/#organization\",\"name\":\"Coalici&oacute;n de las Am&eacute;ricas\",\"url\":\"https:\\\/\\\/www.coaliciondelasamericas.org\\\/blog\\\/\",\"logo\":{\"@type\":\"ImageObject\",\"inLanguage\":\"es\",\"@id\":\"https:\\\/\\\/www.coaliciondelasamericas.org\\\/blog\\\/#\\\/schema\\\/logo\\\/image\\\/\",\"url\":\"https:\\\/\\\/www.coaliciondelasamericas.org\\\/blog\\\/wp-content\\\/uploads\\\/2023\\\/03\\\/cropped-01-Portada-02.png\",\"contentUrl\":\"https:\\\/\\\/www.coaliciondelasamericas.org\\\/blog\\\/wp-content\\\/uploads\\\/2023\\\/03\\\/cropped-01-Portada-02.png\",\"width\":300,\"height\":130,\"caption\":\"Coalici&oacute;n de las Am&eacute;ricas\"},\"image\":{\"@id\":\"https:\\\/\\\/www.coaliciondelasamericas.org\\\/blog\\\/#\\\/schema\\\/logo\\\/image\\\/\"}}]}<\/script>\n<!-- \/ Yoast SEO plugin. -->","yoast_head_json":{"title":"Together 2025 - Coalici&oacute;n de las Am&eacute;ricas","description":"El programa Together tiene como objetivo empoderar y darles acceso al conocimiento de las patolog\u00edas hematol\u00f3gicas a mujeres de toda Am\u00e9rica.","robots":{"index":"index","follow":"follow","max-snippet":"max-snippet:-1","max-image-preview":"max-image-preview:large","max-video-preview":"max-video-preview:-1"},"canonical":"https:\/\/www.coaliciondelasamericas.org\/blog\/galeria\/together-2025\/","og_locale":"es_ES","og_type":"article","og_title":"Together 2025 - Coalici&oacute;n de las Am&eacute;ricas","og_description":"El programa Together tiene como objetivo empoderar y darles acceso al conocimiento de las patolog\u00edas hematol\u00f3gicas a mujeres de toda Am\u00e9rica.","og_url":"https:\/\/www.coaliciondelasamericas.org\/blog\/galeria\/together-2025\/","og_site_name":"Coalici&oacute;n de las Am&eacute;ricas","article_modified_time":"2025-10-11T19:24:16+00:00","og_image":[{"width":520,"height":450,"url":"https:\/\/www.coaliciondelasamericas.org\/blog\/wp-content\/uploads\/2024\/03\/Together.png","type":"image\/png"}],"twitter_card":"summary_large_image","twitter_misc":{"Tiempo de lectura":"4 minutos"},"schema":{"@context":"https:\/\/schema.org","@graph":[{"@type":"WebPage","@id":"https:\/\/www.coaliciondelasamericas.org\/blog\/galeria\/together-2025\/","url":"https:\/\/www.coaliciondelasamericas.org\/blog\/galeria\/together-2025\/","name":"Together 2025 - Coalici&oacute;n de las Am&eacute;ricas","isPartOf":{"@id":"https:\/\/www.coaliciondelasamericas.org\/blog\/#website"},"primaryImageOfPage":{"@id":"https:\/\/www.coaliciondelasamericas.org\/blog\/galeria\/together-2025\/#primaryimage"},"image":{"@id":"https:\/\/www.coaliciondelasamericas.org\/blog\/galeria\/together-2025\/#primaryimage"},"thumbnailUrl":"https:\/\/www.coaliciondelasamericas.org\/blog\/wp-content\/uploads\/2024\/03\/Together.png","datePublished":"2025-10-11T19:24:15+00:00","dateModified":"2025-10-11T19:24:16+00:00","description":"El programa Together tiene como objetivo empoderar y darles acceso al conocimiento de las patolog\u00edas hematol\u00f3gicas a mujeres de toda Am\u00e9rica.","breadcrumb":{"@id":"https:\/\/www.coaliciondelasamericas.org\/blog\/galeria\/together-2025\/#breadcrumb"},"inLanguage":"es","potentialAction":[{"@type":"ReadAction","target":["https:\/\/www.coaliciondelasamericas.org\/blog\/galeria\/together-2025\/"]}]},{"@type":"ImageObject","inLanguage":"es","@id":"https:\/\/www.coaliciondelasamericas.org\/blog\/galeria\/together-2025\/#primaryimage","url":"https:\/\/www.coaliciondelasamericas.org\/blog\/wp-content\/uploads\/2024\/03\/Together.png","contentUrl":"https:\/\/www.coaliciondelasamericas.org\/blog\/wp-content\/uploads\/2024\/03\/Together.png","width":520,"height":450,"caption":"Programa Together"},{"@type":"BreadcrumbList","@id":"https:\/\/www.coaliciondelasamericas.org\/blog\/galeria\/together-2025\/#breadcrumb","itemListElement":[{"@type":"ListItem","position":1,"name":"Portada","item":"https:\/\/www.coaliciondelasamericas.org\/blog\/"},{"@type":"ListItem","position":2,"name":"Galer\u00eda","item":"https:\/\/www.coaliciondelasamericas.org\/blog\/galeria\/"},{"@type":"ListItem","position":3,"name":"Together 2025"}]},{"@type":"WebSite","@id":"https:\/\/www.coaliciondelasamericas.org\/blog\/#website","url":"https:\/\/www.coaliciondelasamericas.org\/blog\/","name":"Coalici&oacute;n de las Am&eacute;ricas","description":"Lideres Unidos por el Bienestar de la Hemofilia","publisher":{"@id":"https:\/\/www.coaliciondelasamericas.org\/blog\/#organization"},"potentialAction":[{"@type":"SearchAction","target":{"@type":"EntryPoint","urlTemplate":"https:\/\/www.coaliciondelasamericas.org\/blog\/?s={search_term_string}"},"query-input":{"@type":"PropertyValueSpecification","valueRequired":true,"valueName":"search_term_string"}}],"inLanguage":"es"},{"@type":"Organization","@id":"https:\/\/www.coaliciondelasamericas.org\/blog\/#organization","name":"Coalici&oacute;n de las Am&eacute;ricas","url":"https:\/\/www.coaliciondelasamericas.org\/blog\/","logo":{"@type":"ImageObject","inLanguage":"es","@id":"https:\/\/www.coaliciondelasamericas.org\/blog\/#\/schema\/logo\/image\/","url":"https:\/\/www.coaliciondelasamericas.org\/blog\/wp-content\/uploads\/2023\/03\/cropped-01-Portada-02.png","contentUrl":"https:\/\/www.coaliciondelasamericas.org\/blog\/wp-content\/uploads\/2023\/03\/cropped-01-Portada-02.png","width":300,"height":130,"caption":"Coalici&oacute;n de las Am&eacute;ricas"},"image":{"@id":"https:\/\/www.coaliciondelasamericas.org\/blog\/#\/schema\/logo\/image\/"}}]}},"_links":{"self":[{"href":"https:\/\/www.coaliciondelasamericas.org\/blog\/wp-json\/wp\/v2\/pages\/4174","targetHints":{"allow":["GET"]}}],"collection":[{"href":"https:\/\/www.coaliciondelasamericas.org\/blog\/wp-json\/wp\/v2\/pages"}],"about":[{"href":"https:\/\/www.coaliciondelasamericas.org\/blog\/wp-json\/wp\/v2\/types\/page"}],"author":[{"embeddable":true,"href":"https:\/\/www.coaliciondelasamericas.org\/blog\/wp-json\/wp\/v2\/users\/1"}],"replies":[{"embeddable":true,"href":"https:\/\/www.coaliciondelasamericas.org\/blog\/wp-json\/wp\/v2\/comments?post=4174"}],"version-history":[{"count":3,"href":"https:\/\/www.coaliciondelasamericas.org\/blog\/wp-json\/wp\/v2\/pages\/4174\/revisions"}],"predecessor-version":[{"id":4433,"href":"https:\/\/www.coaliciondelasamericas.org\/blog\/wp-json\/wp\/v2\/pages\/4174\/revisions\/4433"}],"up":[{"embeddable":true,"href":"https:\/\/www.coaliciondelasamericas.org\/blog\/wp-json\/wp\/v2\/pages\/42"}],"wp:attachment":[{"href":"https:\/\/www.coaliciondelasamericas.org\/blog\/wp-json\/wp\/v2\/media?parent=4174"}],"curies":[{"name":"wp","href":"https:\/\/api.w.org\/{rel}","templated":true}]}}