{"id":3914,"date":"2024-11-09T15:30:10","date_gmt":"2024-11-09T15:30:10","guid":{"rendered":"https:\/\/www.coaliciondelasamericas.org\/blog\/?page_id=3914"},"modified":"2024-11-09T15:46:39","modified_gmt":"2024-11-09T15:46:39","slug":"plan-anual-de-trabajo-2025","status":"publish","type":"page","link":"https:\/\/www.coaliciondelasamericas.org\/blog\/plan-anual-de-trabajo-2025\/","title":{"rendered":"Plan Anual de Trabajo 2025"},"content":{"rendered":"\n<h4 class=\"wp-block-heading has-text-align-center\"><strong>Visi\u00f3n, Misi\u00f3n y Objetivos de la CoA. Acciones del 2025.<\/strong><\/h4>\n\n\n\n<p>En base a nuestra Visi\u00f3n como organizaci\u00f3n que es el <strong>Acceso a tratamientos seguros y atenci\u00f3n integral del paciente con trastornos del sangrado en las Am\u00e9ricas<\/strong>, hemos construido la Planificaci\u00f3n Estrat\u00e9gica 2025-2030 de la Coalici\u00f3n de las Am\u00e9ricas, por la cual consideramos indispensable afianzar algunas herramientas y acciones a\u00f1o a a\u00f1o con el objetivo de superar diversos problemas que est\u00e1n vigentes en la regi\u00f3n y alcanzar diversos objetivos pautados a mediano y largo plazo.<br><br>Es en este sentido que le damos un orden y lineamiento estrat\u00e9gico a las acciones, proyectos y programas que generamos y generaremos los cuales todos trabajan articuladamente en pos de un mismo camino para las Am\u00e9ricas.<\/p>\n\n\n\n<p>Es entonces que nos hemos marcado los problemas que detectamos y que nos motivan a poder seguir pensando en acciones concretas que generen impacto, sean efectivas, eficientes y modifiquen la realidad y as\u00ed superar en conjunto las barreras del continente. Los desaf\u00edos a superar son:<\/p>\n\n\n\n<ul class=\"wp-block-list\">\n<li><strong>Nuevo Paradigma en compras:<\/strong> avanzar con el proceso de discusi\u00f3n y ejecuci\u00f3n de nuevos modelos de compras para los tratamientos, innovando en el an\u00e1lisis de costos a mediano y largo plazo, generando Evaluaciones de Tecnolog\u00edas Sanitarias e incidiendo en los pagadores para modificar las adquisiciones para cada pa\u00eds.<br><\/li>\n\n\n\n<li><strong>Equidad en acceso al tratamiento:<\/strong> mejorar e igualar el acceso a los tratamientos en las Am\u00e9ricas, generando espacios para la innovaci\u00f3n de tecnolog\u00edas, acuerdos con socios estrat\u00e9gicos, asistencia directa a las organizaciones y fortalecimiento integral.<br><\/li>\n\n\n\n<li><strong>Identificaci\u00f3n y Diagn\u00f3stico:<\/strong> continuar elevando un 2% anual el registro de pacientes hombres y mujeres de las Am\u00e9ricas con trastornos del sangrado y facilitar los medios para obtener diagn\u00f3stico seguro y eficiente.<br><\/li>\n\n\n\n<li><strong>Atenci\u00f3n integral:<\/strong> colaborar con la difusi\u00f3n de las herramientas de Toma de Decisiones Compartidas, generar datos dentro de un \u00cdndice de Calidad de Vida objetivo para generar informaci\u00f3n y valor y finalmente colaborar con la integraci\u00f3n de los l\u00edderes voluntarios de las organizaciones y profesionales de la salud.<br><\/li>\n\n\n\n<li><strong>Educaci\u00f3n y empoderamiento:<\/strong> Continuar con el proceso de educaci\u00f3n y formaci\u00f3n sobre competencias blandas, generales y tambi\u00e9n espec\u00edficas hacia los l\u00edderes de cada organizaci\u00f3n.<br><\/li>\n\n\n\n<li><strong>Investigaci\u00f3n:<\/strong> Generar los espacios de an\u00e1lisis de la informaci\u00f3n disponible sobre los temas circundantes al tratamientos, crear nuevas bases de datos y generar nuevas investigaciones.<br><\/li>\n\n\n\n<li><strong>Fortalecimiento institucional:<\/strong> generar herramientas para las organizaciones de mejora institucional, acompa\u00f1\u00e1ndolas y haciendo seguimientos t\u00e9cnicos necesarios, para avanzar con el cambio generacional, mejora de las comunicaciones y planificaci\u00f3n de roles internos.<\/li>\n<\/ul>\n\n\n\n<p>Nuestras acciones anuales est\u00e1n directamente vinculadas en la concreci\u00f3n a mediano y largo plazo de los objetivos, generando valor e impacto anualmente y de manera integral.<\/p>\n\n\n\n<h4 class=\"wp-block-heading has-text-align-center\"><strong>Actividades y Proyectos 2025<\/strong><\/h4>\n\n\n\n<div class=\"wp-block-columns is-layout-flex wp-container-core-columns-is-layout-28f84493 wp-block-columns-is-layout-flex\">\n<div class=\"wp-block-column is-layout-flow wp-block-column-is-layout-flow\" style=\"flex-basis:75%\">\n<ul class=\"wp-block-list\">\n<li><strong>Plan Educativo 2025:<\/strong> formaci\u00f3n en Plataforma virtual y remota sobre temas como Negociaci\u00f3n, Planificaci\u00f3n y Desarrollo de Proyectos.<br><br><\/li>\n\n\n\n<li><strong>Asistencia directa a las ONM:<\/strong> asistir y brindar soluciones directas a las organizaciones en base a sus problem\u00e1ticas asistenciales locales.<br><br><\/li>\n\n\n\n<li><strong>Taller Anual de la COA:<\/strong> formar y empoderar sobre diversos ejes que son de inter\u00e9s com\u00fan a l\u00edderes, tomadores de decisi\u00f3n y pagadores.<br><br><\/li>\n\n\n\n<li><strong>D\u00eda Mundial de la Hemofilia 2025:<\/strong> difundir, visibilizar y concientizar sobre los trastornos del sangrado con acciones educativas y campa\u00f1as en redes sociales.<br><br><\/li>\n\n\n\n<li><strong>Registro Americano de Mujeres:<\/strong> comenzar con la inclusi\u00f3n en los registros nacionales de las mujeres y ni\u00f1as con trastornos hemorr\u00e1gicos.<br><br><\/li>\n\n\n\n<li><strong>Programa Together: <\/strong>educar y formar presencialmente a mujeres l\u00edderes de organizaciones para fortalecer el trabajo de sensibilizaci\u00f3n y registraci\u00f3n en cada pa\u00eds.<br><br><\/li>\n\n\n\n<li><strong>Programa de Mentor\u00edas para J\u00f3venes:<\/strong> programas de mentor\u00edas presenciales, acciones educativas y encuentros regionales con el objetivo de debatir y capacitarlos para el futuro.<\/li>\n<\/ul>\n<\/div>\n\n\n\n<div class=\"wp-block-column has-white-background-color has-background is-layout-flow wp-block-column-is-layout-flow\" style=\"flex-basis:25%\">\n<figure class=\"wp-block-image size-large\"><img loading=\"lazy\" decoding=\"async\" width=\"918\" height=\"1024\" src=\"https:\/\/www.coaliciondelasamericas.org\/blog\/wp-content\/uploads\/2024\/11\/Logotipo-WHD-vertical-918x1024.png\" alt=\"D\u00eda Mundial de la Hemofilia\" class=\"wp-image-3896\" srcset=\"https:\/\/www.coaliciondelasamericas.org\/blog\/wp-content\/uploads\/2024\/11\/Logotipo-WHD-vertical-918x1024.png 918w, https:\/\/www.coaliciondelasamericas.org\/blog\/wp-content\/uploads\/2024\/11\/Logotipo-WHD-vertical-269x300.png 269w, https:\/\/www.coaliciondelasamericas.org\/blog\/wp-content\/uploads\/2024\/11\/Logotipo-WHD-vertical-768x856.png 768w, https:\/\/www.coaliciondelasamericas.org\/blog\/wp-content\/uploads\/2024\/11\/Logotipo-WHD-vertical.png 955w\" sizes=\"auto, (max-width: 918px) 100vw, 918px\" \/><figcaption class=\"wp-element-caption\">D\u00eda Mundial de la Hemofilia<\/figcaption><\/figure>\n<\/div>\n<\/div>\n\n\n\n<p>.<\/p>\n\n\n\n<div class=\"wp-block-columns is-layout-flex wp-container-core-columns-is-layout-28f84493 wp-block-columns-is-layout-flex\">\n<div class=\"wp-block-column is-layout-flow wp-block-column-is-layout-flow\"><\/div>\n\n\n\n<div class=\"wp-block-column is-layout-flow wp-block-column-is-layout-flow\">\n<figure class=\"wp-block-image aligncenter size-full is-resized has-lightbox\"><a href=\"https:\/\/www.coaliciondelasamericas.org\/blog\/wp-content\/uploads\/2024\/11\/Presentacion-General-2025-COA-espanol.pdf\" target=\"_blank\" rel=\"noreferrer noopener\"><img loading=\"lazy\" decoding=\"async\" width=\"235\" height=\"214\" src=\"https:\/\/www.coaliciondelasamericas.org\/blog\/wp-content\/uploads\/2024\/03\/archivo-pdf.png\" alt=\"Pdf\" class=\"wp-image-3238\" style=\"width:139px;height:auto\"\/><\/a><figcaption class=\"wp-element-caption\"><strong><a href=\"https:\/\/www.coaliciondelasamericas.org\/blog\/wp-content\/uploads\/2024\/11\/Presentacion-General-2025-COA-espanol.pdf\" target=\"_blank\" rel=\"noreferrer noopener\">M\u00e1s Informaci\u00f3n \/ Descargar el PDF<\/a><\/strong><\/figcaption><\/figure>\n<\/div>\n\n\n\n<div class=\"wp-block-column is-layout-flow wp-block-column-is-layout-flow\"><\/div>\n<\/div>\n","protected":false},"excerpt":{"rendered":"<p>Visi\u00f3n, Misi\u00f3n y Objetivos de la CoA. Acciones del 2025. En base a nuestra Visi\u00f3n como organizaci\u00f3n que es el<\/p>\n","protected":false},"author":1,"featured_media":0,"parent":0,"menu_order":0,"comment_status":"closed","ping_status":"closed","template":"","meta":{"colormag_page_container_layout":"no_sidebar_content_centered","colormag_page_sidebar_layout":"no_sidebar","_coblocks_attr":"","_coblocks_dimensions":"","_coblocks_responsive_height":"","_coblocks_accordion_ie_support":"","_monsterinsights_skip_tracking":false,"_monsterinsights_sitenote_active":false,"_monsterinsights_sitenote_note":"","_monsterinsights_sitenote_category":0,"footnotes":""},"class_list":["post-3914","page","type-page","status-publish","hentry"],"yoast_head":"<!-- This site is optimized with the Yoast SEO plugin v27.4 - https:\/\/yoast.com\/product\/yoast-seo-wordpress\/ -->\n<title>Plan Anual de Trabajo 2025 - Coalici&oacute;n de las Am&eacute;ricas<\/title>\n<meta name=\"description\" content=\"Visi\u00f3n como organizaci\u00f3n que es el Acceso a tratamientos seguros y atenci\u00f3n integral del paciente con trastornos del sangrado en las Am\u00e9ricas.\" \/>\n<meta name=\"robots\" content=\"index, follow, max-snippet:-1, max-image-preview:large, max-video-preview:-1\" \/>\n<link rel=\"canonical\" href=\"https:\/\/www.coaliciondelasamericas.org\/blog\/plan-anual-de-trabajo-2025\/\" \/>\n<meta property=\"og:locale\" content=\"es_ES\" \/>\n<meta property=\"og:type\" content=\"article\" \/>\n<meta property=\"og:title\" content=\"Plan Anual de Trabajo 2025 - Coalici&oacute;n de las Am&eacute;ricas\" \/>\n<meta property=\"og:description\" content=\"Visi\u00f3n como organizaci\u00f3n que es el Acceso a tratamientos seguros y atenci\u00f3n integral del paciente con trastornos del sangrado en las Am\u00e9ricas.\" \/>\n<meta property=\"og:url\" content=\"https:\/\/www.coaliciondelasamericas.org\/blog\/plan-anual-de-trabajo-2025\/\" \/>\n<meta property=\"og:site_name\" content=\"Coalici&oacute;n de las Am&eacute;ricas\" \/>\n<meta property=\"article:modified_time\" content=\"2024-11-09T15:46:39+00:00\" \/>\n<meta property=\"og:image\" content=\"https:\/\/www.coaliciondelasamericas.org\/blog\/wp-content\/uploads\/2024\/11\/Logotipo-WHD-vertical.png\" \/>\n\t<meta property=\"og:image:width\" content=\"955\" \/>\n\t<meta property=\"og:image:height\" content=\"1065\" \/>\n\t<meta property=\"og:image:type\" content=\"image\/png\" \/>\n<meta name=\"twitter:card\" content=\"summary_large_image\" \/>\n<meta name=\"twitter:label1\" content=\"Tiempo de lectura\" \/>\n\t<meta name=\"twitter:data1\" content=\"4 minutos\" \/>\n<script type=\"application\/ld+json\" class=\"yoast-schema-graph\">{\"@context\":\"https:\\\/\\\/schema.org\",\"@graph\":[{\"@type\":\"WebPage\",\"@id\":\"https:\\\/\\\/www.coaliciondelasamericas.org\\\/blog\\\/plan-anual-de-trabajo-2025\\\/\",\"url\":\"https:\\\/\\\/www.coaliciondelasamericas.org\\\/blog\\\/plan-anual-de-trabajo-2025\\\/\",\"name\":\"Plan Anual de Trabajo 2025 - Coalici&oacute;n de las Am&eacute;ricas\",\"isPartOf\":{\"@id\":\"https:\\\/\\\/www.coaliciondelasamericas.org\\\/blog\\\/#website\"},\"primaryImageOfPage\":{\"@id\":\"https:\\\/\\\/www.coaliciondelasamericas.org\\\/blog\\\/plan-anual-de-trabajo-2025\\\/#primaryimage\"},\"image\":{\"@id\":\"https:\\\/\\\/www.coaliciondelasamericas.org\\\/blog\\\/plan-anual-de-trabajo-2025\\\/#primaryimage\"},\"thumbnailUrl\":\"https:\\\/\\\/www.coaliciondelasamericas.org\\\/blog\\\/wp-content\\\/uploads\\\/2024\\\/11\\\/Logotipo-WHD-vertical-918x1024.png\",\"datePublished\":\"2024-11-09T15:30:10+00:00\",\"dateModified\":\"2024-11-09T15:46:39+00:00\",\"description\":\"Visi\u00f3n como organizaci\u00f3n que es el Acceso a tratamientos seguros y atenci\u00f3n integral del paciente con trastornos del sangrado en las Am\u00e9ricas.\",\"breadcrumb\":{\"@id\":\"https:\\\/\\\/www.coaliciondelasamericas.org\\\/blog\\\/plan-anual-de-trabajo-2025\\\/#breadcrumb\"},\"inLanguage\":\"es\",\"potentialAction\":[{\"@type\":\"ReadAction\",\"target\":[\"https:\\\/\\\/www.coaliciondelasamericas.org\\\/blog\\\/plan-anual-de-trabajo-2025\\\/\"]}]},{\"@type\":\"ImageObject\",\"inLanguage\":\"es\",\"@id\":\"https:\\\/\\\/www.coaliciondelasamericas.org\\\/blog\\\/plan-anual-de-trabajo-2025\\\/#primaryimage\",\"url\":\"https:\\\/\\\/www.coaliciondelasamericas.org\\\/blog\\\/wp-content\\\/uploads\\\/2024\\\/11\\\/Logotipo-WHD-vertical.png\",\"contentUrl\":\"https:\\\/\\\/www.coaliciondelasamericas.org\\\/blog\\\/wp-content\\\/uploads\\\/2024\\\/11\\\/Logotipo-WHD-vertical.png\",\"width\":955,\"height\":1065,\"caption\":\"D\u00eda Mundial de la Hemofilia\"},{\"@type\":\"BreadcrumbList\",\"@id\":\"https:\\\/\\\/www.coaliciondelasamericas.org\\\/blog\\\/plan-anual-de-trabajo-2025\\\/#breadcrumb\",\"itemListElement\":[{\"@type\":\"ListItem\",\"position\":1,\"name\":\"Portada\",\"item\":\"https:\\\/\\\/www.coaliciondelasamericas.org\\\/blog\\\/\"},{\"@type\":\"ListItem\",\"position\":2,\"name\":\"Plan Anual de Trabajo 2025\"}]},{\"@type\":\"WebSite\",\"@id\":\"https:\\\/\\\/www.coaliciondelasamericas.org\\\/blog\\\/#website\",\"url\":\"https:\\\/\\\/www.coaliciondelasamericas.org\\\/blog\\\/\",\"name\":\"Coalici&oacute;n de las Am&eacute;ricas\",\"description\":\"Lideres Unidos por el Bienestar de la Hemofilia\",\"publisher\":{\"@id\":\"https:\\\/\\\/www.coaliciondelasamericas.org\\\/blog\\\/#organization\"},\"potentialAction\":[{\"@type\":\"SearchAction\",\"target\":{\"@type\":\"EntryPoint\",\"urlTemplate\":\"https:\\\/\\\/www.coaliciondelasamericas.org\\\/blog\\\/?s={search_term_string}\"},\"query-input\":{\"@type\":\"PropertyValueSpecification\",\"valueRequired\":true,\"valueName\":\"search_term_string\"}}],\"inLanguage\":\"es\"},{\"@type\":\"Organization\",\"@id\":\"https:\\\/\\\/www.coaliciondelasamericas.org\\\/blog\\\/#organization\",\"name\":\"Coalici&oacute;n de las Am&eacute;ricas\",\"url\":\"https:\\\/\\\/www.coaliciondelasamericas.org\\\/blog\\\/\",\"logo\":{\"@type\":\"ImageObject\",\"inLanguage\":\"es\",\"@id\":\"https:\\\/\\\/www.coaliciondelasamericas.org\\\/blog\\\/#\\\/schema\\\/logo\\\/image\\\/\",\"url\":\"https:\\\/\\\/www.coaliciondelasamericas.org\\\/blog\\\/wp-content\\\/uploads\\\/2023\\\/03\\\/cropped-01-Portada-02.png\",\"contentUrl\":\"https:\\\/\\\/www.coaliciondelasamericas.org\\\/blog\\\/wp-content\\\/uploads\\\/2023\\\/03\\\/cropped-01-Portada-02.png\",\"width\":300,\"height\":130,\"caption\":\"Coalici&oacute;n de las Am&eacute;ricas\"},\"image\":{\"@id\":\"https:\\\/\\\/www.coaliciondelasamericas.org\\\/blog\\\/#\\\/schema\\\/logo\\\/image\\\/\"}}]}<\/script>\n<!-- \/ Yoast SEO plugin. -->","yoast_head_json":{"title":"Plan Anual de Trabajo 2025 - Coalici&oacute;n de las Am&eacute;ricas","description":"Visi\u00f3n como organizaci\u00f3n que es el Acceso a tratamientos seguros y atenci\u00f3n integral del paciente con trastornos del sangrado en las Am\u00e9ricas.","robots":{"index":"index","follow":"follow","max-snippet":"max-snippet:-1","max-image-preview":"max-image-preview:large","max-video-preview":"max-video-preview:-1"},"canonical":"https:\/\/www.coaliciondelasamericas.org\/blog\/plan-anual-de-trabajo-2025\/","og_locale":"es_ES","og_type":"article","og_title":"Plan Anual de Trabajo 2025 - Coalici&oacute;n de las Am&eacute;ricas","og_description":"Visi\u00f3n como organizaci\u00f3n que es el Acceso a tratamientos seguros y atenci\u00f3n integral del paciente con trastornos del sangrado en las Am\u00e9ricas.","og_url":"https:\/\/www.coaliciondelasamericas.org\/blog\/plan-anual-de-trabajo-2025\/","og_site_name":"Coalici&oacute;n de las Am&eacute;ricas","article_modified_time":"2024-11-09T15:46:39+00:00","og_image":[{"width":955,"height":1065,"url":"https:\/\/www.coaliciondelasamericas.org\/blog\/wp-content\/uploads\/2024\/11\/Logotipo-WHD-vertical.png","type":"image\/png"}],"twitter_card":"summary_large_image","twitter_misc":{"Tiempo de lectura":"4 minutos"},"schema":{"@context":"https:\/\/schema.org","@graph":[{"@type":"WebPage","@id":"https:\/\/www.coaliciondelasamericas.org\/blog\/plan-anual-de-trabajo-2025\/","url":"https:\/\/www.coaliciondelasamericas.org\/blog\/plan-anual-de-trabajo-2025\/","name":"Plan Anual de Trabajo 2025 - Coalici&oacute;n de las Am&eacute;ricas","isPartOf":{"@id":"https:\/\/www.coaliciondelasamericas.org\/blog\/#website"},"primaryImageOfPage":{"@id":"https:\/\/www.coaliciondelasamericas.org\/blog\/plan-anual-de-trabajo-2025\/#primaryimage"},"image":{"@id":"https:\/\/www.coaliciondelasamericas.org\/blog\/plan-anual-de-trabajo-2025\/#primaryimage"},"thumbnailUrl":"https:\/\/www.coaliciondelasamericas.org\/blog\/wp-content\/uploads\/2024\/11\/Logotipo-WHD-vertical-918x1024.png","datePublished":"2024-11-09T15:30:10+00:00","dateModified":"2024-11-09T15:46:39+00:00","description":"Visi\u00f3n como organizaci\u00f3n que es el Acceso a tratamientos seguros y atenci\u00f3n integral del paciente con trastornos del sangrado en las Am\u00e9ricas.","breadcrumb":{"@id":"https:\/\/www.coaliciondelasamericas.org\/blog\/plan-anual-de-trabajo-2025\/#breadcrumb"},"inLanguage":"es","potentialAction":[{"@type":"ReadAction","target":["https:\/\/www.coaliciondelasamericas.org\/blog\/plan-anual-de-trabajo-2025\/"]}]},{"@type":"ImageObject","inLanguage":"es","@id":"https:\/\/www.coaliciondelasamericas.org\/blog\/plan-anual-de-trabajo-2025\/#primaryimage","url":"https:\/\/www.coaliciondelasamericas.org\/blog\/wp-content\/uploads\/2024\/11\/Logotipo-WHD-vertical.png","contentUrl":"https:\/\/www.coaliciondelasamericas.org\/blog\/wp-content\/uploads\/2024\/11\/Logotipo-WHD-vertical.png","width":955,"height":1065,"caption":"D\u00eda Mundial de la Hemofilia"},{"@type":"BreadcrumbList","@id":"https:\/\/www.coaliciondelasamericas.org\/blog\/plan-anual-de-trabajo-2025\/#breadcrumb","itemListElement":[{"@type":"ListItem","position":1,"name":"Portada","item":"https:\/\/www.coaliciondelasamericas.org\/blog\/"},{"@type":"ListItem","position":2,"name":"Plan Anual de Trabajo 2025"}]},{"@type":"WebSite","@id":"https:\/\/www.coaliciondelasamericas.org\/blog\/#website","url":"https:\/\/www.coaliciondelasamericas.org\/blog\/","name":"Coalici&oacute;n de las Am&eacute;ricas","description":"Lideres Unidos por el Bienestar de la Hemofilia","publisher":{"@id":"https:\/\/www.coaliciondelasamericas.org\/blog\/#organization"},"potentialAction":[{"@type":"SearchAction","target":{"@type":"EntryPoint","urlTemplate":"https:\/\/www.coaliciondelasamericas.org\/blog\/?s={search_term_string}"},"query-input":{"@type":"PropertyValueSpecification","valueRequired":true,"valueName":"search_term_string"}}],"inLanguage":"es"},{"@type":"Organization","@id":"https:\/\/www.coaliciondelasamericas.org\/blog\/#organization","name":"Coalici&oacute;n de las Am&eacute;ricas","url":"https:\/\/www.coaliciondelasamericas.org\/blog\/","logo":{"@type":"ImageObject","inLanguage":"es","@id":"https:\/\/www.coaliciondelasamericas.org\/blog\/#\/schema\/logo\/image\/","url":"https:\/\/www.coaliciondelasamericas.org\/blog\/wp-content\/uploads\/2023\/03\/cropped-01-Portada-02.png","contentUrl":"https:\/\/www.coaliciondelasamericas.org\/blog\/wp-content\/uploads\/2023\/03\/cropped-01-Portada-02.png","width":300,"height":130,"caption":"Coalici&oacute;n de las Am&eacute;ricas"},"image":{"@id":"https:\/\/www.coaliciondelasamericas.org\/blog\/#\/schema\/logo\/image\/"}}]}},"_links":{"self":[{"href":"https:\/\/www.coaliciondelasamericas.org\/blog\/wp-json\/wp\/v2\/pages\/3914","targetHints":{"allow":["GET"]}}],"collection":[{"href":"https:\/\/www.coaliciondelasamericas.org\/blog\/wp-json\/wp\/v2\/pages"}],"about":[{"href":"https:\/\/www.coaliciondelasamericas.org\/blog\/wp-json\/wp\/v2\/types\/page"}],"author":[{"embeddable":true,"href":"https:\/\/www.coaliciondelasamericas.org\/blog\/wp-json\/wp\/v2\/users\/1"}],"replies":[{"embeddable":true,"href":"https:\/\/www.coaliciondelasamericas.org\/blog\/wp-json\/wp\/v2\/comments?post=3914"}],"version-history":[{"count":11,"href":"https:\/\/www.coaliciondelasamericas.org\/blog\/wp-json\/wp\/v2\/pages\/3914\/revisions"}],"predecessor-version":[{"id":3933,"href":"https:\/\/www.coaliciondelasamericas.org\/blog\/wp-json\/wp\/v2\/pages\/3914\/revisions\/3933"}],"wp:attachment":[{"href":"https:\/\/www.coaliciondelasamericas.org\/blog\/wp-json\/wp\/v2\/media?parent=3914"}],"curies":[{"name":"wp","href":"https:\/\/api.w.org\/{rel}","templated":true}]}}