{"id":39,"date":"2022-08-23T02:35:51","date_gmt":"2022-08-23T02:35:51","guid":{"rendered":"http:\/\/www.coaliciondelasamericas.org\/blog\/?page_id=39"},"modified":"2024-03-07T23:46:09","modified_gmt":"2024-03-07T23:46:09","slug":"quienes-somos","status":"publish","type":"page","link":"https:\/\/www.coaliciondelasamericas.org\/blog\/quienes-somos\/","title":{"rendered":"Quienes Somos"},"content":{"rendered":"\n<p>La Coalici\u00f3n de las Am\u00e9ricas comenz\u00f3 en 2017 como un programa de la Federaci\u00f3n Mundial de Hemofilia. Su objetivo es unir fuerzas con las ONM de las Am\u00e9ricas para lograr un mejor tratamiento para las personas con hemofilia y otros trastornos de la coagulaci\u00f3n. Para lograrlo, el CoA realiza peri\u00f3dicamente cumbres y programas de capacitaci\u00f3n que ayudan a empoderar a los l\u00edderes de las diferentes organizaciones.<br><\/p>\n\n\n\n<p>Actualmente, el CoA cuenta con un Memorando de Entendimiento con la Federaci\u00f3n Mundial de Hemofilia en el que se establecen las acciones que cada entidad puede realizar de manera independiente y aquellas que deben ser coordinadas y articuladas. Su objetivo es poder colaborar, complementar y enriquecer los lineamientos generales de la FMH en el continente.<\/p>\n\n\n\n<p><br>Para lograr este camino, el CoA viene ejecutando m\u00faltiples acciones de capacitaci\u00f3n, participaci\u00f3n en eventos internacionales, seguimiento t\u00e9cnico y asistencia a las ONM registradas. La Cumbre de Panam\u00e1 celebrada en 2019 marc\u00f3 los lineamientos de los est\u00e1ndares m\u00ednimos y metas que como comunidad americana queremos alcanzar, apoyando a aquellos pa\u00edses que a\u00fan carecen de desarrollo en algunas \u00e1reas.<br><\/p>\n\n\n\n<p>Estamos ejecutando algunos Proyectos que inciden en mejorar los conocimientos y herramientas de los l\u00edderes y tomadores de decisiones de las ONM en cada Estado, con el fin de mejorar el d\u00eda a d\u00eda del tratamiento: investigaci\u00f3n SELFIE, el Campus Educativo Virtual, Talleres de Tecnolog\u00eda de la Salud programados para este a\u00f1o y el v\u00ednculo con el estudio PROBE son algunos ejemplos.<\/p>\n\n\n\n<p>Desde nuestras redes sociales y nuestro sitio web difundimos estos temas y otros de inter\u00e9s general, incluyendo entrevistas, notas y noticias del mundo de la hemofilia.<br><\/p>\n\n\n\n<p>Finalmente nuestra entidad est\u00e1 avanzando en convertirse en ONG con el fin de obtener mayor y mejor financiamiento para fortalecer acciones y obtener mejores resultados, poder tener convenios de investigaci\u00f3n con diferentes universidades americanas, postular a proyectos de agencias internacionales, etc. Estas acciones Siempre estamos coordinados con la Federaci\u00f3n Mundial de Hemofilia porque creemos que unir fuerzas y articular estrategias enriquece la vida de la comunidad.<\/p>\n\n\n\n<p><\/p>\n\n\n\n<p><strong>Proyectos 2024:<\/strong><\/p>\n\n\n\n<p>Contamos con diferentes l\u00edneas de trabajo con diferentes proyectos para poder cumplir con los objetivos marcados en nuestra Planificaci\u00f3n Estrat\u00e9gica. Algunas l\u00edneas son:<\/p>\n\n\n\n<ul class=\"wp-block-list\">\n<li>Seminarios web sobre el D\u00eda Mundial de la Hemofilia <\/li>\n\n\n\n<li>Cumbre Anual de las Am\u00e9ricas en septiembre en Panam\u00e1 <\/li>\n\n\n\n<li>Proyecto Togheter: sistema de becas para que mujeres de las Am\u00e9ricas sean invitadas a\u00f1o tras a\u00f1o a los BDC del NBDF con el objetivo de capacitarlas y empoderarlas en el manejo del registro de mujeres y trastornos hemorr\u00e1gicos.<\/li>\n\n\n\n<li>Vinculaci\u00f3n con otras entidades: tenemos relaciones directas con diferentes organizaciones de EE.UU. vinculadas a la hemofilia para continuar capacitando a l\u00edderes de las Am\u00e9ricas en diferentes eventos internacionales, con becas para cada uno de los postulantes.<\/li>\n\n\n\n<li>Comit\u00e9 de Mujeres: desarrollo del Registro de Mujeres y Proyectos del Ciclo de Conferencias sobre Mujeres y Hemofilia<\/li>\n\n\n\n<li>Comit\u00e9 de J\u00f3venes: semana de mentorias en Espa\u00f1a en noviembre para la formaci\u00f3n de j\u00f3venes en temas como Tecnolog\u00edas Sanitarias y Farmacoeconom\u00eda.<\/li>\n<\/ul>\n\n\n\n<p class=\"has-white-color has-text-color has-link-color wp-elements-7e4ac651328708ea719ac0894fa30934\">.<\/p>\n\n\n\n<h4 class=\"wp-block-heading\">Agradecemos a nuestras organizaciones socias estrat\u00e9gicas por el apoyo a esta labor.<\/h4>\n\n\n\n<p><\/p>\n\n\n\n<div class=\"wp-block-columns is-layout-flex wp-container-core-columns-is-layout-28f84493 wp-block-columns-is-layout-flex\">\n<div class=\"wp-block-column is-layout-flow wp-block-column-is-layout-flow\" style=\"flex-basis:5%\"><\/div>\n\n\n\n<div class=\"wp-block-column is-layout-flow wp-block-column-is-layout-flow\">\n<figure class=\"wp-block-image size-full\"><a href=\"https:\/\/wfh.org\/es\/\" target=\"_blank\" rel=\"noreferrer noopener\"><img loading=\"lazy\" decoding=\"async\" width=\"284\" height=\"284\" src=\"https:\/\/www.coaliciondelasamericas.org\/blog\/wp-content\/uploads\/2024\/03\/wfh-logo-es.png\" alt=\"Federaci\u00f3n Mundial de Hemofilia (FMH)\" class=\"wp-image-3174\" srcset=\"https:\/\/www.coaliciondelasamericas.org\/blog\/wp-content\/uploads\/2024\/03\/wfh-logo-es.png 284w, https:\/\/www.coaliciondelasamericas.org\/blog\/wp-content\/uploads\/2024\/03\/wfh-logo-es-150x150.png 150w\" sizes=\"auto, (max-width: 284px) 100vw, 284px\" \/><\/a><figcaption class=\"wp-element-caption\"><a href=\"https:\/\/wfh.org\/es\/\" target=\"_blank\" rel=\"noreferrer noopener\">Federaci\u00f3n Mundial de Hemofilia (FMH)<\/a><\/figcaption><\/figure>\n<\/div>\n\n\n\n<div class=\"wp-block-column is-layout-flow wp-block-column-is-layout-flow\">\n<figure class=\"wp-block-image size-full is-resized\"><a href=\"https:\/\/www.hemophilia.org\/\" target=\"_blank\" rel=\"noreferrer noopener\"><img loading=\"lazy\" decoding=\"async\" width=\"284\" height=\"284\" src=\"https:\/\/www.coaliciondelasamericas.org\/blog\/wp-content\/uploads\/2024\/03\/nbdf-vc-logo.jpg\" alt=\"National Bleeding Disorders Foundation | NBDF\" class=\"wp-image-3172\" srcset=\"https:\/\/www.coaliciondelasamericas.org\/blog\/wp-content\/uploads\/2024\/03\/nbdf-vc-logo.jpg 284w, https:\/\/www.coaliciondelasamericas.org\/blog\/wp-content\/uploads\/2024\/03\/nbdf-vc-logo-150x150.jpg 150w\" sizes=\"auto, (max-width: 284px) 100vw, 284px\" \/><\/a><figcaption class=\"wp-element-caption\"><a href=\"https:\/\/www.hemophilia.org\/\" target=\"_blank\" rel=\"noreferrer noopener\">National Bleeding Disorders Foundation | NBDF<\/a><\/figcaption><\/figure>\n<\/div>\n\n\n\n<div class=\"wp-block-column is-layout-flow wp-block-column-is-layout-flow\">\n<figure class=\"wp-block-image size-full is-resized\"><a href=\"https:\/\/probestudy.org\/\" target=\"_blank\" rel=\"noreferrer noopener\"><img loading=\"lazy\" decoding=\"async\" width=\"284\" height=\"284\" src=\"https:\/\/www.coaliciondelasamericas.org\/blog\/wp-content\/uploads\/2024\/03\/Probe_Logo-1.png\" alt=\"PROBE study\" class=\"wp-image-3176\" srcset=\"https:\/\/www.coaliciondelasamericas.org\/blog\/wp-content\/uploads\/2024\/03\/Probe_Logo-1.png 284w, https:\/\/www.coaliciondelasamericas.org\/blog\/wp-content\/uploads\/2024\/03\/Probe_Logo-1-150x150.png 150w\" sizes=\"auto, (max-width: 284px) 100vw, 284px\" \/><\/a><figcaption class=\"wp-element-caption\"><a href=\"https:\/\/probestudy.org\/\" target=\"_blank\" rel=\"noreferrer noopener\">PROBE study<\/a><\/figcaption><\/figure>\n<\/div>\n\n\n\n<div class=\"wp-block-column is-layout-flow wp-block-column-is-layout-flow\">\n<figure class=\"wp-block-image size-full is-resized\"><a href=\"https:\/\/www.ehc.eu\/\" target=\"_blank\" rel=\"noreferrer noopener\"><img loading=\"lazy\" decoding=\"async\" width=\"284\" height=\"284\" src=\"https:\/\/www.coaliciondelasamericas.org\/blog\/wp-content\/uploads\/2024\/03\/EHC-Logo-with-taglines.png\" alt=\"European Haemophilia Consortium (EHC)\" class=\"wp-image-3169\" srcset=\"https:\/\/www.coaliciondelasamericas.org\/blog\/wp-content\/uploads\/2024\/03\/EHC-Logo-with-taglines.png 284w, https:\/\/www.coaliciondelasamericas.org\/blog\/wp-content\/uploads\/2024\/03\/EHC-Logo-with-taglines-150x150.png 150w\" sizes=\"auto, (max-width: 284px) 100vw, 284px\" \/><\/a><figcaption class=\"wp-element-caption\"><a href=\"https:\/\/www.ehc.eu\/\" target=\"_blank\" rel=\"noreferrer noopener\">European Haemophilia Consortium (EHC)<\/a><\/figcaption><\/figure>\n<\/div>\n\n\n\n<div class=\"wp-block-column is-layout-flow wp-block-column-is-layout-flow\" style=\"flex-basis:5%\"><\/div>\n<\/div>\n\n\n\n<div class=\"wp-block-columns is-layout-flex wp-container-core-columns-is-layout-28f84493 wp-block-columns-is-layout-flex\">\n<div class=\"wp-block-column is-layout-flow wp-block-column-is-layout-flow\" style=\"flex-basis:5%\"><\/div>\n\n\n\n<div class=\"wp-block-column is-layout-flow wp-block-column-is-layout-flow\">\n<figure class=\"wp-block-image size-full\"><a href=\"https:\/\/www.hog.org\/\" target=\"_blank\" rel=\"noreferrer noopener\"><img loading=\"lazy\" decoding=\"async\" width=\"284\" height=\"284\" src=\"https:\/\/www.coaliciondelasamericas.org\/blog\/wp-content\/uploads\/2024\/03\/HOG_WebHeader_Logo.png\" alt=\"Hemophilia of Georgia\" class=\"wp-image-3171\" srcset=\"https:\/\/www.coaliciondelasamericas.org\/blog\/wp-content\/uploads\/2024\/03\/HOG_WebHeader_Logo.png 284w, https:\/\/www.coaliciondelasamericas.org\/blog\/wp-content\/uploads\/2024\/03\/HOG_WebHeader_Logo-150x150.png 150w\" sizes=\"auto, (max-width: 284px) 100vw, 284px\" \/><\/a><figcaption class=\"wp-element-caption\"><a href=\"https:\/\/www.hog.org\/\" target=\"_blank\" rel=\"noreferrer noopener\">Hemophilia of Georgia<\/a><\/figcaption><\/figure>\n<\/div>\n\n\n\n<div class=\"wp-block-column is-layout-flow wp-block-column-is-layout-flow\">\n<figure class=\"wp-block-image size-full is-resized\"><a href=\"https:\/\/floridahemophilia.org\/\" target=\"_blank\" rel=\"noreferrer noopener\"><img loading=\"lazy\" decoding=\"async\" width=\"284\" height=\"284\" src=\"https:\/\/www.coaliciondelasamericas.org\/blog\/wp-content\/uploads\/2024\/03\/FHA-logo-e1614022099196.png\" alt=\"Florida Hemophilia Association\" class=\"wp-image-3170\" srcset=\"https:\/\/www.coaliciondelasamericas.org\/blog\/wp-content\/uploads\/2024\/03\/FHA-logo-e1614022099196.png 284w, https:\/\/www.coaliciondelasamericas.org\/blog\/wp-content\/uploads\/2024\/03\/FHA-logo-e1614022099196-150x150.png 150w\" sizes=\"auto, (max-width: 284px) 100vw, 284px\" \/><\/a><figcaption class=\"wp-element-caption\"><a href=\"https:\/\/floridahemophilia.org\/\" target=\"_blank\" rel=\"noreferrer noopener\">Florida Hemophilia Association<\/a><\/figcaption><\/figure>\n<\/div>\n\n\n\n<div class=\"wp-block-column is-layout-flow wp-block-column-is-layout-flow\"><\/div>\n\n\n\n<div class=\"wp-block-column is-layout-flow wp-block-column-is-layout-flow\"><\/div>\n\n\n\n<div class=\"wp-block-column is-layout-flow wp-block-column-is-layout-flow\" style=\"flex-basis:5%\"><\/div>\n<\/div>\n","protected":false},"excerpt":{"rendered":"<p>La Coalici\u00f3n de las Am\u00e9ricas comenz\u00f3 en 2017 como un programa de la Federaci\u00f3n Mundial de Hemofilia. Su objetivo es<\/p>\n","protected":false},"author":1,"featured_media":0,"parent":0,"menu_order":0,"comment_status":"closed","ping_status":"closed","template":"","meta":{"colormag_page_container_layout":"no_sidebar_content_centered","colormag_page_sidebar_layout":"no_sidebar","_coblocks_attr":"","_coblocks_dimensions":"","_coblocks_responsive_height":"","_coblocks_accordion_ie_support":"","_monsterinsights_skip_tracking":false,"_monsterinsights_sitenote_active":false,"_monsterinsights_sitenote_note":"","_monsterinsights_sitenote_category":0,"footnotes":""},"class_list":["post-39","page","type-page","status-publish","hentry"],"yoast_head":"<!-- This site is optimized with the Yoast SEO plugin v27.4 - https:\/\/yoast.com\/product\/yoast-seo-wordpress\/ -->\n<title>Quienes Somos - Coalici&oacute;n de las Am&eacute;ricas<\/title>\n<meta name=\"description\" content=\"La Coalici\u00f3n de las Am\u00e9ricas comenz\u00f3 en 2017 como un programa de la Federaci\u00f3n Mundial de Hemofilia. Su objetivo es unir fuerzas con las ONM.\" \/>\n<meta name=\"robots\" content=\"index, follow, max-snippet:-1, max-image-preview:large, max-video-preview:-1\" \/>\n<link rel=\"canonical\" href=\"https:\/\/www.coaliciondelasamericas.org\/blog\/quienes-somos\/\" \/>\n<meta property=\"og:locale\" content=\"es_ES\" \/>\n<meta property=\"og:type\" content=\"article\" \/>\n<meta property=\"og:title\" content=\"Quienes Somos - Coalici&oacute;n de las Am&eacute;ricas\" \/>\n<meta property=\"og:description\" content=\"La Coalici\u00f3n de las Am\u00e9ricas comenz\u00f3 en 2017 como un programa de la Federaci\u00f3n Mundial de Hemofilia. Su objetivo es unir fuerzas con las ONM.\" \/>\n<meta property=\"og:url\" content=\"https:\/\/www.coaliciondelasamericas.org\/blog\/quienes-somos\/\" \/>\n<meta property=\"og:site_name\" content=\"Coalici&oacute;n de las Am&eacute;ricas\" \/>\n<meta property=\"article:modified_time\" content=\"2024-03-07T23:46:09+00:00\" \/>\n<meta property=\"og:image\" content=\"https:\/\/www.coaliciondelasamericas.org\/blog\/wp-content\/uploads\/2024\/03\/wfh-logo-es.png\" \/>\n<meta name=\"twitter:card\" content=\"summary_large_image\" \/>\n<meta name=\"twitter:label1\" content=\"Tiempo de lectura\" \/>\n\t<meta name=\"twitter:data1\" content=\"4 minutos\" \/>\n<script type=\"application\/ld+json\" class=\"yoast-schema-graph\">{\"@context\":\"https:\\\/\\\/schema.org\",\"@graph\":[{\"@type\":\"WebPage\",\"@id\":\"https:\\\/\\\/www.coaliciondelasamericas.org\\\/blog\\\/quienes-somos\\\/\",\"url\":\"https:\\\/\\\/www.coaliciondelasamericas.org\\\/blog\\\/quienes-somos\\\/\",\"name\":\"Quienes Somos - Coalici&oacute;n de las Am&eacute;ricas\",\"isPartOf\":{\"@id\":\"https:\\\/\\\/www.coaliciondelasamericas.org\\\/blog\\\/#website\"},\"primaryImageOfPage\":{\"@id\":\"https:\\\/\\\/www.coaliciondelasamericas.org\\\/blog\\\/quienes-somos\\\/#primaryimage\"},\"image\":{\"@id\":\"https:\\\/\\\/www.coaliciondelasamericas.org\\\/blog\\\/quienes-somos\\\/#primaryimage\"},\"thumbnailUrl\":\"https:\\\/\\\/www.coaliciondelasamericas.org\\\/blog\\\/wp-content\\\/uploads\\\/2024\\\/03\\\/wfh-logo-es.png\",\"datePublished\":\"2022-08-23T02:35:51+00:00\",\"dateModified\":\"2024-03-07T23:46:09+00:00\",\"description\":\"La Coalici\u00f3n de las Am\u00e9ricas comenz\u00f3 en 2017 como un programa de la Federaci\u00f3n Mundial de Hemofilia. Su objetivo es unir fuerzas con las ONM.\",\"breadcrumb\":{\"@id\":\"https:\\\/\\\/www.coaliciondelasamericas.org\\\/blog\\\/quienes-somos\\\/#breadcrumb\"},\"inLanguage\":\"es\",\"potentialAction\":[{\"@type\":\"ReadAction\",\"target\":[\"https:\\\/\\\/www.coaliciondelasamericas.org\\\/blog\\\/quienes-somos\\\/\"]}]},{\"@type\":\"ImageObject\",\"inLanguage\":\"es\",\"@id\":\"https:\\\/\\\/www.coaliciondelasamericas.org\\\/blog\\\/quienes-somos\\\/#primaryimage\",\"url\":\"https:\\\/\\\/www.coaliciondelasamericas.org\\\/blog\\\/wp-content\\\/uploads\\\/2024\\\/03\\\/wfh-logo-es.png\",\"contentUrl\":\"https:\\\/\\\/www.coaliciondelasamericas.org\\\/blog\\\/wp-content\\\/uploads\\\/2024\\\/03\\\/wfh-logo-es.png\",\"width\":284,\"height\":284,\"caption\":\"Federaci\u00f3n Mundial de Hemofilia (FMH)\"},{\"@type\":\"BreadcrumbList\",\"@id\":\"https:\\\/\\\/www.coaliciondelasamericas.org\\\/blog\\\/quienes-somos\\\/#breadcrumb\",\"itemListElement\":[{\"@type\":\"ListItem\",\"position\":1,\"name\":\"Portada\",\"item\":\"https:\\\/\\\/www.coaliciondelasamericas.org\\\/blog\\\/\"},{\"@type\":\"ListItem\",\"position\":2,\"name\":\"Quienes Somos\"}]},{\"@type\":\"WebSite\",\"@id\":\"https:\\\/\\\/www.coaliciondelasamericas.org\\\/blog\\\/#website\",\"url\":\"https:\\\/\\\/www.coaliciondelasamericas.org\\\/blog\\\/\",\"name\":\"Coalici&oacute;n de las Am&eacute;ricas\",\"description\":\"Lideres Unidos por el Bienestar de la Hemofilia\",\"publisher\":{\"@id\":\"https:\\\/\\\/www.coaliciondelasamericas.org\\\/blog\\\/#organization\"},\"potentialAction\":[{\"@type\":\"SearchAction\",\"target\":{\"@type\":\"EntryPoint\",\"urlTemplate\":\"https:\\\/\\\/www.coaliciondelasamericas.org\\\/blog\\\/?s={search_term_string}\"},\"query-input\":{\"@type\":\"PropertyValueSpecification\",\"valueRequired\":true,\"valueName\":\"search_term_string\"}}],\"inLanguage\":\"es\"},{\"@type\":\"Organization\",\"@id\":\"https:\\\/\\\/www.coaliciondelasamericas.org\\\/blog\\\/#organization\",\"name\":\"Coalici&oacute;n de las Am&eacute;ricas\",\"url\":\"https:\\\/\\\/www.coaliciondelasamericas.org\\\/blog\\\/\",\"logo\":{\"@type\":\"ImageObject\",\"inLanguage\":\"es\",\"@id\":\"https:\\\/\\\/www.coaliciondelasamericas.org\\\/blog\\\/#\\\/schema\\\/logo\\\/image\\\/\",\"url\":\"https:\\\/\\\/www.coaliciondelasamericas.org\\\/blog\\\/wp-content\\\/uploads\\\/2023\\\/03\\\/cropped-01-Portada-02.png\",\"contentUrl\":\"https:\\\/\\\/www.coaliciondelasamericas.org\\\/blog\\\/wp-content\\\/uploads\\\/2023\\\/03\\\/cropped-01-Portada-02.png\",\"width\":300,\"height\":130,\"caption\":\"Coalici&oacute;n de las Am&eacute;ricas\"},\"image\":{\"@id\":\"https:\\\/\\\/www.coaliciondelasamericas.org\\\/blog\\\/#\\\/schema\\\/logo\\\/image\\\/\"}}]}<\/script>\n<!-- \/ Yoast SEO plugin. -->","yoast_head_json":{"title":"Quienes Somos - Coalici&oacute;n de las Am&eacute;ricas","description":"La Coalici\u00f3n de las Am\u00e9ricas comenz\u00f3 en 2017 como un programa de la Federaci\u00f3n Mundial de Hemofilia. Su objetivo es unir fuerzas con las ONM.","robots":{"index":"index","follow":"follow","max-snippet":"max-snippet:-1","max-image-preview":"max-image-preview:large","max-video-preview":"max-video-preview:-1"},"canonical":"https:\/\/www.coaliciondelasamericas.org\/blog\/quienes-somos\/","og_locale":"es_ES","og_type":"article","og_title":"Quienes Somos - Coalici&oacute;n de las Am&eacute;ricas","og_description":"La Coalici\u00f3n de las Am\u00e9ricas comenz\u00f3 en 2017 como un programa de la Federaci\u00f3n Mundial de Hemofilia. Su objetivo es unir fuerzas con las ONM.","og_url":"https:\/\/www.coaliciondelasamericas.org\/blog\/quienes-somos\/","og_site_name":"Coalici&oacute;n de las Am&eacute;ricas","article_modified_time":"2024-03-07T23:46:09+00:00","og_image":[{"url":"https:\/\/www.coaliciondelasamericas.org\/blog\/wp-content\/uploads\/2024\/03\/wfh-logo-es.png","type":"","width":"","height":""}],"twitter_card":"summary_large_image","twitter_misc":{"Tiempo de lectura":"4 minutos"},"schema":{"@context":"https:\/\/schema.org","@graph":[{"@type":"WebPage","@id":"https:\/\/www.coaliciondelasamericas.org\/blog\/quienes-somos\/","url":"https:\/\/www.coaliciondelasamericas.org\/blog\/quienes-somos\/","name":"Quienes Somos - Coalici&oacute;n de las Am&eacute;ricas","isPartOf":{"@id":"https:\/\/www.coaliciondelasamericas.org\/blog\/#website"},"primaryImageOfPage":{"@id":"https:\/\/www.coaliciondelasamericas.org\/blog\/quienes-somos\/#primaryimage"},"image":{"@id":"https:\/\/www.coaliciondelasamericas.org\/blog\/quienes-somos\/#primaryimage"},"thumbnailUrl":"https:\/\/www.coaliciondelasamericas.org\/blog\/wp-content\/uploads\/2024\/03\/wfh-logo-es.png","datePublished":"2022-08-23T02:35:51+00:00","dateModified":"2024-03-07T23:46:09+00:00","description":"La Coalici\u00f3n de las Am\u00e9ricas comenz\u00f3 en 2017 como un programa de la Federaci\u00f3n Mundial de Hemofilia. Su objetivo es unir fuerzas con las ONM.","breadcrumb":{"@id":"https:\/\/www.coaliciondelasamericas.org\/blog\/quienes-somos\/#breadcrumb"},"inLanguage":"es","potentialAction":[{"@type":"ReadAction","target":["https:\/\/www.coaliciondelasamericas.org\/blog\/quienes-somos\/"]}]},{"@type":"ImageObject","inLanguage":"es","@id":"https:\/\/www.coaliciondelasamericas.org\/blog\/quienes-somos\/#primaryimage","url":"https:\/\/www.coaliciondelasamericas.org\/blog\/wp-content\/uploads\/2024\/03\/wfh-logo-es.png","contentUrl":"https:\/\/www.coaliciondelasamericas.org\/blog\/wp-content\/uploads\/2024\/03\/wfh-logo-es.png","width":284,"height":284,"caption":"Federaci\u00f3n Mundial de Hemofilia (FMH)"},{"@type":"BreadcrumbList","@id":"https:\/\/www.coaliciondelasamericas.org\/blog\/quienes-somos\/#breadcrumb","itemListElement":[{"@type":"ListItem","position":1,"name":"Portada","item":"https:\/\/www.coaliciondelasamericas.org\/blog\/"},{"@type":"ListItem","position":2,"name":"Quienes Somos"}]},{"@type":"WebSite","@id":"https:\/\/www.coaliciondelasamericas.org\/blog\/#website","url":"https:\/\/www.coaliciondelasamericas.org\/blog\/","name":"Coalici&oacute;n de las Am&eacute;ricas","description":"Lideres Unidos por el Bienestar de la Hemofilia","publisher":{"@id":"https:\/\/www.coaliciondelasamericas.org\/blog\/#organization"},"potentialAction":[{"@type":"SearchAction","target":{"@type":"EntryPoint","urlTemplate":"https:\/\/www.coaliciondelasamericas.org\/blog\/?s={search_term_string}"},"query-input":{"@type":"PropertyValueSpecification","valueRequired":true,"valueName":"search_term_string"}}],"inLanguage":"es"},{"@type":"Organization","@id":"https:\/\/www.coaliciondelasamericas.org\/blog\/#organization","name":"Coalici&oacute;n de las Am&eacute;ricas","url":"https:\/\/www.coaliciondelasamericas.org\/blog\/","logo":{"@type":"ImageObject","inLanguage":"es","@id":"https:\/\/www.coaliciondelasamericas.org\/blog\/#\/schema\/logo\/image\/","url":"https:\/\/www.coaliciondelasamericas.org\/blog\/wp-content\/uploads\/2023\/03\/cropped-01-Portada-02.png","contentUrl":"https:\/\/www.coaliciondelasamericas.org\/blog\/wp-content\/uploads\/2023\/03\/cropped-01-Portada-02.png","width":300,"height":130,"caption":"Coalici&oacute;n de las Am&eacute;ricas"},"image":{"@id":"https:\/\/www.coaliciondelasamericas.org\/blog\/#\/schema\/logo\/image\/"}}]}},"_links":{"self":[{"href":"https:\/\/www.coaliciondelasamericas.org\/blog\/wp-json\/wp\/v2\/pages\/39","targetHints":{"allow":["GET"]}}],"collection":[{"href":"https:\/\/www.coaliciondelasamericas.org\/blog\/wp-json\/wp\/v2\/pages"}],"about":[{"href":"https:\/\/www.coaliciondelasamericas.org\/blog\/wp-json\/wp\/v2\/types\/page"}],"author":[{"embeddable":true,"href":"https:\/\/www.coaliciondelasamericas.org\/blog\/wp-json\/wp\/v2\/users\/1"}],"replies":[{"embeddable":true,"href":"https:\/\/www.coaliciondelasamericas.org\/blog\/wp-json\/wp\/v2\/comments?post=39"}],"version-history":[{"count":13,"href":"https:\/\/www.coaliciondelasamericas.org\/blog\/wp-json\/wp\/v2\/pages\/39\/revisions"}],"predecessor-version":[{"id":3219,"href":"https:\/\/www.coaliciondelasamericas.org\/blog\/wp-json\/wp\/v2\/pages\/39\/revisions\/3219"}],"wp:attachment":[{"href":"https:\/\/www.coaliciondelasamericas.org\/blog\/wp-json\/wp\/v2\/media?parent=39"}],"curies":[{"name":"wp","href":"https:\/\/api.w.org\/{rel}","templated":true}]}}