{"id":3608,"date":"2024-08-09T23:43:48","date_gmt":"2024-08-09T23:43:48","guid":{"rendered":"https:\/\/www.coaliciondelasamericas.org\/blog\/?page_id=3608"},"modified":"2024-08-09T23:52:14","modified_gmt":"2024-08-09T23:52:14","slug":"encuentro-anual-de-la-coa-2024","status":"publish","type":"page","link":"https:\/\/www.coaliciondelasamericas.org\/blog\/encuentro-anual-de-la-coa-2024\/","title":{"rendered":"Encuentro Anual de la COA 2024"},"content":{"rendered":"\n<p style=\"font-size:16px\"><em>Herramientas para el manejo de datos para generar compras m\u00e1s eficientes en el tratamiento de las coagulopat\u00edas en las Am\u00e9ricas.<\/em><\/p>\n\n\n\n<p style=\"font-size:16px\">La Coalici\u00f3n de las Am\u00e9ricas (COA) es una organizaci\u00f3n de car\u00e1cter internacional, vinculada a la Federaci\u00f3n Mundial de la Hemofilia (FMH) y conformada por Organizaciones Nacionales Miembro (ONMs) de 24 pa\u00edses del continente americano. Desde su creaci\u00f3n, en el a\u00f1o 2016, su objetivo principal ha sido el acompa\u00f1amiento de las ONMs a trav\u00e9s de actividades de capacitaci\u00f3n.<\/p>\n\n\n\n<p style=\"font-size:16px\">Estas actividades de capacitaci\u00f3n y entrenamiento buscan empoderar a los voluntarios integrantes de las ONM, para que lleven a cabo mejores y m\u00e1s efectivas acciones de cabildeo para la mejora en el tratamiento para las personas con hemofilia y otros trastornos de la coagulaci\u00f3n (PCHTC) en sus pa\u00edses. Estas acciones de mejora se encuentran resumidas en los 5 objetivos planteados durante la Cumbre de las Am\u00e9ricas, realizada en Panam\u00e1 en el a\u00f1o 2019.<\/p>\n\n\n\n<p style=\"font-size:16px\">Actualmente la regi\u00f3n cuenta con una tasa de registro del 56% que se viene elevando a\u00f1o tras a\u00f1o pero a\u00fan hay un desaf\u00edo en este sentido, como tambi\u00e9n resolver las inequidades de acceso y atenci\u00f3n en varios pa\u00edses. El cambio en el paradigma de atenci\u00f3n hacia un tratamiento integral y el avance de la ciencia que pone a disposici\u00f3n nuevas terapias que ofrecen una mejor calidad de vida, han generado en los \u00faltimos a\u00f1os, nuevos desaf\u00edos para las ONMs y las autoridades sanitarias en la regi\u00f3n. Es por ello que, desde la CoA visualizamos la necesidad de acompa\u00f1ar este proceso y garantizar un acceso m\u00ednimo a los tratamientos actuales, sirviendo como punto de apoyo para la negociaci\u00f3n y llamada a la acci\u00f3n de los gobiernos.<\/p>\n\n\n\n<p style=\"font-size:16px\">Con este prop\u00f3sito y con la premisa de que la presencialidad favorece el intercambio y la incorporaci\u00f3n de conceptos, se dise\u00f1a este Encuentro Anual de ONMs. Los pa\u00edses seleccionados para participar comparten ciertos criterios de avance entre s\u00ed, que permite partir de un contexto similar para el nivel de temas que se abordar\u00e1n en las jornadas. Adem\u00e1s, a efectos de continuar el camino iniciado con el curso de Gesti\u00f3n y Transferencia de Conocimientos, se invitar\u00e1 a un miembro adulto de cada ONM y a un miembro joven, as\u00ed como tambi\u00e9n a un tomador de decisi\u00f3n del \u00e1rea de salud competente con temas de hemofilia que las organizaciones detecten como persona clave.<\/p>\n\n\n\n<p><\/p>\n\n\n\n<p style=\"font-size:18px\"><strong>Contenidos de la agenda:<\/strong><\/p>\n\n\n\n<ul class=\"wp-block-list\">\n<li style=\"font-size:16px\">An\u00e1lisis f\u00e1rmaco-econ\u00f3mico de los medicamentos para la hemofilia: abordaremos el tema del an\u00e1lisis de costos y c\u00f3mo los tomadores de decisiones deben realizar nuevos modelos para sus compras, dejando atr\u00e1s el simple an\u00e1lisis del costo actual.<br><\/li>\n\n\n\n<li style=\"font-size:16px\">Tecnolog\u00edas de la salud: es importante poder brindar los conocimientos y herramientas para los l\u00edderes como los tomadores de decisi\u00f3n sobre c\u00f3mo pensar y analizar la cobertura de la salud de manera integral.<br><\/li>\n\n\n\n<li style=\"font-size:16px\">J\u00f3venes y hemofilia. Transferencia de conocimiento en las ONM: este eje ser\u00e1 ayudar a las ONM a generar puentes entre l\u00edderes adultos y j\u00f3venes para iniciar un proceso de delegaci\u00f3n y traspaso de mando.<br><\/li>\n\n\n\n<li style=\"font-size:16px\">Mujeres y hemofilia: se presentar\u00e1 el proyecto de Registro continental de Mujeres para que sea abordado integralmente por las ONM con el compromiso de los cuerpos m\u00e9dicos, autoridades y aliados estrat\u00e9gicos.<br><\/li>\n\n\n\n<li style=\"font-size:16px\">Data y registro: la importancia de la confecci\u00f3n de registros consolidados. Casos de \u00e9xito. Manejo de la data y como utilizarla como base objetiva para la incidencia en pol\u00edticas p\u00fablicas.<\/li>\n<\/ul>\n\n\n\n<p style=\"font-size:16px\"><strong>Fecha evento<\/strong>: 22 y 23 de Septiembre del 2024.<\/p>\n\n\n\n<p><strong>Lugar<\/strong>: Ciudad de Panama<\/p>\n\n\n\n<p style=\"font-size:16px\"><strong>Pa\u00edses convocados<\/strong>: Argentina, Brasil, Chile, Colombia, Costa Rica, M\u00e9xico, Panam\u00e1, Venezuela, Rep\u00fablica Dominicana y Uruguay.<\/p>\n\n\n\n<p style=\"font-size:16px\"><strong>Objetivos<\/strong>:<br>\u2022 Evaluar los avances y dificultades de la regi\u00f3n en materia de tratamiento a 5 a\u00f1os de la Declaraci\u00f3n de Panam\u00e1.<br><br>\u2022 Dar a conocer diversos modelos de compra de medicaci\u00f3n para el tratamiento de la hemofilia y otras coagulopat\u00edas en la regi\u00f3n.<br><br>\u2022 Fomentar el registro de datos en condiciones adversas y c\u00f3mo estos pueden ser utilizados para mejorar las acciones de cabildeo.<br><br>\u2022 Propiciar espacios de intercambio entre l\u00edderes de organizaciones y de \u00e9stos con los tomadores de decisi\u00f3n de sus respectivos pa\u00edses.<\/p>\n\n\n\n<div class=\"wp-block-columns is-layout-flex wp-container-core-columns-is-layout-28f84493 wp-block-columns-is-layout-flex\">\n<div class=\"wp-block-column is-layout-flow wp-block-column-is-layout-flow\" style=\"flex-basis:30%\"><\/div>\n\n\n\n<div class=\"wp-block-column is-layout-flow wp-block-column-is-layout-flow\" style=\"flex-basis:40%\">\n<p class=\"has-text-align-center\"><strong>Agenda tentativa:<\/strong><\/p>\n<\/div>\n\n\n\n<div class=\"wp-block-column is-layout-flow wp-block-column-is-layout-flow\" style=\"flex-basis:30%\"><\/div>\n<\/div>\n\n\n\n<div class=\"wp-block-columns is-layout-flex wp-container-core-columns-is-layout-28f84493 wp-block-columns-is-layout-flex\">\n<div class=\"wp-block-column is-layout-flow wp-block-column-is-layout-flow\" style=\"flex-basis:40%\">\n<p><strong>Domingo 22 de Septiembre:<\/strong><\/p>\n\n\n\n<ul class=\"wp-block-list\">\n<li>14:00 a 14:15: Presentaci\u00f3n del taller. Objetivos y modalidad.<br><\/li>\n\n\n\n<li>14.15 a 15.30: An\u00e1lisis de la Declaraci\u00f3n de Panam\u00e1 2019. Estado actual y avances. Pr\u00f3ximos desaf\u00edos. A cargo de Antonio Gomez Cavallini (COA) y Cesar Garrido (FMH).<br><\/li>\n\n\n\n<li>15.30 a 15.45: break<br><\/li>\n\n\n\n<li>15.45 a 17.00: An\u00e1lisis interno de las ONM. Aspectos salientes para la mejora de la gesti\u00f3n. Roles y din\u00e1micas de grupos. A cargo de Consultora externa.<br><\/li>\n\n\n\n<li>17.00 a 17.45: Estado de situaci\u00f3n de las mujeres en Am\u00e9rica. Como avanzar hacia una estrategia integral para la inclusi\u00f3n en los Registros Nacionales. Proyecto de Registro Americano. A cargo del Comit\u00e9 de Mujeres de la COA<br><\/li>\n\n\n\n<li>17.45 a 18.30: Herramientas para la solicitud de fondos a la industria. Puntos clave y an\u00e1lisis de casos. A cargo de Cecilia Gilabert.<\/li>\n<\/ul>\n<\/div>\n\n\n\n<div class=\"wp-block-column is-layout-flow wp-block-column-is-layout-flow\" style=\"flex-basis:20%\"><\/div>\n\n\n\n<div class=\"wp-block-column is-layout-flow wp-block-column-is-layout-flow\" style=\"flex-basis:40%\">\n<p><strong>Lunes 23 de Septiembre:<\/strong><\/p>\n\n\n\n<ul class=\"wp-block-list\">\n<li>8.00 a 9.30: Registro de datos. C\u00f3mo avanzar hacia la obtenci\u00f3n de datos de calidad en el contexto de las Am\u00e9ricas. Ejemplos de ONMs de Venezuela y Argentina y la Cuenta de Alto Costo de Colombia.<br><\/li>\n\n\n\n<li>9.30 a 11.00: Herramientas iniciales para la evaluaci\u00f3n de Tecnolog\u00edas de la Salud para el tratamiento de la hemofilia. Salud basada en valor. A cargo de Alex Mu\u00f1oz Bedoya.<br><\/li>\n\n\n\n<li>11.00 a 11.15: Break<br><\/li>\n\n\n\n<li>11.15 a 13.00: Diferentes sistemas de adquisici\u00f3n de tratamientos para la hemofilia en la regi\u00f3n. Gu\u00eda pr\u00e1ctica para los an\u00e1lisis a mediano y largo plazo. A cargo de Mark Skinner, Alex Mu\u00f1oz Bedoya.<br><\/li>\n\n\n\n<li>13.00 a 14.00: Almuerzo<br><\/li>\n\n\n\n<li>14.00 a 16.00: Trabajos en grupo, puestas en com\u00fan y reflexiones. Conclusiones y cierre del evento.<\/li>\n<\/ul>\n<\/div>\n<\/div>\n\n\n\n<div class=\"wp-block-columns is-layout-flex wp-container-core-columns-is-layout-28f84493 wp-block-columns-is-layout-flex\">\n<div class=\"wp-block-column is-layout-flow wp-block-column-is-layout-flow\" style=\"flex-basis:40%\"><\/div>\n\n\n\n<div class=\"wp-block-column is-layout-flow wp-block-column-is-layout-flow\" style=\"flex-basis:20%\">\n<figure class=\"wp-block-image aligncenter size-full is-resized has-lightbox\"><a href=\"https:\/\/www.coaliciondelasamericas.org\/blog\/wp-content\/uploads\/2024\/08\/Taller-anual-COA-Panama-2024.pdf\" target=\"_blank\" rel=\"noreferrer noopener\"><img loading=\"lazy\" decoding=\"async\" width=\"235\" height=\"214\" src=\"https:\/\/www.coaliciondelasamericas.org\/blog\/wp-content\/uploads\/2024\/03\/archivo-pdf.png\" alt=\"Pdf\" class=\"wp-image-3238\" style=\"width:104px;height:auto\"\/><\/a><figcaption class=\"wp-element-caption\">M\u00e1s Informaci\u00f3n<\/figcaption><\/figure>\n<\/div>\n\n\n\n<div class=\"wp-block-column is-layout-flow wp-block-column-is-layout-flow\" style=\"flex-basis:40%\"><\/div>\n<\/div>\n","protected":false},"excerpt":{"rendered":"<p>Herramientas para el manejo de datos para generar compras m\u00e1s eficientes en el tratamiento de las coagulopat\u00edas en las Am\u00e9ricas.<\/p>\n","protected":false},"author":1,"featured_media":0,"parent":0,"menu_order":0,"comment_status":"closed","ping_status":"closed","template":"","meta":{"colormag_page_container_layout":"no_sidebar_content_centered","colormag_page_sidebar_layout":"no_sidebar","_coblocks_attr":"","_coblocks_dimensions":"","_coblocks_responsive_height":"","_coblocks_accordion_ie_support":"","_monsterinsights_skip_tracking":false,"_monsterinsights_sitenote_active":false,"_monsterinsights_sitenote_note":"","_monsterinsights_sitenote_category":0,"footnotes":""},"class_list":["post-3608","page","type-page","status-publish","hentry"],"yoast_head":"<!-- This site is optimized with the Yoast SEO plugin v27.4 - https:\/\/yoast.com\/product\/yoast-seo-wordpress\/ -->\n<title>Encuentro Anual de la COA 2024 - Coalici&oacute;n de las Am&eacute;ricas<\/title>\n<meta name=\"description\" content=\"La Coalici\u00f3n de las Am\u00e9ricas (COA) es una organizaci\u00f3n de car\u00e1cter internacional y conformada por Organizaciones Nacionales Miembro (ONMs).\" \/>\n<meta name=\"robots\" content=\"index, follow, max-snippet:-1, max-image-preview:large, max-video-preview:-1\" \/>\n<link rel=\"canonical\" href=\"https:\/\/www.coaliciondelasamericas.org\/blog\/encuentro-anual-de-la-coa-2024\/\" \/>\n<meta property=\"og:locale\" content=\"es_ES\" \/>\n<meta property=\"og:type\" content=\"article\" \/>\n<meta property=\"og:title\" content=\"Encuentro Anual de la COA 2024 - Coalici&oacute;n de las Am&eacute;ricas\" \/>\n<meta property=\"og:description\" content=\"La Coalici\u00f3n de las Am\u00e9ricas (COA) es una organizaci\u00f3n de car\u00e1cter internacional y conformada por Organizaciones Nacionales Miembro (ONMs).\" \/>\n<meta property=\"og:url\" content=\"https:\/\/www.coaliciondelasamericas.org\/blog\/encuentro-anual-de-la-coa-2024\/\" \/>\n<meta property=\"og:site_name\" content=\"Coalici&oacute;n de las Am&eacute;ricas\" \/>\n<meta property=\"article:modified_time\" content=\"2024-08-09T23:52:14+00:00\" \/>\n<meta property=\"og:image\" content=\"https:\/\/www.coaliciondelasamericas.org\/blog\/wp-content\/uploads\/2024\/03\/archivo-pdf.png\" \/>\n<meta name=\"twitter:card\" content=\"summary_large_image\" \/>\n<meta name=\"twitter:label1\" content=\"Tiempo de lectura\" \/>\n\t<meta name=\"twitter:data1\" content=\"5 minutos\" \/>\n<script type=\"application\/ld+json\" class=\"yoast-schema-graph\">{\"@context\":\"https:\\\/\\\/schema.org\",\"@graph\":[{\"@type\":\"WebPage\",\"@id\":\"https:\\\/\\\/www.coaliciondelasamericas.org\\\/blog\\\/encuentro-anual-de-la-coa-2024\\\/\",\"url\":\"https:\\\/\\\/www.coaliciondelasamericas.org\\\/blog\\\/encuentro-anual-de-la-coa-2024\\\/\",\"name\":\"Encuentro Anual de la COA 2024 - Coalici&oacute;n de las Am&eacute;ricas\",\"isPartOf\":{\"@id\":\"https:\\\/\\\/www.coaliciondelasamericas.org\\\/blog\\\/#website\"},\"primaryImageOfPage\":{\"@id\":\"https:\\\/\\\/www.coaliciondelasamericas.org\\\/blog\\\/encuentro-anual-de-la-coa-2024\\\/#primaryimage\"},\"image\":{\"@id\":\"https:\\\/\\\/www.coaliciondelasamericas.org\\\/blog\\\/encuentro-anual-de-la-coa-2024\\\/#primaryimage\"},\"thumbnailUrl\":\"https:\\\/\\\/www.coaliciondelasamericas.org\\\/blog\\\/wp-content\\\/uploads\\\/2024\\\/03\\\/archivo-pdf.png\",\"datePublished\":\"2024-08-09T23:43:48+00:00\",\"dateModified\":\"2024-08-09T23:52:14+00:00\",\"description\":\"La Coalici\u00f3n de las Am\u00e9ricas (COA) es una organizaci\u00f3n de car\u00e1cter internacional y conformada por Organizaciones Nacionales Miembro (ONMs).\",\"breadcrumb\":{\"@id\":\"https:\\\/\\\/www.coaliciondelasamericas.org\\\/blog\\\/encuentro-anual-de-la-coa-2024\\\/#breadcrumb\"},\"inLanguage\":\"es\",\"potentialAction\":[{\"@type\":\"ReadAction\",\"target\":[\"https:\\\/\\\/www.coaliciondelasamericas.org\\\/blog\\\/encuentro-anual-de-la-coa-2024\\\/\"]}]},{\"@type\":\"ImageObject\",\"inLanguage\":\"es\",\"@id\":\"https:\\\/\\\/www.coaliciondelasamericas.org\\\/blog\\\/encuentro-anual-de-la-coa-2024\\\/#primaryimage\",\"url\":\"https:\\\/\\\/www.coaliciondelasamericas.org\\\/blog\\\/wp-content\\\/uploads\\\/2024\\\/03\\\/archivo-pdf.png\",\"contentUrl\":\"https:\\\/\\\/www.coaliciondelasamericas.org\\\/blog\\\/wp-content\\\/uploads\\\/2024\\\/03\\\/archivo-pdf.png\",\"width\":235,\"height\":214,\"caption\":\"M\u00e1s Informaci\u00f3n \\\/ Descargar el PDF\"},{\"@type\":\"BreadcrumbList\",\"@id\":\"https:\\\/\\\/www.coaliciondelasamericas.org\\\/blog\\\/encuentro-anual-de-la-coa-2024\\\/#breadcrumb\",\"itemListElement\":[{\"@type\":\"ListItem\",\"position\":1,\"name\":\"Portada\",\"item\":\"https:\\\/\\\/www.coaliciondelasamericas.org\\\/blog\\\/\"},{\"@type\":\"ListItem\",\"position\":2,\"name\":\"Encuentro Anual de la COA 2024\"}]},{\"@type\":\"WebSite\",\"@id\":\"https:\\\/\\\/www.coaliciondelasamericas.org\\\/blog\\\/#website\",\"url\":\"https:\\\/\\\/www.coaliciondelasamericas.org\\\/blog\\\/\",\"name\":\"Coalici&oacute;n de las Am&eacute;ricas\",\"description\":\"Lideres Unidos por el Bienestar de la Hemofilia\",\"publisher\":{\"@id\":\"https:\\\/\\\/www.coaliciondelasamericas.org\\\/blog\\\/#organization\"},\"potentialAction\":[{\"@type\":\"SearchAction\",\"target\":{\"@type\":\"EntryPoint\",\"urlTemplate\":\"https:\\\/\\\/www.coaliciondelasamericas.org\\\/blog\\\/?s={search_term_string}\"},\"query-input\":{\"@type\":\"PropertyValueSpecification\",\"valueRequired\":true,\"valueName\":\"search_term_string\"}}],\"inLanguage\":\"es\"},{\"@type\":\"Organization\",\"@id\":\"https:\\\/\\\/www.coaliciondelasamericas.org\\\/blog\\\/#organization\",\"name\":\"Coalici&oacute;n de las Am&eacute;ricas\",\"url\":\"https:\\\/\\\/www.coaliciondelasamericas.org\\\/blog\\\/\",\"logo\":{\"@type\":\"ImageObject\",\"inLanguage\":\"es\",\"@id\":\"https:\\\/\\\/www.coaliciondelasamericas.org\\\/blog\\\/#\\\/schema\\\/logo\\\/image\\\/\",\"url\":\"https:\\\/\\\/www.coaliciondelasamericas.org\\\/blog\\\/wp-content\\\/uploads\\\/2023\\\/03\\\/cropped-01-Portada-02.png\",\"contentUrl\":\"https:\\\/\\\/www.coaliciondelasamericas.org\\\/blog\\\/wp-content\\\/uploads\\\/2023\\\/03\\\/cropped-01-Portada-02.png\",\"width\":300,\"height\":130,\"caption\":\"Coalici&oacute;n de las Am&eacute;ricas\"},\"image\":{\"@id\":\"https:\\\/\\\/www.coaliciondelasamericas.org\\\/blog\\\/#\\\/schema\\\/logo\\\/image\\\/\"}}]}<\/script>\n<!-- \/ Yoast SEO plugin. -->","yoast_head_json":{"title":"Encuentro Anual de la COA 2024 - Coalici&oacute;n de las Am&eacute;ricas","description":"La Coalici\u00f3n de las Am\u00e9ricas (COA) es una organizaci\u00f3n de car\u00e1cter internacional y conformada por Organizaciones Nacionales Miembro (ONMs).","robots":{"index":"index","follow":"follow","max-snippet":"max-snippet:-1","max-image-preview":"max-image-preview:large","max-video-preview":"max-video-preview:-1"},"canonical":"https:\/\/www.coaliciondelasamericas.org\/blog\/encuentro-anual-de-la-coa-2024\/","og_locale":"es_ES","og_type":"article","og_title":"Encuentro Anual de la COA 2024 - Coalici&oacute;n de las Am&eacute;ricas","og_description":"La Coalici\u00f3n de las Am\u00e9ricas (COA) es una organizaci\u00f3n de car\u00e1cter internacional y conformada por Organizaciones Nacionales Miembro (ONMs).","og_url":"https:\/\/www.coaliciondelasamericas.org\/blog\/encuentro-anual-de-la-coa-2024\/","og_site_name":"Coalici&oacute;n de las Am&eacute;ricas","article_modified_time":"2024-08-09T23:52:14+00:00","og_image":[{"url":"https:\/\/www.coaliciondelasamericas.org\/blog\/wp-content\/uploads\/2024\/03\/archivo-pdf.png","type":"","width":"","height":""}],"twitter_card":"summary_large_image","twitter_misc":{"Tiempo de lectura":"5 minutos"},"schema":{"@context":"https:\/\/schema.org","@graph":[{"@type":"WebPage","@id":"https:\/\/www.coaliciondelasamericas.org\/blog\/encuentro-anual-de-la-coa-2024\/","url":"https:\/\/www.coaliciondelasamericas.org\/blog\/encuentro-anual-de-la-coa-2024\/","name":"Encuentro Anual de la COA 2024 - Coalici&oacute;n de las Am&eacute;ricas","isPartOf":{"@id":"https:\/\/www.coaliciondelasamericas.org\/blog\/#website"},"primaryImageOfPage":{"@id":"https:\/\/www.coaliciondelasamericas.org\/blog\/encuentro-anual-de-la-coa-2024\/#primaryimage"},"image":{"@id":"https:\/\/www.coaliciondelasamericas.org\/blog\/encuentro-anual-de-la-coa-2024\/#primaryimage"},"thumbnailUrl":"https:\/\/www.coaliciondelasamericas.org\/blog\/wp-content\/uploads\/2024\/03\/archivo-pdf.png","datePublished":"2024-08-09T23:43:48+00:00","dateModified":"2024-08-09T23:52:14+00:00","description":"La Coalici\u00f3n de las Am\u00e9ricas (COA) es una organizaci\u00f3n de car\u00e1cter internacional y conformada por Organizaciones Nacionales Miembro (ONMs).","breadcrumb":{"@id":"https:\/\/www.coaliciondelasamericas.org\/blog\/encuentro-anual-de-la-coa-2024\/#breadcrumb"},"inLanguage":"es","potentialAction":[{"@type":"ReadAction","target":["https:\/\/www.coaliciondelasamericas.org\/blog\/encuentro-anual-de-la-coa-2024\/"]}]},{"@type":"ImageObject","inLanguage":"es","@id":"https:\/\/www.coaliciondelasamericas.org\/blog\/encuentro-anual-de-la-coa-2024\/#primaryimage","url":"https:\/\/www.coaliciondelasamericas.org\/blog\/wp-content\/uploads\/2024\/03\/archivo-pdf.png","contentUrl":"https:\/\/www.coaliciondelasamericas.org\/blog\/wp-content\/uploads\/2024\/03\/archivo-pdf.png","width":235,"height":214,"caption":"M\u00e1s Informaci\u00f3n \/ Descargar el PDF"},{"@type":"BreadcrumbList","@id":"https:\/\/www.coaliciondelasamericas.org\/blog\/encuentro-anual-de-la-coa-2024\/#breadcrumb","itemListElement":[{"@type":"ListItem","position":1,"name":"Portada","item":"https:\/\/www.coaliciondelasamericas.org\/blog\/"},{"@type":"ListItem","position":2,"name":"Encuentro Anual de la COA 2024"}]},{"@type":"WebSite","@id":"https:\/\/www.coaliciondelasamericas.org\/blog\/#website","url":"https:\/\/www.coaliciondelasamericas.org\/blog\/","name":"Coalici&oacute;n de las Am&eacute;ricas","description":"Lideres Unidos por el Bienestar de la Hemofilia","publisher":{"@id":"https:\/\/www.coaliciondelasamericas.org\/blog\/#organization"},"potentialAction":[{"@type":"SearchAction","target":{"@type":"EntryPoint","urlTemplate":"https:\/\/www.coaliciondelasamericas.org\/blog\/?s={search_term_string}"},"query-input":{"@type":"PropertyValueSpecification","valueRequired":true,"valueName":"search_term_string"}}],"inLanguage":"es"},{"@type":"Organization","@id":"https:\/\/www.coaliciondelasamericas.org\/blog\/#organization","name":"Coalici&oacute;n de las Am&eacute;ricas","url":"https:\/\/www.coaliciondelasamericas.org\/blog\/","logo":{"@type":"ImageObject","inLanguage":"es","@id":"https:\/\/www.coaliciondelasamericas.org\/blog\/#\/schema\/logo\/image\/","url":"https:\/\/www.coaliciondelasamericas.org\/blog\/wp-content\/uploads\/2023\/03\/cropped-01-Portada-02.png","contentUrl":"https:\/\/www.coaliciondelasamericas.org\/blog\/wp-content\/uploads\/2023\/03\/cropped-01-Portada-02.png","width":300,"height":130,"caption":"Coalici&oacute;n de las Am&eacute;ricas"},"image":{"@id":"https:\/\/www.coaliciondelasamericas.org\/blog\/#\/schema\/logo\/image\/"}}]}},"_links":{"self":[{"href":"https:\/\/www.coaliciondelasamericas.org\/blog\/wp-json\/wp\/v2\/pages\/3608","targetHints":{"allow":["GET"]}}],"collection":[{"href":"https:\/\/www.coaliciondelasamericas.org\/blog\/wp-json\/wp\/v2\/pages"}],"about":[{"href":"https:\/\/www.coaliciondelasamericas.org\/blog\/wp-json\/wp\/v2\/types\/page"}],"author":[{"embeddable":true,"href":"https:\/\/www.coaliciondelasamericas.org\/blog\/wp-json\/wp\/v2\/users\/1"}],"replies":[{"embeddable":true,"href":"https:\/\/www.coaliciondelasamericas.org\/blog\/wp-json\/wp\/v2\/comments?post=3608"}],"version-history":[{"count":7,"href":"https:\/\/www.coaliciondelasamericas.org\/blog\/wp-json\/wp\/v2\/pages\/3608\/revisions"}],"predecessor-version":[{"id":3623,"href":"https:\/\/www.coaliciondelasamericas.org\/blog\/wp-json\/wp\/v2\/pages\/3608\/revisions\/3623"}],"wp:attachment":[{"href":"https:\/\/www.coaliciondelasamericas.org\/blog\/wp-json\/wp\/v2\/media?parent=3608"}],"curies":[{"name":"wp","href":"https:\/\/api.w.org\/{rel}","templated":true}]}}