{"id":3494,"date":"2024-06-19T14:52:46","date_gmt":"2024-06-19T14:52:46","guid":{"rendered":"https:\/\/www.coaliciondelasamericas.org\/blog\/?page_id=3494"},"modified":"2024-06-19T15:03:42","modified_gmt":"2024-06-19T15:03:42","slug":"academia-de-cabildeo","status":"publish","type":"page","link":"https:\/\/www.coaliciondelasamericas.org\/blog\/estudios\/academia-de-cabildeo\/","title":{"rendered":"Academia de Cabildeo de la CoA"},"content":{"rendered":"\n<h2 class=\"wp-block-heading has-text-align-center\"><\/h2>\n\n\n\n<p>En el continente americano el tratamiento de la hemofilia y otros trastornos raros del sangrado ha mejorado con el paso de los a\u00f1os, por la introducci\u00f3n de nuestras terapias, las acciones de cada Organizaci\u00f3n de pacientes, como el registro de pacientes, advocacy de los l\u00edderes, empoderamiento de los pacientes y familias, y para terminar el cabildeo mejorando el acceso al diagn\u00f3stico oportuno y terapias innovadoras.<br><\/p>\n\n\n\n<p>Ahora bien, estas acciones no son aisladas, la regi\u00f3n influye en el desarrollo o decremento del sistema de salud enfocado a la hemofilia y los otros trastornos de la coagulaci\u00f3n. Sabemos que existe una inequidad importante en la comparaci\u00f3n entre diversos pa\u00edses en su acceso y tratamiento, es por ello necesario tener una l\u00ednea base<br>para todas las organizaciones de pacientes y as\u00ed poder identificar y fortalecer a cada una de ellas, enfoc\u00e1ndonos en las que menos acceso tienen.<\/p>\n\n\n\n<p><br>Es entonces que, en base al an\u00e1lisis integral sobre el estatus de las Organizaci\u00f3n de pacientes, proponemos generar un trabajo enfocado a 4 pa\u00edses, donde se va a generar un trabajo guiado acerca de acciones que mejoren la profundidad de conocimientos de la hemofilia, las coagulopat\u00edas, advocacy, el cabildeo, las cuales permitir\u00e1n tener resultados a corto y mediano plazo.<\/p>\n\n\n\n<p><strong>Ejes propuestos<br><\/strong>Se espera poder hacer un seguimiento t\u00e9cnico y asesor\u00eda sobre tres ejes centrales en pro de mejorar y mejorar la l\u00ednea base de conocimientos de las ONMs seleccionadas, detallo:<\/p>\n\n\n\n<p><strong>Planificaci\u00f3n de prioridades<\/strong>: este tema ser\u00e1 importante para poder brindarle un marco conceptual desde sus necesidades y planificar acciones que les permita alcanzar sus metas y objetivos.<\/p>\n\n\n\n<p><strong>Registro de Pacientes<\/strong>: ser el socio estrat\u00e9gico del gobierno para maximizar la visibilidad de la Hemofilia y otras coagulopat\u00edas en su pa\u00eds. Usar  herramientas disponibles que permitan ser un documento vivo con informaci\u00f3n relevante para apoyar el acceso de los pacientes.<\/p>\n\n\n\n<p><strong>Acceso a terapias de innovaci\u00f3n<\/strong>: brindar herramientas t\u00e9cnicas para la profesionalizaci\u00f3n de los l\u00edderes,  reforzando conocimientos acerca de las enfermedades y sus tratamientos actualizados. Mejorar conocimientos acerca de los sistemas de salud, metodolog\u00edas de compras y aprobaciones de nuevas terapias al pa\u00eds.<\/p>\n\n\n\n<p>Advocay y Cabildeo: brindar herramientas t\u00e9cnicas (conocimiento de la patolog\u00eda) y de comunicaci\u00f3n que les permita transmitir un mensaje optimo a los tomadores de decisi\u00f3n \u201cCabildeo y Advocacy\u201d.<\/p>\n\n\n\n<p class=\"has-text-align-center\"><strong>M\u00e1s Detalles en el Pdf adjunto<\/strong><\/p>\n\n\n\n<div class=\"wp-block-columns is-layout-flex wp-container-core-columns-is-layout-28f84493 wp-block-columns-is-layout-flex\">\n<div class=\"wp-block-column is-layout-flow wp-block-column-is-layout-flow\"><\/div>\n\n\n\n<div class=\"wp-block-column is-layout-flow wp-block-column-is-layout-flow\">\n<figure class=\"wp-block-image aligncenter size-full is-resized\"><a href=\"https:\/\/www.coaliciondelasamericas.org\/blog\/wp-content\/uploads\/2024\/06\/Presentacion-Proyecto-Academia-Cabildeo-2024.pdf\" target=\"_blank\" rel=\"noreferrer noopener\"><img loading=\"lazy\" decoding=\"async\" width=\"235\" height=\"214\" src=\"https:\/\/www.coaliciondelasamericas.org\/blog\/wp-content\/uploads\/2024\/03\/archivo-pdf.png\" alt=\"Pdf\" class=\"wp-image-3238\" style=\"width:119px;height:auto\"\/><\/a><figcaption class=\"wp-element-caption\"><strong>M\u00e1s Informaci\u00f3n<\/strong><\/figcaption><\/figure>\n<\/div>\n\n\n\n<div class=\"wp-block-column is-layout-flow wp-block-column-is-layout-flow\"><\/div>\n<\/div>\n","protected":false},"excerpt":{"rendered":"<p>En el continente americano el tratamiento de la hemofilia y otros trastornos raros del sangrado ha mejorado con el paso<\/p>\n","protected":false},"author":1,"featured_media":0,"parent":1741,"menu_order":4,"comment_status":"closed","ping_status":"closed","template":"","meta":{"colormag_page_container_layout":"no_sidebar_content_centered","colormag_page_sidebar_layout":"no_sidebar","_coblocks_attr":"","_coblocks_dimensions":"","_coblocks_responsive_height":"","_coblocks_accordion_ie_support":"","_monsterinsights_skip_tracking":false,"_monsterinsights_sitenote_active":false,"_monsterinsights_sitenote_note":"","_monsterinsights_sitenote_category":0,"footnotes":""},"class_list":["post-3494","page","type-page","status-publish","hentry"],"yoast_head":"<!-- This site is optimized with the Yoast SEO plugin v27.4 - https:\/\/yoast.com\/product\/yoast-seo-wordpress\/ -->\n<title>Academia de Cabildeo de la CoA - Coalici&oacute;n de las Am&eacute;ricas<\/title>\n<meta name=\"description\" content=\"En el continente americano el tratamiento de la hemofilia y otros trastornos raros del sangrado ha mejorado con el paso de los a\u00f1os.\" \/>\n<meta name=\"robots\" content=\"index, follow, max-snippet:-1, max-image-preview:large, max-video-preview:-1\" \/>\n<link rel=\"canonical\" href=\"https:\/\/www.coaliciondelasamericas.org\/blog\/estudios\/academia-de-cabildeo\/\" \/>\n<meta property=\"og:locale\" content=\"es_ES\" \/>\n<meta property=\"og:type\" content=\"article\" \/>\n<meta property=\"og:title\" content=\"Academia de Cabildeo de la CoA - Coalici&oacute;n de las Am&eacute;ricas\" \/>\n<meta property=\"og:description\" content=\"En el continente americano el tratamiento de la hemofilia y otros trastornos raros del sangrado ha mejorado con el paso de los a\u00f1os.\" \/>\n<meta property=\"og:url\" content=\"https:\/\/www.coaliciondelasamericas.org\/blog\/estudios\/academia-de-cabildeo\/\" \/>\n<meta property=\"og:site_name\" content=\"Coalici&oacute;n de las Am&eacute;ricas\" \/>\n<meta property=\"article:modified_time\" content=\"2024-06-19T15:03:42+00:00\" \/>\n<meta property=\"og:image\" content=\"https:\/\/www.coaliciondelasamericas.org\/blog\/wp-content\/uploads\/2024\/03\/archivo-pdf.png\" \/>\n<meta name=\"twitter:card\" content=\"summary_large_image\" \/>\n<meta name=\"twitter:label1\" content=\"Tiempo de lectura\" \/>\n\t<meta name=\"twitter:data1\" content=\"2 minutos\" \/>\n<script type=\"application\/ld+json\" class=\"yoast-schema-graph\">{\"@context\":\"https:\\\/\\\/schema.org\",\"@graph\":[{\"@type\":\"WebPage\",\"@id\":\"https:\\\/\\\/www.coaliciondelasamericas.org\\\/blog\\\/estudios\\\/academia-de-cabildeo\\\/\",\"url\":\"https:\\\/\\\/www.coaliciondelasamericas.org\\\/blog\\\/estudios\\\/academia-de-cabildeo\\\/\",\"name\":\"Academia de Cabildeo de la CoA - Coalici&oacute;n de las Am&eacute;ricas\",\"isPartOf\":{\"@id\":\"https:\\\/\\\/www.coaliciondelasamericas.org\\\/blog\\\/#website\"},\"primaryImageOfPage\":{\"@id\":\"https:\\\/\\\/www.coaliciondelasamericas.org\\\/blog\\\/estudios\\\/academia-de-cabildeo\\\/#primaryimage\"},\"image\":{\"@id\":\"https:\\\/\\\/www.coaliciondelasamericas.org\\\/blog\\\/estudios\\\/academia-de-cabildeo\\\/#primaryimage\"},\"thumbnailUrl\":\"https:\\\/\\\/www.coaliciondelasamericas.org\\\/blog\\\/wp-content\\\/uploads\\\/2024\\\/03\\\/archivo-pdf.png\",\"datePublished\":\"2024-06-19T14:52:46+00:00\",\"dateModified\":\"2024-06-19T15:03:42+00:00\",\"description\":\"En el continente americano el tratamiento de la hemofilia y otros trastornos raros del sangrado ha mejorado con el paso de los a\u00f1os.\",\"breadcrumb\":{\"@id\":\"https:\\\/\\\/www.coaliciondelasamericas.org\\\/blog\\\/estudios\\\/academia-de-cabildeo\\\/#breadcrumb\"},\"inLanguage\":\"es\",\"potentialAction\":[{\"@type\":\"ReadAction\",\"target\":[\"https:\\\/\\\/www.coaliciondelasamericas.org\\\/blog\\\/estudios\\\/academia-de-cabildeo\\\/\"]}]},{\"@type\":\"ImageObject\",\"inLanguage\":\"es\",\"@id\":\"https:\\\/\\\/www.coaliciondelasamericas.org\\\/blog\\\/estudios\\\/academia-de-cabildeo\\\/#primaryimage\",\"url\":\"https:\\\/\\\/www.coaliciondelasamericas.org\\\/blog\\\/wp-content\\\/uploads\\\/2024\\\/03\\\/archivo-pdf.png\",\"contentUrl\":\"https:\\\/\\\/www.coaliciondelasamericas.org\\\/blog\\\/wp-content\\\/uploads\\\/2024\\\/03\\\/archivo-pdf.png\",\"width\":235,\"height\":214,\"caption\":\"M\u00e1s Informaci\u00f3n \\\/ Descargar el PDF\"},{\"@type\":\"BreadcrumbList\",\"@id\":\"https:\\\/\\\/www.coaliciondelasamericas.org\\\/blog\\\/estudios\\\/academia-de-cabildeo\\\/#breadcrumb\",\"itemListElement\":[{\"@type\":\"ListItem\",\"position\":1,\"name\":\"Portada\",\"item\":\"https:\\\/\\\/www.coaliciondelasamericas.org\\\/blog\\\/\"},{\"@type\":\"ListItem\",\"position\":2,\"name\":\"Proyectos\",\"item\":\"https:\\\/\\\/www.coaliciondelasamericas.org\\\/blog\\\/estudios\\\/\"},{\"@type\":\"ListItem\",\"position\":3,\"name\":\"Academia de Cabildeo de la CoA\"}]},{\"@type\":\"WebSite\",\"@id\":\"https:\\\/\\\/www.coaliciondelasamericas.org\\\/blog\\\/#website\",\"url\":\"https:\\\/\\\/www.coaliciondelasamericas.org\\\/blog\\\/\",\"name\":\"Coalici&oacute;n de las Am&eacute;ricas\",\"description\":\"Lideres Unidos por el Bienestar de la Hemofilia\",\"publisher\":{\"@id\":\"https:\\\/\\\/www.coaliciondelasamericas.org\\\/blog\\\/#organization\"},\"potentialAction\":[{\"@type\":\"SearchAction\",\"target\":{\"@type\":\"EntryPoint\",\"urlTemplate\":\"https:\\\/\\\/www.coaliciondelasamericas.org\\\/blog\\\/?s={search_term_string}\"},\"query-input\":{\"@type\":\"PropertyValueSpecification\",\"valueRequired\":true,\"valueName\":\"search_term_string\"}}],\"inLanguage\":\"es\"},{\"@type\":\"Organization\",\"@id\":\"https:\\\/\\\/www.coaliciondelasamericas.org\\\/blog\\\/#organization\",\"name\":\"Coalici&oacute;n de las Am&eacute;ricas\",\"url\":\"https:\\\/\\\/www.coaliciondelasamericas.org\\\/blog\\\/\",\"logo\":{\"@type\":\"ImageObject\",\"inLanguage\":\"es\",\"@id\":\"https:\\\/\\\/www.coaliciondelasamericas.org\\\/blog\\\/#\\\/schema\\\/logo\\\/image\\\/\",\"url\":\"https:\\\/\\\/www.coaliciondelasamericas.org\\\/blog\\\/wp-content\\\/uploads\\\/2023\\\/03\\\/cropped-01-Portada-02.png\",\"contentUrl\":\"https:\\\/\\\/www.coaliciondelasamericas.org\\\/blog\\\/wp-content\\\/uploads\\\/2023\\\/03\\\/cropped-01-Portada-02.png\",\"width\":300,\"height\":130,\"caption\":\"Coalici&oacute;n de las Am&eacute;ricas\"},\"image\":{\"@id\":\"https:\\\/\\\/www.coaliciondelasamericas.org\\\/blog\\\/#\\\/schema\\\/logo\\\/image\\\/\"}}]}<\/script>\n<!-- \/ Yoast SEO plugin. -->","yoast_head_json":{"title":"Academia de Cabildeo de la CoA - Coalici&oacute;n de las Am&eacute;ricas","description":"En el continente americano el tratamiento de la hemofilia y otros trastornos raros del sangrado ha mejorado con el paso de los a\u00f1os.","robots":{"index":"index","follow":"follow","max-snippet":"max-snippet:-1","max-image-preview":"max-image-preview:large","max-video-preview":"max-video-preview:-1"},"canonical":"https:\/\/www.coaliciondelasamericas.org\/blog\/estudios\/academia-de-cabildeo\/","og_locale":"es_ES","og_type":"article","og_title":"Academia de Cabildeo de la CoA - Coalici&oacute;n de las Am&eacute;ricas","og_description":"En el continente americano el tratamiento de la hemofilia y otros trastornos raros del sangrado ha mejorado con el paso de los a\u00f1os.","og_url":"https:\/\/www.coaliciondelasamericas.org\/blog\/estudios\/academia-de-cabildeo\/","og_site_name":"Coalici&oacute;n de las Am&eacute;ricas","article_modified_time":"2024-06-19T15:03:42+00:00","og_image":[{"url":"https:\/\/www.coaliciondelasamericas.org\/blog\/wp-content\/uploads\/2024\/03\/archivo-pdf.png","type":"","width":"","height":""}],"twitter_card":"summary_large_image","twitter_misc":{"Tiempo de lectura":"2 minutos"},"schema":{"@context":"https:\/\/schema.org","@graph":[{"@type":"WebPage","@id":"https:\/\/www.coaliciondelasamericas.org\/blog\/estudios\/academia-de-cabildeo\/","url":"https:\/\/www.coaliciondelasamericas.org\/blog\/estudios\/academia-de-cabildeo\/","name":"Academia de Cabildeo de la CoA - Coalici&oacute;n de las Am&eacute;ricas","isPartOf":{"@id":"https:\/\/www.coaliciondelasamericas.org\/blog\/#website"},"primaryImageOfPage":{"@id":"https:\/\/www.coaliciondelasamericas.org\/blog\/estudios\/academia-de-cabildeo\/#primaryimage"},"image":{"@id":"https:\/\/www.coaliciondelasamericas.org\/blog\/estudios\/academia-de-cabildeo\/#primaryimage"},"thumbnailUrl":"https:\/\/www.coaliciondelasamericas.org\/blog\/wp-content\/uploads\/2024\/03\/archivo-pdf.png","datePublished":"2024-06-19T14:52:46+00:00","dateModified":"2024-06-19T15:03:42+00:00","description":"En el continente americano el tratamiento de la hemofilia y otros trastornos raros del sangrado ha mejorado con el paso de los a\u00f1os.","breadcrumb":{"@id":"https:\/\/www.coaliciondelasamericas.org\/blog\/estudios\/academia-de-cabildeo\/#breadcrumb"},"inLanguage":"es","potentialAction":[{"@type":"ReadAction","target":["https:\/\/www.coaliciondelasamericas.org\/blog\/estudios\/academia-de-cabildeo\/"]}]},{"@type":"ImageObject","inLanguage":"es","@id":"https:\/\/www.coaliciondelasamericas.org\/blog\/estudios\/academia-de-cabildeo\/#primaryimage","url":"https:\/\/www.coaliciondelasamericas.org\/blog\/wp-content\/uploads\/2024\/03\/archivo-pdf.png","contentUrl":"https:\/\/www.coaliciondelasamericas.org\/blog\/wp-content\/uploads\/2024\/03\/archivo-pdf.png","width":235,"height":214,"caption":"M\u00e1s Informaci\u00f3n \/ Descargar el PDF"},{"@type":"BreadcrumbList","@id":"https:\/\/www.coaliciondelasamericas.org\/blog\/estudios\/academia-de-cabildeo\/#breadcrumb","itemListElement":[{"@type":"ListItem","position":1,"name":"Portada","item":"https:\/\/www.coaliciondelasamericas.org\/blog\/"},{"@type":"ListItem","position":2,"name":"Proyectos","item":"https:\/\/www.coaliciondelasamericas.org\/blog\/estudios\/"},{"@type":"ListItem","position":3,"name":"Academia de Cabildeo de la CoA"}]},{"@type":"WebSite","@id":"https:\/\/www.coaliciondelasamericas.org\/blog\/#website","url":"https:\/\/www.coaliciondelasamericas.org\/blog\/","name":"Coalici&oacute;n de las Am&eacute;ricas","description":"Lideres Unidos por el Bienestar de la Hemofilia","publisher":{"@id":"https:\/\/www.coaliciondelasamericas.org\/blog\/#organization"},"potentialAction":[{"@type":"SearchAction","target":{"@type":"EntryPoint","urlTemplate":"https:\/\/www.coaliciondelasamericas.org\/blog\/?s={search_term_string}"},"query-input":{"@type":"PropertyValueSpecification","valueRequired":true,"valueName":"search_term_string"}}],"inLanguage":"es"},{"@type":"Organization","@id":"https:\/\/www.coaliciondelasamericas.org\/blog\/#organization","name":"Coalici&oacute;n de las Am&eacute;ricas","url":"https:\/\/www.coaliciondelasamericas.org\/blog\/","logo":{"@type":"ImageObject","inLanguage":"es","@id":"https:\/\/www.coaliciondelasamericas.org\/blog\/#\/schema\/logo\/image\/","url":"https:\/\/www.coaliciondelasamericas.org\/blog\/wp-content\/uploads\/2023\/03\/cropped-01-Portada-02.png","contentUrl":"https:\/\/www.coaliciondelasamericas.org\/blog\/wp-content\/uploads\/2023\/03\/cropped-01-Portada-02.png","width":300,"height":130,"caption":"Coalici&oacute;n de las Am&eacute;ricas"},"image":{"@id":"https:\/\/www.coaliciondelasamericas.org\/blog\/#\/schema\/logo\/image\/"}}]}},"_links":{"self":[{"href":"https:\/\/www.coaliciondelasamericas.org\/blog\/wp-json\/wp\/v2\/pages\/3494","targetHints":{"allow":["GET"]}}],"collection":[{"href":"https:\/\/www.coaliciondelasamericas.org\/blog\/wp-json\/wp\/v2\/pages"}],"about":[{"href":"https:\/\/www.coaliciondelasamericas.org\/blog\/wp-json\/wp\/v2\/types\/page"}],"author":[{"embeddable":true,"href":"https:\/\/www.coaliciondelasamericas.org\/blog\/wp-json\/wp\/v2\/users\/1"}],"replies":[{"embeddable":true,"href":"https:\/\/www.coaliciondelasamericas.org\/blog\/wp-json\/wp\/v2\/comments?post=3494"}],"version-history":[{"count":3,"href":"https:\/\/www.coaliciondelasamericas.org\/blog\/wp-json\/wp\/v2\/pages\/3494\/revisions"}],"predecessor-version":[{"id":3498,"href":"https:\/\/www.coaliciondelasamericas.org\/blog\/wp-json\/wp\/v2\/pages\/3494\/revisions\/3498"}],"up":[{"embeddable":true,"href":"https:\/\/www.coaliciondelasamericas.org\/blog\/wp-json\/wp\/v2\/pages\/1741"}],"wp:attachment":[{"href":"https:\/\/www.coaliciondelasamericas.org\/blog\/wp-json\/wp\/v2\/media?parent=3494"}],"curies":[{"name":"wp","href":"https:\/\/api.w.org\/{rel}","templated":true}]}}