{"id":3412,"date":"2024-04-29T17:23:55","date_gmt":"2024-04-29T17:23:55","guid":{"rendered":"https:\/\/www.coaliciondelasamericas.org\/blog\/?page_id=3412"},"modified":"2024-05-03T22:25:26","modified_gmt":"2024-05-03T22:25:26","slug":"juntos-cambiamos-vidas-2024","status":"publish","type":"page","link":"https:\/\/www.coaliciondelasamericas.org\/blog\/galeria\/juntos-cambiamos-vidas-2024\/","title":{"rendered":"Juntos Cambiamos Vidas 2024"},"content":{"rendered":"\n<p>Agradecemos la invitaci\u00f3n a formar parte del taller Juntos Cambiamos Vidas, La Coalici\u00f3n de las Am\u00e9ricas representada por el Coordinador General Lic. Antonio G\u00f3mez Cavallini<\/p>\n\n\n\n<div class=\"wp-block-columns is-layout-flex wp-container-core-columns-is-layout-28f84493 wp-block-columns-is-layout-flex\">\n<div class=\"wp-block-column is-layout-flow wp-block-column-is-layout-flow\" style=\"flex-basis:30%\">\n<figure class=\"wp-block-image size-large is-resized\"><img loading=\"lazy\" decoding=\"async\" width=\"1024\" height=\"1024\" src=\"https:\/\/www.coaliciondelasamericas.org\/blog\/wp-content\/uploads\/2024\/05\/440178322_18238408486248963_7696189348157887808_n-1024x1024.jpg\" alt=\"\" class=\"wp-image-3442\" style=\"width:228px;height:auto\" srcset=\"https:\/\/www.coaliciondelasamericas.org\/blog\/wp-content\/uploads\/2024\/05\/440178322_18238408486248963_7696189348157887808_n-1024x1024.jpg 1024w, https:\/\/www.coaliciondelasamericas.org\/blog\/wp-content\/uploads\/2024\/05\/440178322_18238408486248963_7696189348157887808_n-300x300.jpg 300w, https:\/\/www.coaliciondelasamericas.org\/blog\/wp-content\/uploads\/2024\/05\/440178322_18238408486248963_7696189348157887808_n-150x150.jpg 150w, https:\/\/www.coaliciondelasamericas.org\/blog\/wp-content\/uploads\/2024\/05\/440178322_18238408486248963_7696189348157887808_n-768x768.jpg 768w, https:\/\/www.coaliciondelasamericas.org\/blog\/wp-content\/uploads\/2024\/05\/440178322_18238408486248963_7696189348157887808_n.jpg 1080w\" sizes=\"auto, (max-width: 1024px) 100vw, 1024px\" \/><\/figure>\n<\/div>\n\n\n\n<div class=\"wp-block-column is-layout-flow wp-block-column-is-layout-flow\" style=\"flex-basis:70%\">\n<p>La comunidad de la hemofilia en Latinoam\u00e9rica se uni\u00f3 para compartir conocimientos, construir conexiones y mejorar la calidad de vida de pacientes con Hemofilia A.<\/p>\n\n\n\n<p>A trav\u00e9s de paneles informativos y sesiones interactivas, buscamos impulsar el acceso a tratamientos innovadores. <img loading=\"lazy\" decoding=\"async\" height=\"16\" width=\"16\" alt=\"\u2764\ufe0f\" src=\"https:\/\/static.xx.fbcdn.net\/images\/emoji.php\/v9\/t6c\/1\/16\/2764.png\"><\/p>\n\n\n\n<p>Ciclo de vida de medicamentos, F\u00e1rmaco &#8211; econom\u00eda, cuanto vale la calidad de vida, La transferencia de conocimiento, comunicaci\u00f3n, lanzamiento de plataforma, Fueron temas que guiaran los pasos de los pacientes en busca del cambio en su vida.<\/p>\n<\/div>\n<\/div>\n\n\n\n<p class=\"has-white-color has-text-color has-link-color wp-elements-7e4ac651328708ea719ac0894fa30934\">.<\/p>\n\n\n\n<figure class=\"wp-block-gallery has-nested-images columns-default is-cropped wp-block-gallery-1 is-layout-flex wp-block-gallery-is-layout-flex\">\n<figure class=\"wp-block-image size-large\"><img loading=\"lazy\" decoding=\"async\" width=\"768\" height=\"1024\" data-id=\"3413\" src=\"https:\/\/www.coaliciondelasamericas.org\/blog\/wp-content\/uploads\/2024\/04\/WhatsApp-Image-2024-04-25-at-1.07.58-AM-768x1024.jpeg\" alt=\"\" class=\"wp-image-3413\" srcset=\"https:\/\/www.coaliciondelasamericas.org\/blog\/wp-content\/uploads\/2024\/04\/WhatsApp-Image-2024-04-25-at-1.07.58-AM-768x1024.jpeg 768w, https:\/\/www.coaliciondelasamericas.org\/blog\/wp-content\/uploads\/2024\/04\/WhatsApp-Image-2024-04-25-at-1.07.58-AM-225x300.jpeg 225w, https:\/\/www.coaliciondelasamericas.org\/blog\/wp-content\/uploads\/2024\/04\/WhatsApp-Image-2024-04-25-at-1.07.58-AM-1152x1536.jpeg 1152w, https:\/\/www.coaliciondelasamericas.org\/blog\/wp-content\/uploads\/2024\/04\/WhatsApp-Image-2024-04-25-at-1.07.58-AM.jpeg 1200w\" sizes=\"auto, (max-width: 768px) 100vw, 768px\" \/><\/figure>\n\n\n\n<figure class=\"wp-block-image size-large\"><img loading=\"lazy\" decoding=\"async\" width=\"768\" height=\"1024\" data-id=\"3414\" src=\"https:\/\/www.coaliciondelasamericas.org\/blog\/wp-content\/uploads\/2024\/04\/WhatsApp-Image-2024-04-25-at-1.08.00-AM-768x1024.jpeg\" alt=\"\" class=\"wp-image-3414\" srcset=\"https:\/\/www.coaliciondelasamericas.org\/blog\/wp-content\/uploads\/2024\/04\/WhatsApp-Image-2024-04-25-at-1.08.00-AM-768x1024.jpeg 768w, https:\/\/www.coaliciondelasamericas.org\/blog\/wp-content\/uploads\/2024\/04\/WhatsApp-Image-2024-04-25-at-1.08.00-AM-225x300.jpeg 225w, https:\/\/www.coaliciondelasamericas.org\/blog\/wp-content\/uploads\/2024\/04\/WhatsApp-Image-2024-04-25-at-1.08.00-AM-1152x1536.jpeg 1152w, https:\/\/www.coaliciondelasamericas.org\/blog\/wp-content\/uploads\/2024\/04\/WhatsApp-Image-2024-04-25-at-1.08.00-AM.jpeg 1200w\" sizes=\"auto, (max-width: 768px) 100vw, 768px\" \/><\/figure>\n\n\n\n<figure class=\"wp-block-image size-large\"><img loading=\"lazy\" decoding=\"async\" width=\"768\" height=\"1024\" data-id=\"3416\" src=\"https:\/\/www.coaliciondelasamericas.org\/blog\/wp-content\/uploads\/2024\/04\/WhatsApp-Image-2024-04-25-at-1.37.50-AM-768x1024.jpeg\" alt=\"\" class=\"wp-image-3416\" srcset=\"https:\/\/www.coaliciondelasamericas.org\/blog\/wp-content\/uploads\/2024\/04\/WhatsApp-Image-2024-04-25-at-1.37.50-AM-768x1024.jpeg 768w, https:\/\/www.coaliciondelasamericas.org\/blog\/wp-content\/uploads\/2024\/04\/WhatsApp-Image-2024-04-25-at-1.37.50-AM-225x300.jpeg 225w, https:\/\/www.coaliciondelasamericas.org\/blog\/wp-content\/uploads\/2024\/04\/WhatsApp-Image-2024-04-25-at-1.37.50-AM-1152x1536.jpeg 1152w, https:\/\/www.coaliciondelasamericas.org\/blog\/wp-content\/uploads\/2024\/04\/WhatsApp-Image-2024-04-25-at-1.37.50-AM.jpeg 1536w\" sizes=\"auto, (max-width: 768px) 100vw, 768px\" \/><\/figure>\n\n\n\n<figure class=\"wp-block-image size-large\"><img loading=\"lazy\" decoding=\"async\" width=\"1024\" height=\"768\" data-id=\"3415\" src=\"https:\/\/www.coaliciondelasamericas.org\/blog\/wp-content\/uploads\/2024\/04\/WhatsApp-Image-2024-04-25-at-1.51.52-AM-1024x768.jpeg\" alt=\"\" class=\"wp-image-3415\" srcset=\"https:\/\/www.coaliciondelasamericas.org\/blog\/wp-content\/uploads\/2024\/04\/WhatsApp-Image-2024-04-25-at-1.51.52-AM-1024x768.jpeg 1024w, https:\/\/www.coaliciondelasamericas.org\/blog\/wp-content\/uploads\/2024\/04\/WhatsApp-Image-2024-04-25-at-1.51.52-AM-300x225.jpeg 300w, https:\/\/www.coaliciondelasamericas.org\/blog\/wp-content\/uploads\/2024\/04\/WhatsApp-Image-2024-04-25-at-1.51.52-AM-768x576.jpeg 768w, https:\/\/www.coaliciondelasamericas.org\/blog\/wp-content\/uploads\/2024\/04\/WhatsApp-Image-2024-04-25-at-1.51.52-AM-1536x1152.jpeg 1536w, https:\/\/www.coaliciondelasamericas.org\/blog\/wp-content\/uploads\/2024\/04\/WhatsApp-Image-2024-04-25-at-1.51.52-AM.jpeg 2000w\" sizes=\"auto, (max-width: 1024px) 100vw, 1024px\" \/><\/figure>\n\n\n\n<figure class=\"wp-block-image size-large\"><img loading=\"lazy\" decoding=\"async\" width=\"1024\" height=\"768\" data-id=\"3417\" src=\"https:\/\/www.coaliciondelasamericas.org\/blog\/wp-content\/uploads\/2024\/04\/WhatsApp-Image-2024-04-25-at-3.22.52-AM-1024x768.jpeg\" alt=\"\" class=\"wp-image-3417\" srcset=\"https:\/\/www.coaliciondelasamericas.org\/blog\/wp-content\/uploads\/2024\/04\/WhatsApp-Image-2024-04-25-at-3.22.52-AM-1024x768.jpeg 1024w, https:\/\/www.coaliciondelasamericas.org\/blog\/wp-content\/uploads\/2024\/04\/WhatsApp-Image-2024-04-25-at-3.22.52-AM-300x225.jpeg 300w, https:\/\/www.coaliciondelasamericas.org\/blog\/wp-content\/uploads\/2024\/04\/WhatsApp-Image-2024-04-25-at-3.22.52-AM-768x576.jpeg 768w, https:\/\/www.coaliciondelasamericas.org\/blog\/wp-content\/uploads\/2024\/04\/WhatsApp-Image-2024-04-25-at-3.22.52-AM-1536x1152.jpeg 1536w, https:\/\/www.coaliciondelasamericas.org\/blog\/wp-content\/uploads\/2024\/04\/WhatsApp-Image-2024-04-25-at-3.22.52-AM-2048x1536.jpeg 2048w\" sizes=\"auto, (max-width: 1024px) 100vw, 1024px\" \/><\/figure>\n<\/figure>\n","protected":false},"excerpt":{"rendered":"<p>Agradecemos la invitaci\u00f3n a formar parte del taller Juntos Cambiamos Vidas, La Coalici\u00f3n de las Am\u00e9ricas representada por el Coordinador<\/p>\n","protected":false},"author":1,"featured_media":0,"parent":42,"menu_order":19,"comment_status":"closed","ping_status":"closed","template":"","meta":{"colormag_page_container_layout":"no_sidebar_full_width","colormag_page_sidebar_layout":"no_sidebar","_coblocks_attr":"","_coblocks_dimensions":"","_coblocks_responsive_height":"","_coblocks_accordion_ie_support":"","_monsterinsights_skip_tracking":false,"_monsterinsights_sitenote_active":false,"_monsterinsights_sitenote_note":"","_monsterinsights_sitenote_category":0,"footnotes":""},"class_list":["post-3412","page","type-page","status-publish","hentry"],"yoast_head":"<!-- This site is optimized with the Yoast SEO plugin v27.4 - https:\/\/yoast.com\/product\/yoast-seo-wordpress\/ -->\n<title>Juntos Cambiamos Vidas 2024 - Coalici&oacute;n de las Am&eacute;ricas<\/title>\n<meta name=\"description\" content=\"Juntos Cambiamos Vidas, La Coalici\u00f3n de las Am\u00e9ricas representada por el Coordinador General Lic. Antonio G\u00f3mez Cavallini\" \/>\n<meta name=\"robots\" content=\"index, follow, max-snippet:-1, max-image-preview:large, max-video-preview:-1\" \/>\n<link rel=\"canonical\" href=\"https:\/\/www.coaliciondelasamericas.org\/blog\/galeria\/juntos-cambiamos-vidas-2024\/\" \/>\n<meta property=\"og:locale\" content=\"es_ES\" \/>\n<meta property=\"og:type\" content=\"article\" \/>\n<meta property=\"og:title\" content=\"Juntos Cambiamos Vidas 2024 - Coalici&oacute;n de las Am&eacute;ricas\" \/>\n<meta property=\"og:description\" content=\"Juntos Cambiamos Vidas, La Coalici\u00f3n de las Am\u00e9ricas representada por el Coordinador General Lic. Antonio G\u00f3mez Cavallini\" \/>\n<meta property=\"og:url\" content=\"https:\/\/www.coaliciondelasamericas.org\/blog\/galeria\/juntos-cambiamos-vidas-2024\/\" \/>\n<meta property=\"og:site_name\" content=\"Coalici&oacute;n de las Am&eacute;ricas\" \/>\n<meta property=\"article:modified_time\" content=\"2024-05-03T22:25:26+00:00\" \/>\n<meta property=\"og:image\" content=\"https:\/\/www.coaliciondelasamericas.org\/blog\/wp-content\/uploads\/2024\/05\/440178322_18238408486248963_7696189348157887808_n-1024x1024.jpg\" \/>\n<meta name=\"twitter:card\" content=\"summary_large_image\" \/>\n<meta name=\"twitter:label1\" content=\"Tiempo de lectura\" \/>\n\t<meta name=\"twitter:data1\" content=\"2 minutos\" \/>\n<script type=\"application\/ld+json\" class=\"yoast-schema-graph\">{\"@context\":\"https:\\\/\\\/schema.org\",\"@graph\":[{\"@type\":\"WebPage\",\"@id\":\"https:\\\/\\\/www.coaliciondelasamericas.org\\\/blog\\\/galeria\\\/juntos-cambiamos-vidas-2024\\\/\",\"url\":\"https:\\\/\\\/www.coaliciondelasamericas.org\\\/blog\\\/galeria\\\/juntos-cambiamos-vidas-2024\\\/\",\"name\":\"Juntos Cambiamos Vidas 2024 - Coalici&oacute;n de las Am&eacute;ricas\",\"isPartOf\":{\"@id\":\"https:\\\/\\\/www.coaliciondelasamericas.org\\\/blog\\\/#website\"},\"primaryImageOfPage\":{\"@id\":\"https:\\\/\\\/www.coaliciondelasamericas.org\\\/blog\\\/galeria\\\/juntos-cambiamos-vidas-2024\\\/#primaryimage\"},\"image\":{\"@id\":\"https:\\\/\\\/www.coaliciondelasamericas.org\\\/blog\\\/galeria\\\/juntos-cambiamos-vidas-2024\\\/#primaryimage\"},\"thumbnailUrl\":\"https:\\\/\\\/www.coaliciondelasamericas.org\\\/blog\\\/wp-content\\\/uploads\\\/2024\\\/05\\\/440178322_18238408486248963_7696189348157887808_n-1024x1024.jpg\",\"datePublished\":\"2024-04-29T17:23:55+00:00\",\"dateModified\":\"2024-05-03T22:25:26+00:00\",\"description\":\"Juntos Cambiamos Vidas, La Coalici\u00f3n de las Am\u00e9ricas representada por el Coordinador General Lic. Antonio G\u00f3mez Cavallini\",\"breadcrumb\":{\"@id\":\"https:\\\/\\\/www.coaliciondelasamericas.org\\\/blog\\\/galeria\\\/juntos-cambiamos-vidas-2024\\\/#breadcrumb\"},\"inLanguage\":\"es\",\"potentialAction\":[{\"@type\":\"ReadAction\",\"target\":[\"https:\\\/\\\/www.coaliciondelasamericas.org\\\/blog\\\/galeria\\\/juntos-cambiamos-vidas-2024\\\/\"]}]},{\"@type\":\"ImageObject\",\"inLanguage\":\"es\",\"@id\":\"https:\\\/\\\/www.coaliciondelasamericas.org\\\/blog\\\/galeria\\\/juntos-cambiamos-vidas-2024\\\/#primaryimage\",\"url\":\"https:\\\/\\\/www.coaliciondelasamericas.org\\\/blog\\\/wp-content\\\/uploads\\\/2024\\\/05\\\/440178322_18238408486248963_7696189348157887808_n.jpg\",\"contentUrl\":\"https:\\\/\\\/www.coaliciondelasamericas.org\\\/blog\\\/wp-content\\\/uploads\\\/2024\\\/05\\\/440178322_18238408486248963_7696189348157887808_n.jpg\",\"width\":1080,\"height\":1080},{\"@type\":\"BreadcrumbList\",\"@id\":\"https:\\\/\\\/www.coaliciondelasamericas.org\\\/blog\\\/galeria\\\/juntos-cambiamos-vidas-2024\\\/#breadcrumb\",\"itemListElement\":[{\"@type\":\"ListItem\",\"position\":1,\"name\":\"Portada\",\"item\":\"https:\\\/\\\/www.coaliciondelasamericas.org\\\/blog\\\/\"},{\"@type\":\"ListItem\",\"position\":2,\"name\":\"Galer\u00eda\",\"item\":\"https:\\\/\\\/www.coaliciondelasamericas.org\\\/blog\\\/galeria\\\/\"},{\"@type\":\"ListItem\",\"position\":3,\"name\":\"Juntos Cambiamos Vidas 2024\"}]},{\"@type\":\"WebSite\",\"@id\":\"https:\\\/\\\/www.coaliciondelasamericas.org\\\/blog\\\/#website\",\"url\":\"https:\\\/\\\/www.coaliciondelasamericas.org\\\/blog\\\/\",\"name\":\"Coalici&oacute;n de las Am&eacute;ricas\",\"description\":\"Lideres Unidos por el Bienestar de la Hemofilia\",\"publisher\":{\"@id\":\"https:\\\/\\\/www.coaliciondelasamericas.org\\\/blog\\\/#organization\"},\"potentialAction\":[{\"@type\":\"SearchAction\",\"target\":{\"@type\":\"EntryPoint\",\"urlTemplate\":\"https:\\\/\\\/www.coaliciondelasamericas.org\\\/blog\\\/?s={search_term_string}\"},\"query-input\":{\"@type\":\"PropertyValueSpecification\",\"valueRequired\":true,\"valueName\":\"search_term_string\"}}],\"inLanguage\":\"es\"},{\"@type\":\"Organization\",\"@id\":\"https:\\\/\\\/www.coaliciondelasamericas.org\\\/blog\\\/#organization\",\"name\":\"Coalici&oacute;n de las Am&eacute;ricas\",\"url\":\"https:\\\/\\\/www.coaliciondelasamericas.org\\\/blog\\\/\",\"logo\":{\"@type\":\"ImageObject\",\"inLanguage\":\"es\",\"@id\":\"https:\\\/\\\/www.coaliciondelasamericas.org\\\/blog\\\/#\\\/schema\\\/logo\\\/image\\\/\",\"url\":\"https:\\\/\\\/www.coaliciondelasamericas.org\\\/blog\\\/wp-content\\\/uploads\\\/2023\\\/03\\\/cropped-01-Portada-02.png\",\"contentUrl\":\"https:\\\/\\\/www.coaliciondelasamericas.org\\\/blog\\\/wp-content\\\/uploads\\\/2023\\\/03\\\/cropped-01-Portada-02.png\",\"width\":300,\"height\":130,\"caption\":\"Coalici&oacute;n de las Am&eacute;ricas\"},\"image\":{\"@id\":\"https:\\\/\\\/www.coaliciondelasamericas.org\\\/blog\\\/#\\\/schema\\\/logo\\\/image\\\/\"}}]}<\/script>\n<!-- \/ Yoast SEO plugin. -->","yoast_head_json":{"title":"Juntos Cambiamos Vidas 2024 - Coalici&oacute;n de las Am&eacute;ricas","description":"Juntos Cambiamos Vidas, La Coalici\u00f3n de las Am\u00e9ricas representada por el Coordinador General Lic. Antonio G\u00f3mez Cavallini","robots":{"index":"index","follow":"follow","max-snippet":"max-snippet:-1","max-image-preview":"max-image-preview:large","max-video-preview":"max-video-preview:-1"},"canonical":"https:\/\/www.coaliciondelasamericas.org\/blog\/galeria\/juntos-cambiamos-vidas-2024\/","og_locale":"es_ES","og_type":"article","og_title":"Juntos Cambiamos Vidas 2024 - Coalici&oacute;n de las Am&eacute;ricas","og_description":"Juntos Cambiamos Vidas, La Coalici\u00f3n de las Am\u00e9ricas representada por el Coordinador General Lic. Antonio G\u00f3mez Cavallini","og_url":"https:\/\/www.coaliciondelasamericas.org\/blog\/galeria\/juntos-cambiamos-vidas-2024\/","og_site_name":"Coalici&oacute;n de las Am&eacute;ricas","article_modified_time":"2024-05-03T22:25:26+00:00","og_image":[{"url":"https:\/\/www.coaliciondelasamericas.org\/blog\/wp-content\/uploads\/2024\/05\/440178322_18238408486248963_7696189348157887808_n-1024x1024.jpg","type":"","width":"","height":""}],"twitter_card":"summary_large_image","twitter_misc":{"Tiempo de lectura":"2 minutos"},"schema":{"@context":"https:\/\/schema.org","@graph":[{"@type":"WebPage","@id":"https:\/\/www.coaliciondelasamericas.org\/blog\/galeria\/juntos-cambiamos-vidas-2024\/","url":"https:\/\/www.coaliciondelasamericas.org\/blog\/galeria\/juntos-cambiamos-vidas-2024\/","name":"Juntos Cambiamos Vidas 2024 - Coalici&oacute;n de las Am&eacute;ricas","isPartOf":{"@id":"https:\/\/www.coaliciondelasamericas.org\/blog\/#website"},"primaryImageOfPage":{"@id":"https:\/\/www.coaliciondelasamericas.org\/blog\/galeria\/juntos-cambiamos-vidas-2024\/#primaryimage"},"image":{"@id":"https:\/\/www.coaliciondelasamericas.org\/blog\/galeria\/juntos-cambiamos-vidas-2024\/#primaryimage"},"thumbnailUrl":"https:\/\/www.coaliciondelasamericas.org\/blog\/wp-content\/uploads\/2024\/05\/440178322_18238408486248963_7696189348157887808_n-1024x1024.jpg","datePublished":"2024-04-29T17:23:55+00:00","dateModified":"2024-05-03T22:25:26+00:00","description":"Juntos Cambiamos Vidas, La Coalici\u00f3n de las Am\u00e9ricas representada por el Coordinador General Lic. Antonio G\u00f3mez Cavallini","breadcrumb":{"@id":"https:\/\/www.coaliciondelasamericas.org\/blog\/galeria\/juntos-cambiamos-vidas-2024\/#breadcrumb"},"inLanguage":"es","potentialAction":[{"@type":"ReadAction","target":["https:\/\/www.coaliciondelasamericas.org\/blog\/galeria\/juntos-cambiamos-vidas-2024\/"]}]},{"@type":"ImageObject","inLanguage":"es","@id":"https:\/\/www.coaliciondelasamericas.org\/blog\/galeria\/juntos-cambiamos-vidas-2024\/#primaryimage","url":"https:\/\/www.coaliciondelasamericas.org\/blog\/wp-content\/uploads\/2024\/05\/440178322_18238408486248963_7696189348157887808_n.jpg","contentUrl":"https:\/\/www.coaliciondelasamericas.org\/blog\/wp-content\/uploads\/2024\/05\/440178322_18238408486248963_7696189348157887808_n.jpg","width":1080,"height":1080},{"@type":"BreadcrumbList","@id":"https:\/\/www.coaliciondelasamericas.org\/blog\/galeria\/juntos-cambiamos-vidas-2024\/#breadcrumb","itemListElement":[{"@type":"ListItem","position":1,"name":"Portada","item":"https:\/\/www.coaliciondelasamericas.org\/blog\/"},{"@type":"ListItem","position":2,"name":"Galer\u00eda","item":"https:\/\/www.coaliciondelasamericas.org\/blog\/galeria\/"},{"@type":"ListItem","position":3,"name":"Juntos Cambiamos Vidas 2024"}]},{"@type":"WebSite","@id":"https:\/\/www.coaliciondelasamericas.org\/blog\/#website","url":"https:\/\/www.coaliciondelasamericas.org\/blog\/","name":"Coalici&oacute;n de las Am&eacute;ricas","description":"Lideres Unidos por el Bienestar de la Hemofilia","publisher":{"@id":"https:\/\/www.coaliciondelasamericas.org\/blog\/#organization"},"potentialAction":[{"@type":"SearchAction","target":{"@type":"EntryPoint","urlTemplate":"https:\/\/www.coaliciondelasamericas.org\/blog\/?s={search_term_string}"},"query-input":{"@type":"PropertyValueSpecification","valueRequired":true,"valueName":"search_term_string"}}],"inLanguage":"es"},{"@type":"Organization","@id":"https:\/\/www.coaliciondelasamericas.org\/blog\/#organization","name":"Coalici&oacute;n de las Am&eacute;ricas","url":"https:\/\/www.coaliciondelasamericas.org\/blog\/","logo":{"@type":"ImageObject","inLanguage":"es","@id":"https:\/\/www.coaliciondelasamericas.org\/blog\/#\/schema\/logo\/image\/","url":"https:\/\/www.coaliciondelasamericas.org\/blog\/wp-content\/uploads\/2023\/03\/cropped-01-Portada-02.png","contentUrl":"https:\/\/www.coaliciondelasamericas.org\/blog\/wp-content\/uploads\/2023\/03\/cropped-01-Portada-02.png","width":300,"height":130,"caption":"Coalici&oacute;n de las Am&eacute;ricas"},"image":{"@id":"https:\/\/www.coaliciondelasamericas.org\/blog\/#\/schema\/logo\/image\/"}}]}},"_links":{"self":[{"href":"https:\/\/www.coaliciondelasamericas.org\/blog\/wp-json\/wp\/v2\/pages\/3412","targetHints":{"allow":["GET"]}}],"collection":[{"href":"https:\/\/www.coaliciondelasamericas.org\/blog\/wp-json\/wp\/v2\/pages"}],"about":[{"href":"https:\/\/www.coaliciondelasamericas.org\/blog\/wp-json\/wp\/v2\/types\/page"}],"author":[{"embeddable":true,"href":"https:\/\/www.coaliciondelasamericas.org\/blog\/wp-json\/wp\/v2\/users\/1"}],"replies":[{"embeddable":true,"href":"https:\/\/www.coaliciondelasamericas.org\/blog\/wp-json\/wp\/v2\/comments?post=3412"}],"version-history":[{"count":8,"href":"https:\/\/www.coaliciondelasamericas.org\/blog\/wp-json\/wp\/v2\/pages\/3412\/revisions"}],"predecessor-version":[{"id":3562,"href":"https:\/\/www.coaliciondelasamericas.org\/blog\/wp-json\/wp\/v2\/pages\/3412\/revisions\/3562"}],"up":[{"embeddable":true,"href":"https:\/\/www.coaliciondelasamericas.org\/blog\/wp-json\/wp\/v2\/pages\/42"}],"wp:attachment":[{"href":"https:\/\/www.coaliciondelasamericas.org\/blog\/wp-json\/wp\/v2\/media?parent=3412"}],"curies":[{"name":"wp","href":"https:\/\/api.w.org\/{rel}","templated":true}]}}