{"id":3324,"date":"2024-04-09T01:18:05","date_gmt":"2024-04-09T01:18:05","guid":{"rendered":"https:\/\/www.coaliciondelasamericas.org\/blog\/?page_id=3324"},"modified":"2024-05-03T20:51:05","modified_gmt":"2024-05-03T20:51:05","slug":"gestion-y-transferencia-del-conocimiento","status":"publish","type":"page","link":"https:\/\/www.coaliciondelasamericas.org\/blog\/estudios\/gestion-y-transferencia-del-conocimiento\/","title":{"rendered":"Gesti\u00f3n y Transferencia del conocimiento"},"content":{"rendered":"\n<p class=\"has-text-align-center\">Organizaciones Nacionales Miembros <br>Propuesta de Trabajo Bianual<\/p>\n\n\n\n<div class=\"wp-block-columns is-layout-flex wp-container-core-columns-is-layout-28f84493 wp-block-columns-is-layout-flex\">\n<div class=\"wp-block-column is-layout-flow wp-block-column-is-layout-flow\" style=\"flex-basis:80%\">\n<p><strong>FUNDAMENTACI\u00d3N<\/strong><br>Am\u00e9rica en estas \u00faltimas d\u00e9cadas ha tenido grandes avances en lo referente a las personas con hemofilia como as\u00ed tambi\u00e9n de otros trastornos del sangrado \/ coagulaci\u00f3n; esto es en gran medida al trabajo de la Federaci\u00f3n Mundial de Hemofilia (FMH) y el compromiso de las Organizaciones Nacionales Miembros (ONM) de llevar adelante diversos Planes Estrat\u00e9gicos, siendo el 2021-2025 quien plasma la premisa \u201cTratamiento Para Todos\u201d.<\/p>\n<\/div>\n\n\n\n<div class=\"wp-block-column is-layout-flow wp-block-column-is-layout-flow\" style=\"flex-basis:20%\">\n<figure class=\"wp-block-image size-full\"><img loading=\"lazy\" decoding=\"async\" width=\"149\" height=\"148\" src=\"https:\/\/www.coaliciondelasamericas.org\/blog\/wp-content\/uploads\/2024\/04\/sucesion-00.jpg\" alt=\"\" class=\"wp-image-3325\"\/><\/figure>\n<\/div>\n<\/div>\n\n\n\n<p>Llegar a este punto fue gracias al compromiso de las ONM de mejora de los registros de pacientes, y la articulaci\u00f3n con los Proveedores de Atenci\u00f3n Medica (PAM) para el acceso a los tratamientos como as\u00ed tambi\u00e9n nuevas terapias, que no solo han mejorado la calidad de vida de las personas con trastornos de coagulaci\u00f3n y sus familias, sino que ha demostrado el valor preponderante que tienen las ONM en cada pa\u00eds; esto ha llevado a la FMH a poner como prioridad para este plan estrat\u00e9gico quinquenal el \u201cEstablecer normas de excelencia para ONM y apoyar su adopci\u00f3n\u201d.1<\/p>\n\n\n\n<p>Esta posici\u00f3n que han tomado, como constructores de lazos sociales, consolidando estrategias de acci\u00f3n de manera continental han permitido, por ejemplo: el empoderamiento a los pacientes y sus familias, el incremento de los registros de pacientes en cada pa\u00eds y de mayor acceso a diversas terapias2. Todo esto se ha podido lograr gracias al compromiso de redise\u00f1o de las ofertas educativas y de capacitaci\u00f3n, tanto de la FMH como de la Coalici\u00f3n de las Am\u00e9rica (COA), a fin de maximizar el impacto en las ONM.<\/p>\n\n\n\n<p>Se evidencia que los logros alcanzados en esta \u00faltima d\u00e9cada son gracias al trabajo y la concentraci\u00f3n de esfuerzos de las ONM en la optimizaci\u00f3n de los recursos. El capital humano, con el que cuentan, no solo que es diverso, sino que ha sido formado para fortalecer sus labores a fin de mejorar el acceso a la atenci\u00f3n y el tratamiento en su pa\u00eds. De esta articulaci\u00f3n FMH \u2013 COA \u2013 ONM se puede alcanzar la principal meta: un mayor acceso al diagn\u00f3stico,  tratamiento y cuidado de las personas que viven con trastornos de la coagulaci\u00f3n.<\/p>\n\n\n\n<p>Es importante mencionar que Am\u00e9rica Latina y Caribe es hoy, seg\u00fan datos de la FMH, el continente que mas crecimiento tiene en la registraci\u00f3n sostenida de pacientes y por ende el que mas oportunidades de acceso y tratamiento va a requerir. Si vemos por ejemplo Europa, actualmente cuenta con un \u201ctecho\u201d en relaci\u00f3n a la registraci\u00f3n de nuevos pacientes no identificados ya que tiene altos porcentajes por pa\u00eds y en su totalidad de registro, lo mismo sucede con USA y Canada. Estos  ejemplos adem\u00e1s cuentan con recursos para garantizar tratamientos de ultima generaci\u00f3n y nuevas terapias, haciendo entonces que las generaciones venideras ya tengan incorporados algunos conceptos necesarios para seguir por ese camino. En nuestro continente eso se debe construir, es decir, a las nuevas generaciones hay que brindarles los conocimientos de la ONM y sus lideres actuales pero tambi\u00e9n hay que sembrar la necesidad de abrir sus ideas de tratamiento para que puedan pensar en opciones diferentes, sino podr\u00e1n continuar con el mismo modelo de gesti\u00f3n y as\u00ed perdiendo la<br>oportunidad de innovar con otras alternativas.<\/p>\n\n\n\n<p>Para que estas acciones perduren en el tiempo y sus logros contin\u00faen dando frutos es necesarios que las ONM desarrollen nuevas competencias, y para ello es necesaria la retroalimentaci\u00f3n interna: <strong>promocionando, valorando y gestionando el conocimiento entre todos los miembros de la Organizaci\u00f3n<\/strong>.<\/p>\n\n\n\n<p>Claramente que el Siglo XXI nos presenta grandes desaf\u00edos: avances en las terapias, nuevos mecanismos de compras y la tendencia de poner nuevamente en valor al paciente en el proceso de toma de decisiones del tratamiento y sobre todo nuevos rumbos y desaf\u00edos para las ONM donde deben examinar sus modelos de cabildeo y avanzar en un proceso de profesionalizaci\u00f3n de sus miembros como modernizaci\u00f3n\/innovaci\u00f3n de sus procesos.<br><br>La COA junto a la FMH ve ineludible que para alcanzar las prioridades estrat\u00e9gicas 2021-2025, durante los pr\u00f3ximos a\u00f1os, <strong>resulta necesario brindar herramientas te\u00f3ricas como pr\u00e1cticas para comenzar con el proceso de gesti\u00f3n y transferencia de conocimiento dentro de las ONM<\/strong>. Para alcanzar estos objetivos es vital la participaci\u00f3n y compromiso de todos y cada uno de los miembros de la ONM como as\u00ed tambi\u00e9n incentivar la incorporaci\u00f3n de j\u00f3venes para dar comienzo a la transferencia del activo intangible m\u00e1s preciado que es el conocimiento; as\u00ed las ONM comienzan un proceso de consolidaci\u00f3n<br>y sostenibilidad de la gesti\u00f3n del conocimiento. <\/p>\n\n\n\n<p><strong>ESTADO DE SITUACI\u00d3N<br><\/strong>Las ONM que integran la COA, son organizaciones nacionales de hemofilia que representan los intereses de las personas con hemofilia y otros trastornos de la coagulaci\u00f3n hereditarios en sus respectivos pa\u00edses.3<\/p>\n\n\n\n<p>La constituci\u00f3n de estas se ha dado por m\u00e9dicos, familiares y\/o pacientes con alg\u00fan tipo de trastornos del sangrado\/coagulaci\u00f3n; todas ellas han sido reconocidas por la FMH como ONM y desde entonces sus lideres, directivos como miembros han estado abocados a mantenerla.<\/p>\n\n\n\n<p>Hoy la COA ve necesario comenzar a enfocar a las ONM hacia la creaci\u00f3n de valor y a la idoneidad sostenida, dos elementos imprescindibles en el entorno actual, caracterizado por los cambios y la necesidad imperiosa de adaptaci\u00f3n a nuevas realidades.<\/p>\n\n\n\n<p>Para ello la Gesti\u00f3n del Conocimiento que deben realizar los miembros con mayor trayectoria a las nuevas generaciones que se incorporan resulta fundamental no solo para delimitar la visi\u00f3n, los procesos y estructuras sino tambi\u00e9n orientar las nuevas estrategias con los PAM.<\/p>\n\n\n\n<p><br><strong>PLAN DE ACCI\u00d3N<\/strong><br>El plan de trabajo con las ONM ser\u00e1 una hoja de ruta que tiene metas y objetivos, respet\u00e1ndose la identidad de cada Organizaci\u00f3n porque entendemos que cada Pa\u00eds tiene su idiosincrasia, y habr\u00e1 tantos caminos como ONM para alcanzar las metas, cumplir los objetivos y lograr resultados dentro de los pr\u00f3ximos 12 meses en el marco del plan de trabajo propuesto. <\/p>\n\n\n\n<p>Se debe entender que la gesti\u00f3n del cambio consiste en el acompa\u00f1amiento de las personas en las organizaciones durante el tr\u00e1nsito de la situaci\u00f3n actual a la situaci\u00f3n deseada; bajo este marco se abordaran:<br>* Herramientas para facilitar la implementaci\u00f3n de las estrategias de forma exitosa de los procesos de transformaci\u00f3n.<br>* Identificaci\u00f3n y abordaje de factores antagonistas: resistencia personal \u2013 barreras organizacionales.<br>* Caracterizaci\u00f3n y gesti\u00f3n de los factores de compromiso.<br>* Percepci\u00f3n de las Fortalezas, Oportunidades, Debilidades y Amenazas por parte de las ONM<br>* Dise\u00f1o de plan estrat\u00e9gico de acci\u00f3n para la ONM<br>* Nuevas formas de realizar seguimiento y monitoreo de los procesos de cambio y consolidaci\u00f3n de los nuevos h\u00e1bitos de manera eficaz.<\/p>\n\n\n\n<figure class=\"wp-block-image size-full is-resized\"><img loading=\"lazy\" decoding=\"async\" width=\"784\" height=\"518\" src=\"https:\/\/www.coaliciondelasamericas.org\/blog\/wp-content\/uploads\/2024\/04\/sucesion-01.jpg\" alt=\"\" class=\"wp-image-3326\" style=\"width:787px;height:auto\" srcset=\"https:\/\/www.coaliciondelasamericas.org\/blog\/wp-content\/uploads\/2024\/04\/sucesion-01.jpg 784w, https:\/\/www.coaliciondelasamericas.org\/blog\/wp-content\/uploads\/2024\/04\/sucesion-01-300x198.jpg 300w, https:\/\/www.coaliciondelasamericas.org\/blog\/wp-content\/uploads\/2024\/04\/sucesion-01-768x507.jpg 768w\" sizes=\"auto, (max-width: 784px) 100vw, 784px\" \/><\/figure>\n\n\n\n<div class=\"wp-block-columns is-layout-flex wp-container-core-columns-is-layout-28f84493 wp-block-columns-is-layout-flex\">\n<div class=\"wp-block-column is-layout-flow wp-block-column-is-layout-flow\"><\/div>\n\n\n\n<div class=\"wp-block-column is-layout-flow wp-block-column-is-layout-flow\">\n<figure class=\"wp-block-image aligncenter size-full is-resized\"><a href=\"https:\/\/www.coaliciondelasamericas.org\/blog\/wp-content\/uploads\/2024\/04\/Gestion-y-Transferencia-de-Conocimientos-WEB-ESP.pdf\" target=\"_blank\" rel=\"noreferrer noopener\"><img loading=\"lazy\" decoding=\"async\" width=\"235\" height=\"214\" src=\"https:\/\/www.coaliciondelasamericas.org\/blog\/wp-content\/uploads\/2024\/03\/archivo-pdf.png\" alt=\"Pdf\" class=\"wp-image-3238\" style=\"width:134px;height:auto\"\/><\/a><\/figure>\n<\/div>\n\n\n\n<div class=\"wp-block-column is-layout-flow wp-block-column-is-layout-flow\"><\/div>\n<\/div>\n\n\n\n<hr class=\"wp-block-separator has-text-color has-black-color has-alpha-channel-opacity has-black-background-color has-background\"\/>\n\n\n\n<p class=\"has-small-font-size\">1 Plan Estrat\u00e9gico 2021-2025 de la Federaci\u00f3n Mundial de Hemofilia. Disponible en <a href=\"https:\/\/wfh.org\/\" target=\"_blank\" rel=\"noreferrer noopener\">https:\/\/wfh.org\/<\/a><\/p>\n\n\n\n<p class=\"has-small-font-size\">2 Encuesta Global Anual de la Federaci\u00f3n Mundial de la Hemofilia. Disponible en <a href=\"https:\/\/wfh.org\/es\/investigacion-y-recoleccion-de-datos\/sondeo-mundial-anual\/\" target=\"_blank\" rel=\"noreferrer noopener\">https:\/\/wfh.org\/es\/investigacion-y-recoleccion-de-datos\/sondeo-mundial-anual\/<\/a><\/p>\n\n\n\n<p class=\"has-small-font-size\">3 <a href=\"https:\/\/wfh.org\/es\/encuentre-apoyo-local\/\" target=\"_blank\" rel=\"noreferrer noopener\">https:\/\/wfh.org\/es\/encuentre-apoyo-local\/<\/a><\/p>\n","protected":false},"excerpt":{"rendered":"<p>Organizaciones Nacionales Miembros Propuesta de Trabajo Bianual FUNDAMENTACI\u00d3NAm\u00e9rica en estas \u00faltimas d\u00e9cadas ha tenido grandes avances en lo referente a<\/p>\n","protected":false},"author":1,"featured_media":0,"parent":1741,"menu_order":-1,"comment_status":"closed","ping_status":"closed","template":"","meta":{"colormag_page_container_layout":"no_sidebar_content_centered","colormag_page_sidebar_layout":"no_sidebar","_coblocks_attr":"","_coblocks_dimensions":"","_coblocks_responsive_height":"","_coblocks_accordion_ie_support":"","_monsterinsights_skip_tracking":false,"_monsterinsights_sitenote_active":false,"_monsterinsights_sitenote_note":"","_monsterinsights_sitenote_category":0,"footnotes":""},"class_list":["post-3324","page","type-page","status-publish","hentry"],"yoast_head":"<!-- This site is optimized with the Yoast SEO plugin v27.4 - https:\/\/yoast.com\/product\/yoast-seo-wordpress\/ -->\n<title>Gesti\u00f3n y Transferencia del conocimiento - Coalici&oacute;n de las Am&eacute;ricas<\/title>\n<meta name=\"description\" content=\"Am\u00e9rica en estas \u00faltimas d\u00e9cadas ha tenido grandes avances en lo referente a las personas con hemofilia como as\u00ed tambi\u00e9n de otros trastornos.\" \/>\n<meta name=\"robots\" content=\"index, follow, max-snippet:-1, max-image-preview:large, max-video-preview:-1\" \/>\n<link rel=\"canonical\" href=\"https:\/\/www.coaliciondelasamericas.org\/blog\/estudios\/gestion-y-transferencia-del-conocimiento\/\" \/>\n<meta property=\"og:locale\" content=\"es_ES\" \/>\n<meta property=\"og:type\" content=\"article\" \/>\n<meta property=\"og:title\" content=\"Gesti\u00f3n y Transferencia del conocimiento - Coalici&oacute;n de las Am&eacute;ricas\" \/>\n<meta property=\"og:description\" content=\"Am\u00e9rica en estas \u00faltimas d\u00e9cadas ha tenido grandes avances en lo referente a las personas con hemofilia como as\u00ed tambi\u00e9n de otros trastornos.\" \/>\n<meta property=\"og:url\" content=\"https:\/\/www.coaliciondelasamericas.org\/blog\/estudios\/gestion-y-transferencia-del-conocimiento\/\" \/>\n<meta property=\"og:site_name\" content=\"Coalici&oacute;n de las Am&eacute;ricas\" \/>\n<meta property=\"article:modified_time\" content=\"2024-05-03T20:51:05+00:00\" \/>\n<meta property=\"og:image\" content=\"https:\/\/www.coaliciondelasamericas.org\/blog\/wp-content\/uploads\/2024\/04\/sucesion-00.jpg\" \/>\n<meta name=\"twitter:card\" content=\"summary_large_image\" \/>\n<meta name=\"twitter:label1\" content=\"Tiempo de lectura\" \/>\n\t<meta name=\"twitter:data1\" content=\"6 minutos\" \/>\n<script type=\"application\/ld+json\" class=\"yoast-schema-graph\">{\"@context\":\"https:\\\/\\\/schema.org\",\"@graph\":[{\"@type\":\"WebPage\",\"@id\":\"https:\\\/\\\/www.coaliciondelasamericas.org\\\/blog\\\/estudios\\\/gestion-y-transferencia-del-conocimiento\\\/\",\"url\":\"https:\\\/\\\/www.coaliciondelasamericas.org\\\/blog\\\/estudios\\\/gestion-y-transferencia-del-conocimiento\\\/\",\"name\":\"Gesti\u00f3n y Transferencia del conocimiento - Coalici&oacute;n de las Am&eacute;ricas\",\"isPartOf\":{\"@id\":\"https:\\\/\\\/www.coaliciondelasamericas.org\\\/blog\\\/#website\"},\"primaryImageOfPage\":{\"@id\":\"https:\\\/\\\/www.coaliciondelasamericas.org\\\/blog\\\/estudios\\\/gestion-y-transferencia-del-conocimiento\\\/#primaryimage\"},\"image\":{\"@id\":\"https:\\\/\\\/www.coaliciondelasamericas.org\\\/blog\\\/estudios\\\/gestion-y-transferencia-del-conocimiento\\\/#primaryimage\"},\"thumbnailUrl\":\"https:\\\/\\\/www.coaliciondelasamericas.org\\\/blog\\\/wp-content\\\/uploads\\\/2024\\\/04\\\/sucesion-00.jpg\",\"datePublished\":\"2024-04-09T01:18:05+00:00\",\"dateModified\":\"2024-05-03T20:51:05+00:00\",\"description\":\"Am\u00e9rica en estas \u00faltimas d\u00e9cadas ha tenido grandes avances en lo referente a las personas con hemofilia como as\u00ed tambi\u00e9n de otros trastornos.\",\"breadcrumb\":{\"@id\":\"https:\\\/\\\/www.coaliciondelasamericas.org\\\/blog\\\/estudios\\\/gestion-y-transferencia-del-conocimiento\\\/#breadcrumb\"},\"inLanguage\":\"es\",\"potentialAction\":[{\"@type\":\"ReadAction\",\"target\":[\"https:\\\/\\\/www.coaliciondelasamericas.org\\\/blog\\\/estudios\\\/gestion-y-transferencia-del-conocimiento\\\/\"]}]},{\"@type\":\"ImageObject\",\"inLanguage\":\"es\",\"@id\":\"https:\\\/\\\/www.coaliciondelasamericas.org\\\/blog\\\/estudios\\\/gestion-y-transferencia-del-conocimiento\\\/#primaryimage\",\"url\":\"https:\\\/\\\/www.coaliciondelasamericas.org\\\/blog\\\/wp-content\\\/uploads\\\/2024\\\/04\\\/sucesion-00.jpg\",\"contentUrl\":\"https:\\\/\\\/www.coaliciondelasamericas.org\\\/blog\\\/wp-content\\\/uploads\\\/2024\\\/04\\\/sucesion-00.jpg\",\"width\":149,\"height\":148},{\"@type\":\"BreadcrumbList\",\"@id\":\"https:\\\/\\\/www.coaliciondelasamericas.org\\\/blog\\\/estudios\\\/gestion-y-transferencia-del-conocimiento\\\/#breadcrumb\",\"itemListElement\":[{\"@type\":\"ListItem\",\"position\":1,\"name\":\"Portada\",\"item\":\"https:\\\/\\\/www.coaliciondelasamericas.org\\\/blog\\\/\"},{\"@type\":\"ListItem\",\"position\":2,\"name\":\"Proyectos\",\"item\":\"https:\\\/\\\/www.coaliciondelasamericas.org\\\/blog\\\/estudios\\\/\"},{\"@type\":\"ListItem\",\"position\":3,\"name\":\"Gesti\u00f3n y Transferencia del conocimiento\"}]},{\"@type\":\"WebSite\",\"@id\":\"https:\\\/\\\/www.coaliciondelasamericas.org\\\/blog\\\/#website\",\"url\":\"https:\\\/\\\/www.coaliciondelasamericas.org\\\/blog\\\/\",\"name\":\"Coalici&oacute;n de las Am&eacute;ricas\",\"description\":\"Lideres Unidos por el Bienestar de la Hemofilia\",\"publisher\":{\"@id\":\"https:\\\/\\\/www.coaliciondelasamericas.org\\\/blog\\\/#organization\"},\"potentialAction\":[{\"@type\":\"SearchAction\",\"target\":{\"@type\":\"EntryPoint\",\"urlTemplate\":\"https:\\\/\\\/www.coaliciondelasamericas.org\\\/blog\\\/?s={search_term_string}\"},\"query-input\":{\"@type\":\"PropertyValueSpecification\",\"valueRequired\":true,\"valueName\":\"search_term_string\"}}],\"inLanguage\":\"es\"},{\"@type\":\"Organization\",\"@id\":\"https:\\\/\\\/www.coaliciondelasamericas.org\\\/blog\\\/#organization\",\"name\":\"Coalici&oacute;n de las Am&eacute;ricas\",\"url\":\"https:\\\/\\\/www.coaliciondelasamericas.org\\\/blog\\\/\",\"logo\":{\"@type\":\"ImageObject\",\"inLanguage\":\"es\",\"@id\":\"https:\\\/\\\/www.coaliciondelasamericas.org\\\/blog\\\/#\\\/schema\\\/logo\\\/image\\\/\",\"url\":\"https:\\\/\\\/www.coaliciondelasamericas.org\\\/blog\\\/wp-content\\\/uploads\\\/2023\\\/03\\\/cropped-01-Portada-02.png\",\"contentUrl\":\"https:\\\/\\\/www.coaliciondelasamericas.org\\\/blog\\\/wp-content\\\/uploads\\\/2023\\\/03\\\/cropped-01-Portada-02.png\",\"width\":300,\"height\":130,\"caption\":\"Coalici&oacute;n de las Am&eacute;ricas\"},\"image\":{\"@id\":\"https:\\\/\\\/www.coaliciondelasamericas.org\\\/blog\\\/#\\\/schema\\\/logo\\\/image\\\/\"}}]}<\/script>\n<!-- \/ Yoast SEO plugin. -->","yoast_head_json":{"title":"Gesti\u00f3n y Transferencia del conocimiento - Coalici&oacute;n de las Am&eacute;ricas","description":"Am\u00e9rica en estas \u00faltimas d\u00e9cadas ha tenido grandes avances en lo referente a las personas con hemofilia como as\u00ed tambi\u00e9n de otros trastornos.","robots":{"index":"index","follow":"follow","max-snippet":"max-snippet:-1","max-image-preview":"max-image-preview:large","max-video-preview":"max-video-preview:-1"},"canonical":"https:\/\/www.coaliciondelasamericas.org\/blog\/estudios\/gestion-y-transferencia-del-conocimiento\/","og_locale":"es_ES","og_type":"article","og_title":"Gesti\u00f3n y Transferencia del conocimiento - Coalici&oacute;n de las Am&eacute;ricas","og_description":"Am\u00e9rica en estas \u00faltimas d\u00e9cadas ha tenido grandes avances en lo referente a las personas con hemofilia como as\u00ed tambi\u00e9n de otros trastornos.","og_url":"https:\/\/www.coaliciondelasamericas.org\/blog\/estudios\/gestion-y-transferencia-del-conocimiento\/","og_site_name":"Coalici&oacute;n de las Am&eacute;ricas","article_modified_time":"2024-05-03T20:51:05+00:00","og_image":[{"url":"https:\/\/www.coaliciondelasamericas.org\/blog\/wp-content\/uploads\/2024\/04\/sucesion-00.jpg","type":"","width":"","height":""}],"twitter_card":"summary_large_image","twitter_misc":{"Tiempo de lectura":"6 minutos"},"schema":{"@context":"https:\/\/schema.org","@graph":[{"@type":"WebPage","@id":"https:\/\/www.coaliciondelasamericas.org\/blog\/estudios\/gestion-y-transferencia-del-conocimiento\/","url":"https:\/\/www.coaliciondelasamericas.org\/blog\/estudios\/gestion-y-transferencia-del-conocimiento\/","name":"Gesti\u00f3n y Transferencia del conocimiento - Coalici&oacute;n de las Am&eacute;ricas","isPartOf":{"@id":"https:\/\/www.coaliciondelasamericas.org\/blog\/#website"},"primaryImageOfPage":{"@id":"https:\/\/www.coaliciondelasamericas.org\/blog\/estudios\/gestion-y-transferencia-del-conocimiento\/#primaryimage"},"image":{"@id":"https:\/\/www.coaliciondelasamericas.org\/blog\/estudios\/gestion-y-transferencia-del-conocimiento\/#primaryimage"},"thumbnailUrl":"https:\/\/www.coaliciondelasamericas.org\/blog\/wp-content\/uploads\/2024\/04\/sucesion-00.jpg","datePublished":"2024-04-09T01:18:05+00:00","dateModified":"2024-05-03T20:51:05+00:00","description":"Am\u00e9rica en estas \u00faltimas d\u00e9cadas ha tenido grandes avances en lo referente a las personas con hemofilia como as\u00ed tambi\u00e9n de otros trastornos.","breadcrumb":{"@id":"https:\/\/www.coaliciondelasamericas.org\/blog\/estudios\/gestion-y-transferencia-del-conocimiento\/#breadcrumb"},"inLanguage":"es","potentialAction":[{"@type":"ReadAction","target":["https:\/\/www.coaliciondelasamericas.org\/blog\/estudios\/gestion-y-transferencia-del-conocimiento\/"]}]},{"@type":"ImageObject","inLanguage":"es","@id":"https:\/\/www.coaliciondelasamericas.org\/blog\/estudios\/gestion-y-transferencia-del-conocimiento\/#primaryimage","url":"https:\/\/www.coaliciondelasamericas.org\/blog\/wp-content\/uploads\/2024\/04\/sucesion-00.jpg","contentUrl":"https:\/\/www.coaliciondelasamericas.org\/blog\/wp-content\/uploads\/2024\/04\/sucesion-00.jpg","width":149,"height":148},{"@type":"BreadcrumbList","@id":"https:\/\/www.coaliciondelasamericas.org\/blog\/estudios\/gestion-y-transferencia-del-conocimiento\/#breadcrumb","itemListElement":[{"@type":"ListItem","position":1,"name":"Portada","item":"https:\/\/www.coaliciondelasamericas.org\/blog\/"},{"@type":"ListItem","position":2,"name":"Proyectos","item":"https:\/\/www.coaliciondelasamericas.org\/blog\/estudios\/"},{"@type":"ListItem","position":3,"name":"Gesti\u00f3n y Transferencia del conocimiento"}]},{"@type":"WebSite","@id":"https:\/\/www.coaliciondelasamericas.org\/blog\/#website","url":"https:\/\/www.coaliciondelasamericas.org\/blog\/","name":"Coalici&oacute;n de las Am&eacute;ricas","description":"Lideres Unidos por el Bienestar de la Hemofilia","publisher":{"@id":"https:\/\/www.coaliciondelasamericas.org\/blog\/#organization"},"potentialAction":[{"@type":"SearchAction","target":{"@type":"EntryPoint","urlTemplate":"https:\/\/www.coaliciondelasamericas.org\/blog\/?s={search_term_string}"},"query-input":{"@type":"PropertyValueSpecification","valueRequired":true,"valueName":"search_term_string"}}],"inLanguage":"es"},{"@type":"Organization","@id":"https:\/\/www.coaliciondelasamericas.org\/blog\/#organization","name":"Coalici&oacute;n de las Am&eacute;ricas","url":"https:\/\/www.coaliciondelasamericas.org\/blog\/","logo":{"@type":"ImageObject","inLanguage":"es","@id":"https:\/\/www.coaliciondelasamericas.org\/blog\/#\/schema\/logo\/image\/","url":"https:\/\/www.coaliciondelasamericas.org\/blog\/wp-content\/uploads\/2023\/03\/cropped-01-Portada-02.png","contentUrl":"https:\/\/www.coaliciondelasamericas.org\/blog\/wp-content\/uploads\/2023\/03\/cropped-01-Portada-02.png","width":300,"height":130,"caption":"Coalici&oacute;n de las Am&eacute;ricas"},"image":{"@id":"https:\/\/www.coaliciondelasamericas.org\/blog\/#\/schema\/logo\/image\/"}}]}},"_links":{"self":[{"href":"https:\/\/www.coaliciondelasamericas.org\/blog\/wp-json\/wp\/v2\/pages\/3324","targetHints":{"allow":["GET"]}}],"collection":[{"href":"https:\/\/www.coaliciondelasamericas.org\/blog\/wp-json\/wp\/v2\/pages"}],"about":[{"href":"https:\/\/www.coaliciondelasamericas.org\/blog\/wp-json\/wp\/v2\/types\/page"}],"author":[{"embeddable":true,"href":"https:\/\/www.coaliciondelasamericas.org\/blog\/wp-json\/wp\/v2\/users\/1"}],"replies":[{"embeddable":true,"href":"https:\/\/www.coaliciondelasamericas.org\/blog\/wp-json\/wp\/v2\/comments?post=3324"}],"version-history":[{"count":6,"href":"https:\/\/www.coaliciondelasamericas.org\/blog\/wp-json\/wp\/v2\/pages\/3324\/revisions"}],"predecessor-version":[{"id":3339,"href":"https:\/\/www.coaliciondelasamericas.org\/blog\/wp-json\/wp\/v2\/pages\/3324\/revisions\/3339"}],"up":[{"embeddable":true,"href":"https:\/\/www.coaliciondelasamericas.org\/blog\/wp-json\/wp\/v2\/pages\/1741"}],"wp:attachment":[{"href":"https:\/\/www.coaliciondelasamericas.org\/blog\/wp-json\/wp\/v2\/media?parent=3324"}],"curies":[{"name":"wp","href":"https:\/\/api.w.org\/{rel}","templated":true}]}}