{"id":332,"date":"2022-08-24T16:51:59","date_gmt":"2022-08-24T16:51:59","guid":{"rendered":"https:\/\/www.coaliciondelasamericas.org\/blog\/?page_id=332"},"modified":"2023-03-15T02:58:33","modified_gmt":"2023-03-15T02:58:33","slug":"galeria-001","status":"publish","type":"page","link":"https:\/\/www.coaliciondelasamericas.org\/blog\/galeria\/galeria-001\/","title":{"rendered":"I Foro de Econom\u00eda de la Salud y Hemofilia en las Am\u00e9ricas"},"content":{"rendered":"\n<p style=\"font-size:14px\">El primer evento organizado y ejecutado por la Coalici\u00f3n de las Am\u00e9ricas (CoA), que cont\u00f3 con la valiosa colaboraci\u00f3n de la Federaci\u00f3n Mundial de Hemofilia (FMH), desarrollado con el formato de FORUM, las buenas noticias de que este evento fue que cada punto de vista fue medido exitosamente.<br>El objetivo del foro fue capacitar a los participantes en el an\u00e1lisis y uso de herramientas y datos relevantes, mejorando as\u00ed el acceso al tratamiento integral en las Am\u00e9ricas y analizando conjuntamente las mejores pr\u00e1cticas para influir en las pol\u00edticas p\u00fablicas y sus estrategias, muy dirigidas a los resultados esperados del WBDR, el estudio PROBE y el Proyecto SELFIE.<\/p>\n\n\n\n<p style=\"font-size:14px\">Participar\u00f3n 15 pa\u00edses de Am\u00e9rica.<\/p>\n\n\n\n<p style=\"font-size:14px\">Argentina, Brazil, Chile, Colombia, Costa Rica, Ecuador, El Salvador, Honduras, Mexico, Panama, Peru, Dominican Republic, Uruguay, USA and Venezuela.<\/p>\n\n\n\n<p class=\"has-small-font-size\">Panam\u00e1. Abril 19, 2018<\/p>\n\n\n\n<figure class=\"wp-block-gallery has-nested-images columns-default is-cropped wp-block-gallery-1 is-layout-flex wp-block-gallery-is-layout-flex\">\n<figure class=\"wp-block-image size-large is-style-default\"><img loading=\"lazy\" decoding=\"async\" width=\"485\" height=\"188\" data-id=\"333\" src=\"https:\/\/www.coaliciondelasamericas.org\/blog\/wp-content\/uploads\/2022\/08\/Panama-001.jpg\" alt=\"\" class=\"wp-image-333\" srcset=\"https:\/\/www.coaliciondelasamericas.org\/blog\/wp-content\/uploads\/2022\/08\/Panama-001.jpg 485w, https:\/\/www.coaliciondelasamericas.org\/blog\/wp-content\/uploads\/2022\/08\/Panama-001-300x116.jpg 300w\" sizes=\"auto, (max-width: 485px) 100vw, 485px\" \/><\/figure>\n\n\n\n<figure class=\"wp-block-image size-large\"><img loading=\"lazy\" decoding=\"async\" width=\"485\" height=\"188\" data-id=\"334\" src=\"https:\/\/www.coaliciondelasamericas.org\/blog\/wp-content\/uploads\/2022\/08\/Panama-002.jpg\" alt=\"\" class=\"wp-image-334\" srcset=\"https:\/\/www.coaliciondelasamericas.org\/blog\/wp-content\/uploads\/2022\/08\/Panama-002.jpg 485w, https:\/\/www.coaliciondelasamericas.org\/blog\/wp-content\/uploads\/2022\/08\/Panama-002-300x116.jpg 300w\" sizes=\"auto, (max-width: 485px) 100vw, 485px\" \/><\/figure>\n\n\n\n<figure class=\"wp-block-image size-large\"><img loading=\"lazy\" decoding=\"async\" width=\"485\" height=\"188\" data-id=\"335\" src=\"https:\/\/www.coaliciondelasamericas.org\/blog\/wp-content\/uploads\/2022\/08\/Panama-003.jpg\" alt=\"\" class=\"wp-image-335\" srcset=\"https:\/\/www.coaliciondelasamericas.org\/blog\/wp-content\/uploads\/2022\/08\/Panama-003.jpg 485w, https:\/\/www.coaliciondelasamericas.org\/blog\/wp-content\/uploads\/2022\/08\/Panama-003-300x116.jpg 300w\" sizes=\"auto, (max-width: 485px) 100vw, 485px\" \/><\/figure>\n\n\n\n<figure class=\"wp-block-image size-large\"><img loading=\"lazy\" decoding=\"async\" width=\"485\" height=\"188\" data-id=\"336\" src=\"https:\/\/www.coaliciondelasamericas.org\/blog\/wp-content\/uploads\/2022\/08\/Panama-004.jpg\" alt=\"\" class=\"wp-image-336\" srcset=\"https:\/\/www.coaliciondelasamericas.org\/blog\/wp-content\/uploads\/2022\/08\/Panama-004.jpg 485w, https:\/\/www.coaliciondelasamericas.org\/blog\/wp-content\/uploads\/2022\/08\/Panama-004-300x116.jpg 300w\" sizes=\"auto, (max-width: 485px) 100vw, 485px\" \/><\/figure>\n\n\n\n<figure class=\"wp-block-image size-large\"><img loading=\"lazy\" decoding=\"async\" width=\"485\" height=\"188\" data-id=\"337\" src=\"https:\/\/www.coaliciondelasamericas.org\/blog\/wp-content\/uploads\/2022\/08\/Panama-005.jpg\" alt=\"\" class=\"wp-image-337\" srcset=\"https:\/\/www.coaliciondelasamericas.org\/blog\/wp-content\/uploads\/2022\/08\/Panama-005.jpg 485w, https:\/\/www.coaliciondelasamericas.org\/blog\/wp-content\/uploads\/2022\/08\/Panama-005-300x116.jpg 300w\" sizes=\"auto, (max-width: 485px) 100vw, 485px\" \/><\/figure>\n\n\n\n<figure class=\"wp-block-image size-large\"><img loading=\"lazy\" decoding=\"async\" width=\"485\" height=\"188\" data-id=\"338\" src=\"https:\/\/www.coaliciondelasamericas.org\/blog\/wp-content\/uploads\/2022\/08\/Panama-006.jpg\" alt=\"\" class=\"wp-image-338\" srcset=\"https:\/\/www.coaliciondelasamericas.org\/blog\/wp-content\/uploads\/2022\/08\/Panama-006.jpg 485w, https:\/\/www.coaliciondelasamericas.org\/blog\/wp-content\/uploads\/2022\/08\/Panama-006-300x116.jpg 300w\" sizes=\"auto, (max-width: 485px) 100vw, 485px\" \/><\/figure>\n\n\n\n<figure class=\"wp-block-image size-large\"><img loading=\"lazy\" decoding=\"async\" width=\"485\" height=\"188\" data-id=\"339\" src=\"https:\/\/www.coaliciondelasamericas.org\/blog\/wp-content\/uploads\/2022\/08\/Panama-007.jpg\" alt=\"\" class=\"wp-image-339\" srcset=\"https:\/\/www.coaliciondelasamericas.org\/blog\/wp-content\/uploads\/2022\/08\/Panama-007.jpg 485w, https:\/\/www.coaliciondelasamericas.org\/blog\/wp-content\/uploads\/2022\/08\/Panama-007-300x116.jpg 300w\" sizes=\"auto, (max-width: 485px) 100vw, 485px\" \/><\/figure>\n\n\n\n<figure class=\"wp-block-image size-large\"><img loading=\"lazy\" decoding=\"async\" width=\"485\" height=\"188\" data-id=\"340\" src=\"https:\/\/www.coaliciondelasamericas.org\/blog\/wp-content\/uploads\/2022\/08\/Panama-008.jpg\" alt=\"\" class=\"wp-image-340\" srcset=\"https:\/\/www.coaliciondelasamericas.org\/blog\/wp-content\/uploads\/2022\/08\/Panama-008.jpg 485w, https:\/\/www.coaliciondelasamericas.org\/blog\/wp-content\/uploads\/2022\/08\/Panama-008-300x116.jpg 300w\" sizes=\"auto, (max-width: 485px) 100vw, 485px\" \/><\/figure>\n\n\n\n<figure class=\"wp-block-image size-large\"><img loading=\"lazy\" decoding=\"async\" width=\"485\" height=\"188\" data-id=\"341\" src=\"https:\/\/www.coaliciondelasamericas.org\/blog\/wp-content\/uploads\/2022\/08\/Panama-009.jpg\" alt=\"\" class=\"wp-image-341\" srcset=\"https:\/\/www.coaliciondelasamericas.org\/blog\/wp-content\/uploads\/2022\/08\/Panama-009.jpg 485w, https:\/\/www.coaliciondelasamericas.org\/blog\/wp-content\/uploads\/2022\/08\/Panama-009-300x116.jpg 300w\" sizes=\"auto, (max-width: 485px) 100vw, 485px\" \/><\/figure>\n\n\n\n<figure class=\"wp-block-image size-large\"><img loading=\"lazy\" decoding=\"async\" width=\"485\" height=\"188\" data-id=\"342\" src=\"https:\/\/www.coaliciondelasamericas.org\/blog\/wp-content\/uploads\/2022\/08\/Panama-010.jpg\" alt=\"\" class=\"wp-image-342\" srcset=\"https:\/\/www.coaliciondelasamericas.org\/blog\/wp-content\/uploads\/2022\/08\/Panama-010.jpg 485w, https:\/\/www.coaliciondelasamericas.org\/blog\/wp-content\/uploads\/2022\/08\/Panama-010-300x116.jpg 300w\" sizes=\"auto, (max-width: 485px) 100vw, 485px\" \/><\/figure>\n\n\n\n<figure class=\"wp-block-image size-large\"><img loading=\"lazy\" decoding=\"async\" width=\"485\" height=\"188\" data-id=\"343\" src=\"https:\/\/www.coaliciondelasamericas.org\/blog\/wp-content\/uploads\/2022\/08\/Panama-011.jpg\" alt=\"\" class=\"wp-image-343\" srcset=\"https:\/\/www.coaliciondelasamericas.org\/blog\/wp-content\/uploads\/2022\/08\/Panama-011.jpg 485w, https:\/\/www.coaliciondelasamericas.org\/blog\/wp-content\/uploads\/2022\/08\/Panama-011-300x116.jpg 300w\" sizes=\"auto, (max-width: 485px) 100vw, 485px\" \/><\/figure>\n\n\n\n<figure class=\"wp-block-image size-large\"><img loading=\"lazy\" decoding=\"async\" width=\"485\" height=\"188\" data-id=\"344\" src=\"https:\/\/www.coaliciondelasamericas.org\/blog\/wp-content\/uploads\/2022\/08\/Panama-012.jpg\" alt=\"\" class=\"wp-image-344\" srcset=\"https:\/\/www.coaliciondelasamericas.org\/blog\/wp-content\/uploads\/2022\/08\/Panama-012.jpg 485w, https:\/\/www.coaliciondelasamericas.org\/blog\/wp-content\/uploads\/2022\/08\/Panama-012-300x116.jpg 300w\" sizes=\"auto, (max-width: 485px) 100vw, 485px\" \/><\/figure>\n<\/figure>\n","protected":false},"excerpt":{"rendered":"<p>El primer evento organizado y ejecutado por la Coalici\u00f3n de las Am\u00e9ricas (CoA), que cont\u00f3 con la valiosa colaboraci\u00f3n de<\/p>\n","protected":false},"author":1,"featured_media":0,"parent":42,"menu_order":1,"comment_status":"closed","ping_status":"closed","template":"","meta":{"colormag_page_container_layout":"no_sidebar_full_width","colormag_page_sidebar_layout":"no_sidebar","_coblocks_attr":"","_coblocks_dimensions":"","_coblocks_responsive_height":"","_coblocks_accordion_ie_support":"","_monsterinsights_skip_tracking":false,"_monsterinsights_sitenote_active":false,"_monsterinsights_sitenote_note":"","_monsterinsights_sitenote_category":0,"footnotes":""},"class_list":["post-332","page","type-page","status-publish","hentry"],"yoast_head":"<!-- This site is optimized with the Yoast SEO plugin v27.4 - https:\/\/yoast.com\/product\/yoast-seo-wordpress\/ -->\n<title>I Foro de Econom\u00eda de la Salud y Hemofilia en las Am\u00e9ricas<\/title>\n<meta name=\"description\" content=\"I Foro de Econom\u00eda de la Salud y Hemofilia en las Am\u00e9ricas, en educaci\u00f3n de nuestra comunidad para su fortalecimiento.\" \/>\n<meta name=\"robots\" content=\"index, follow, max-snippet:-1, max-image-preview:large, max-video-preview:-1\" \/>\n<link rel=\"canonical\" href=\"https:\/\/www.coaliciondelasamericas.org\/blog\/galeria\/galeria-001\/\" \/>\n<meta property=\"og:locale\" content=\"es_ES\" \/>\n<meta property=\"og:type\" content=\"article\" \/>\n<meta property=\"og:title\" content=\"I Foro de Econom\u00eda de la Salud y Hemofilia en las Am\u00e9ricas\" \/>\n<meta property=\"og:description\" content=\"I Foro de Econom\u00eda de la Salud y Hemofilia en las Am\u00e9ricas, en educaci\u00f3n de nuestra comunidad para su fortalecimiento.\" \/>\n<meta property=\"og:url\" content=\"https:\/\/www.coaliciondelasamericas.org\/blog\/galeria\/galeria-001\/\" \/>\n<meta property=\"og:site_name\" content=\"Coalici&oacute;n de las Am&eacute;ricas\" \/>\n<meta property=\"article:modified_time\" content=\"2023-03-15T02:58:33+00:00\" \/>\n<meta property=\"og:image\" content=\"https:\/\/www.coaliciondelasamericas.org\/blog\/wp-content\/uploads\/2022\/08\/Panama-001.jpg\" \/>\n<meta name=\"twitter:card\" content=\"summary_large_image\" \/>\n<meta name=\"twitter:label1\" content=\"Tiempo de lectura\" \/>\n\t<meta name=\"twitter:data1\" content=\"4 minutos\" \/>\n<script type=\"application\/ld+json\" class=\"yoast-schema-graph\">{\"@context\":\"https:\\\/\\\/schema.org\",\"@graph\":[{\"@type\":\"WebPage\",\"@id\":\"https:\\\/\\\/www.coaliciondelasamericas.org\\\/blog\\\/galeria\\\/galeria-001\\\/\",\"url\":\"https:\\\/\\\/www.coaliciondelasamericas.org\\\/blog\\\/galeria\\\/galeria-001\\\/\",\"name\":\"I Foro de Econom\u00eda de la Salud y Hemofilia en las Am\u00e9ricas\",\"isPartOf\":{\"@id\":\"https:\\\/\\\/www.coaliciondelasamericas.org\\\/blog\\\/#website\"},\"primaryImageOfPage\":{\"@id\":\"https:\\\/\\\/www.coaliciondelasamericas.org\\\/blog\\\/galeria\\\/galeria-001\\\/#primaryimage\"},\"image\":{\"@id\":\"https:\\\/\\\/www.coaliciondelasamericas.org\\\/blog\\\/galeria\\\/galeria-001\\\/#primaryimage\"},\"thumbnailUrl\":\"https:\\\/\\\/www.coaliciondelasamericas.org\\\/blog\\\/wp-content\\\/uploads\\\/2022\\\/08\\\/Panama-001.jpg\",\"datePublished\":\"2022-08-24T16:51:59+00:00\",\"dateModified\":\"2023-03-15T02:58:33+00:00\",\"description\":\"I Foro de Econom\u00eda de la Salud y Hemofilia en las Am\u00e9ricas, en educaci\u00f3n de nuestra comunidad para su fortalecimiento.\",\"breadcrumb\":{\"@id\":\"https:\\\/\\\/www.coaliciondelasamericas.org\\\/blog\\\/galeria\\\/galeria-001\\\/#breadcrumb\"},\"inLanguage\":\"es\",\"potentialAction\":[{\"@type\":\"ReadAction\",\"target\":[\"https:\\\/\\\/www.coaliciondelasamericas.org\\\/blog\\\/galeria\\\/galeria-001\\\/\"]}]},{\"@type\":\"ImageObject\",\"inLanguage\":\"es\",\"@id\":\"https:\\\/\\\/www.coaliciondelasamericas.org\\\/blog\\\/galeria\\\/galeria-001\\\/#primaryimage\",\"url\":\"https:\\\/\\\/www.coaliciondelasamericas.org\\\/blog\\\/wp-content\\\/uploads\\\/2022\\\/08\\\/Panama-001.jpg\",\"contentUrl\":\"https:\\\/\\\/www.coaliciondelasamericas.org\\\/blog\\\/wp-content\\\/uploads\\\/2022\\\/08\\\/Panama-001.jpg\",\"width\":485,\"height\":188},{\"@type\":\"BreadcrumbList\",\"@id\":\"https:\\\/\\\/www.coaliciondelasamericas.org\\\/blog\\\/galeria\\\/galeria-001\\\/#breadcrumb\",\"itemListElement\":[{\"@type\":\"ListItem\",\"position\":1,\"name\":\"Portada\",\"item\":\"https:\\\/\\\/www.coaliciondelasamericas.org\\\/blog\\\/\"},{\"@type\":\"ListItem\",\"position\":2,\"name\":\"Galer\u00eda\",\"item\":\"https:\\\/\\\/www.coaliciondelasamericas.org\\\/blog\\\/galeria\\\/\"},{\"@type\":\"ListItem\",\"position\":3,\"name\":\"I Foro de Econom\u00eda de la Salud y Hemofilia en las Am\u00e9ricas\"}]},{\"@type\":\"WebSite\",\"@id\":\"https:\\\/\\\/www.coaliciondelasamericas.org\\\/blog\\\/#website\",\"url\":\"https:\\\/\\\/www.coaliciondelasamericas.org\\\/blog\\\/\",\"name\":\"Coalici&oacute;n de las Am&eacute;ricas\",\"description\":\"Lideres Unidos por el Bienestar de la Hemofilia\",\"publisher\":{\"@id\":\"https:\\\/\\\/www.coaliciondelasamericas.org\\\/blog\\\/#organization\"},\"potentialAction\":[{\"@type\":\"SearchAction\",\"target\":{\"@type\":\"EntryPoint\",\"urlTemplate\":\"https:\\\/\\\/www.coaliciondelasamericas.org\\\/blog\\\/?s={search_term_string}\"},\"query-input\":{\"@type\":\"PropertyValueSpecification\",\"valueRequired\":true,\"valueName\":\"search_term_string\"}}],\"inLanguage\":\"es\"},{\"@type\":\"Organization\",\"@id\":\"https:\\\/\\\/www.coaliciondelasamericas.org\\\/blog\\\/#organization\",\"name\":\"Coalici&oacute;n de las Am&eacute;ricas\",\"url\":\"https:\\\/\\\/www.coaliciondelasamericas.org\\\/blog\\\/\",\"logo\":{\"@type\":\"ImageObject\",\"inLanguage\":\"es\",\"@id\":\"https:\\\/\\\/www.coaliciondelasamericas.org\\\/blog\\\/#\\\/schema\\\/logo\\\/image\\\/\",\"url\":\"https:\\\/\\\/www.coaliciondelasamericas.org\\\/blog\\\/wp-content\\\/uploads\\\/2023\\\/03\\\/cropped-01-Portada-02.png\",\"contentUrl\":\"https:\\\/\\\/www.coaliciondelasamericas.org\\\/blog\\\/wp-content\\\/uploads\\\/2023\\\/03\\\/cropped-01-Portada-02.png\",\"width\":300,\"height\":130,\"caption\":\"Coalici&oacute;n de las Am&eacute;ricas\"},\"image\":{\"@id\":\"https:\\\/\\\/www.coaliciondelasamericas.org\\\/blog\\\/#\\\/schema\\\/logo\\\/image\\\/\"}}]}<\/script>\n<!-- \/ Yoast SEO plugin. -->","yoast_head_json":{"title":"I Foro de Econom\u00eda de la Salud y Hemofilia en las Am\u00e9ricas","description":"I Foro de Econom\u00eda de la Salud y Hemofilia en las Am\u00e9ricas, en educaci\u00f3n de nuestra comunidad para su fortalecimiento.","robots":{"index":"index","follow":"follow","max-snippet":"max-snippet:-1","max-image-preview":"max-image-preview:large","max-video-preview":"max-video-preview:-1"},"canonical":"https:\/\/www.coaliciondelasamericas.org\/blog\/galeria\/galeria-001\/","og_locale":"es_ES","og_type":"article","og_title":"I Foro de Econom\u00eda de la Salud y Hemofilia en las Am\u00e9ricas","og_description":"I Foro de Econom\u00eda de la Salud y Hemofilia en las Am\u00e9ricas, en educaci\u00f3n de nuestra comunidad para su fortalecimiento.","og_url":"https:\/\/www.coaliciondelasamericas.org\/blog\/galeria\/galeria-001\/","og_site_name":"Coalici&oacute;n de las Am&eacute;ricas","article_modified_time":"2023-03-15T02:58:33+00:00","og_image":[{"url":"https:\/\/www.coaliciondelasamericas.org\/blog\/wp-content\/uploads\/2022\/08\/Panama-001.jpg","type":"","width":"","height":""}],"twitter_card":"summary_large_image","twitter_misc":{"Tiempo de lectura":"4 minutos"},"schema":{"@context":"https:\/\/schema.org","@graph":[{"@type":"WebPage","@id":"https:\/\/www.coaliciondelasamericas.org\/blog\/galeria\/galeria-001\/","url":"https:\/\/www.coaliciondelasamericas.org\/blog\/galeria\/galeria-001\/","name":"I Foro de Econom\u00eda de la Salud y Hemofilia en las Am\u00e9ricas","isPartOf":{"@id":"https:\/\/www.coaliciondelasamericas.org\/blog\/#website"},"primaryImageOfPage":{"@id":"https:\/\/www.coaliciondelasamericas.org\/blog\/galeria\/galeria-001\/#primaryimage"},"image":{"@id":"https:\/\/www.coaliciondelasamericas.org\/blog\/galeria\/galeria-001\/#primaryimage"},"thumbnailUrl":"https:\/\/www.coaliciondelasamericas.org\/blog\/wp-content\/uploads\/2022\/08\/Panama-001.jpg","datePublished":"2022-08-24T16:51:59+00:00","dateModified":"2023-03-15T02:58:33+00:00","description":"I Foro de Econom\u00eda de la Salud y Hemofilia en las Am\u00e9ricas, en educaci\u00f3n de nuestra comunidad para su fortalecimiento.","breadcrumb":{"@id":"https:\/\/www.coaliciondelasamericas.org\/blog\/galeria\/galeria-001\/#breadcrumb"},"inLanguage":"es","potentialAction":[{"@type":"ReadAction","target":["https:\/\/www.coaliciondelasamericas.org\/blog\/galeria\/galeria-001\/"]}]},{"@type":"ImageObject","inLanguage":"es","@id":"https:\/\/www.coaliciondelasamericas.org\/blog\/galeria\/galeria-001\/#primaryimage","url":"https:\/\/www.coaliciondelasamericas.org\/blog\/wp-content\/uploads\/2022\/08\/Panama-001.jpg","contentUrl":"https:\/\/www.coaliciondelasamericas.org\/blog\/wp-content\/uploads\/2022\/08\/Panama-001.jpg","width":485,"height":188},{"@type":"BreadcrumbList","@id":"https:\/\/www.coaliciondelasamericas.org\/blog\/galeria\/galeria-001\/#breadcrumb","itemListElement":[{"@type":"ListItem","position":1,"name":"Portada","item":"https:\/\/www.coaliciondelasamericas.org\/blog\/"},{"@type":"ListItem","position":2,"name":"Galer\u00eda","item":"https:\/\/www.coaliciondelasamericas.org\/blog\/galeria\/"},{"@type":"ListItem","position":3,"name":"I Foro de Econom\u00eda de la Salud y Hemofilia en las Am\u00e9ricas"}]},{"@type":"WebSite","@id":"https:\/\/www.coaliciondelasamericas.org\/blog\/#website","url":"https:\/\/www.coaliciondelasamericas.org\/blog\/","name":"Coalici&oacute;n de las Am&eacute;ricas","description":"Lideres Unidos por el Bienestar de la Hemofilia","publisher":{"@id":"https:\/\/www.coaliciondelasamericas.org\/blog\/#organization"},"potentialAction":[{"@type":"SearchAction","target":{"@type":"EntryPoint","urlTemplate":"https:\/\/www.coaliciondelasamericas.org\/blog\/?s={search_term_string}"},"query-input":{"@type":"PropertyValueSpecification","valueRequired":true,"valueName":"search_term_string"}}],"inLanguage":"es"},{"@type":"Organization","@id":"https:\/\/www.coaliciondelasamericas.org\/blog\/#organization","name":"Coalici&oacute;n de las Am&eacute;ricas","url":"https:\/\/www.coaliciondelasamericas.org\/blog\/","logo":{"@type":"ImageObject","inLanguage":"es","@id":"https:\/\/www.coaliciondelasamericas.org\/blog\/#\/schema\/logo\/image\/","url":"https:\/\/www.coaliciondelasamericas.org\/blog\/wp-content\/uploads\/2023\/03\/cropped-01-Portada-02.png","contentUrl":"https:\/\/www.coaliciondelasamericas.org\/blog\/wp-content\/uploads\/2023\/03\/cropped-01-Portada-02.png","width":300,"height":130,"caption":"Coalici&oacute;n de las Am&eacute;ricas"},"image":{"@id":"https:\/\/www.coaliciondelasamericas.org\/blog\/#\/schema\/logo\/image\/"}}]}},"_links":{"self":[{"href":"https:\/\/www.coaliciondelasamericas.org\/blog\/wp-json\/wp\/v2\/pages\/332","targetHints":{"allow":["GET"]}}],"collection":[{"href":"https:\/\/www.coaliciondelasamericas.org\/blog\/wp-json\/wp\/v2\/pages"}],"about":[{"href":"https:\/\/www.coaliciondelasamericas.org\/blog\/wp-json\/wp\/v2\/types\/page"}],"author":[{"embeddable":true,"href":"https:\/\/www.coaliciondelasamericas.org\/blog\/wp-json\/wp\/v2\/users\/1"}],"replies":[{"embeddable":true,"href":"https:\/\/www.coaliciondelasamericas.org\/blog\/wp-json\/wp\/v2\/comments?post=332"}],"version-history":[{"count":7,"href":"https:\/\/www.coaliciondelasamericas.org\/blog\/wp-json\/wp\/v2\/pages\/332\/revisions"}],"predecessor-version":[{"id":1723,"href":"https:\/\/www.coaliciondelasamericas.org\/blog\/wp-json\/wp\/v2\/pages\/332\/revisions\/1723"}],"up":[{"embeddable":true,"href":"https:\/\/www.coaliciondelasamericas.org\/blog\/wp-json\/wp\/v2\/pages\/42"}],"wp:attachment":[{"href":"https:\/\/www.coaliciondelasamericas.org\/blog\/wp-json\/wp\/v2\/media?parent=332"}],"curies":[{"name":"wp","href":"https:\/\/api.w.org\/{rel}","templated":true}]}}