{"id":3124,"date":"2024-03-04T21:59:55","date_gmt":"2024-03-04T21:59:55","guid":{"rendered":"https:\/\/www.coaliciondelasamericas.org\/blog\/?page_id=3124"},"modified":"2024-03-04T21:59:55","modified_gmt":"2024-03-04T21:59:55","slug":"maisa-butemberg-vieira","status":"publish","type":"page","link":"https:\/\/www.coaliciondelasamericas.org\/blog\/comites\/comitedemujeres\/maisa-butemberg-vieira\/","title":{"rendered":"Ma\u00edsa Butemberg Vieira"},"content":{"rendered":"\n<div class=\"wp-block-columns is-layout-flex wp-container-core-columns-is-layout-28f84493 wp-block-columns-is-layout-flex\">\n<div class=\"wp-block-column is-layout-flow wp-block-column-is-layout-flow\">\n<p class=\"has-white-color has-text-color has-link-color wp-elements-7e4ac651328708ea719ac0894fa30934\">.<\/p>\n<\/div>\n\n\n\n<div class=\"wp-block-column is-layout-flow wp-block-column-is-layout-flow\"><\/div>\n\n\n\n<div class=\"wp-block-column is-layout-flow wp-block-column-is-layout-flow\"><\/div>\n<\/div>\n\n\n\n<div class=\"wp-block-columns is-layout-flex wp-container-core-columns-is-layout-28f84493 wp-block-columns-is-layout-flex\">\n<div class=\"wp-block-column is-layout-flow wp-block-column-is-layout-flow\" style=\"flex-basis:33.33%\">\n<figure class=\"wp-block-image size-full\"><img loading=\"lazy\" decoding=\"async\" width=\"480\" height=\"480\" src=\"https:\/\/www.coaliciondelasamericas.org\/blog\/wp-content\/uploads\/2024\/03\/Maisa-Butemberg-Vieira-Bra.jpg\" alt=\"Ma\u00edsa Butemberg Vieira\" class=\"wp-image-3125\" srcset=\"https:\/\/www.coaliciondelasamericas.org\/blog\/wp-content\/uploads\/2024\/03\/Maisa-Butemberg-Vieira-Bra.jpg 480w, https:\/\/www.coaliciondelasamericas.org\/blog\/wp-content\/uploads\/2024\/03\/Maisa-Butemberg-Vieira-Bra-300x300.jpg 300w, https:\/\/www.coaliciondelasamericas.org\/blog\/wp-content\/uploads\/2024\/03\/Maisa-Butemberg-Vieira-Bra-150x150.jpg 150w\" sizes=\"auto, (max-width: 480px) 100vw, 480px\" \/><\/figure>\n<\/div>\n\n\n\n<div class=\"wp-block-column is-layout-flow wp-block-column-is-layout-flow\" style=\"flex-basis:66.66%\">\n<p><strong>MA\u00cdSA BUTEMBERG VIEIRA<\/strong><br>Brasil<\/p>\n\n\n\n<ul class=\"wp-block-list\">\n<li>Voluntaria desde 2011 en la Federa\u00e7\u00e3o Brasileira de Hemofilia<\/li>\n\n\n\n<li>Madre de un adolescente con hemofilia A severa<\/li>\n\n\n\n<li>Segundo Vicepresidente de la Federaci\u00f3n Brasile\u00f1a de Hemofilia<\/li>\n\n\n\n<li>Vicepresidente de Ahesc &#8211; Asociaci\u00f3n de Hem\u00f3filos del Estado del Santa<\/li>\n<\/ul>\n<\/div>\n<\/div>\n\n\n\n<div class=\"wp-block-columns is-layout-flex wp-container-core-columns-is-layout-28f84493 wp-block-columns-is-layout-flex\">\n<div class=\"wp-block-column is-layout-flow wp-block-column-is-layout-flow\">\n<p class=\"has-white-color has-text-color has-link-color wp-elements-7e4ac651328708ea719ac0894fa30934\">.<\/p>\n<\/div>\n\n\n\n<div class=\"wp-block-column is-layout-flow wp-block-column-is-layout-flow\"><\/div>\n\n\n\n<div class=\"wp-block-column is-layout-flow wp-block-column-is-layout-flow\"><\/div>\n<\/div>\n\n\n\n<p><\/p>\n","protected":false},"excerpt":{"rendered":"<p>. MA\u00cdSA BUTEMBERG VIEIRABrasil .<\/p>\n","protected":false},"author":1,"featured_media":0,"parent":2480,"menu_order":2,"comment_status":"closed","ping_status":"closed","template":"","meta":{"colormag_page_container_layout":"no_sidebar_content_centered","colormag_page_sidebar_layout":"no_sidebar","_coblocks_attr":"","_coblocks_dimensions":"","_coblocks_responsive_height":"","_coblocks_accordion_ie_support":"","_monsterinsights_skip_tracking":false,"_monsterinsights_sitenote_active":false,"_monsterinsights_sitenote_note":"","_monsterinsights_sitenote_category":0,"footnotes":""},"class_list":["post-3124","page","type-page","status-publish","hentry"],"yoast_head":"<!-- This site is optimized with the Yoast SEO plugin v27.4 - https:\/\/yoast.com\/product\/yoast-seo-wordpress\/ -->\n<title>Ma\u00edsa Butemberg Vieira - Coalici&oacute;n de las Am&eacute;ricas<\/title>\n<meta name=\"description\" content=\"Voluntaria desde 2011 en la Federa\u00e7\u00e3o Brasileira de Hemofilia, Madre de un adolescente con hemofilia A severa.\" \/>\n<meta name=\"robots\" content=\"index, follow, max-snippet:-1, max-image-preview:large, max-video-preview:-1\" \/>\n<link rel=\"canonical\" href=\"https:\/\/www.coaliciondelasamericas.org\/blog\/comites\/comitedemujeres\/maisa-butemberg-vieira\/\" \/>\n<meta property=\"og:locale\" content=\"es_ES\" \/>\n<meta property=\"og:type\" content=\"article\" \/>\n<meta property=\"og:title\" content=\"Ma\u00edsa Butemberg Vieira - Coalici&oacute;n de las Am&eacute;ricas\" \/>\n<meta property=\"og:description\" content=\"Voluntaria desde 2011 en la Federa\u00e7\u00e3o Brasileira de Hemofilia, Madre de un adolescente con hemofilia A severa.\" \/>\n<meta property=\"og:url\" content=\"https:\/\/www.coaliciondelasamericas.org\/blog\/comites\/comitedemujeres\/maisa-butemberg-vieira\/\" \/>\n<meta property=\"og:site_name\" content=\"Coalici&oacute;n de las Am&eacute;ricas\" \/>\n<meta property=\"og:image\" content=\"https:\/\/www.coaliciondelasamericas.org\/blog\/wp-content\/uploads\/2024\/03\/Maisa-Butemberg-Vieira-Bra.jpg\" \/>\n<meta name=\"twitter:card\" content=\"summary_large_image\" \/>\n<meta name=\"twitter:label1\" content=\"Tiempo de lectura\" \/>\n\t<meta name=\"twitter:data1\" content=\"1 minuto\" \/>\n<script type=\"application\/ld+json\" class=\"yoast-schema-graph\">{\"@context\":\"https:\\\/\\\/schema.org\",\"@graph\":[{\"@type\":\"WebPage\",\"@id\":\"https:\\\/\\\/www.coaliciondelasamericas.org\\\/blog\\\/comites\\\/comitedemujeres\\\/maisa-butemberg-vieira\\\/\",\"url\":\"https:\\\/\\\/www.coaliciondelasamericas.org\\\/blog\\\/comites\\\/comitedemujeres\\\/maisa-butemberg-vieira\\\/\",\"name\":\"Ma\u00edsa Butemberg Vieira - Coalici&oacute;n de las Am&eacute;ricas\",\"isPartOf\":{\"@id\":\"https:\\\/\\\/www.coaliciondelasamericas.org\\\/blog\\\/#website\"},\"primaryImageOfPage\":{\"@id\":\"https:\\\/\\\/www.coaliciondelasamericas.org\\\/blog\\\/comites\\\/comitedemujeres\\\/maisa-butemberg-vieira\\\/#primaryimage\"},\"image\":{\"@id\":\"https:\\\/\\\/www.coaliciondelasamericas.org\\\/blog\\\/comites\\\/comitedemujeres\\\/maisa-butemberg-vieira\\\/#primaryimage\"},\"thumbnailUrl\":\"https:\\\/\\\/www.coaliciondelasamericas.org\\\/blog\\\/wp-content\\\/uploads\\\/2024\\\/03\\\/Maisa-Butemberg-Vieira-Bra.jpg\",\"datePublished\":\"2024-03-04T21:59:55+00:00\",\"description\":\"Voluntaria desde 2011 en la Federa\u00e7\u00e3o Brasileira de Hemofilia, Madre de un adolescente con hemofilia A severa.\",\"breadcrumb\":{\"@id\":\"https:\\\/\\\/www.coaliciondelasamericas.org\\\/blog\\\/comites\\\/comitedemujeres\\\/maisa-butemberg-vieira\\\/#breadcrumb\"},\"inLanguage\":\"es\",\"potentialAction\":[{\"@type\":\"ReadAction\",\"target\":[\"https:\\\/\\\/www.coaliciondelasamericas.org\\\/blog\\\/comites\\\/comitedemujeres\\\/maisa-butemberg-vieira\\\/\"]}]},{\"@type\":\"ImageObject\",\"inLanguage\":\"es\",\"@id\":\"https:\\\/\\\/www.coaliciondelasamericas.org\\\/blog\\\/comites\\\/comitedemujeres\\\/maisa-butemberg-vieira\\\/#primaryimage\",\"url\":\"https:\\\/\\\/www.coaliciondelasamericas.org\\\/blog\\\/wp-content\\\/uploads\\\/2024\\\/03\\\/Maisa-Butemberg-Vieira-Bra.jpg\",\"contentUrl\":\"https:\\\/\\\/www.coaliciondelasamericas.org\\\/blog\\\/wp-content\\\/uploads\\\/2024\\\/03\\\/Maisa-Butemberg-Vieira-Bra.jpg\",\"width\":480,\"height\":480,\"caption\":\"Ma\u00edsa Butemberg Vieira\"},{\"@type\":\"BreadcrumbList\",\"@id\":\"https:\\\/\\\/www.coaliciondelasamericas.org\\\/blog\\\/comites\\\/comitedemujeres\\\/maisa-butemberg-vieira\\\/#breadcrumb\",\"itemListElement\":[{\"@type\":\"ListItem\",\"position\":1,\"name\":\"Portada\",\"item\":\"https:\\\/\\\/www.coaliciondelasamericas.org\\\/blog\\\/\"},{\"@type\":\"ListItem\",\"position\":2,\"name\":\"Comit\u00e9s\",\"item\":\"https:\\\/\\\/www.coaliciondelasamericas.org\\\/blog\\\/comites\\\/\"},{\"@type\":\"ListItem\",\"position\":3,\"name\":\"Comit\u00e9 de Mujeres\",\"item\":\"https:\\\/\\\/www.coaliciondelasamericas.org\\\/blog\\\/comites\\\/comitedemujeres\\\/\"},{\"@type\":\"ListItem\",\"position\":4,\"name\":\"Ma\u00edsa Butemberg Vieira\"}]},{\"@type\":\"WebSite\",\"@id\":\"https:\\\/\\\/www.coaliciondelasamericas.org\\\/blog\\\/#website\",\"url\":\"https:\\\/\\\/www.coaliciondelasamericas.org\\\/blog\\\/\",\"name\":\"Coalici&oacute;n de las Am&eacute;ricas\",\"description\":\"Lideres Unidos por el Bienestar de la Hemofilia\",\"publisher\":{\"@id\":\"https:\\\/\\\/www.coaliciondelasamericas.org\\\/blog\\\/#organization\"},\"potentialAction\":[{\"@type\":\"SearchAction\",\"target\":{\"@type\":\"EntryPoint\",\"urlTemplate\":\"https:\\\/\\\/www.coaliciondelasamericas.org\\\/blog\\\/?s={search_term_string}\"},\"query-input\":{\"@type\":\"PropertyValueSpecification\",\"valueRequired\":true,\"valueName\":\"search_term_string\"}}],\"inLanguage\":\"es\"},{\"@type\":\"Organization\",\"@id\":\"https:\\\/\\\/www.coaliciondelasamericas.org\\\/blog\\\/#organization\",\"name\":\"Coalici&oacute;n de las Am&eacute;ricas\",\"url\":\"https:\\\/\\\/www.coaliciondelasamericas.org\\\/blog\\\/\",\"logo\":{\"@type\":\"ImageObject\",\"inLanguage\":\"es\",\"@id\":\"https:\\\/\\\/www.coaliciondelasamericas.org\\\/blog\\\/#\\\/schema\\\/logo\\\/image\\\/\",\"url\":\"https:\\\/\\\/www.coaliciondelasamericas.org\\\/blog\\\/wp-content\\\/uploads\\\/2023\\\/03\\\/cropped-01-Portada-02.png\",\"contentUrl\":\"https:\\\/\\\/www.coaliciondelasamericas.org\\\/blog\\\/wp-content\\\/uploads\\\/2023\\\/03\\\/cropped-01-Portada-02.png\",\"width\":300,\"height\":130,\"caption\":\"Coalici&oacute;n de las Am&eacute;ricas\"},\"image\":{\"@id\":\"https:\\\/\\\/www.coaliciondelasamericas.org\\\/blog\\\/#\\\/schema\\\/logo\\\/image\\\/\"}}]}<\/script>\n<!-- \/ Yoast SEO plugin. -->","yoast_head_json":{"title":"Ma\u00edsa Butemberg Vieira - Coalici&oacute;n de las Am&eacute;ricas","description":"Voluntaria desde 2011 en la Federa\u00e7\u00e3o Brasileira de Hemofilia, Madre de un adolescente con hemofilia A severa.","robots":{"index":"index","follow":"follow","max-snippet":"max-snippet:-1","max-image-preview":"max-image-preview:large","max-video-preview":"max-video-preview:-1"},"canonical":"https:\/\/www.coaliciondelasamericas.org\/blog\/comites\/comitedemujeres\/maisa-butemberg-vieira\/","og_locale":"es_ES","og_type":"article","og_title":"Ma\u00edsa Butemberg Vieira - Coalici&oacute;n de las Am&eacute;ricas","og_description":"Voluntaria desde 2011 en la Federa\u00e7\u00e3o Brasileira de Hemofilia, Madre de un adolescente con hemofilia A severa.","og_url":"https:\/\/www.coaliciondelasamericas.org\/blog\/comites\/comitedemujeres\/maisa-butemberg-vieira\/","og_site_name":"Coalici&oacute;n de las Am&eacute;ricas","og_image":[{"url":"https:\/\/www.coaliciondelasamericas.org\/blog\/wp-content\/uploads\/2024\/03\/Maisa-Butemberg-Vieira-Bra.jpg","type":"","width":"","height":""}],"twitter_card":"summary_large_image","twitter_misc":{"Tiempo de lectura":"1 minuto"},"schema":{"@context":"https:\/\/schema.org","@graph":[{"@type":"WebPage","@id":"https:\/\/www.coaliciondelasamericas.org\/blog\/comites\/comitedemujeres\/maisa-butemberg-vieira\/","url":"https:\/\/www.coaliciondelasamericas.org\/blog\/comites\/comitedemujeres\/maisa-butemberg-vieira\/","name":"Ma\u00edsa Butemberg Vieira - Coalici&oacute;n de las Am&eacute;ricas","isPartOf":{"@id":"https:\/\/www.coaliciondelasamericas.org\/blog\/#website"},"primaryImageOfPage":{"@id":"https:\/\/www.coaliciondelasamericas.org\/blog\/comites\/comitedemujeres\/maisa-butemberg-vieira\/#primaryimage"},"image":{"@id":"https:\/\/www.coaliciondelasamericas.org\/blog\/comites\/comitedemujeres\/maisa-butemberg-vieira\/#primaryimage"},"thumbnailUrl":"https:\/\/www.coaliciondelasamericas.org\/blog\/wp-content\/uploads\/2024\/03\/Maisa-Butemberg-Vieira-Bra.jpg","datePublished":"2024-03-04T21:59:55+00:00","description":"Voluntaria desde 2011 en la Federa\u00e7\u00e3o Brasileira de Hemofilia, Madre de un adolescente con hemofilia A severa.","breadcrumb":{"@id":"https:\/\/www.coaliciondelasamericas.org\/blog\/comites\/comitedemujeres\/maisa-butemberg-vieira\/#breadcrumb"},"inLanguage":"es","potentialAction":[{"@type":"ReadAction","target":["https:\/\/www.coaliciondelasamericas.org\/blog\/comites\/comitedemujeres\/maisa-butemberg-vieira\/"]}]},{"@type":"ImageObject","inLanguage":"es","@id":"https:\/\/www.coaliciondelasamericas.org\/blog\/comites\/comitedemujeres\/maisa-butemberg-vieira\/#primaryimage","url":"https:\/\/www.coaliciondelasamericas.org\/blog\/wp-content\/uploads\/2024\/03\/Maisa-Butemberg-Vieira-Bra.jpg","contentUrl":"https:\/\/www.coaliciondelasamericas.org\/blog\/wp-content\/uploads\/2024\/03\/Maisa-Butemberg-Vieira-Bra.jpg","width":480,"height":480,"caption":"Ma\u00edsa Butemberg Vieira"},{"@type":"BreadcrumbList","@id":"https:\/\/www.coaliciondelasamericas.org\/blog\/comites\/comitedemujeres\/maisa-butemberg-vieira\/#breadcrumb","itemListElement":[{"@type":"ListItem","position":1,"name":"Portada","item":"https:\/\/www.coaliciondelasamericas.org\/blog\/"},{"@type":"ListItem","position":2,"name":"Comit\u00e9s","item":"https:\/\/www.coaliciondelasamericas.org\/blog\/comites\/"},{"@type":"ListItem","position":3,"name":"Comit\u00e9 de Mujeres","item":"https:\/\/www.coaliciondelasamericas.org\/blog\/comites\/comitedemujeres\/"},{"@type":"ListItem","position":4,"name":"Ma\u00edsa Butemberg Vieira"}]},{"@type":"WebSite","@id":"https:\/\/www.coaliciondelasamericas.org\/blog\/#website","url":"https:\/\/www.coaliciondelasamericas.org\/blog\/","name":"Coalici&oacute;n de las Am&eacute;ricas","description":"Lideres Unidos por el Bienestar de la Hemofilia","publisher":{"@id":"https:\/\/www.coaliciondelasamericas.org\/blog\/#organization"},"potentialAction":[{"@type":"SearchAction","target":{"@type":"EntryPoint","urlTemplate":"https:\/\/www.coaliciondelasamericas.org\/blog\/?s={search_term_string}"},"query-input":{"@type":"PropertyValueSpecification","valueRequired":true,"valueName":"search_term_string"}}],"inLanguage":"es"},{"@type":"Organization","@id":"https:\/\/www.coaliciondelasamericas.org\/blog\/#organization","name":"Coalici&oacute;n de las Am&eacute;ricas","url":"https:\/\/www.coaliciondelasamericas.org\/blog\/","logo":{"@type":"ImageObject","inLanguage":"es","@id":"https:\/\/www.coaliciondelasamericas.org\/blog\/#\/schema\/logo\/image\/","url":"https:\/\/www.coaliciondelasamericas.org\/blog\/wp-content\/uploads\/2023\/03\/cropped-01-Portada-02.png","contentUrl":"https:\/\/www.coaliciondelasamericas.org\/blog\/wp-content\/uploads\/2023\/03\/cropped-01-Portada-02.png","width":300,"height":130,"caption":"Coalici&oacute;n de las Am&eacute;ricas"},"image":{"@id":"https:\/\/www.coaliciondelasamericas.org\/blog\/#\/schema\/logo\/image\/"}}]}},"_links":{"self":[{"href":"https:\/\/www.coaliciondelasamericas.org\/blog\/wp-json\/wp\/v2\/pages\/3124","targetHints":{"allow":["GET"]}}],"collection":[{"href":"https:\/\/www.coaliciondelasamericas.org\/blog\/wp-json\/wp\/v2\/pages"}],"about":[{"href":"https:\/\/www.coaliciondelasamericas.org\/blog\/wp-json\/wp\/v2\/types\/page"}],"author":[{"embeddable":true,"href":"https:\/\/www.coaliciondelasamericas.org\/blog\/wp-json\/wp\/v2\/users\/1"}],"replies":[{"embeddable":true,"href":"https:\/\/www.coaliciondelasamericas.org\/blog\/wp-json\/wp\/v2\/comments?post=3124"}],"version-history":[{"count":1,"href":"https:\/\/www.coaliciondelasamericas.org\/blog\/wp-json\/wp\/v2\/pages\/3124\/revisions"}],"predecessor-version":[{"id":3126,"href":"https:\/\/www.coaliciondelasamericas.org\/blog\/wp-json\/wp\/v2\/pages\/3124\/revisions\/3126"}],"up":[{"embeddable":true,"href":"https:\/\/www.coaliciondelasamericas.org\/blog\/wp-json\/wp\/v2\/pages\/2480"}],"wp:attachment":[{"href":"https:\/\/www.coaliciondelasamericas.org\/blog\/wp-json\/wp\/v2\/media?parent=3124"}],"curies":[{"name":"wp","href":"https:\/\/api.w.org\/{rel}","templated":true}]}}