{"id":3102,"date":"2024-03-04T17:17:00","date_gmt":"2024-03-04T17:17:00","guid":{"rendered":"https:\/\/www.coaliciondelasamericas.org\/blog\/?page_id=3102"},"modified":"2025-08-05T01:00:33","modified_gmt":"2025-08-05T01:00:33","slug":"juan-andres-pereira-de-souza","status":"publish","type":"page","link":"https:\/\/www.coaliciondelasamericas.org\/blog\/consejo-directivo\/juan-andres-pereira-de-souza\/","title":{"rendered":"Juan Andr\u00e9s Pereira de Souza"},"content":{"rendered":"\n<div class=\"wp-block-columns is-layout-flex wp-container-core-columns-is-layout-28f84493 wp-block-columns-is-layout-flex\">\n<div class=\"wp-block-column is-layout-flow wp-block-column-is-layout-flow\">\n<p class=\"has-white-color has-text-color has-link-color wp-elements-7e4ac651328708ea719ac0894fa30934\">.<\/p>\n<\/div>\n\n\n\n<div class=\"wp-block-column is-layout-flow wp-block-column-is-layout-flow\"><\/div>\n\n\n\n<div class=\"wp-block-column is-layout-flow wp-block-column-is-layout-flow\"><\/div>\n<\/div>\n\n\n\n<div class=\"wp-block-columns is-layout-flex wp-container-core-columns-is-layout-28f84493 wp-block-columns-is-layout-flex\">\n<div class=\"wp-block-column is-layout-flow wp-block-column-is-layout-flow\" style=\"flex-basis:33.33%\">\n<figure class=\"wp-block-image size-full\"><img loading=\"lazy\" decoding=\"async\" width=\"480\" height=\"480\" src=\"https:\/\/www.coaliciondelasamericas.org\/blog\/wp-content\/uploads\/2025\/08\/Juan-Andres-Pereira-de-Souza-003.jpg\" alt=\"\" class=\"wp-image-4134\" srcset=\"https:\/\/www.coaliciondelasamericas.org\/blog\/wp-content\/uploads\/2025\/08\/Juan-Andres-Pereira-de-Souza-003.jpg 480w, https:\/\/www.coaliciondelasamericas.org\/blog\/wp-content\/uploads\/2025\/08\/Juan-Andres-Pereira-de-Souza-003-300x300.jpg 300w, https:\/\/www.coaliciondelasamericas.org\/blog\/wp-content\/uploads\/2025\/08\/Juan-Andres-Pereira-de-Souza-003-150x150.jpg 150w\" sizes=\"auto, (max-width: 480px) 100vw, 480px\" \/><\/figure>\n<\/div>\n\n\n\n<div class=\"wp-block-column is-layout-flow wp-block-column-is-layout-flow\" style=\"flex-basis:66.66%\">\n<p><strong>JUAN ANDR\u00c9S PEREIRA DE SOUZA<br><\/strong>Presidente (i)<br>Uruguay<\/p>\n\n\n\n<p>Persona con hemofilia A severa. Profesor de ingl\u00e9s de Educaci\u00f3n Media, efectivo, graduado del Consejo de Formaci\u00f3n en Educaci\u00f3n de Uruguay. Cuenta con un m\u00e1ster en Ense\u00f1anza de ingl\u00e9s como lengua extranjera por la Universidad de Ja\u00e9n, Espa\u00f1a y con certificaciones en Gesti\u00f3n de Proyectos Educativos (DoinGlobal) y Gesti\u00f3n de Proyectos (PM4R &#8211; BID). Presidente de la Asociaci\u00f3n de Hemofilia del Uruguay para el per\u00edodo 2023 &#8211; 2025, se uni\u00f3 a la Coalici\u00f3n de las Am\u00e9ricas en agosto de 2020.<\/p>\n<\/div>\n<\/div>\n\n\n\n<div class=\"wp-block-columns is-layout-flex wp-container-core-columns-is-layout-28f84493 wp-block-columns-is-layout-flex\">\n<div class=\"wp-block-column is-layout-flow wp-block-column-is-layout-flow\">\n<p class=\"has-white-color has-text-color has-link-color wp-elements-7e4ac651328708ea719ac0894fa30934\">.<\/p>\n<\/div>\n\n\n\n<div class=\"wp-block-column is-layout-flow wp-block-column-is-layout-flow\"><\/div>\n\n\n\n<div class=\"wp-block-column is-layout-flow wp-block-column-is-layout-flow\"><\/div>\n<\/div>\n\n\n\n<p>.<\/p>\n\n\n\n<p><strong>Fuente<\/strong>: <\/p>\n\n\n\n<hr class=\"wp-block-separator has-alpha-channel-opacity\"\/>\n\n\n\n<p><\/p>\n","protected":false},"excerpt":{"rendered":"<p>. JUAN ANDR\u00c9S PEREIRA DE SOUZAPresidente (i)Uruguay Persona con hemofilia A severa. Profesor de ingl\u00e9s de Educaci\u00f3n Media, efectivo, graduado<\/p>\n","protected":false},"author":1,"featured_media":0,"parent":52,"menu_order":5,"comment_status":"closed","ping_status":"closed","template":"","meta":{"colormag_page_container_layout":"no_sidebar_content_centered","colormag_page_sidebar_layout":"no_sidebar","_coblocks_attr":"","_coblocks_dimensions":"","_coblocks_responsive_height":"","_coblocks_accordion_ie_support":"","_monsterinsights_skip_tracking":false,"_monsterinsights_sitenote_active":false,"_monsterinsights_sitenote_note":"","_monsterinsights_sitenote_category":0,"footnotes":""},"class_list":["post-3102","page","type-page","status-publish","hentry"],"yoast_head":"<!-- This site is optimized with the Yoast SEO plugin v27.4 - https:\/\/yoast.com\/product\/yoast-seo-wordpress\/ -->\n<title>Juan Andr\u00e9s Pereira de Souza - Coalici&oacute;n de las Am&eacute;ricas<\/title>\n<meta name=\"description\" content=\"Persona con hemofilia A severa. Profesor de ingl\u00e9s de Educaci\u00f3n Media, efectivo, graduado del Consejo de Formaci\u00f3n en Educaci\u00f3n de Uruguay.\" \/>\n<meta name=\"robots\" content=\"index, follow, max-snippet:-1, max-image-preview:large, max-video-preview:-1\" \/>\n<link rel=\"canonical\" href=\"https:\/\/www.coaliciondelasamericas.org\/blog\/consejo-directivo\/juan-andres-pereira-de-souza\/\" \/>\n<meta property=\"og:locale\" content=\"es_ES\" \/>\n<meta property=\"og:type\" content=\"article\" \/>\n<meta property=\"og:title\" content=\"Juan Andr\u00e9s Pereira de Souza - Coalici&oacute;n de las Am&eacute;ricas\" \/>\n<meta property=\"og:description\" content=\"Persona con hemofilia A severa. Profesor de ingl\u00e9s de Educaci\u00f3n Media, efectivo, graduado del Consejo de Formaci\u00f3n en Educaci\u00f3n de Uruguay.\" \/>\n<meta property=\"og:url\" content=\"https:\/\/www.coaliciondelasamericas.org\/blog\/consejo-directivo\/juan-andres-pereira-de-souza\/\" \/>\n<meta property=\"og:site_name\" content=\"Coalici&oacute;n de las Am&eacute;ricas\" \/>\n<meta property=\"article:modified_time\" content=\"2025-08-05T01:00:33+00:00\" \/>\n<meta property=\"og:image\" content=\"https:\/\/www.coaliciondelasamericas.org\/blog\/wp-content\/uploads\/2025\/08\/Juan-Andres-Pereira-de-Souza-003.jpg\" \/>\n\t<meta property=\"og:image:width\" content=\"480\" \/>\n\t<meta property=\"og:image:height\" content=\"480\" \/>\n\t<meta property=\"og:image:type\" content=\"image\/jpeg\" \/>\n<meta name=\"twitter:card\" content=\"summary_large_image\" \/>\n<meta name=\"twitter:label1\" content=\"Tiempo de lectura\" \/>\n\t<meta name=\"twitter:data1\" content=\"1 minuto\" \/>\n<script type=\"application\/ld+json\" class=\"yoast-schema-graph\">{\"@context\":\"https:\\\/\\\/schema.org\",\"@graph\":[{\"@type\":\"WebPage\",\"@id\":\"https:\\\/\\\/www.coaliciondelasamericas.org\\\/blog\\\/consejo-directivo\\\/juan-andres-pereira-de-souza\\\/\",\"url\":\"https:\\\/\\\/www.coaliciondelasamericas.org\\\/blog\\\/consejo-directivo\\\/juan-andres-pereira-de-souza\\\/\",\"name\":\"Juan Andr\u00e9s Pereira de Souza - Coalici&oacute;n de las Am&eacute;ricas\",\"isPartOf\":{\"@id\":\"https:\\\/\\\/www.coaliciondelasamericas.org\\\/blog\\\/#website\"},\"primaryImageOfPage\":{\"@id\":\"https:\\\/\\\/www.coaliciondelasamericas.org\\\/blog\\\/consejo-directivo\\\/juan-andres-pereira-de-souza\\\/#primaryimage\"},\"image\":{\"@id\":\"https:\\\/\\\/www.coaliciondelasamericas.org\\\/blog\\\/consejo-directivo\\\/juan-andres-pereira-de-souza\\\/#primaryimage\"},\"thumbnailUrl\":\"https:\\\/\\\/www.coaliciondelasamericas.org\\\/blog\\\/wp-content\\\/uploads\\\/2025\\\/08\\\/Juan-Andres-Pereira-de-Souza-003.jpg\",\"datePublished\":\"2024-03-04T17:17:00+00:00\",\"dateModified\":\"2025-08-05T01:00:33+00:00\",\"description\":\"Persona con hemofilia A severa. Profesor de ingl\u00e9s de Educaci\u00f3n Media, efectivo, graduado del Consejo de Formaci\u00f3n en Educaci\u00f3n de Uruguay.\",\"breadcrumb\":{\"@id\":\"https:\\\/\\\/www.coaliciondelasamericas.org\\\/blog\\\/consejo-directivo\\\/juan-andres-pereira-de-souza\\\/#breadcrumb\"},\"inLanguage\":\"es\",\"potentialAction\":[{\"@type\":\"ReadAction\",\"target\":[\"https:\\\/\\\/www.coaliciondelasamericas.org\\\/blog\\\/consejo-directivo\\\/juan-andres-pereira-de-souza\\\/\"]}]},{\"@type\":\"ImageObject\",\"inLanguage\":\"es\",\"@id\":\"https:\\\/\\\/www.coaliciondelasamericas.org\\\/blog\\\/consejo-directivo\\\/juan-andres-pereira-de-souza\\\/#primaryimage\",\"url\":\"https:\\\/\\\/www.coaliciondelasamericas.org\\\/blog\\\/wp-content\\\/uploads\\\/2025\\\/08\\\/Juan-Andres-Pereira-de-Souza-003.jpg\",\"contentUrl\":\"https:\\\/\\\/www.coaliciondelasamericas.org\\\/blog\\\/wp-content\\\/uploads\\\/2025\\\/08\\\/Juan-Andres-Pereira-de-Souza-003.jpg\",\"width\":480,\"height\":480},{\"@type\":\"BreadcrumbList\",\"@id\":\"https:\\\/\\\/www.coaliciondelasamericas.org\\\/blog\\\/consejo-directivo\\\/juan-andres-pereira-de-souza\\\/#breadcrumb\",\"itemListElement\":[{\"@type\":\"ListItem\",\"position\":1,\"name\":\"Portada\",\"item\":\"https:\\\/\\\/www.coaliciondelasamericas.org\\\/blog\\\/\"},{\"@type\":\"ListItem\",\"position\":2,\"name\":\"Comisi\u00f3n Directiva\",\"item\":\"https:\\\/\\\/www.coaliciondelasamericas.org\\\/blog\\\/consejo-directivo\\\/\"},{\"@type\":\"ListItem\",\"position\":3,\"name\":\"Juan Andr\u00e9s Pereira de Souza\"}]},{\"@type\":\"WebSite\",\"@id\":\"https:\\\/\\\/www.coaliciondelasamericas.org\\\/blog\\\/#website\",\"url\":\"https:\\\/\\\/www.coaliciondelasamericas.org\\\/blog\\\/\",\"name\":\"Coalici&oacute;n de las Am&eacute;ricas\",\"description\":\"Lideres Unidos por el Bienestar de la Hemofilia\",\"publisher\":{\"@id\":\"https:\\\/\\\/www.coaliciondelasamericas.org\\\/blog\\\/#organization\"},\"potentialAction\":[{\"@type\":\"SearchAction\",\"target\":{\"@type\":\"EntryPoint\",\"urlTemplate\":\"https:\\\/\\\/www.coaliciondelasamericas.org\\\/blog\\\/?s={search_term_string}\"},\"query-input\":{\"@type\":\"PropertyValueSpecification\",\"valueRequired\":true,\"valueName\":\"search_term_string\"}}],\"inLanguage\":\"es\"},{\"@type\":\"Organization\",\"@id\":\"https:\\\/\\\/www.coaliciondelasamericas.org\\\/blog\\\/#organization\",\"name\":\"Coalici&oacute;n de las Am&eacute;ricas\",\"url\":\"https:\\\/\\\/www.coaliciondelasamericas.org\\\/blog\\\/\",\"logo\":{\"@type\":\"ImageObject\",\"inLanguage\":\"es\",\"@id\":\"https:\\\/\\\/www.coaliciondelasamericas.org\\\/blog\\\/#\\\/schema\\\/logo\\\/image\\\/\",\"url\":\"https:\\\/\\\/www.coaliciondelasamericas.org\\\/blog\\\/wp-content\\\/uploads\\\/2023\\\/03\\\/cropped-01-Portada-02.png\",\"contentUrl\":\"https:\\\/\\\/www.coaliciondelasamericas.org\\\/blog\\\/wp-content\\\/uploads\\\/2023\\\/03\\\/cropped-01-Portada-02.png\",\"width\":300,\"height\":130,\"caption\":\"Coalici&oacute;n de las Am&eacute;ricas\"},\"image\":{\"@id\":\"https:\\\/\\\/www.coaliciondelasamericas.org\\\/blog\\\/#\\\/schema\\\/logo\\\/image\\\/\"}}]}<\/script>\n<!-- \/ Yoast SEO plugin. -->","yoast_head_json":{"title":"Juan Andr\u00e9s Pereira de Souza - Coalici&oacute;n de las Am&eacute;ricas","description":"Persona con hemofilia A severa. Profesor de ingl\u00e9s de Educaci\u00f3n Media, efectivo, graduado del Consejo de Formaci\u00f3n en Educaci\u00f3n de Uruguay.","robots":{"index":"index","follow":"follow","max-snippet":"max-snippet:-1","max-image-preview":"max-image-preview:large","max-video-preview":"max-video-preview:-1"},"canonical":"https:\/\/www.coaliciondelasamericas.org\/blog\/consejo-directivo\/juan-andres-pereira-de-souza\/","og_locale":"es_ES","og_type":"article","og_title":"Juan Andr\u00e9s Pereira de Souza - Coalici&oacute;n de las Am&eacute;ricas","og_description":"Persona con hemofilia A severa. Profesor de ingl\u00e9s de Educaci\u00f3n Media, efectivo, graduado del Consejo de Formaci\u00f3n en Educaci\u00f3n de Uruguay.","og_url":"https:\/\/www.coaliciondelasamericas.org\/blog\/consejo-directivo\/juan-andres-pereira-de-souza\/","og_site_name":"Coalici&oacute;n de las Am&eacute;ricas","article_modified_time":"2025-08-05T01:00:33+00:00","og_image":[{"width":480,"height":480,"url":"https:\/\/www.coaliciondelasamericas.org\/blog\/wp-content\/uploads\/2025\/08\/Juan-Andres-Pereira-de-Souza-003.jpg","type":"image\/jpeg"}],"twitter_card":"summary_large_image","twitter_misc":{"Tiempo de lectura":"1 minuto"},"schema":{"@context":"https:\/\/schema.org","@graph":[{"@type":"WebPage","@id":"https:\/\/www.coaliciondelasamericas.org\/blog\/consejo-directivo\/juan-andres-pereira-de-souza\/","url":"https:\/\/www.coaliciondelasamericas.org\/blog\/consejo-directivo\/juan-andres-pereira-de-souza\/","name":"Juan Andr\u00e9s Pereira de Souza - Coalici&oacute;n de las Am&eacute;ricas","isPartOf":{"@id":"https:\/\/www.coaliciondelasamericas.org\/blog\/#website"},"primaryImageOfPage":{"@id":"https:\/\/www.coaliciondelasamericas.org\/blog\/consejo-directivo\/juan-andres-pereira-de-souza\/#primaryimage"},"image":{"@id":"https:\/\/www.coaliciondelasamericas.org\/blog\/consejo-directivo\/juan-andres-pereira-de-souza\/#primaryimage"},"thumbnailUrl":"https:\/\/www.coaliciondelasamericas.org\/blog\/wp-content\/uploads\/2025\/08\/Juan-Andres-Pereira-de-Souza-003.jpg","datePublished":"2024-03-04T17:17:00+00:00","dateModified":"2025-08-05T01:00:33+00:00","description":"Persona con hemofilia A severa. Profesor de ingl\u00e9s de Educaci\u00f3n Media, efectivo, graduado del Consejo de Formaci\u00f3n en Educaci\u00f3n de Uruguay.","breadcrumb":{"@id":"https:\/\/www.coaliciondelasamericas.org\/blog\/consejo-directivo\/juan-andres-pereira-de-souza\/#breadcrumb"},"inLanguage":"es","potentialAction":[{"@type":"ReadAction","target":["https:\/\/www.coaliciondelasamericas.org\/blog\/consejo-directivo\/juan-andres-pereira-de-souza\/"]}]},{"@type":"ImageObject","inLanguage":"es","@id":"https:\/\/www.coaliciondelasamericas.org\/blog\/consejo-directivo\/juan-andres-pereira-de-souza\/#primaryimage","url":"https:\/\/www.coaliciondelasamericas.org\/blog\/wp-content\/uploads\/2025\/08\/Juan-Andres-Pereira-de-Souza-003.jpg","contentUrl":"https:\/\/www.coaliciondelasamericas.org\/blog\/wp-content\/uploads\/2025\/08\/Juan-Andres-Pereira-de-Souza-003.jpg","width":480,"height":480},{"@type":"BreadcrumbList","@id":"https:\/\/www.coaliciondelasamericas.org\/blog\/consejo-directivo\/juan-andres-pereira-de-souza\/#breadcrumb","itemListElement":[{"@type":"ListItem","position":1,"name":"Portada","item":"https:\/\/www.coaliciondelasamericas.org\/blog\/"},{"@type":"ListItem","position":2,"name":"Comisi\u00f3n Directiva","item":"https:\/\/www.coaliciondelasamericas.org\/blog\/consejo-directivo\/"},{"@type":"ListItem","position":3,"name":"Juan Andr\u00e9s Pereira de Souza"}]},{"@type":"WebSite","@id":"https:\/\/www.coaliciondelasamericas.org\/blog\/#website","url":"https:\/\/www.coaliciondelasamericas.org\/blog\/","name":"Coalici&oacute;n de las Am&eacute;ricas","description":"Lideres Unidos por el Bienestar de la Hemofilia","publisher":{"@id":"https:\/\/www.coaliciondelasamericas.org\/blog\/#organization"},"potentialAction":[{"@type":"SearchAction","target":{"@type":"EntryPoint","urlTemplate":"https:\/\/www.coaliciondelasamericas.org\/blog\/?s={search_term_string}"},"query-input":{"@type":"PropertyValueSpecification","valueRequired":true,"valueName":"search_term_string"}}],"inLanguage":"es"},{"@type":"Organization","@id":"https:\/\/www.coaliciondelasamericas.org\/blog\/#organization","name":"Coalici&oacute;n de las Am&eacute;ricas","url":"https:\/\/www.coaliciondelasamericas.org\/blog\/","logo":{"@type":"ImageObject","inLanguage":"es","@id":"https:\/\/www.coaliciondelasamericas.org\/blog\/#\/schema\/logo\/image\/","url":"https:\/\/www.coaliciondelasamericas.org\/blog\/wp-content\/uploads\/2023\/03\/cropped-01-Portada-02.png","contentUrl":"https:\/\/www.coaliciondelasamericas.org\/blog\/wp-content\/uploads\/2023\/03\/cropped-01-Portada-02.png","width":300,"height":130,"caption":"Coalici&oacute;n de las Am&eacute;ricas"},"image":{"@id":"https:\/\/www.coaliciondelasamericas.org\/blog\/#\/schema\/logo\/image\/"}}]}},"_links":{"self":[{"href":"https:\/\/www.coaliciondelasamericas.org\/blog\/wp-json\/wp\/v2\/pages\/3102","targetHints":{"allow":["GET"]}}],"collection":[{"href":"https:\/\/www.coaliciondelasamericas.org\/blog\/wp-json\/wp\/v2\/pages"}],"about":[{"href":"https:\/\/www.coaliciondelasamericas.org\/blog\/wp-json\/wp\/v2\/types\/page"}],"author":[{"embeddable":true,"href":"https:\/\/www.coaliciondelasamericas.org\/blog\/wp-json\/wp\/v2\/users\/1"}],"replies":[{"embeddable":true,"href":"https:\/\/www.coaliciondelasamericas.org\/blog\/wp-json\/wp\/v2\/comments?post=3102"}],"version-history":[{"count":3,"href":"https:\/\/www.coaliciondelasamericas.org\/blog\/wp-json\/wp\/v2\/pages\/3102\/revisions"}],"predecessor-version":[{"id":4144,"href":"https:\/\/www.coaliciondelasamericas.org\/blog\/wp-json\/wp\/v2\/pages\/3102\/revisions\/4144"}],"up":[{"embeddable":true,"href":"https:\/\/www.coaliciondelasamericas.org\/blog\/wp-json\/wp\/v2\/pages\/52"}],"wp:attachment":[{"href":"https:\/\/www.coaliciondelasamericas.org\/blog\/wp-json\/wp\/v2\/media?parent=3102"}],"curies":[{"name":"wp","href":"https:\/\/api.w.org\/{rel}","templated":true}]}}