{"id":3096,"date":"2024-03-04T17:08:07","date_gmt":"2024-03-04T17:08:07","guid":{"rendered":"https:\/\/www.coaliciondelasamericas.org\/blog\/?page_id=3096"},"modified":"2024-03-04T17:08:08","modified_gmt":"2024-03-04T17:08:08","slug":"martha-monteros-rincon","status":"publish","type":"page","link":"https:\/\/www.coaliciondelasamericas.org\/blog\/consejo-directivo\/martha-monteros-rincon\/","title":{"rendered":"Martha Monteros Rinc\u00f3n"},"content":{"rendered":"\n<div class=\"wp-block-columns is-layout-flex wp-container-core-columns-is-layout-28f84493 wp-block-columns-is-layout-flex\">\n<div class=\"wp-block-column is-layout-flow wp-block-column-is-layout-flow\">\n<p class=\"has-white-color has-text-color has-link-color wp-elements-7e4ac651328708ea719ac0894fa30934\">.<\/p>\n<\/div>\n\n\n\n<div class=\"wp-block-column is-layout-flow wp-block-column-is-layout-flow\"><\/div>\n\n\n\n<div class=\"wp-block-column is-layout-flow wp-block-column-is-layout-flow\"><\/div>\n<\/div>\n\n\n\n<div class=\"wp-block-columns is-layout-flex wp-container-core-columns-is-layout-28f84493 wp-block-columns-is-layout-flex\">\n<div class=\"wp-block-column is-layout-flow wp-block-column-is-layout-flow\" style=\"flex-basis:33.33%\">\n<figure class=\"wp-block-image size-full\"><img loading=\"lazy\" decoding=\"async\" width=\"210\" height=\"210\" src=\"https:\/\/www.coaliciondelasamericas.org\/blog\/wp-content\/uploads\/2024\/03\/Martha-Monteros-Rincon-MX.png\" alt=\"Martha Patricia Monteros Rinc\u00f3n \" class=\"wp-image-3097\" srcset=\"https:\/\/www.coaliciondelasamericas.org\/blog\/wp-content\/uploads\/2024\/03\/Martha-Monteros-Rincon-MX.png 210w, https:\/\/www.coaliciondelasamericas.org\/blog\/wp-content\/uploads\/2024\/03\/Martha-Monteros-Rincon-MX-150x150.png 150w\" sizes=\"auto, (max-width: 210px) 100vw, 210px\" \/><\/figure>\n<\/div>\n\n\n\n<div class=\"wp-block-column is-layout-flow wp-block-column-is-layout-flow\" style=\"flex-basis:66.66%\">\n<p><strong>MARTHA MONTEROS RINC\u00d3N<br><\/strong>Coordinadora de Asuntos Internos y Pol\u00edticos<br>M\u00e9xico<\/p>\n\n\n\n<p>Madre de un adulto con hemofilia y de una portadora, Arquitecta de profesi\u00f3n. En 1990 fue fundadora de la As. de Hemofilia del Estado de M\u00e9xico su estado natal, en 1991 fue uno de los miembros que fund\u00f3 la organizaci\u00f3n nacional, Federaci\u00f3n de Hemofilia de la Rep\u00fablica Mexicana, la que presidi\u00f3 del 2001 al 2009 donde implemento proyectos con las instituciones de salud nacional para mejorar las condiciones de tratamiento de las personas con hemofilia.<\/p>\n<\/div>\n<\/div>\n\n\n\n<div class=\"wp-block-columns is-layout-flex wp-container-core-columns-is-layout-28f84493 wp-block-columns-is-layout-flex\">\n<div class=\"wp-block-column is-layout-flow wp-block-column-is-layout-flow\">\n<p class=\"has-white-color has-text-color has-link-color wp-elements-7e4ac651328708ea719ac0894fa30934\">.<\/p>\n<\/div>\n\n\n\n<div class=\"wp-block-column is-layout-flow wp-block-column-is-layout-flow\"><\/div>\n\n\n\n<div class=\"wp-block-column is-layout-flow wp-block-column-is-layout-flow\"><\/div>\n<\/div>\n\n\n\n<p>De los que sobresale en incremento sustancial en el consumo de factores para los pacientes con seguridad social, primeras compras de factores en hospitales de poblaci\u00f3n abierta para consumo a demanda, y la inclusi\u00f3n de todos los ni\u00f1os con hemofilia sin seguridad social al Seguro Popular, con tratamiento profil\u00e1ctico, este \u00faltimo proyecto recibi\u00f3 el premio al Mejor Proyecto de Advocacy de la Federaci\u00f3n Mundial de Hemofilia (FMH) en el a\u00f1o 2012. Desde el 2001 promovi\u00f3 la creaci\u00f3n y permanente enriquecimiento del Registro Nacional de Personas con Hemofilia, informaci\u00f3n que fue crucial para lograr los objetivos de mejora de tratamiento a nivel nacional. En el a\u00f1o 2012 recibi\u00f3 el Premio \u201cFrank Schnabel\u201d de la FMH, m\u00e1ximo reconocimiento a un voluntario que trabaja en beneficio de la comunidad mundial con hemofilia. Desde el a\u00f1o 2017 forma parte de la junta directiva de la Coalici\u00f3n de las Am\u00e9ricas, que ha visto evolucionar desde sus or\u00edgenes. \u201cHaber aportado mi granito de arena para mejorar las condiciones de las personas con coagulopat\u00edas, ha sido un privilegio que siempre agradezco a Dios\u201d<\/p>\n\n\n\n<p><strong>Fuente<\/strong>: <\/p>\n\n\n\n<hr class=\"wp-block-separator has-alpha-channel-opacity\"\/>\n\n\n\n<p><\/p>\n","protected":false},"excerpt":{"rendered":"<p>. MARTHA MONTEROS RINC\u00d3NCoordinadora de Asuntos Internos y Pol\u00edticosM\u00e9xico Madre de un adulto con hemofilia y de una portadora, Arquitecta<\/p>\n","protected":false},"author":1,"featured_media":0,"parent":52,"menu_order":2,"comment_status":"closed","ping_status":"closed","template":"","meta":{"colormag_page_container_layout":"no_sidebar_content_centered","colormag_page_sidebar_layout":"no_sidebar","_coblocks_attr":"","_coblocks_dimensions":"","_coblocks_responsive_height":"","_coblocks_accordion_ie_support":"","_monsterinsights_skip_tracking":false,"_monsterinsights_sitenote_active":false,"_monsterinsights_sitenote_note":"","_monsterinsights_sitenote_category":0,"footnotes":""},"class_list":["post-3096","page","type-page","status-publish","hentry"],"yoast_head":"<!-- This site is optimized with the Yoast SEO plugin v27.4 - https:\/\/yoast.com\/product\/yoast-seo-wordpress\/ -->\n<title>Martha Monteros Rinc\u00f3n - Coalici&oacute;n de las Am&eacute;ricas<\/title>\n<meta name=\"description\" content=\"Madre de un adulto con hemofilia y de una portadora, Arquitecta de profesi\u00f3n. En 1990 fue fundadora de la As. de Hemofilia, Estado de M\u00e9xico.\" \/>\n<meta name=\"robots\" content=\"index, follow, max-snippet:-1, max-image-preview:large, max-video-preview:-1\" \/>\n<link rel=\"canonical\" href=\"https:\/\/www.coaliciondelasamericas.org\/blog\/consejo-directivo\/martha-monteros-rincon\/\" \/>\n<meta property=\"og:locale\" content=\"es_ES\" \/>\n<meta property=\"og:type\" content=\"article\" \/>\n<meta property=\"og:title\" content=\"Martha Monteros Rinc\u00f3n - Coalici&oacute;n de las Am&eacute;ricas\" \/>\n<meta property=\"og:description\" content=\"Madre de un adulto con hemofilia y de una portadora, Arquitecta de profesi\u00f3n. En 1990 fue fundadora de la As. de Hemofilia, Estado de M\u00e9xico.\" \/>\n<meta property=\"og:url\" content=\"https:\/\/www.coaliciondelasamericas.org\/blog\/consejo-directivo\/martha-monteros-rincon\/\" \/>\n<meta property=\"og:site_name\" content=\"Coalici&oacute;n de las Am&eacute;ricas\" \/>\n<meta property=\"article:modified_time\" content=\"2024-03-04T17:08:08+00:00\" \/>\n<meta property=\"og:image\" content=\"https:\/\/www.coaliciondelasamericas.org\/blog\/wp-content\/uploads\/2024\/03\/Martha-Monteros-Rincon-MX.png\" \/>\n<meta name=\"twitter:card\" content=\"summary_large_image\" \/>\n<meta name=\"twitter:label1\" content=\"Tiempo de lectura\" \/>\n\t<meta name=\"twitter:data1\" content=\"2 minutos\" \/>\n<script type=\"application\/ld+json\" class=\"yoast-schema-graph\">{\"@context\":\"https:\\\/\\\/schema.org\",\"@graph\":[{\"@type\":\"WebPage\",\"@id\":\"https:\\\/\\\/www.coaliciondelasamericas.org\\\/blog\\\/consejo-directivo\\\/martha-monteros-rincon\\\/\",\"url\":\"https:\\\/\\\/www.coaliciondelasamericas.org\\\/blog\\\/consejo-directivo\\\/martha-monteros-rincon\\\/\",\"name\":\"Martha Monteros Rinc\u00f3n - Coalici&oacute;n de las Am&eacute;ricas\",\"isPartOf\":{\"@id\":\"https:\\\/\\\/www.coaliciondelasamericas.org\\\/blog\\\/#website\"},\"primaryImageOfPage\":{\"@id\":\"https:\\\/\\\/www.coaliciondelasamericas.org\\\/blog\\\/consejo-directivo\\\/martha-monteros-rincon\\\/#primaryimage\"},\"image\":{\"@id\":\"https:\\\/\\\/www.coaliciondelasamericas.org\\\/blog\\\/consejo-directivo\\\/martha-monteros-rincon\\\/#primaryimage\"},\"thumbnailUrl\":\"https:\\\/\\\/www.coaliciondelasamericas.org\\\/blog\\\/wp-content\\\/uploads\\\/2024\\\/03\\\/Martha-Monteros-Rincon-MX.png\",\"datePublished\":\"2024-03-04T17:08:07+00:00\",\"dateModified\":\"2024-03-04T17:08:08+00:00\",\"description\":\"Madre de un adulto con hemofilia y de una portadora, Arquitecta de profesi\u00f3n. En 1990 fue fundadora de la As. de Hemofilia, Estado de M\u00e9xico.\",\"breadcrumb\":{\"@id\":\"https:\\\/\\\/www.coaliciondelasamericas.org\\\/blog\\\/consejo-directivo\\\/martha-monteros-rincon\\\/#breadcrumb\"},\"inLanguage\":\"es\",\"potentialAction\":[{\"@type\":\"ReadAction\",\"target\":[\"https:\\\/\\\/www.coaliciondelasamericas.org\\\/blog\\\/consejo-directivo\\\/martha-monteros-rincon\\\/\"]}]},{\"@type\":\"ImageObject\",\"inLanguage\":\"es\",\"@id\":\"https:\\\/\\\/www.coaliciondelasamericas.org\\\/blog\\\/consejo-directivo\\\/martha-monteros-rincon\\\/#primaryimage\",\"url\":\"https:\\\/\\\/www.coaliciondelasamericas.org\\\/blog\\\/wp-content\\\/uploads\\\/2024\\\/03\\\/Martha-Monteros-Rincon-MX.png\",\"contentUrl\":\"https:\\\/\\\/www.coaliciondelasamericas.org\\\/blog\\\/wp-content\\\/uploads\\\/2024\\\/03\\\/Martha-Monteros-Rincon-MX.png\",\"width\":210,\"height\":210,\"caption\":\"Martha Patricia Monteros Rinc\u00f3n\"},{\"@type\":\"BreadcrumbList\",\"@id\":\"https:\\\/\\\/www.coaliciondelasamericas.org\\\/blog\\\/consejo-directivo\\\/martha-monteros-rincon\\\/#breadcrumb\",\"itemListElement\":[{\"@type\":\"ListItem\",\"position\":1,\"name\":\"Portada\",\"item\":\"https:\\\/\\\/www.coaliciondelasamericas.org\\\/blog\\\/\"},{\"@type\":\"ListItem\",\"position\":2,\"name\":\"Comisi\u00f3n Directiva\",\"item\":\"https:\\\/\\\/www.coaliciondelasamericas.org\\\/blog\\\/consejo-directivo\\\/\"},{\"@type\":\"ListItem\",\"position\":3,\"name\":\"Martha Monteros Rinc\u00f3n\"}]},{\"@type\":\"WebSite\",\"@id\":\"https:\\\/\\\/www.coaliciondelasamericas.org\\\/blog\\\/#website\",\"url\":\"https:\\\/\\\/www.coaliciondelasamericas.org\\\/blog\\\/\",\"name\":\"Coalici&oacute;n de las Am&eacute;ricas\",\"description\":\"Lideres Unidos por el Bienestar de la Hemofilia\",\"publisher\":{\"@id\":\"https:\\\/\\\/www.coaliciondelasamericas.org\\\/blog\\\/#organization\"},\"potentialAction\":[{\"@type\":\"SearchAction\",\"target\":{\"@type\":\"EntryPoint\",\"urlTemplate\":\"https:\\\/\\\/www.coaliciondelasamericas.org\\\/blog\\\/?s={search_term_string}\"},\"query-input\":{\"@type\":\"PropertyValueSpecification\",\"valueRequired\":true,\"valueName\":\"search_term_string\"}}],\"inLanguage\":\"es\"},{\"@type\":\"Organization\",\"@id\":\"https:\\\/\\\/www.coaliciondelasamericas.org\\\/blog\\\/#organization\",\"name\":\"Coalici&oacute;n de las Am&eacute;ricas\",\"url\":\"https:\\\/\\\/www.coaliciondelasamericas.org\\\/blog\\\/\",\"logo\":{\"@type\":\"ImageObject\",\"inLanguage\":\"es\",\"@id\":\"https:\\\/\\\/www.coaliciondelasamericas.org\\\/blog\\\/#\\\/schema\\\/logo\\\/image\\\/\",\"url\":\"https:\\\/\\\/www.coaliciondelasamericas.org\\\/blog\\\/wp-content\\\/uploads\\\/2023\\\/03\\\/cropped-01-Portada-02.png\",\"contentUrl\":\"https:\\\/\\\/www.coaliciondelasamericas.org\\\/blog\\\/wp-content\\\/uploads\\\/2023\\\/03\\\/cropped-01-Portada-02.png\",\"width\":300,\"height\":130,\"caption\":\"Coalici&oacute;n de las Am&eacute;ricas\"},\"image\":{\"@id\":\"https:\\\/\\\/www.coaliciondelasamericas.org\\\/blog\\\/#\\\/schema\\\/logo\\\/image\\\/\"}}]}<\/script>\n<!-- \/ Yoast SEO plugin. -->","yoast_head_json":{"title":"Martha Monteros Rinc\u00f3n - Coalici&oacute;n de las Am&eacute;ricas","description":"Madre de un adulto con hemofilia y de una portadora, Arquitecta de profesi\u00f3n. En 1990 fue fundadora de la As. de Hemofilia, Estado de M\u00e9xico.","robots":{"index":"index","follow":"follow","max-snippet":"max-snippet:-1","max-image-preview":"max-image-preview:large","max-video-preview":"max-video-preview:-1"},"canonical":"https:\/\/www.coaliciondelasamericas.org\/blog\/consejo-directivo\/martha-monteros-rincon\/","og_locale":"es_ES","og_type":"article","og_title":"Martha Monteros Rinc\u00f3n - Coalici&oacute;n de las Am&eacute;ricas","og_description":"Madre de un adulto con hemofilia y de una portadora, Arquitecta de profesi\u00f3n. En 1990 fue fundadora de la As. de Hemofilia, Estado de M\u00e9xico.","og_url":"https:\/\/www.coaliciondelasamericas.org\/blog\/consejo-directivo\/martha-monteros-rincon\/","og_site_name":"Coalici&oacute;n de las Am&eacute;ricas","article_modified_time":"2024-03-04T17:08:08+00:00","og_image":[{"url":"https:\/\/www.coaliciondelasamericas.org\/blog\/wp-content\/uploads\/2024\/03\/Martha-Monteros-Rincon-MX.png","type":"","width":"","height":""}],"twitter_card":"summary_large_image","twitter_misc":{"Tiempo de lectura":"2 minutos"},"schema":{"@context":"https:\/\/schema.org","@graph":[{"@type":"WebPage","@id":"https:\/\/www.coaliciondelasamericas.org\/blog\/consejo-directivo\/martha-monteros-rincon\/","url":"https:\/\/www.coaliciondelasamericas.org\/blog\/consejo-directivo\/martha-monteros-rincon\/","name":"Martha Monteros Rinc\u00f3n - Coalici&oacute;n de las Am&eacute;ricas","isPartOf":{"@id":"https:\/\/www.coaliciondelasamericas.org\/blog\/#website"},"primaryImageOfPage":{"@id":"https:\/\/www.coaliciondelasamericas.org\/blog\/consejo-directivo\/martha-monteros-rincon\/#primaryimage"},"image":{"@id":"https:\/\/www.coaliciondelasamericas.org\/blog\/consejo-directivo\/martha-monteros-rincon\/#primaryimage"},"thumbnailUrl":"https:\/\/www.coaliciondelasamericas.org\/blog\/wp-content\/uploads\/2024\/03\/Martha-Monteros-Rincon-MX.png","datePublished":"2024-03-04T17:08:07+00:00","dateModified":"2024-03-04T17:08:08+00:00","description":"Madre de un adulto con hemofilia y de una portadora, Arquitecta de profesi\u00f3n. En 1990 fue fundadora de la As. de Hemofilia, Estado de M\u00e9xico.","breadcrumb":{"@id":"https:\/\/www.coaliciondelasamericas.org\/blog\/consejo-directivo\/martha-monteros-rincon\/#breadcrumb"},"inLanguage":"es","potentialAction":[{"@type":"ReadAction","target":["https:\/\/www.coaliciondelasamericas.org\/blog\/consejo-directivo\/martha-monteros-rincon\/"]}]},{"@type":"ImageObject","inLanguage":"es","@id":"https:\/\/www.coaliciondelasamericas.org\/blog\/consejo-directivo\/martha-monteros-rincon\/#primaryimage","url":"https:\/\/www.coaliciondelasamericas.org\/blog\/wp-content\/uploads\/2024\/03\/Martha-Monteros-Rincon-MX.png","contentUrl":"https:\/\/www.coaliciondelasamericas.org\/blog\/wp-content\/uploads\/2024\/03\/Martha-Monteros-Rincon-MX.png","width":210,"height":210,"caption":"Martha Patricia Monteros Rinc\u00f3n"},{"@type":"BreadcrumbList","@id":"https:\/\/www.coaliciondelasamericas.org\/blog\/consejo-directivo\/martha-monteros-rincon\/#breadcrumb","itemListElement":[{"@type":"ListItem","position":1,"name":"Portada","item":"https:\/\/www.coaliciondelasamericas.org\/blog\/"},{"@type":"ListItem","position":2,"name":"Comisi\u00f3n Directiva","item":"https:\/\/www.coaliciondelasamericas.org\/blog\/consejo-directivo\/"},{"@type":"ListItem","position":3,"name":"Martha Monteros Rinc\u00f3n"}]},{"@type":"WebSite","@id":"https:\/\/www.coaliciondelasamericas.org\/blog\/#website","url":"https:\/\/www.coaliciondelasamericas.org\/blog\/","name":"Coalici&oacute;n de las Am&eacute;ricas","description":"Lideres Unidos por el Bienestar de la Hemofilia","publisher":{"@id":"https:\/\/www.coaliciondelasamericas.org\/blog\/#organization"},"potentialAction":[{"@type":"SearchAction","target":{"@type":"EntryPoint","urlTemplate":"https:\/\/www.coaliciondelasamericas.org\/blog\/?s={search_term_string}"},"query-input":{"@type":"PropertyValueSpecification","valueRequired":true,"valueName":"search_term_string"}}],"inLanguage":"es"},{"@type":"Organization","@id":"https:\/\/www.coaliciondelasamericas.org\/blog\/#organization","name":"Coalici&oacute;n de las Am&eacute;ricas","url":"https:\/\/www.coaliciondelasamericas.org\/blog\/","logo":{"@type":"ImageObject","inLanguage":"es","@id":"https:\/\/www.coaliciondelasamericas.org\/blog\/#\/schema\/logo\/image\/","url":"https:\/\/www.coaliciondelasamericas.org\/blog\/wp-content\/uploads\/2023\/03\/cropped-01-Portada-02.png","contentUrl":"https:\/\/www.coaliciondelasamericas.org\/blog\/wp-content\/uploads\/2023\/03\/cropped-01-Portada-02.png","width":300,"height":130,"caption":"Coalici&oacute;n de las Am&eacute;ricas"},"image":{"@id":"https:\/\/www.coaliciondelasamericas.org\/blog\/#\/schema\/logo\/image\/"}}]}},"_links":{"self":[{"href":"https:\/\/www.coaliciondelasamericas.org\/blog\/wp-json\/wp\/v2\/pages\/3096","targetHints":{"allow":["GET"]}}],"collection":[{"href":"https:\/\/www.coaliciondelasamericas.org\/blog\/wp-json\/wp\/v2\/pages"}],"about":[{"href":"https:\/\/www.coaliciondelasamericas.org\/blog\/wp-json\/wp\/v2\/types\/page"}],"author":[{"embeddable":true,"href":"https:\/\/www.coaliciondelasamericas.org\/blog\/wp-json\/wp\/v2\/users\/1"}],"replies":[{"embeddable":true,"href":"https:\/\/www.coaliciondelasamericas.org\/blog\/wp-json\/wp\/v2\/comments?post=3096"}],"version-history":[{"count":1,"href":"https:\/\/www.coaliciondelasamericas.org\/blog\/wp-json\/wp\/v2\/pages\/3096\/revisions"}],"predecessor-version":[{"id":3098,"href":"https:\/\/www.coaliciondelasamericas.org\/blog\/wp-json\/wp\/v2\/pages\/3096\/revisions\/3098"}],"up":[{"embeddable":true,"href":"https:\/\/www.coaliciondelasamericas.org\/blog\/wp-json\/wp\/v2\/pages\/52"}],"wp:attachment":[{"href":"https:\/\/www.coaliciondelasamericas.org\/blog\/wp-json\/wp\/v2\/media?parent=3096"}],"curies":[{"name":"wp","href":"https:\/\/api.w.org\/{rel}","templated":true}]}}