{"id":3087,"date":"2024-03-07T22:36:50","date_gmt":"2024-03-07T22:36:50","guid":{"rendered":"https:\/\/www.coaliciondelasamericas.org\/blog\/?page_id=3087"},"modified":"2024-03-07T22:36:51","modified_gmt":"2024-03-07T22:36:51","slug":"tania-maria-onzi-pietrobelli","status":"publish","type":"page","link":"https:\/\/www.coaliciondelasamericas.org\/blog\/consejo-directivo\/tania-maria-onzi-pietrobelli\/","title":{"rendered":"Tania Mar\u00eda Onzi Pietrobelli"},"content":{"rendered":"\n<div class=\"wp-block-columns is-layout-flex wp-container-core-columns-is-layout-28f84493 wp-block-columns-is-layout-flex\">\n<div class=\"wp-block-column is-layout-flow wp-block-column-is-layout-flow\">\n<p class=\"has-white-color has-text-color has-link-color wp-elements-7e4ac651328708ea719ac0894fa30934\">.<\/p>\n<\/div>\n\n\n\n<div class=\"wp-block-column is-layout-flow wp-block-column-is-layout-flow\"><\/div>\n\n\n\n<div class=\"wp-block-column is-layout-flow wp-block-column-is-layout-flow\"><\/div>\n<\/div>\n\n\n\n<div class=\"wp-block-columns is-layout-flex wp-container-core-columns-is-layout-28f84493 wp-block-columns-is-layout-flex\">\n<div class=\"wp-block-column is-layout-flow wp-block-column-is-layout-flow\" style=\"flex-basis:33.33%\">\n<figure class=\"wp-block-image size-full\"><img loading=\"lazy\" decoding=\"async\" width=\"480\" height=\"480\" src=\"https:\/\/www.coaliciondelasamericas.org\/blog\/wp-content\/uploads\/2024\/03\/Tania-Maria-Onzi-Pietrobelli-Brasil.jpg\" alt=\"Tania Maria Onzi Pietrobelli \" class=\"wp-image-3213\" srcset=\"https:\/\/www.coaliciondelasamericas.org\/blog\/wp-content\/uploads\/2024\/03\/Tania-Maria-Onzi-Pietrobelli-Brasil.jpg 480w, https:\/\/www.coaliciondelasamericas.org\/blog\/wp-content\/uploads\/2024\/03\/Tania-Maria-Onzi-Pietrobelli-Brasil-300x300.jpg 300w, https:\/\/www.coaliciondelasamericas.org\/blog\/wp-content\/uploads\/2024\/03\/Tania-Maria-Onzi-Pietrobelli-Brasil-150x150.jpg 150w\" sizes=\"auto, (max-width: 480px) 100vw, 480px\" \/><\/figure>\n<\/div>\n\n\n\n<div class=\"wp-block-column is-layout-flow wp-block-column-is-layout-flow\" style=\"flex-basis:66.66%\">\n<p><strong>TANIA MAR\u00cdA ONZI PIETROBELLI<br><\/strong>Coordinadora de Cabildeo<br>Brasil<\/p>\n\n\n\n<p>Madre de una persona con Hemofilia A Severa. Fue profesora de sordos en una escuela p\u00fablica durante 25 a\u00f1os. Desde el nacimiento de su hijo ha trabajado de forma voluntaria en la educaci\u00f3n de familiares y personas con hemofilia y organismos p\u00fablicos en la b\u00fasqueda de mejores tratamientos.<\/p>\n<\/div>\n<\/div>\n\n\n\n<div class=\"wp-block-columns is-layout-flex wp-container-core-columns-is-layout-28f84493 wp-block-columns-is-layout-flex\">\n<div class=\"wp-block-column is-layout-flow wp-block-column-is-layout-flow\">\n<p class=\"has-white-color has-text-color has-link-color wp-elements-7e4ac651328708ea719ac0894fa30934\">.<\/p>\n<\/div>\n\n\n\n<div class=\"wp-block-column is-layout-flow wp-block-column-is-layout-flow\"><\/div>\n\n\n\n<div class=\"wp-block-column is-layout-flow wp-block-column-is-layout-flow\"><\/div>\n<\/div>\n\n\n\n<p>En 1992, Tania fund\u00f3 la Asociaci\u00f3n de Hemof\u00edlicos de Rio Grande do Sul. De 2005 a 2009 fue vicepresidenta de la Federaci\u00f3n Brasile\u00f1a de Hemofilia (FBH) y en 2009 asumi\u00f3 la presidencia de la FBH, cargo que ocupa desde entonces. Bajo su gesti\u00f3n, en 2011\/2012, Tania obtuvo un aumento del presupuesto del Senado Federal para implementar en Brasil el tratamiento profil\u00e1ctico para todas las personas con hemofilia. Desde 2017 es miembro del directorio de la Coalici\u00f3n de Las Am\u00e9ricas (CoA) como Coordinadora de Relaciones P\u00fablicas e Institucionales.<\/p>\n\n\n\n<p><\/p>\n\n\n\n<hr class=\"wp-block-separator has-alpha-channel-opacity\"\/>\n\n\n\n<p><\/p>\n","protected":false},"excerpt":{"rendered":"<p>. TANIA MAR\u00cdA ONZI PIETROBELLICoordinadora de CabildeoBrasil Madre de una persona con Hemofilia A Severa. Fue profesora de sordos en<\/p>\n","protected":false},"author":1,"featured_media":0,"parent":52,"menu_order":4,"comment_status":"closed","ping_status":"closed","template":"","meta":{"colormag_page_container_layout":"no_sidebar_content_centered","colormag_page_sidebar_layout":"no_sidebar","_coblocks_attr":"","_coblocks_dimensions":"","_coblocks_responsive_height":"","_coblocks_accordion_ie_support":"","_monsterinsights_skip_tracking":false,"_monsterinsights_sitenote_active":false,"_monsterinsights_sitenote_note":"","_monsterinsights_sitenote_category":0,"footnotes":""},"class_list":["post-3087","page","type-page","status-publish","hentry"],"yoast_head":"<!-- This site is optimized with the Yoast SEO plugin v27.4 - https:\/\/yoast.com\/product\/yoast-seo-wordpress\/ -->\n<title>Tania Mar\u00eda Onzi Pietrobelli - Coalici&oacute;n de las Am&eacute;ricas<\/title>\n<meta name=\"description\" content=\"Madre de una persona con Hemofilia A Severa. Fue profesora de sordos en una escuela p\u00fablica durante 25 a\u00f1os.\" \/>\n<meta name=\"robots\" content=\"index, follow, max-snippet:-1, max-image-preview:large, max-video-preview:-1\" \/>\n<link rel=\"canonical\" href=\"https:\/\/www.coaliciondelasamericas.org\/blog\/consejo-directivo\/tania-maria-onzi-pietrobelli\/\" \/>\n<meta property=\"og:locale\" content=\"es_ES\" \/>\n<meta property=\"og:type\" content=\"article\" \/>\n<meta property=\"og:title\" content=\"Tania Mar\u00eda Onzi Pietrobelli - Coalici&oacute;n de las Am&eacute;ricas\" \/>\n<meta property=\"og:description\" content=\"Madre de una persona con Hemofilia A Severa. Fue profesora de sordos en una escuela p\u00fablica durante 25 a\u00f1os.\" \/>\n<meta property=\"og:url\" content=\"https:\/\/www.coaliciondelasamericas.org\/blog\/consejo-directivo\/tania-maria-onzi-pietrobelli\/\" \/>\n<meta property=\"og:site_name\" content=\"Coalici&oacute;n de las Am&eacute;ricas\" \/>\n<meta property=\"article:modified_time\" content=\"2024-03-07T22:36:51+00:00\" \/>\n<meta property=\"og:image\" content=\"https:\/\/www.coaliciondelasamericas.org\/blog\/wp-content\/uploads\/2024\/03\/Tania-Maria-Onzi-Pietrobelli-Brasil.jpg\" \/>\n<meta name=\"twitter:card\" content=\"summary_large_image\" \/>\n<meta name=\"twitter:label1\" content=\"Tiempo de lectura\" \/>\n\t<meta name=\"twitter:data1\" content=\"1 minuto\" \/>\n<script type=\"application\/ld+json\" class=\"yoast-schema-graph\">{\"@context\":\"https:\\\/\\\/schema.org\",\"@graph\":[{\"@type\":\"WebPage\",\"@id\":\"https:\\\/\\\/www.coaliciondelasamericas.org\\\/blog\\\/consejo-directivo\\\/tania-maria-onzi-pietrobelli\\\/\",\"url\":\"https:\\\/\\\/www.coaliciondelasamericas.org\\\/blog\\\/consejo-directivo\\\/tania-maria-onzi-pietrobelli\\\/\",\"name\":\"Tania Mar\u00eda Onzi Pietrobelli - Coalici&oacute;n de las Am&eacute;ricas\",\"isPartOf\":{\"@id\":\"https:\\\/\\\/www.coaliciondelasamericas.org\\\/blog\\\/#website\"},\"primaryImageOfPage\":{\"@id\":\"https:\\\/\\\/www.coaliciondelasamericas.org\\\/blog\\\/consejo-directivo\\\/tania-maria-onzi-pietrobelli\\\/#primaryimage\"},\"image\":{\"@id\":\"https:\\\/\\\/www.coaliciondelasamericas.org\\\/blog\\\/consejo-directivo\\\/tania-maria-onzi-pietrobelli\\\/#primaryimage\"},\"thumbnailUrl\":\"https:\\\/\\\/www.coaliciondelasamericas.org\\\/blog\\\/wp-content\\\/uploads\\\/2024\\\/03\\\/Tania-Maria-Onzi-Pietrobelli-Brasil.jpg\",\"datePublished\":\"2024-03-07T22:36:50+00:00\",\"dateModified\":\"2024-03-07T22:36:51+00:00\",\"description\":\"Madre de una persona con Hemofilia A Severa. Fue profesora de sordos en una escuela p\u00fablica durante 25 a\u00f1os.\",\"breadcrumb\":{\"@id\":\"https:\\\/\\\/www.coaliciondelasamericas.org\\\/blog\\\/consejo-directivo\\\/tania-maria-onzi-pietrobelli\\\/#breadcrumb\"},\"inLanguage\":\"es\",\"potentialAction\":[{\"@type\":\"ReadAction\",\"target\":[\"https:\\\/\\\/www.coaliciondelasamericas.org\\\/blog\\\/consejo-directivo\\\/tania-maria-onzi-pietrobelli\\\/\"]}]},{\"@type\":\"ImageObject\",\"inLanguage\":\"es\",\"@id\":\"https:\\\/\\\/www.coaliciondelasamericas.org\\\/blog\\\/consejo-directivo\\\/tania-maria-onzi-pietrobelli\\\/#primaryimage\",\"url\":\"https:\\\/\\\/www.coaliciondelasamericas.org\\\/blog\\\/wp-content\\\/uploads\\\/2024\\\/03\\\/Tania-Maria-Onzi-Pietrobelli-Brasil.jpg\",\"contentUrl\":\"https:\\\/\\\/www.coaliciondelasamericas.org\\\/blog\\\/wp-content\\\/uploads\\\/2024\\\/03\\\/Tania-Maria-Onzi-Pietrobelli-Brasil.jpg\"},{\"@type\":\"BreadcrumbList\",\"@id\":\"https:\\\/\\\/www.coaliciondelasamericas.org\\\/blog\\\/consejo-directivo\\\/tania-maria-onzi-pietrobelli\\\/#breadcrumb\",\"itemListElement\":[{\"@type\":\"ListItem\",\"position\":1,\"name\":\"Portada\",\"item\":\"https:\\\/\\\/www.coaliciondelasamericas.org\\\/blog\\\/\"},{\"@type\":\"ListItem\",\"position\":2,\"name\":\"Comisi\u00f3n Directiva\",\"item\":\"https:\\\/\\\/www.coaliciondelasamericas.org\\\/blog\\\/consejo-directivo\\\/\"},{\"@type\":\"ListItem\",\"position\":3,\"name\":\"Tania Mar\u00eda Onzi Pietrobelli\"}]},{\"@type\":\"WebSite\",\"@id\":\"https:\\\/\\\/www.coaliciondelasamericas.org\\\/blog\\\/#website\",\"url\":\"https:\\\/\\\/www.coaliciondelasamericas.org\\\/blog\\\/\",\"name\":\"Coalici&oacute;n de las Am&eacute;ricas\",\"description\":\"Lideres Unidos por el Bienestar de la Hemofilia\",\"publisher\":{\"@id\":\"https:\\\/\\\/www.coaliciondelasamericas.org\\\/blog\\\/#organization\"},\"potentialAction\":[{\"@type\":\"SearchAction\",\"target\":{\"@type\":\"EntryPoint\",\"urlTemplate\":\"https:\\\/\\\/www.coaliciondelasamericas.org\\\/blog\\\/?s={search_term_string}\"},\"query-input\":{\"@type\":\"PropertyValueSpecification\",\"valueRequired\":true,\"valueName\":\"search_term_string\"}}],\"inLanguage\":\"es\"},{\"@type\":\"Organization\",\"@id\":\"https:\\\/\\\/www.coaliciondelasamericas.org\\\/blog\\\/#organization\",\"name\":\"Coalici&oacute;n de las Am&eacute;ricas\",\"url\":\"https:\\\/\\\/www.coaliciondelasamericas.org\\\/blog\\\/\",\"logo\":{\"@type\":\"ImageObject\",\"inLanguage\":\"es\",\"@id\":\"https:\\\/\\\/www.coaliciondelasamericas.org\\\/blog\\\/#\\\/schema\\\/logo\\\/image\\\/\",\"url\":\"https:\\\/\\\/www.coaliciondelasamericas.org\\\/blog\\\/wp-content\\\/uploads\\\/2023\\\/03\\\/cropped-01-Portada-02.png\",\"contentUrl\":\"https:\\\/\\\/www.coaliciondelasamericas.org\\\/blog\\\/wp-content\\\/uploads\\\/2023\\\/03\\\/cropped-01-Portada-02.png\",\"width\":300,\"height\":130,\"caption\":\"Coalici&oacute;n de las Am&eacute;ricas\"},\"image\":{\"@id\":\"https:\\\/\\\/www.coaliciondelasamericas.org\\\/blog\\\/#\\\/schema\\\/logo\\\/image\\\/\"}}]}<\/script>\n<!-- \/ Yoast SEO plugin. -->","yoast_head_json":{"title":"Tania Mar\u00eda Onzi Pietrobelli - Coalici&oacute;n de las Am&eacute;ricas","description":"Madre de una persona con Hemofilia A Severa. Fue profesora de sordos en una escuela p\u00fablica durante 25 a\u00f1os.","robots":{"index":"index","follow":"follow","max-snippet":"max-snippet:-1","max-image-preview":"max-image-preview:large","max-video-preview":"max-video-preview:-1"},"canonical":"https:\/\/www.coaliciondelasamericas.org\/blog\/consejo-directivo\/tania-maria-onzi-pietrobelli\/","og_locale":"es_ES","og_type":"article","og_title":"Tania Mar\u00eda Onzi Pietrobelli - Coalici&oacute;n de las Am&eacute;ricas","og_description":"Madre de una persona con Hemofilia A Severa. Fue profesora de sordos en una escuela p\u00fablica durante 25 a\u00f1os.","og_url":"https:\/\/www.coaliciondelasamericas.org\/blog\/consejo-directivo\/tania-maria-onzi-pietrobelli\/","og_site_name":"Coalici&oacute;n de las Am&eacute;ricas","article_modified_time":"2024-03-07T22:36:51+00:00","og_image":[{"url":"https:\/\/www.coaliciondelasamericas.org\/blog\/wp-content\/uploads\/2024\/03\/Tania-Maria-Onzi-Pietrobelli-Brasil.jpg","type":"","width":"","height":""}],"twitter_card":"summary_large_image","twitter_misc":{"Tiempo de lectura":"1 minuto"},"schema":{"@context":"https:\/\/schema.org","@graph":[{"@type":"WebPage","@id":"https:\/\/www.coaliciondelasamericas.org\/blog\/consejo-directivo\/tania-maria-onzi-pietrobelli\/","url":"https:\/\/www.coaliciondelasamericas.org\/blog\/consejo-directivo\/tania-maria-onzi-pietrobelli\/","name":"Tania Mar\u00eda Onzi Pietrobelli - Coalici&oacute;n de las Am&eacute;ricas","isPartOf":{"@id":"https:\/\/www.coaliciondelasamericas.org\/blog\/#website"},"primaryImageOfPage":{"@id":"https:\/\/www.coaliciondelasamericas.org\/blog\/consejo-directivo\/tania-maria-onzi-pietrobelli\/#primaryimage"},"image":{"@id":"https:\/\/www.coaliciondelasamericas.org\/blog\/consejo-directivo\/tania-maria-onzi-pietrobelli\/#primaryimage"},"thumbnailUrl":"https:\/\/www.coaliciondelasamericas.org\/blog\/wp-content\/uploads\/2024\/03\/Tania-Maria-Onzi-Pietrobelli-Brasil.jpg","datePublished":"2024-03-07T22:36:50+00:00","dateModified":"2024-03-07T22:36:51+00:00","description":"Madre de una persona con Hemofilia A Severa. Fue profesora de sordos en una escuela p\u00fablica durante 25 a\u00f1os.","breadcrumb":{"@id":"https:\/\/www.coaliciondelasamericas.org\/blog\/consejo-directivo\/tania-maria-onzi-pietrobelli\/#breadcrumb"},"inLanguage":"es","potentialAction":[{"@type":"ReadAction","target":["https:\/\/www.coaliciondelasamericas.org\/blog\/consejo-directivo\/tania-maria-onzi-pietrobelli\/"]}]},{"@type":"ImageObject","inLanguage":"es","@id":"https:\/\/www.coaliciondelasamericas.org\/blog\/consejo-directivo\/tania-maria-onzi-pietrobelli\/#primaryimage","url":"https:\/\/www.coaliciondelasamericas.org\/blog\/wp-content\/uploads\/2024\/03\/Tania-Maria-Onzi-Pietrobelli-Brasil.jpg","contentUrl":"https:\/\/www.coaliciondelasamericas.org\/blog\/wp-content\/uploads\/2024\/03\/Tania-Maria-Onzi-Pietrobelli-Brasil.jpg"},{"@type":"BreadcrumbList","@id":"https:\/\/www.coaliciondelasamericas.org\/blog\/consejo-directivo\/tania-maria-onzi-pietrobelli\/#breadcrumb","itemListElement":[{"@type":"ListItem","position":1,"name":"Portada","item":"https:\/\/www.coaliciondelasamericas.org\/blog\/"},{"@type":"ListItem","position":2,"name":"Comisi\u00f3n Directiva","item":"https:\/\/www.coaliciondelasamericas.org\/blog\/consejo-directivo\/"},{"@type":"ListItem","position":3,"name":"Tania Mar\u00eda Onzi Pietrobelli"}]},{"@type":"WebSite","@id":"https:\/\/www.coaliciondelasamericas.org\/blog\/#website","url":"https:\/\/www.coaliciondelasamericas.org\/blog\/","name":"Coalici&oacute;n de las Am&eacute;ricas","description":"Lideres Unidos por el Bienestar de la Hemofilia","publisher":{"@id":"https:\/\/www.coaliciondelasamericas.org\/blog\/#organization"},"potentialAction":[{"@type":"SearchAction","target":{"@type":"EntryPoint","urlTemplate":"https:\/\/www.coaliciondelasamericas.org\/blog\/?s={search_term_string}"},"query-input":{"@type":"PropertyValueSpecification","valueRequired":true,"valueName":"search_term_string"}}],"inLanguage":"es"},{"@type":"Organization","@id":"https:\/\/www.coaliciondelasamericas.org\/blog\/#organization","name":"Coalici&oacute;n de las Am&eacute;ricas","url":"https:\/\/www.coaliciondelasamericas.org\/blog\/","logo":{"@type":"ImageObject","inLanguage":"es","@id":"https:\/\/www.coaliciondelasamericas.org\/blog\/#\/schema\/logo\/image\/","url":"https:\/\/www.coaliciondelasamericas.org\/blog\/wp-content\/uploads\/2023\/03\/cropped-01-Portada-02.png","contentUrl":"https:\/\/www.coaliciondelasamericas.org\/blog\/wp-content\/uploads\/2023\/03\/cropped-01-Portada-02.png","width":300,"height":130,"caption":"Coalici&oacute;n de las Am&eacute;ricas"},"image":{"@id":"https:\/\/www.coaliciondelasamericas.org\/blog\/#\/schema\/logo\/image\/"}}]}},"_links":{"self":[{"href":"https:\/\/www.coaliciondelasamericas.org\/blog\/wp-json\/wp\/v2\/pages\/3087","targetHints":{"allow":["GET"]}}],"collection":[{"href":"https:\/\/www.coaliciondelasamericas.org\/blog\/wp-json\/wp\/v2\/pages"}],"about":[{"href":"https:\/\/www.coaliciondelasamericas.org\/blog\/wp-json\/wp\/v2\/types\/page"}],"author":[{"embeddable":true,"href":"https:\/\/www.coaliciondelasamericas.org\/blog\/wp-json\/wp\/v2\/users\/1"}],"replies":[{"embeddable":true,"href":"https:\/\/www.coaliciondelasamericas.org\/blog\/wp-json\/wp\/v2\/comments?post=3087"}],"version-history":[{"count":2,"href":"https:\/\/www.coaliciondelasamericas.org\/blog\/wp-json\/wp\/v2\/pages\/3087\/revisions"}],"predecessor-version":[{"id":3217,"href":"https:\/\/www.coaliciondelasamericas.org\/blog\/wp-json\/wp\/v2\/pages\/3087\/revisions\/3217"}],"up":[{"embeddable":true,"href":"https:\/\/www.coaliciondelasamericas.org\/blog\/wp-json\/wp\/v2\/pages\/52"}],"wp:attachment":[{"href":"https:\/\/www.coaliciondelasamericas.org\/blog\/wp-json\/wp\/v2\/media?parent=3087"}],"curies":[{"name":"wp","href":"https:\/\/api.w.org\/{rel}","templated":true}]}}