{"id":2980,"date":"2024-02-23T14:56:06","date_gmt":"2024-02-23T14:56:06","guid":{"rendered":"https:\/\/www.coaliciondelasamericas.org\/blog\/?page_id=2980"},"modified":"2024-03-04T17:55:41","modified_gmt":"2024-03-04T17:55:41","slug":"mark-skinner","status":"publish","type":"page","link":"https:\/\/www.coaliciondelasamericas.org\/blog\/comites\/comite-asesor-de-lideres\/mark-skinner\/","title":{"rendered":"Mark Skinner"},"content":{"rendered":"\n<div class=\"wp-block-columns is-layout-flex wp-container-core-columns-is-layout-28f84493 wp-block-columns-is-layout-flex\">\n<div class=\"wp-block-column is-layout-flow wp-block-column-is-layout-flow\">\n<p class=\"has-white-color has-text-color has-link-color wp-elements-7e4ac651328708ea719ac0894fa30934\">.<\/p>\n<\/div>\n\n\n\n<div class=\"wp-block-column is-layout-flow wp-block-column-is-layout-flow\"><\/div>\n\n\n\n<div class=\"wp-block-column is-layout-flow wp-block-column-is-layout-flow\"><\/div>\n<\/div>\n\n\n\n<div class=\"wp-block-columns is-layout-flex wp-container-core-columns-is-layout-28f84493 wp-block-columns-is-layout-flex\">\n<div class=\"wp-block-column is-layout-flow wp-block-column-is-layout-flow\" style=\"flex-basis:33.33%\">\n<figure class=\"wp-block-image size-full\"><img loading=\"lazy\" decoding=\"async\" width=\"768\" height=\"768\" src=\"https:\/\/www.coaliciondelasamericas.org\/blog\/wp-content\/uploads\/2024\/02\/Mark-W-Skinner-2023_square.jpg\" alt=\"MARK SKINNER\" class=\"wp-image-2951\" srcset=\"https:\/\/www.coaliciondelasamericas.org\/blog\/wp-content\/uploads\/2024\/02\/Mark-W-Skinner-2023_square.jpg 768w, https:\/\/www.coaliciondelasamericas.org\/blog\/wp-content\/uploads\/2024\/02\/Mark-W-Skinner-2023_square-300x300.jpg 300w, https:\/\/www.coaliciondelasamericas.org\/blog\/wp-content\/uploads\/2024\/02\/Mark-W-Skinner-2023_square-150x150.jpg 150w\" sizes=\"auto, (max-width: 768px) 100vw, 768px\" \/><\/figure>\n<\/div>\n\n\n\n<div class=\"wp-block-column is-layout-flow wp-block-column-is-layout-flow\" style=\"flex-basis:66.66%\">\n<p><strong>MARK SKINNER<br><\/strong>Presidente y director ejecutivo<br>Institute for Policy Advancement Ltd<br>Estados Unidos<\/p>\n\n\n\n<p>Mark Skinner, Washington, DC, es presidente y director ejecutivo del Institute for Policy Advancement Ltd, especializado en investigaciones de resultados centradas en el paciente.\u00a0Es profesor asistente en el Departamento de M\u00e9todos, Evidencia e Impacto de Investigaci\u00f3n en Salud de McMaster.\u00a0 <\/p>\n<\/div>\n<\/div>\n\n\n\n<div class=\"wp-block-columns is-layout-flex wp-container-core-columns-is-layout-28f84493 wp-block-columns-is-layout-flex\">\n<div class=\"wp-block-column is-layout-flow wp-block-column-is-layout-flow\">\n<p class=\"has-white-color has-text-color has-link-color wp-elements-7e4ac651328708ea719ac0894fa30934\">.<\/p>\n<\/div>\n\n\n\n<div class=\"wp-block-column is-layout-flow wp-block-column-is-layout-flow\"><\/div>\n\n\n\n<div class=\"wp-block-column is-layout-flow wp-block-column-is-layout-flow\"><\/div>\n<\/div>\n\n\n\n<p>Anteriormente dirigi\u00f3 organizaciones de pacientes nacionales e internacionales, incluida la Federaci\u00f3n Mundial de Hemofilia y la Fundaci\u00f3n Nacional de Hemofilia, donde actualmente forma parte de su Consejo Asesor M\u00e9dico y Cient\u00edfico. Es el investigador principal del estudio Patient Reported Outcomes Burdens and Experiences (PROBE), un proyecto de investigaci\u00f3n global para mejorar la voz directa del paciente en la toma de decisiones sobre atenci\u00f3n m\u00e9dica. Ocupa numerosas funciones como asesor en cuestiones cr\u00edticas de suministro y seguridad de la sangre, incluido el haber formado parte del Comit\u00e9 Asesor de Servicios Humanos y de Salud de EE. UU. sobre seguridad y disponibilidad de sangre y tejidos. Es miembro de la junta directiva del Instituto de Revisi\u00f3n Cl\u00ednica y Econ\u00f3mica (ICER), de la Organizaci\u00f3n Nacional de Enfermedades Raras (NORD) y anteriormente del Panel Asesor sobre Enfermedades Raras del Instituto de Investigaci\u00f3n de Resultados Centrados en el Paciente (PCORI), donde fue miembro inaugural. Anteriormente, fue vicepresidente de programas estatales en la Asociaci\u00f3n Estadounidense de Seguros y asistente administrativo\/jefe de personal del presidente de la C\u00e1mara de Representantes de Kansas. Tiene t\u00edtulos en Administraci\u00f3n P\u00fablica y Empresarial de la Universidad Estatal de Kansas y un doctorado en Derecho de la Facultad de Derecho de la Universidad de Washburn.<\/p>\n\n\n\n<p><strong>Fuente<\/strong>: Federaci\u00f3n Mundial de Hemofilia,  <strong><a href=\"https:\/\/wfh.org\/es\/article\/speaker\/mark-skinner\/\">Leer M\u00e1s \u00bb<\/a><\/strong><\/p>\n\n\n\n<hr class=\"wp-block-separator has-alpha-channel-opacity\"\/>\n\n\n\n<p><\/p>\n","protected":false},"excerpt":{"rendered":"<p>. MARK SKINNERPresidente y director ejecutivoInstitute for Policy Advancement LtdEstados Unidos Mark Skinner, Washington, DC, es presidente y director ejecutivo<\/p>\n","protected":false},"author":1,"featured_media":0,"parent":2884,"menu_order":8,"comment_status":"closed","ping_status":"closed","template":"","meta":{"colormag_page_container_layout":"no_sidebar_content_centered","colormag_page_sidebar_layout":"no_sidebar","_coblocks_attr":"","_coblocks_dimensions":"","_coblocks_responsive_height":"","_coblocks_accordion_ie_support":"","_monsterinsights_skip_tracking":false,"_monsterinsights_sitenote_active":false,"_monsterinsights_sitenote_note":"","_monsterinsights_sitenote_category":0,"footnotes":""},"class_list":["post-2980","page","type-page","status-publish","hentry"],"yoast_head":"<!-- This site is optimized with the Yoast SEO plugin v27.4 - https:\/\/yoast.com\/product\/yoast-seo-wordpress\/ -->\n<title>Mark Skinner - Coalici&oacute;n de las Am&eacute;ricas<\/title>\n<meta name=\"description\" content=\"Mark Skinner, Washington, DC, es presidente y director ejecutivo del Institute for Policy Advancement Ltd.\" \/>\n<meta name=\"robots\" content=\"index, follow, max-snippet:-1, max-image-preview:large, max-video-preview:-1\" \/>\n<link rel=\"canonical\" href=\"https:\/\/www.coaliciondelasamericas.org\/blog\/comites\/comite-asesor-de-lideres\/mark-skinner\/\" \/>\n<meta property=\"og:locale\" content=\"es_ES\" \/>\n<meta property=\"og:type\" content=\"article\" \/>\n<meta property=\"og:title\" content=\"Mark Skinner - Coalici&oacute;n de las Am&eacute;ricas\" \/>\n<meta property=\"og:description\" content=\"Mark Skinner, Washington, DC, es presidente y director ejecutivo del Institute for Policy Advancement Ltd.\" \/>\n<meta property=\"og:url\" content=\"https:\/\/www.coaliciondelasamericas.org\/blog\/comites\/comite-asesor-de-lideres\/mark-skinner\/\" \/>\n<meta property=\"og:site_name\" content=\"Coalici&oacute;n de las Am&eacute;ricas\" \/>\n<meta property=\"article:modified_time\" content=\"2024-03-04T17:55:41+00:00\" \/>\n<meta property=\"og:image\" content=\"https:\/\/www.coaliciondelasamericas.org\/blog\/wp-content\/uploads\/2024\/02\/Mark-W-Skinner-2023_square.jpg\" \/>\n<meta name=\"twitter:card\" content=\"summary_large_image\" \/>\n<meta name=\"twitter:label1\" content=\"Tiempo de lectura\" \/>\n\t<meta name=\"twitter:data1\" content=\"2 minutos\" \/>\n<script type=\"application\/ld+json\" class=\"yoast-schema-graph\">{\"@context\":\"https:\\\/\\\/schema.org\",\"@graph\":[{\"@type\":\"WebPage\",\"@id\":\"https:\\\/\\\/www.coaliciondelasamericas.org\\\/blog\\\/comites\\\/comite-asesor-de-lideres\\\/mark-skinner\\\/\",\"url\":\"https:\\\/\\\/www.coaliciondelasamericas.org\\\/blog\\\/comites\\\/comite-asesor-de-lideres\\\/mark-skinner\\\/\",\"name\":\"Mark Skinner - Coalici&oacute;n de las Am&eacute;ricas\",\"isPartOf\":{\"@id\":\"https:\\\/\\\/www.coaliciondelasamericas.org\\\/blog\\\/#website\"},\"primaryImageOfPage\":{\"@id\":\"https:\\\/\\\/www.coaliciondelasamericas.org\\\/blog\\\/comites\\\/comite-asesor-de-lideres\\\/mark-skinner\\\/#primaryimage\"},\"image\":{\"@id\":\"https:\\\/\\\/www.coaliciondelasamericas.org\\\/blog\\\/comites\\\/comite-asesor-de-lideres\\\/mark-skinner\\\/#primaryimage\"},\"thumbnailUrl\":\"https:\\\/\\\/www.coaliciondelasamericas.org\\\/blog\\\/wp-content\\\/uploads\\\/2024\\\/02\\\/Mark-W-Skinner-2023_square.jpg\",\"datePublished\":\"2024-02-23T14:56:06+00:00\",\"dateModified\":\"2024-03-04T17:55:41+00:00\",\"description\":\"Mark Skinner, Washington, DC, es presidente y director ejecutivo del Institute for Policy Advancement Ltd.\",\"breadcrumb\":{\"@id\":\"https:\\\/\\\/www.coaliciondelasamericas.org\\\/blog\\\/comites\\\/comite-asesor-de-lideres\\\/mark-skinner\\\/#breadcrumb\"},\"inLanguage\":\"es\",\"potentialAction\":[{\"@type\":\"ReadAction\",\"target\":[\"https:\\\/\\\/www.coaliciondelasamericas.org\\\/blog\\\/comites\\\/comite-asesor-de-lideres\\\/mark-skinner\\\/\"]}]},{\"@type\":\"ImageObject\",\"inLanguage\":\"es\",\"@id\":\"https:\\\/\\\/www.coaliciondelasamericas.org\\\/blog\\\/comites\\\/comite-asesor-de-lideres\\\/mark-skinner\\\/#primaryimage\",\"url\":\"https:\\\/\\\/www.coaliciondelasamericas.org\\\/blog\\\/wp-content\\\/uploads\\\/2024\\\/02\\\/Mark-W-Skinner-2023_square.jpg\",\"contentUrl\":\"https:\\\/\\\/www.coaliciondelasamericas.org\\\/blog\\\/wp-content\\\/uploads\\\/2024\\\/02\\\/Mark-W-Skinner-2023_square.jpg\",\"width\":768,\"height\":768,\"caption\":\"MARK SKINNER\"},{\"@type\":\"BreadcrumbList\",\"@id\":\"https:\\\/\\\/www.coaliciondelasamericas.org\\\/blog\\\/comites\\\/comite-asesor-de-lideres\\\/mark-skinner\\\/#breadcrumb\",\"itemListElement\":[{\"@type\":\"ListItem\",\"position\":1,\"name\":\"Portada\",\"item\":\"https:\\\/\\\/www.coaliciondelasamericas.org\\\/blog\\\/\"},{\"@type\":\"ListItem\",\"position\":2,\"name\":\"Comit\u00e9s\",\"item\":\"https:\\\/\\\/www.coaliciondelasamericas.org\\\/blog\\\/comites\\\/\"},{\"@type\":\"ListItem\",\"position\":3,\"name\":\"Comit\u00e9 Asesor de L\u00edderes\",\"item\":\"https:\\\/\\\/www.coaliciondelasamericas.org\\\/blog\\\/comites\\\/comite-asesor-de-lideres\\\/\"},{\"@type\":\"ListItem\",\"position\":4,\"name\":\"Mark Skinner\"}]},{\"@type\":\"WebSite\",\"@id\":\"https:\\\/\\\/www.coaliciondelasamericas.org\\\/blog\\\/#website\",\"url\":\"https:\\\/\\\/www.coaliciondelasamericas.org\\\/blog\\\/\",\"name\":\"Coalici&oacute;n de las Am&eacute;ricas\",\"description\":\"Lideres Unidos por el Bienestar de la Hemofilia\",\"publisher\":{\"@id\":\"https:\\\/\\\/www.coaliciondelasamericas.org\\\/blog\\\/#organization\"},\"potentialAction\":[{\"@type\":\"SearchAction\",\"target\":{\"@type\":\"EntryPoint\",\"urlTemplate\":\"https:\\\/\\\/www.coaliciondelasamericas.org\\\/blog\\\/?s={search_term_string}\"},\"query-input\":{\"@type\":\"PropertyValueSpecification\",\"valueRequired\":true,\"valueName\":\"search_term_string\"}}],\"inLanguage\":\"es\"},{\"@type\":\"Organization\",\"@id\":\"https:\\\/\\\/www.coaliciondelasamericas.org\\\/blog\\\/#organization\",\"name\":\"Coalici&oacute;n de las Am&eacute;ricas\",\"url\":\"https:\\\/\\\/www.coaliciondelasamericas.org\\\/blog\\\/\",\"logo\":{\"@type\":\"ImageObject\",\"inLanguage\":\"es\",\"@id\":\"https:\\\/\\\/www.coaliciondelasamericas.org\\\/blog\\\/#\\\/schema\\\/logo\\\/image\\\/\",\"url\":\"https:\\\/\\\/www.coaliciondelasamericas.org\\\/blog\\\/wp-content\\\/uploads\\\/2023\\\/03\\\/cropped-01-Portada-02.png\",\"contentUrl\":\"https:\\\/\\\/www.coaliciondelasamericas.org\\\/blog\\\/wp-content\\\/uploads\\\/2023\\\/03\\\/cropped-01-Portada-02.png\",\"width\":300,\"height\":130,\"caption\":\"Coalici&oacute;n de las Am&eacute;ricas\"},\"image\":{\"@id\":\"https:\\\/\\\/www.coaliciondelasamericas.org\\\/blog\\\/#\\\/schema\\\/logo\\\/image\\\/\"}}]}<\/script>\n<!-- \/ Yoast SEO plugin. -->","yoast_head_json":{"title":"Mark Skinner - Coalici&oacute;n de las Am&eacute;ricas","description":"Mark Skinner, Washington, DC, es presidente y director ejecutivo del Institute for Policy Advancement Ltd.","robots":{"index":"index","follow":"follow","max-snippet":"max-snippet:-1","max-image-preview":"max-image-preview:large","max-video-preview":"max-video-preview:-1"},"canonical":"https:\/\/www.coaliciondelasamericas.org\/blog\/comites\/comite-asesor-de-lideres\/mark-skinner\/","og_locale":"es_ES","og_type":"article","og_title":"Mark Skinner - Coalici&oacute;n de las Am&eacute;ricas","og_description":"Mark Skinner, Washington, DC, es presidente y director ejecutivo del Institute for Policy Advancement Ltd.","og_url":"https:\/\/www.coaliciondelasamericas.org\/blog\/comites\/comite-asesor-de-lideres\/mark-skinner\/","og_site_name":"Coalici&oacute;n de las Am&eacute;ricas","article_modified_time":"2024-03-04T17:55:41+00:00","og_image":[{"url":"https:\/\/www.coaliciondelasamericas.org\/blog\/wp-content\/uploads\/2024\/02\/Mark-W-Skinner-2023_square.jpg","type":"","width":"","height":""}],"twitter_card":"summary_large_image","twitter_misc":{"Tiempo de lectura":"2 minutos"},"schema":{"@context":"https:\/\/schema.org","@graph":[{"@type":"WebPage","@id":"https:\/\/www.coaliciondelasamericas.org\/blog\/comites\/comite-asesor-de-lideres\/mark-skinner\/","url":"https:\/\/www.coaliciondelasamericas.org\/blog\/comites\/comite-asesor-de-lideres\/mark-skinner\/","name":"Mark Skinner - Coalici&oacute;n de las Am&eacute;ricas","isPartOf":{"@id":"https:\/\/www.coaliciondelasamericas.org\/blog\/#website"},"primaryImageOfPage":{"@id":"https:\/\/www.coaliciondelasamericas.org\/blog\/comites\/comite-asesor-de-lideres\/mark-skinner\/#primaryimage"},"image":{"@id":"https:\/\/www.coaliciondelasamericas.org\/blog\/comites\/comite-asesor-de-lideres\/mark-skinner\/#primaryimage"},"thumbnailUrl":"https:\/\/www.coaliciondelasamericas.org\/blog\/wp-content\/uploads\/2024\/02\/Mark-W-Skinner-2023_square.jpg","datePublished":"2024-02-23T14:56:06+00:00","dateModified":"2024-03-04T17:55:41+00:00","description":"Mark Skinner, Washington, DC, es presidente y director ejecutivo del Institute for Policy Advancement Ltd.","breadcrumb":{"@id":"https:\/\/www.coaliciondelasamericas.org\/blog\/comites\/comite-asesor-de-lideres\/mark-skinner\/#breadcrumb"},"inLanguage":"es","potentialAction":[{"@type":"ReadAction","target":["https:\/\/www.coaliciondelasamericas.org\/blog\/comites\/comite-asesor-de-lideres\/mark-skinner\/"]}]},{"@type":"ImageObject","inLanguage":"es","@id":"https:\/\/www.coaliciondelasamericas.org\/blog\/comites\/comite-asesor-de-lideres\/mark-skinner\/#primaryimage","url":"https:\/\/www.coaliciondelasamericas.org\/blog\/wp-content\/uploads\/2024\/02\/Mark-W-Skinner-2023_square.jpg","contentUrl":"https:\/\/www.coaliciondelasamericas.org\/blog\/wp-content\/uploads\/2024\/02\/Mark-W-Skinner-2023_square.jpg","width":768,"height":768,"caption":"MARK SKINNER"},{"@type":"BreadcrumbList","@id":"https:\/\/www.coaliciondelasamericas.org\/blog\/comites\/comite-asesor-de-lideres\/mark-skinner\/#breadcrumb","itemListElement":[{"@type":"ListItem","position":1,"name":"Portada","item":"https:\/\/www.coaliciondelasamericas.org\/blog\/"},{"@type":"ListItem","position":2,"name":"Comit\u00e9s","item":"https:\/\/www.coaliciondelasamericas.org\/blog\/comites\/"},{"@type":"ListItem","position":3,"name":"Comit\u00e9 Asesor de L\u00edderes","item":"https:\/\/www.coaliciondelasamericas.org\/blog\/comites\/comite-asesor-de-lideres\/"},{"@type":"ListItem","position":4,"name":"Mark Skinner"}]},{"@type":"WebSite","@id":"https:\/\/www.coaliciondelasamericas.org\/blog\/#website","url":"https:\/\/www.coaliciondelasamericas.org\/blog\/","name":"Coalici&oacute;n de las Am&eacute;ricas","description":"Lideres Unidos por el Bienestar de la Hemofilia","publisher":{"@id":"https:\/\/www.coaliciondelasamericas.org\/blog\/#organization"},"potentialAction":[{"@type":"SearchAction","target":{"@type":"EntryPoint","urlTemplate":"https:\/\/www.coaliciondelasamericas.org\/blog\/?s={search_term_string}"},"query-input":{"@type":"PropertyValueSpecification","valueRequired":true,"valueName":"search_term_string"}}],"inLanguage":"es"},{"@type":"Organization","@id":"https:\/\/www.coaliciondelasamericas.org\/blog\/#organization","name":"Coalici&oacute;n de las Am&eacute;ricas","url":"https:\/\/www.coaliciondelasamericas.org\/blog\/","logo":{"@type":"ImageObject","inLanguage":"es","@id":"https:\/\/www.coaliciondelasamericas.org\/blog\/#\/schema\/logo\/image\/","url":"https:\/\/www.coaliciondelasamericas.org\/blog\/wp-content\/uploads\/2023\/03\/cropped-01-Portada-02.png","contentUrl":"https:\/\/www.coaliciondelasamericas.org\/blog\/wp-content\/uploads\/2023\/03\/cropped-01-Portada-02.png","width":300,"height":130,"caption":"Coalici&oacute;n de las Am&eacute;ricas"},"image":{"@id":"https:\/\/www.coaliciondelasamericas.org\/blog\/#\/schema\/logo\/image\/"}}]}},"_links":{"self":[{"href":"https:\/\/www.coaliciondelasamericas.org\/blog\/wp-json\/wp\/v2\/pages\/2980","targetHints":{"allow":["GET"]}}],"collection":[{"href":"https:\/\/www.coaliciondelasamericas.org\/blog\/wp-json\/wp\/v2\/pages"}],"about":[{"href":"https:\/\/www.coaliciondelasamericas.org\/blog\/wp-json\/wp\/v2\/types\/page"}],"author":[{"embeddable":true,"href":"https:\/\/www.coaliciondelasamericas.org\/blog\/wp-json\/wp\/v2\/users\/1"}],"replies":[{"embeddable":true,"href":"https:\/\/www.coaliciondelasamericas.org\/blog\/wp-json\/wp\/v2\/comments?post=2980"}],"version-history":[{"count":2,"href":"https:\/\/www.coaliciondelasamericas.org\/blog\/wp-json\/wp\/v2\/pages\/2980\/revisions"}],"predecessor-version":[{"id":2998,"href":"https:\/\/www.coaliciondelasamericas.org\/blog\/wp-json\/wp\/v2\/pages\/2980\/revisions\/2998"}],"up":[{"embeddable":true,"href":"https:\/\/www.coaliciondelasamericas.org\/blog\/wp-json\/wp\/v2\/pages\/2884"}],"wp:attachment":[{"href":"https:\/\/www.coaliciondelasamericas.org\/blog\/wp-json\/wp\/v2\/media?parent=2980"}],"curies":[{"name":"wp","href":"https:\/\/api.w.org\/{rel}","templated":true}]}}