{"id":2979,"date":"2024-02-23T14:44:38","date_gmt":"2024-02-23T14:44:38","guid":{"rendered":"https:\/\/www.coaliciondelasamericas.org\/blog\/?page_id=2979"},"modified":"2024-03-04T17:55:33","modified_gmt":"2024-03-04T17:55:33","slug":"carlos-safadi-marquez","status":"publish","type":"page","link":"https:\/\/www.coaliciondelasamericas.org\/blog\/comites\/comite-asesor-de-lideres\/carlos-safadi-marquez\/","title":{"rendered":"Carlos Safadi M\u00e1rquez"},"content":{"rendered":"\n<div class=\"wp-block-columns is-layout-flex wp-container-core-columns-is-layout-28f84493 wp-block-columns-is-layout-flex\">\n<div class=\"wp-block-column is-layout-flow wp-block-column-is-layout-flow\">\n<p class=\"has-white-color has-text-color has-link-color wp-elements-7e4ac651328708ea719ac0894fa30934\">.<\/p>\n<\/div>\n\n\n\n<div class=\"wp-block-column is-layout-flow wp-block-column-is-layout-flow\"><\/div>\n\n\n\n<div class=\"wp-block-column is-layout-flow wp-block-column-is-layout-flow\"><\/div>\n<\/div>\n\n\n\n<div class=\"wp-block-columns is-layout-flex wp-container-core-columns-is-layout-28f84493 wp-block-columns-is-layout-flex\">\n<div class=\"wp-block-column is-layout-flow wp-block-column-is-layout-flow\" style=\"flex-basis:33.33%\">\n<figure class=\"wp-block-image size-full\"><img loading=\"lazy\" decoding=\"async\" width=\"768\" height=\"768\" src=\"https:\/\/www.coaliciondelasamericas.org\/blog\/wp-content\/uploads\/2024\/02\/carlos-safadi-1.jpg\" alt=\"Carlos Safadi M\u00e1rquez\" class=\"wp-image-2954\" srcset=\"https:\/\/www.coaliciondelasamericas.org\/blog\/wp-content\/uploads\/2024\/02\/carlos-safadi-1.jpg 768w, https:\/\/www.coaliciondelasamericas.org\/blog\/wp-content\/uploads\/2024\/02\/carlos-safadi-1-300x300.jpg 300w, https:\/\/www.coaliciondelasamericas.org\/blog\/wp-content\/uploads\/2024\/02\/carlos-safadi-1-150x150.jpg 150w\" sizes=\"auto, (max-width: 768px) 100vw, 768px\" \/><\/figure>\n<\/div>\n\n\n\n<div class=\"wp-block-column is-layout-flow wp-block-column-is-layout-flow\" style=\"flex-basis:66.66%\">\n<p><strong>CARLOS SAFADI M\u00c1RQUEZ<br><\/strong>Vicepresidente ONM<br>Argentina<\/p>\n\n\n\n<p>La Federaci\u00f3n Mundial de la Hemofilia (FMH) design\u00f3 al argentino Carlos Safadi M\u00e1rquez, como vicepresidente de las Organizaciones Nacionales Miembros (ONM) de dicha entidad. Entre sus responsabilidades estar\u00e1 la de apoyar la participaci\u00f3n de las ONM y contribuir al desarrollo de las metas estrat\u00e9gicas de la Federaci\u00f3n.<\/p>\n<\/div>\n<\/div>\n\n\n\n<div class=\"wp-block-columns is-layout-flex wp-container-core-columns-is-layout-28f84493 wp-block-columns-is-layout-flex\">\n<div class=\"wp-block-column is-layout-flow wp-block-column-is-layout-flow\">\n<p class=\"has-white-color has-text-color has-link-color wp-elements-7e4ac651328708ea719ac0894fa30934\">.<\/p>\n<\/div>\n\n\n\n<div class=\"wp-block-column is-layout-flow wp-block-column-is-layout-flow\"><\/div>\n\n\n\n<div class=\"wp-block-column is-layout-flow wp-block-column-is-layout-flow\"><\/div>\n<\/div>\n\n\n\n<p>Carlos Safadi M\u00e1rquez es abogado e integra la Fundaci\u00f3n de la Hemofilia de la Argentina como voluntario desde hace m\u00e1s de 25 a\u00f1os, cuando se acerc\u00f3 como paciente y se sum\u00f3 a los equipos de trabajo. Actualmente es presidente del Consejo de Administraci\u00f3n de la Fundaci\u00f3n y trabaja como voluntario de la Federaci\u00f3n Mundial de la Hemofilia desde 1996, donde preside los comit\u00e9s de \u2018\u00c9tica\u2019 y de \u2018Reglas y Constituci\u00f3n\u2019.<\/p>\n\n\n\n<p>\u201cEspero poder contribuir desde mi lugar con el objetivo que nos hemos propuesto, que es que todas las personas del mundo que tengan hemofilia puedan acceder a los mejores tratamientos disponibles\u201d, manifest\u00f3 el Dr. Carlos Safadi M\u00e1rquez.<\/p>\n\n\n\n<p>La Federaci\u00f3n Mundial de Hemofilia (FMH) est\u00e1 dedicada a reunir a la comunidad de trastornos de la coagulaci\u00f3n en nombre del \u2018Tratamiento para todos\u2019, compromiso que cobr\u00f3 todav\u00eda mayor relevancia desde la crisis causada por la COVID-19. La FMH cree firmemente que el lugar en donde viva una persona no deber\u00eda determinar su acceso a la atenci\u00f3n y al tratamiento para un trastorno de la coagulaci\u00f3n hereditario.<\/p>\n\n\n\n<p>Por su parte, presente desde el a\u00f1o 1944, la Fundaci\u00f3n de la Hemofilia Argentina fue la primera organizaci\u00f3n en el mundo constituida para asistir en forma integral a los pacientes con hemofilia, investigar sobre esta enfermedad y prestar ayuda social. Tiene registradas en todo el pa\u00eds a alrededor de 2.500 personas con hemofilia, a quienes asiste tengan o no cobertura de salud, ofreci\u00e9ndoles atenci\u00f3n a cargo de distintos especialistas, e internaci\u00f3n y guardia activa de 24 hs los 365 d\u00edas del a\u00f1o.<\/p>\n\n\n\n<div class=\"wp-block-columns is-layout-flex wp-container-core-columns-is-layout-28f84493 wp-block-columns-is-layout-flex\">\n<div class=\"wp-block-column is-layout-flow wp-block-column-is-layout-flow\"><\/div>\n\n\n\n<div class=\"wp-block-column is-layout-flow wp-block-column-is-layout-flow\"><\/div>\n\n\n\n<div class=\"wp-block-column is-layout-flow wp-block-column-is-layout-flow\"><\/div>\n<\/div>\n\n\n\n<p><strong>Fuente<\/strong>: Canal de Farmacias pmfarma, <strong><a href=\"https:\/\/www.pmfarma.com\/noticias\/52362-nombran-a-un-argentino-como-vicepresidente-de-la-federaciyin-mundial-de-la-hemofilia.html\" target=\"_blank\" rel=\"noreferrer noopener\">Leer M\u00e1s \u00bb<\/a><\/strong><\/p>\n","protected":false},"excerpt":{"rendered":"<p>. CARLOS SAFADI M\u00c1RQUEZVicepresidente ONMArgentina La Federaci\u00f3n Mundial de la Hemofilia (FMH) design\u00f3 al argentino Carlos Safadi M\u00e1rquez, como vicepresidente<\/p>\n","protected":false},"author":1,"featured_media":0,"parent":2884,"menu_order":7,"comment_status":"closed","ping_status":"closed","template":"","meta":{"colormag_page_container_layout":"no_sidebar_content_centered","colormag_page_sidebar_layout":"no_sidebar","_coblocks_attr":"","_coblocks_dimensions":"","_coblocks_responsive_height":"","_coblocks_accordion_ie_support":"","_monsterinsights_skip_tracking":false,"_monsterinsights_sitenote_active":false,"_monsterinsights_sitenote_note":"","_monsterinsights_sitenote_category":0,"footnotes":""},"class_list":["post-2979","page","type-page","status-publish","hentry"],"yoast_head":"<!-- This site is optimized with the Yoast SEO plugin v27.4 - https:\/\/yoast.com\/product\/yoast-seo-wordpress\/ -->\n<title>Carlos Safadi M\u00e1rquez - Coalici&oacute;n de las Am&eacute;ricas<\/title>\n<meta name=\"description\" content=\"Carlos Safadi M\u00e1rquez es abogado e integra la Fundaci\u00f3n de la Hemofilia de la Argentina como voluntario desde hace m\u00e1s de 25 a\u00f1os.\" \/>\n<meta name=\"robots\" content=\"index, follow, max-snippet:-1, max-image-preview:large, max-video-preview:-1\" \/>\n<link rel=\"canonical\" href=\"https:\/\/www.coaliciondelasamericas.org\/blog\/comites\/comite-asesor-de-lideres\/carlos-safadi-marquez\/\" \/>\n<meta property=\"og:locale\" content=\"es_ES\" \/>\n<meta property=\"og:type\" content=\"article\" \/>\n<meta property=\"og:title\" content=\"Carlos Safadi M\u00e1rquez - Coalici&oacute;n de las Am&eacute;ricas\" \/>\n<meta property=\"og:description\" content=\"Carlos Safadi M\u00e1rquez es abogado e integra la Fundaci\u00f3n de la Hemofilia de la Argentina como voluntario desde hace m\u00e1s de 25 a\u00f1os.\" \/>\n<meta property=\"og:url\" content=\"https:\/\/www.coaliciondelasamericas.org\/blog\/comites\/comite-asesor-de-lideres\/carlos-safadi-marquez\/\" \/>\n<meta property=\"og:site_name\" content=\"Coalici&oacute;n de las Am&eacute;ricas\" \/>\n<meta property=\"article:modified_time\" content=\"2024-03-04T17:55:33+00:00\" \/>\n<meta property=\"og:image\" content=\"https:\/\/www.coaliciondelasamericas.org\/blog\/wp-content\/uploads\/2024\/02\/carlos-safadi-1.jpg\" \/>\n<meta name=\"twitter:card\" content=\"summary_large_image\" \/>\n<meta name=\"twitter:label1\" content=\"Tiempo de lectura\" \/>\n\t<meta name=\"twitter:data1\" content=\"2 minutos\" \/>\n<script type=\"application\/ld+json\" class=\"yoast-schema-graph\">{\"@context\":\"https:\\\/\\\/schema.org\",\"@graph\":[{\"@type\":\"WebPage\",\"@id\":\"https:\\\/\\\/www.coaliciondelasamericas.org\\\/blog\\\/comites\\\/comite-asesor-de-lideres\\\/carlos-safadi-marquez\\\/\",\"url\":\"https:\\\/\\\/www.coaliciondelasamericas.org\\\/blog\\\/comites\\\/comite-asesor-de-lideres\\\/carlos-safadi-marquez\\\/\",\"name\":\"Carlos Safadi M\u00e1rquez - Coalici&oacute;n de las Am&eacute;ricas\",\"isPartOf\":{\"@id\":\"https:\\\/\\\/www.coaliciondelasamericas.org\\\/blog\\\/#website\"},\"primaryImageOfPage\":{\"@id\":\"https:\\\/\\\/www.coaliciondelasamericas.org\\\/blog\\\/comites\\\/comite-asesor-de-lideres\\\/carlos-safadi-marquez\\\/#primaryimage\"},\"image\":{\"@id\":\"https:\\\/\\\/www.coaliciondelasamericas.org\\\/blog\\\/comites\\\/comite-asesor-de-lideres\\\/carlos-safadi-marquez\\\/#primaryimage\"},\"thumbnailUrl\":\"https:\\\/\\\/www.coaliciondelasamericas.org\\\/blog\\\/wp-content\\\/uploads\\\/2024\\\/02\\\/carlos-safadi-1.jpg\",\"datePublished\":\"2024-02-23T14:44:38+00:00\",\"dateModified\":\"2024-03-04T17:55:33+00:00\",\"description\":\"Carlos Safadi M\u00e1rquez es abogado e integra la Fundaci\u00f3n de la Hemofilia de la Argentina como voluntario desde hace m\u00e1s de 25 a\u00f1os.\",\"breadcrumb\":{\"@id\":\"https:\\\/\\\/www.coaliciondelasamericas.org\\\/blog\\\/comites\\\/comite-asesor-de-lideres\\\/carlos-safadi-marquez\\\/#breadcrumb\"},\"inLanguage\":\"es\",\"potentialAction\":[{\"@type\":\"ReadAction\",\"target\":[\"https:\\\/\\\/www.coaliciondelasamericas.org\\\/blog\\\/comites\\\/comite-asesor-de-lideres\\\/carlos-safadi-marquez\\\/\"]}]},{\"@type\":\"ImageObject\",\"inLanguage\":\"es\",\"@id\":\"https:\\\/\\\/www.coaliciondelasamericas.org\\\/blog\\\/comites\\\/comite-asesor-de-lideres\\\/carlos-safadi-marquez\\\/#primaryimage\",\"url\":\"https:\\\/\\\/www.coaliciondelasamericas.org\\\/blog\\\/wp-content\\\/uploads\\\/2024\\\/02\\\/carlos-safadi-1.jpg\",\"contentUrl\":\"https:\\\/\\\/www.coaliciondelasamericas.org\\\/blog\\\/wp-content\\\/uploads\\\/2024\\\/02\\\/carlos-safadi-1.jpg\",\"width\":768,\"height\":768,\"caption\":\"Carlos Safadi M\u00e1rquez\"},{\"@type\":\"BreadcrumbList\",\"@id\":\"https:\\\/\\\/www.coaliciondelasamericas.org\\\/blog\\\/comites\\\/comite-asesor-de-lideres\\\/carlos-safadi-marquez\\\/#breadcrumb\",\"itemListElement\":[{\"@type\":\"ListItem\",\"position\":1,\"name\":\"Portada\",\"item\":\"https:\\\/\\\/www.coaliciondelasamericas.org\\\/blog\\\/\"},{\"@type\":\"ListItem\",\"position\":2,\"name\":\"Comit\u00e9s\",\"item\":\"https:\\\/\\\/www.coaliciondelasamericas.org\\\/blog\\\/comites\\\/\"},{\"@type\":\"ListItem\",\"position\":3,\"name\":\"Comit\u00e9 Asesor de L\u00edderes\",\"item\":\"https:\\\/\\\/www.coaliciondelasamericas.org\\\/blog\\\/comites\\\/comite-asesor-de-lideres\\\/\"},{\"@type\":\"ListItem\",\"position\":4,\"name\":\"Carlos Safadi M\u00e1rquez\"}]},{\"@type\":\"WebSite\",\"@id\":\"https:\\\/\\\/www.coaliciondelasamericas.org\\\/blog\\\/#website\",\"url\":\"https:\\\/\\\/www.coaliciondelasamericas.org\\\/blog\\\/\",\"name\":\"Coalici&oacute;n de las Am&eacute;ricas\",\"description\":\"Lideres Unidos por el Bienestar de la Hemofilia\",\"publisher\":{\"@id\":\"https:\\\/\\\/www.coaliciondelasamericas.org\\\/blog\\\/#organization\"},\"potentialAction\":[{\"@type\":\"SearchAction\",\"target\":{\"@type\":\"EntryPoint\",\"urlTemplate\":\"https:\\\/\\\/www.coaliciondelasamericas.org\\\/blog\\\/?s={search_term_string}\"},\"query-input\":{\"@type\":\"PropertyValueSpecification\",\"valueRequired\":true,\"valueName\":\"search_term_string\"}}],\"inLanguage\":\"es\"},{\"@type\":\"Organization\",\"@id\":\"https:\\\/\\\/www.coaliciondelasamericas.org\\\/blog\\\/#organization\",\"name\":\"Coalici&oacute;n de las Am&eacute;ricas\",\"url\":\"https:\\\/\\\/www.coaliciondelasamericas.org\\\/blog\\\/\",\"logo\":{\"@type\":\"ImageObject\",\"inLanguage\":\"es\",\"@id\":\"https:\\\/\\\/www.coaliciondelasamericas.org\\\/blog\\\/#\\\/schema\\\/logo\\\/image\\\/\",\"url\":\"https:\\\/\\\/www.coaliciondelasamericas.org\\\/blog\\\/wp-content\\\/uploads\\\/2023\\\/03\\\/cropped-01-Portada-02.png\",\"contentUrl\":\"https:\\\/\\\/www.coaliciondelasamericas.org\\\/blog\\\/wp-content\\\/uploads\\\/2023\\\/03\\\/cropped-01-Portada-02.png\",\"width\":300,\"height\":130,\"caption\":\"Coalici&oacute;n de las Am&eacute;ricas\"},\"image\":{\"@id\":\"https:\\\/\\\/www.coaliciondelasamericas.org\\\/blog\\\/#\\\/schema\\\/logo\\\/image\\\/\"}}]}<\/script>\n<!-- \/ Yoast SEO plugin. -->","yoast_head_json":{"title":"Carlos Safadi M\u00e1rquez - Coalici&oacute;n de las Am&eacute;ricas","description":"Carlos Safadi M\u00e1rquez es abogado e integra la Fundaci\u00f3n de la Hemofilia de la Argentina como voluntario desde hace m\u00e1s de 25 a\u00f1os.","robots":{"index":"index","follow":"follow","max-snippet":"max-snippet:-1","max-image-preview":"max-image-preview:large","max-video-preview":"max-video-preview:-1"},"canonical":"https:\/\/www.coaliciondelasamericas.org\/blog\/comites\/comite-asesor-de-lideres\/carlos-safadi-marquez\/","og_locale":"es_ES","og_type":"article","og_title":"Carlos Safadi M\u00e1rquez - Coalici&oacute;n de las Am&eacute;ricas","og_description":"Carlos Safadi M\u00e1rquez es abogado e integra la Fundaci\u00f3n de la Hemofilia de la Argentina como voluntario desde hace m\u00e1s de 25 a\u00f1os.","og_url":"https:\/\/www.coaliciondelasamericas.org\/blog\/comites\/comite-asesor-de-lideres\/carlos-safadi-marquez\/","og_site_name":"Coalici&oacute;n de las Am&eacute;ricas","article_modified_time":"2024-03-04T17:55:33+00:00","og_image":[{"url":"https:\/\/www.coaliciondelasamericas.org\/blog\/wp-content\/uploads\/2024\/02\/carlos-safadi-1.jpg","type":"","width":"","height":""}],"twitter_card":"summary_large_image","twitter_misc":{"Tiempo de lectura":"2 minutos"},"schema":{"@context":"https:\/\/schema.org","@graph":[{"@type":"WebPage","@id":"https:\/\/www.coaliciondelasamericas.org\/blog\/comites\/comite-asesor-de-lideres\/carlos-safadi-marquez\/","url":"https:\/\/www.coaliciondelasamericas.org\/blog\/comites\/comite-asesor-de-lideres\/carlos-safadi-marquez\/","name":"Carlos Safadi M\u00e1rquez - Coalici&oacute;n de las Am&eacute;ricas","isPartOf":{"@id":"https:\/\/www.coaliciondelasamericas.org\/blog\/#website"},"primaryImageOfPage":{"@id":"https:\/\/www.coaliciondelasamericas.org\/blog\/comites\/comite-asesor-de-lideres\/carlos-safadi-marquez\/#primaryimage"},"image":{"@id":"https:\/\/www.coaliciondelasamericas.org\/blog\/comites\/comite-asesor-de-lideres\/carlos-safadi-marquez\/#primaryimage"},"thumbnailUrl":"https:\/\/www.coaliciondelasamericas.org\/blog\/wp-content\/uploads\/2024\/02\/carlos-safadi-1.jpg","datePublished":"2024-02-23T14:44:38+00:00","dateModified":"2024-03-04T17:55:33+00:00","description":"Carlos Safadi M\u00e1rquez es abogado e integra la Fundaci\u00f3n de la Hemofilia de la Argentina como voluntario desde hace m\u00e1s de 25 a\u00f1os.","breadcrumb":{"@id":"https:\/\/www.coaliciondelasamericas.org\/blog\/comites\/comite-asesor-de-lideres\/carlos-safadi-marquez\/#breadcrumb"},"inLanguage":"es","potentialAction":[{"@type":"ReadAction","target":["https:\/\/www.coaliciondelasamericas.org\/blog\/comites\/comite-asesor-de-lideres\/carlos-safadi-marquez\/"]}]},{"@type":"ImageObject","inLanguage":"es","@id":"https:\/\/www.coaliciondelasamericas.org\/blog\/comites\/comite-asesor-de-lideres\/carlos-safadi-marquez\/#primaryimage","url":"https:\/\/www.coaliciondelasamericas.org\/blog\/wp-content\/uploads\/2024\/02\/carlos-safadi-1.jpg","contentUrl":"https:\/\/www.coaliciondelasamericas.org\/blog\/wp-content\/uploads\/2024\/02\/carlos-safadi-1.jpg","width":768,"height":768,"caption":"Carlos Safadi M\u00e1rquez"},{"@type":"BreadcrumbList","@id":"https:\/\/www.coaliciondelasamericas.org\/blog\/comites\/comite-asesor-de-lideres\/carlos-safadi-marquez\/#breadcrumb","itemListElement":[{"@type":"ListItem","position":1,"name":"Portada","item":"https:\/\/www.coaliciondelasamericas.org\/blog\/"},{"@type":"ListItem","position":2,"name":"Comit\u00e9s","item":"https:\/\/www.coaliciondelasamericas.org\/blog\/comites\/"},{"@type":"ListItem","position":3,"name":"Comit\u00e9 Asesor de L\u00edderes","item":"https:\/\/www.coaliciondelasamericas.org\/blog\/comites\/comite-asesor-de-lideres\/"},{"@type":"ListItem","position":4,"name":"Carlos Safadi M\u00e1rquez"}]},{"@type":"WebSite","@id":"https:\/\/www.coaliciondelasamericas.org\/blog\/#website","url":"https:\/\/www.coaliciondelasamericas.org\/blog\/","name":"Coalici&oacute;n de las Am&eacute;ricas","description":"Lideres Unidos por el Bienestar de la Hemofilia","publisher":{"@id":"https:\/\/www.coaliciondelasamericas.org\/blog\/#organization"},"potentialAction":[{"@type":"SearchAction","target":{"@type":"EntryPoint","urlTemplate":"https:\/\/www.coaliciondelasamericas.org\/blog\/?s={search_term_string}"},"query-input":{"@type":"PropertyValueSpecification","valueRequired":true,"valueName":"search_term_string"}}],"inLanguage":"es"},{"@type":"Organization","@id":"https:\/\/www.coaliciondelasamericas.org\/blog\/#organization","name":"Coalici&oacute;n de las Am&eacute;ricas","url":"https:\/\/www.coaliciondelasamericas.org\/blog\/","logo":{"@type":"ImageObject","inLanguage":"es","@id":"https:\/\/www.coaliciondelasamericas.org\/blog\/#\/schema\/logo\/image\/","url":"https:\/\/www.coaliciondelasamericas.org\/blog\/wp-content\/uploads\/2023\/03\/cropped-01-Portada-02.png","contentUrl":"https:\/\/www.coaliciondelasamericas.org\/blog\/wp-content\/uploads\/2023\/03\/cropped-01-Portada-02.png","width":300,"height":130,"caption":"Coalici&oacute;n de las Am&eacute;ricas"},"image":{"@id":"https:\/\/www.coaliciondelasamericas.org\/blog\/#\/schema\/logo\/image\/"}}]}},"_links":{"self":[{"href":"https:\/\/www.coaliciondelasamericas.org\/blog\/wp-json\/wp\/v2\/pages\/2979","targetHints":{"allow":["GET"]}}],"collection":[{"href":"https:\/\/www.coaliciondelasamericas.org\/blog\/wp-json\/wp\/v2\/pages"}],"about":[{"href":"https:\/\/www.coaliciondelasamericas.org\/blog\/wp-json\/wp\/v2\/types\/page"}],"author":[{"embeddable":true,"href":"https:\/\/www.coaliciondelasamericas.org\/blog\/wp-json\/wp\/v2\/users\/1"}],"replies":[{"embeddable":true,"href":"https:\/\/www.coaliciondelasamericas.org\/blog\/wp-json\/wp\/v2\/comments?post=2979"}],"version-history":[{"count":3,"href":"https:\/\/www.coaliciondelasamericas.org\/blog\/wp-json\/wp\/v2\/pages\/2979\/revisions"}],"predecessor-version":[{"id":2992,"href":"https:\/\/www.coaliciondelasamericas.org\/blog\/wp-json\/wp\/v2\/pages\/2979\/revisions\/2992"}],"up":[{"embeddable":true,"href":"https:\/\/www.coaliciondelasamericas.org\/blog\/wp-json\/wp\/v2\/pages\/2884"}],"wp:attachment":[{"href":"https:\/\/www.coaliciondelasamericas.org\/blog\/wp-json\/wp\/v2\/media?parent=2979"}],"curies":[{"name":"wp","href":"https:\/\/api.w.org\/{rel}","templated":true}]}}