{"id":2969,"date":"2024-02-23T14:21:44","date_gmt":"2024-02-23T14:21:44","guid":{"rendered":"https:\/\/www.coaliciondelasamericas.org\/blog\/?page_id=2969"},"modified":"2024-03-04T17:55:10","modified_gmt":"2024-03-04T17:55:10","slug":"cesar-garrido-d","status":"publish","type":"page","link":"https:\/\/www.coaliciondelasamericas.org\/blog\/comites\/comite-asesor-de-lideres\/cesar-garrido-d\/","title":{"rendered":"Cesar Garrido D"},"content":{"rendered":"\n<div class=\"wp-block-columns is-layout-flex wp-container-core-columns-is-layout-28f84493 wp-block-columns-is-layout-flex\">\n<div class=\"wp-block-column is-layout-flow wp-block-column-is-layout-flow\"><\/div>\n\n\n\n<div class=\"wp-block-column is-layout-flow wp-block-column-is-layout-flow\">\n<p class=\"has-white-color has-text-color has-link-color wp-elements-7e4ac651328708ea719ac0894fa30934\">.<\/p>\n<\/div>\n\n\n\n<div class=\"wp-block-column is-layout-flow wp-block-column-is-layout-flow\"><\/div>\n<\/div>\n\n\n\n<div class=\"wp-block-columns is-layout-flex wp-container-core-columns-is-layout-28f84493 wp-block-columns-is-layout-flex\">\n<div class=\"wp-block-column is-layout-flow wp-block-column-is-layout-flow\" style=\"flex-basis:33.33%\">\n<figure class=\"wp-block-image size-medium\"><img loading=\"lazy\" decoding=\"async\" width=\"300\" height=\"300\" src=\"https:\/\/www.coaliciondelasamericas.org\/blog\/wp-content\/uploads\/2024\/02\/Cesar-Garrido-300x300.jpg\" alt=\"Cesar Garrido \" class=\"wp-image-2942\" srcset=\"https:\/\/www.coaliciondelasamericas.org\/blog\/wp-content\/uploads\/2024\/02\/Cesar-Garrido-300x300.jpg 300w, https:\/\/www.coaliciondelasamericas.org\/blog\/wp-content\/uploads\/2024\/02\/Cesar-Garrido-150x150.jpg 150w, https:\/\/www.coaliciondelasamericas.org\/blog\/wp-content\/uploads\/2024\/02\/Cesar-Garrido-768x768.jpg 768w, https:\/\/www.coaliciondelasamericas.org\/blog\/wp-content\/uploads\/2024\/02\/Cesar-Garrido.jpg 800w\" sizes=\"auto, (max-width: 300px) 100vw, 300px\" \/><\/figure>\n<\/div>\n\n\n\n<div class=\"wp-block-column is-layout-flow wp-block-column-is-layout-flow\" style=\"flex-basis:66.66%\">\n<p><strong>CESAR GARRIDO D.<\/strong><br>Presidente<br>Federaci\u00f3n Mundial de Hemofilia<br>Caracas, Venezuela<\/p>\n\n\n\n<p>Presidente Federaci\u00f3n Mundial de Hemofilia C\u00e9sar Garrido naci\u00f3 en Caracas, Venezuela. Tiene dos hijos, uno de los cuales tiene hemofilia A, lo que lo impuls\u00f3 a convertirse en un miembro comprometido de la comunidad de trastornos de la coagulaci\u00f3n, un compromiso que comenz\u00f3 hace m\u00e1s de dos d\u00e9cadas. <\/p>\n<\/div>\n<\/div>\n\n\n\n<p class=\"has-white-color has-text-color has-link-color wp-elements-7e4ac651328708ea719ac0894fa30934\">.<\/p>\n\n\n\n<p>En 1996, Garrido se convirti\u00f3 en miembro de la Asociaci\u00f3n Venezolana de Hemofilia (AVH). Ha desempe\u00f1ado diversos cargos en esa organizaci\u00f3n, incluido el de miembro de la Junta Directiva y el de Tesorero y Gerente de Proyectos. En la AVH, ha sido miembro clave de varios esfuerzos, incluida la creaci\u00f3n de nuevos laboratorios de diagn\u00f3stico en Venezuela y campa\u00f1as para pruebas y diagn\u00f3stico de personas con hemofilia (PWH) en Venezuela y Am\u00e9rica Latina. Tambi\u00e9n form\u00f3 parte de programas nacionales que aumentaron el acceso al factor, desarrollaron campa\u00f1as de divulgaci\u00f3n e identificaci\u00f3n, aumentaron el acceso a la educaci\u00f3n y establecieron talleres m\u00e9dicos regionales para PWH. A nivel internacional, Garrido fue miembro del Consejo Asesor de la Alianza Internacional de Organizaci\u00f3n de Pacientes (IAPO) y es miembro de HERO (Haemophilia Experiences, Results and Opportunities) desde 2010. Tambi\u00e9n fue gerente de desarrollo de una alianza estrat\u00e9gica de 27 pa\u00edses de las Am\u00e9ricas\u2014llamada Coalici\u00f3n de las Am\u00e9ricas (CoA)\u2014que se cre\u00f3 para influir en las pol\u00edticas p\u00fablicas. La FMH ha sido una parte importante de la vida de C\u00e9sar Garrido desde 1999. Fue miembro de la Junta Directiva de 2002 a 2010 y recientemente fue miembro laico desde 2014 hasta su elecci\u00f3n como presidente en 2020. Ha ocupado varios cargos importantes roles en la FMH, incluido el de presidente del Comit\u00e9 de Acreditaci\u00f3n, presidente del Comit\u00e9 de Hermanamiento de Organizaciones de Hemofilia (HOT), copresidente del Comit\u00e9 de Desarrollo de Capacidades, vicepresidente de la organizaci\u00f3n nacional miembro (ONM) y miembro del Consejo Estrat\u00e9gico del Presidente.<\/p>\n\n\n\n<p><strong>Fuente<\/strong>: Federaci\u00f3n Mundial de Hemofilia, <strong><a href=\"https:\/\/wfh.org\/es\/article\/speaker\/cesar-garrido-chair-3\/\" target=\"_blank\" rel=\"noreferrer noopener\">Leer M\u00e1s \u00bb<\/a><\/strong><\/p>\n","protected":false},"excerpt":{"rendered":"<p>. CESAR GARRIDO D.PresidenteFederaci\u00f3n Mundial de HemofiliaCaracas, Venezuela Presidente Federaci\u00f3n Mundial de Hemofilia C\u00e9sar Garrido naci\u00f3 en Caracas, Venezuela. Tiene<\/p>\n","protected":false},"author":1,"featured_media":0,"parent":2884,"menu_order":4,"comment_status":"closed","ping_status":"closed","template":"","meta":{"colormag_page_container_layout":"no_sidebar_content_centered","colormag_page_sidebar_layout":"no_sidebar","_coblocks_attr":"","_coblocks_dimensions":"","_coblocks_responsive_height":"","_coblocks_accordion_ie_support":"","_monsterinsights_skip_tracking":false,"_monsterinsights_sitenote_active":false,"_monsterinsights_sitenote_note":"","_monsterinsights_sitenote_category":0,"footnotes":""},"class_list":["post-2969","page","type-page","status-publish","hentry"],"yoast_head":"<!-- This site is optimized with the Yoast SEO plugin v27.4 - https:\/\/yoast.com\/product\/yoast-seo-wordpress\/ -->\n<title>Cesar Garrido D - Coalici&oacute;n de las Am&eacute;ricas<\/title>\n<meta name=\"description\" content=\"Presidente Federaci\u00f3n Mundial de Hemofilia C\u00e9sar Garrido naci\u00f3 en Caracas, Venezuela. Tiene dos hijos, uno de los cuales tiene hemofilia A.\" \/>\n<meta name=\"robots\" content=\"index, follow, max-snippet:-1, max-image-preview:large, max-video-preview:-1\" \/>\n<link rel=\"canonical\" href=\"https:\/\/www.coaliciondelasamericas.org\/blog\/comites\/comite-asesor-de-lideres\/cesar-garrido-d\/\" \/>\n<meta property=\"og:locale\" content=\"es_ES\" \/>\n<meta property=\"og:type\" content=\"article\" \/>\n<meta property=\"og:title\" content=\"Cesar Garrido D - Coalici&oacute;n de las Am&eacute;ricas\" \/>\n<meta property=\"og:description\" content=\"Presidente Federaci\u00f3n Mundial de Hemofilia C\u00e9sar Garrido naci\u00f3 en Caracas, Venezuela. Tiene dos hijos, uno de los cuales tiene hemofilia A.\" \/>\n<meta property=\"og:url\" content=\"https:\/\/www.coaliciondelasamericas.org\/blog\/comites\/comite-asesor-de-lideres\/cesar-garrido-d\/\" \/>\n<meta property=\"og:site_name\" content=\"Coalici&oacute;n de las Am&eacute;ricas\" \/>\n<meta property=\"article:modified_time\" content=\"2024-03-04T17:55:10+00:00\" \/>\n<meta property=\"og:image\" content=\"https:\/\/www.coaliciondelasamericas.org\/blog\/wp-content\/uploads\/2024\/02\/Cesar-Garrido-300x300.jpg\" \/>\n<meta name=\"twitter:card\" content=\"summary_large_image\" \/>\n<meta name=\"twitter:label1\" content=\"Tiempo de lectura\" \/>\n\t<meta name=\"twitter:data1\" content=\"2 minutos\" \/>\n<script type=\"application\/ld+json\" class=\"yoast-schema-graph\">{\"@context\":\"https:\\\/\\\/schema.org\",\"@graph\":[{\"@type\":\"WebPage\",\"@id\":\"https:\\\/\\\/www.coaliciondelasamericas.org\\\/blog\\\/comites\\\/comite-asesor-de-lideres\\\/cesar-garrido-d\\\/\",\"url\":\"https:\\\/\\\/www.coaliciondelasamericas.org\\\/blog\\\/comites\\\/comite-asesor-de-lideres\\\/cesar-garrido-d\\\/\",\"name\":\"Cesar Garrido D - Coalici&oacute;n de las Am&eacute;ricas\",\"isPartOf\":{\"@id\":\"https:\\\/\\\/www.coaliciondelasamericas.org\\\/blog\\\/#website\"},\"primaryImageOfPage\":{\"@id\":\"https:\\\/\\\/www.coaliciondelasamericas.org\\\/blog\\\/comites\\\/comite-asesor-de-lideres\\\/cesar-garrido-d\\\/#primaryimage\"},\"image\":{\"@id\":\"https:\\\/\\\/www.coaliciondelasamericas.org\\\/blog\\\/comites\\\/comite-asesor-de-lideres\\\/cesar-garrido-d\\\/#primaryimage\"},\"thumbnailUrl\":\"https:\\\/\\\/www.coaliciondelasamericas.org\\\/blog\\\/wp-content\\\/uploads\\\/2024\\\/02\\\/Cesar-Garrido-300x300.jpg\",\"datePublished\":\"2024-02-23T14:21:44+00:00\",\"dateModified\":\"2024-03-04T17:55:10+00:00\",\"description\":\"Presidente Federaci\u00f3n Mundial de Hemofilia C\u00e9sar Garrido naci\u00f3 en Caracas, Venezuela. Tiene dos hijos, uno de los cuales tiene hemofilia A.\",\"breadcrumb\":{\"@id\":\"https:\\\/\\\/www.coaliciondelasamericas.org\\\/blog\\\/comites\\\/comite-asesor-de-lideres\\\/cesar-garrido-d\\\/#breadcrumb\"},\"inLanguage\":\"es\",\"potentialAction\":[{\"@type\":\"ReadAction\",\"target\":[\"https:\\\/\\\/www.coaliciondelasamericas.org\\\/blog\\\/comites\\\/comite-asesor-de-lideres\\\/cesar-garrido-d\\\/\"]}]},{\"@type\":\"ImageObject\",\"inLanguage\":\"es\",\"@id\":\"https:\\\/\\\/www.coaliciondelasamericas.org\\\/blog\\\/comites\\\/comite-asesor-de-lideres\\\/cesar-garrido-d\\\/#primaryimage\",\"url\":\"https:\\\/\\\/www.coaliciondelasamericas.org\\\/blog\\\/wp-content\\\/uploads\\\/2024\\\/02\\\/Cesar-Garrido.jpg\",\"contentUrl\":\"https:\\\/\\\/www.coaliciondelasamericas.org\\\/blog\\\/wp-content\\\/uploads\\\/2024\\\/02\\\/Cesar-Garrido.jpg\",\"width\":800,\"height\":800,\"caption\":\"Cesar Garrido\"},{\"@type\":\"BreadcrumbList\",\"@id\":\"https:\\\/\\\/www.coaliciondelasamericas.org\\\/blog\\\/comites\\\/comite-asesor-de-lideres\\\/cesar-garrido-d\\\/#breadcrumb\",\"itemListElement\":[{\"@type\":\"ListItem\",\"position\":1,\"name\":\"Portada\",\"item\":\"https:\\\/\\\/www.coaliciondelasamericas.org\\\/blog\\\/\"},{\"@type\":\"ListItem\",\"position\":2,\"name\":\"Comit\u00e9s\",\"item\":\"https:\\\/\\\/www.coaliciondelasamericas.org\\\/blog\\\/comites\\\/\"},{\"@type\":\"ListItem\",\"position\":3,\"name\":\"Comit\u00e9 Asesor de L\u00edderes\",\"item\":\"https:\\\/\\\/www.coaliciondelasamericas.org\\\/blog\\\/comites\\\/comite-asesor-de-lideres\\\/\"},{\"@type\":\"ListItem\",\"position\":4,\"name\":\"Cesar Garrido D\"}]},{\"@type\":\"WebSite\",\"@id\":\"https:\\\/\\\/www.coaliciondelasamericas.org\\\/blog\\\/#website\",\"url\":\"https:\\\/\\\/www.coaliciondelasamericas.org\\\/blog\\\/\",\"name\":\"Coalici&oacute;n de las Am&eacute;ricas\",\"description\":\"Lideres Unidos por el Bienestar de la Hemofilia\",\"publisher\":{\"@id\":\"https:\\\/\\\/www.coaliciondelasamericas.org\\\/blog\\\/#organization\"},\"potentialAction\":[{\"@type\":\"SearchAction\",\"target\":{\"@type\":\"EntryPoint\",\"urlTemplate\":\"https:\\\/\\\/www.coaliciondelasamericas.org\\\/blog\\\/?s={search_term_string}\"},\"query-input\":{\"@type\":\"PropertyValueSpecification\",\"valueRequired\":true,\"valueName\":\"search_term_string\"}}],\"inLanguage\":\"es\"},{\"@type\":\"Organization\",\"@id\":\"https:\\\/\\\/www.coaliciondelasamericas.org\\\/blog\\\/#organization\",\"name\":\"Coalici&oacute;n de las Am&eacute;ricas\",\"url\":\"https:\\\/\\\/www.coaliciondelasamericas.org\\\/blog\\\/\",\"logo\":{\"@type\":\"ImageObject\",\"inLanguage\":\"es\",\"@id\":\"https:\\\/\\\/www.coaliciondelasamericas.org\\\/blog\\\/#\\\/schema\\\/logo\\\/image\\\/\",\"url\":\"https:\\\/\\\/www.coaliciondelasamericas.org\\\/blog\\\/wp-content\\\/uploads\\\/2023\\\/03\\\/cropped-01-Portada-02.png\",\"contentUrl\":\"https:\\\/\\\/www.coaliciondelasamericas.org\\\/blog\\\/wp-content\\\/uploads\\\/2023\\\/03\\\/cropped-01-Portada-02.png\",\"width\":300,\"height\":130,\"caption\":\"Coalici&oacute;n de las Am&eacute;ricas\"},\"image\":{\"@id\":\"https:\\\/\\\/www.coaliciondelasamericas.org\\\/blog\\\/#\\\/schema\\\/logo\\\/image\\\/\"}}]}<\/script>\n<!-- \/ Yoast SEO plugin. -->","yoast_head_json":{"title":"Cesar Garrido D - Coalici&oacute;n de las Am&eacute;ricas","description":"Presidente Federaci\u00f3n Mundial de Hemofilia C\u00e9sar Garrido naci\u00f3 en Caracas, Venezuela. Tiene dos hijos, uno de los cuales tiene hemofilia A.","robots":{"index":"index","follow":"follow","max-snippet":"max-snippet:-1","max-image-preview":"max-image-preview:large","max-video-preview":"max-video-preview:-1"},"canonical":"https:\/\/www.coaliciondelasamericas.org\/blog\/comites\/comite-asesor-de-lideres\/cesar-garrido-d\/","og_locale":"es_ES","og_type":"article","og_title":"Cesar Garrido D - Coalici&oacute;n de las Am&eacute;ricas","og_description":"Presidente Federaci\u00f3n Mundial de Hemofilia C\u00e9sar Garrido naci\u00f3 en Caracas, Venezuela. Tiene dos hijos, uno de los cuales tiene hemofilia A.","og_url":"https:\/\/www.coaliciondelasamericas.org\/blog\/comites\/comite-asesor-de-lideres\/cesar-garrido-d\/","og_site_name":"Coalici&oacute;n de las Am&eacute;ricas","article_modified_time":"2024-03-04T17:55:10+00:00","og_image":[{"url":"https:\/\/www.coaliciondelasamericas.org\/blog\/wp-content\/uploads\/2024\/02\/Cesar-Garrido-300x300.jpg","type":"","width":"","height":""}],"twitter_card":"summary_large_image","twitter_misc":{"Tiempo de lectura":"2 minutos"},"schema":{"@context":"https:\/\/schema.org","@graph":[{"@type":"WebPage","@id":"https:\/\/www.coaliciondelasamericas.org\/blog\/comites\/comite-asesor-de-lideres\/cesar-garrido-d\/","url":"https:\/\/www.coaliciondelasamericas.org\/blog\/comites\/comite-asesor-de-lideres\/cesar-garrido-d\/","name":"Cesar Garrido D - Coalici&oacute;n de las Am&eacute;ricas","isPartOf":{"@id":"https:\/\/www.coaliciondelasamericas.org\/blog\/#website"},"primaryImageOfPage":{"@id":"https:\/\/www.coaliciondelasamericas.org\/blog\/comites\/comite-asesor-de-lideres\/cesar-garrido-d\/#primaryimage"},"image":{"@id":"https:\/\/www.coaliciondelasamericas.org\/blog\/comites\/comite-asesor-de-lideres\/cesar-garrido-d\/#primaryimage"},"thumbnailUrl":"https:\/\/www.coaliciondelasamericas.org\/blog\/wp-content\/uploads\/2024\/02\/Cesar-Garrido-300x300.jpg","datePublished":"2024-02-23T14:21:44+00:00","dateModified":"2024-03-04T17:55:10+00:00","description":"Presidente Federaci\u00f3n Mundial de Hemofilia C\u00e9sar Garrido naci\u00f3 en Caracas, Venezuela. Tiene dos hijos, uno de los cuales tiene hemofilia A.","breadcrumb":{"@id":"https:\/\/www.coaliciondelasamericas.org\/blog\/comites\/comite-asesor-de-lideres\/cesar-garrido-d\/#breadcrumb"},"inLanguage":"es","potentialAction":[{"@type":"ReadAction","target":["https:\/\/www.coaliciondelasamericas.org\/blog\/comites\/comite-asesor-de-lideres\/cesar-garrido-d\/"]}]},{"@type":"ImageObject","inLanguage":"es","@id":"https:\/\/www.coaliciondelasamericas.org\/blog\/comites\/comite-asesor-de-lideres\/cesar-garrido-d\/#primaryimage","url":"https:\/\/www.coaliciondelasamericas.org\/blog\/wp-content\/uploads\/2024\/02\/Cesar-Garrido.jpg","contentUrl":"https:\/\/www.coaliciondelasamericas.org\/blog\/wp-content\/uploads\/2024\/02\/Cesar-Garrido.jpg","width":800,"height":800,"caption":"Cesar Garrido"},{"@type":"BreadcrumbList","@id":"https:\/\/www.coaliciondelasamericas.org\/blog\/comites\/comite-asesor-de-lideres\/cesar-garrido-d\/#breadcrumb","itemListElement":[{"@type":"ListItem","position":1,"name":"Portada","item":"https:\/\/www.coaliciondelasamericas.org\/blog\/"},{"@type":"ListItem","position":2,"name":"Comit\u00e9s","item":"https:\/\/www.coaliciondelasamericas.org\/blog\/comites\/"},{"@type":"ListItem","position":3,"name":"Comit\u00e9 Asesor de L\u00edderes","item":"https:\/\/www.coaliciondelasamericas.org\/blog\/comites\/comite-asesor-de-lideres\/"},{"@type":"ListItem","position":4,"name":"Cesar Garrido D"}]},{"@type":"WebSite","@id":"https:\/\/www.coaliciondelasamericas.org\/blog\/#website","url":"https:\/\/www.coaliciondelasamericas.org\/blog\/","name":"Coalici&oacute;n de las Am&eacute;ricas","description":"Lideres Unidos por el Bienestar de la Hemofilia","publisher":{"@id":"https:\/\/www.coaliciondelasamericas.org\/blog\/#organization"},"potentialAction":[{"@type":"SearchAction","target":{"@type":"EntryPoint","urlTemplate":"https:\/\/www.coaliciondelasamericas.org\/blog\/?s={search_term_string}"},"query-input":{"@type":"PropertyValueSpecification","valueRequired":true,"valueName":"search_term_string"}}],"inLanguage":"es"},{"@type":"Organization","@id":"https:\/\/www.coaliciondelasamericas.org\/blog\/#organization","name":"Coalici&oacute;n de las Am&eacute;ricas","url":"https:\/\/www.coaliciondelasamericas.org\/blog\/","logo":{"@type":"ImageObject","inLanguage":"es","@id":"https:\/\/www.coaliciondelasamericas.org\/blog\/#\/schema\/logo\/image\/","url":"https:\/\/www.coaliciondelasamericas.org\/blog\/wp-content\/uploads\/2023\/03\/cropped-01-Portada-02.png","contentUrl":"https:\/\/www.coaliciondelasamericas.org\/blog\/wp-content\/uploads\/2023\/03\/cropped-01-Portada-02.png","width":300,"height":130,"caption":"Coalici&oacute;n de las Am&eacute;ricas"},"image":{"@id":"https:\/\/www.coaliciondelasamericas.org\/blog\/#\/schema\/logo\/image\/"}}]}},"_links":{"self":[{"href":"https:\/\/www.coaliciondelasamericas.org\/blog\/wp-json\/wp\/v2\/pages\/2969","targetHints":{"allow":["GET"]}}],"collection":[{"href":"https:\/\/www.coaliciondelasamericas.org\/blog\/wp-json\/wp\/v2\/pages"}],"about":[{"href":"https:\/\/www.coaliciondelasamericas.org\/blog\/wp-json\/wp\/v2\/types\/page"}],"author":[{"embeddable":true,"href":"https:\/\/www.coaliciondelasamericas.org\/blog\/wp-json\/wp\/v2\/users\/1"}],"replies":[{"embeddable":true,"href":"https:\/\/www.coaliciondelasamericas.org\/blog\/wp-json\/wp\/v2\/comments?post=2969"}],"version-history":[{"count":6,"href":"https:\/\/www.coaliciondelasamericas.org\/blog\/wp-json\/wp\/v2\/pages\/2969\/revisions"}],"predecessor-version":[{"id":2987,"href":"https:\/\/www.coaliciondelasamericas.org\/blog\/wp-json\/wp\/v2\/pages\/2969\/revisions\/2987"}],"up":[{"embeddable":true,"href":"https:\/\/www.coaliciondelasamericas.org\/blog\/wp-json\/wp\/v2\/pages\/2884"}],"wp:attachment":[{"href":"https:\/\/www.coaliciondelasamericas.org\/blog\/wp-json\/wp\/v2\/media?parent=2969"}],"curies":[{"name":"wp","href":"https:\/\/api.w.org\/{rel}","templated":true}]}}