{"id":2880,"date":"2024-02-16T23:51:33","date_gmt":"2024-02-16T23:51:33","guid":{"rendered":"https:\/\/www.coaliciondelasamericas.org\/blog\/?page_id=2880"},"modified":"2024-07-25T15:32:44","modified_gmt":"2024-07-25T15:32:44","slug":"comite-de-jovenes","status":"publish","type":"page","link":"https:\/\/www.coaliciondelasamericas.org\/blog\/comites\/comite-de-jovenes\/","title":{"rendered":"Comit\u00e9 de J\u00f3venes"},"content":{"rendered":"\n<div class=\"wp-block-columns is-layout-flex wp-container-core-columns-is-layout-28f84493 wp-block-columns-is-layout-flex\">\n<div class=\"wp-block-column is-layout-flow wp-block-column-is-layout-flow\"><\/div>\n\n\n\n<div class=\"wp-block-column is-layout-flow wp-block-column-is-layout-flow\"><\/div>\n\n\n\n<div class=\"wp-block-column is-layout-flow wp-block-column-is-layout-flow\"><\/div>\n<\/div>\n\n\n\n<h4 class=\"wp-block-heading has-text-align-center\"><strong>Mentor\u00edas con la Fedhemo.<\/strong><\/h4>\n\n\n\n<div class=\"wp-block-columns is-layout-flex wp-container-core-columns-is-layout-28f84493 wp-block-columns-is-layout-flex\">\n<div class=\"wp-block-column is-layout-flow wp-block-column-is-layout-flow\" style=\"flex-basis:80%\">\n<p>Es sabido que las ONM de nuestro continente cuentan con una disparidad en sus niveles de desarrollo, tanto desde la dimensi\u00f3n m\u00e9dica como social. Estas diferencias se deben a diversos factores causantes como aspectos de la pol\u00edtica, econom\u00eda y matriz estructural de cada Estado, y tambi\u00e9n a aspectos organizativos y de planificaci\u00f3n de cada ONM.<\/p>\n\n\n\n<p>Es vital poder dar un sustento m\u00ednimo de herramientas para el avance de dichas ONM que a\u00fan deben desarrollar diversas \u00e1reas internas y a su vez deben tener mejor injerencia en las pol\u00edticas p\u00fablicas de salud de cada pa\u00eds. <\/p>\n<\/div>\n\n\n\n<div class=\"wp-block-column is-layout-flow wp-block-column-is-layout-flow\" style=\"flex-basis:25%\">\n<figure class=\"wp-block-image size-full\"><a href=\"https:\/\/fedhemo.com\/\" target=\"_blank\" rel=\"noreferrer noopener\"><img loading=\"lazy\" decoding=\"async\" width=\"284\" height=\"284\" src=\"https:\/\/www.coaliciondelasamericas.org\/blog\/wp-content\/uploads\/2024\/03\/logo-Fedhemo.jpg\" alt=\"fedhemo\" class=\"wp-image-3250\" srcset=\"https:\/\/www.coaliciondelasamericas.org\/blog\/wp-content\/uploads\/2024\/03\/logo-Fedhemo.jpg 284w, https:\/\/www.coaliciondelasamericas.org\/blog\/wp-content\/uploads\/2024\/03\/logo-Fedhemo-150x150.jpg 150w\" sizes=\"auto, (max-width: 284px) 100vw, 284px\" \/><\/a><\/figure>\n<\/div>\n<\/div>\n\n\n\n<p>Esto con el claro objetivo de mejorar el tratamiento de los pacientes con hemofilia, el acceso a medicaci\u00f3n y crear centros de tratamiento multidisciplinarios.<\/p>\n\n\n\n<p>El desaf\u00edo entonces es poder darle las herramientas, conocimientos y transferencia de experiencia y aprendizajes a los l\u00edderes de cada ONM, con el objetivo de motivarlos y formarlos como lideres profesionales en la materia. Actualmente contamos con una cantidad importante de l\u00edderes locales, nacionales y regionales que poseen reconocimiento de sus pares, de la comunidad de pacientes y de los m\u00e9dicos pero a\u00fan deben tener un proceso de formaci\u00f3n te\u00f3rico y experiencial y poder estar en contacto con diversos referentes mundiales y continentales de diversas organizaciones que ya han llevado adelante dicho camino, para poder aprender de cada historia.<\/p>\n\n\n\n<p>Es entonces que los l\u00edderes no solo precisan de una capacitaci\u00f3n educativa sino de participar de eventos educativos internacionales con dos fines: &#8211; capacitarse in situ de manera experiencial y \u2013 ver en acci\u00f3n y mantener encuentros con aquellos l\u00edderes de diversas organizaciones que han tenido \u00e9xito. De esta manera consideramos que lograremos iniciar un proceso de formaci\u00f3n educativa y experiencial hacia los l\u00edderes que requieren dicha formaci\u00f3n para mejorar los tratamientos en cada pa\u00eds.<\/p>\n\n\n\n<p><strong>Objetivos:<\/strong><\/p>\n\n\n\n<p>\u00b7&nbsp;&nbsp;&nbsp;&nbsp;&nbsp;&nbsp;&nbsp;&nbsp;&nbsp;Que los l\u00edderes de la regi\u00f3n obtengan las herramientas necesarias a nivel pr\u00e1ctico para llevar adelante estos debates e incidir en pol\u00edticas p\u00fablicas sanitarias en cada pa\u00eds.<\/p>\n\n\n\n<p>\u00b7&nbsp;&nbsp;&nbsp;&nbsp;&nbsp;&nbsp;&nbsp;&nbsp;&nbsp;Complementar el abordaje te\u00f3rico virtual de los Talleres y Actividades que tanto la FMH como la COA dictan, pero en una dimensi\u00f3n pr\u00e1ctica experiencial in situ.<\/p>\n\n\n\n<p>\u00b7&nbsp;&nbsp;&nbsp;&nbsp;&nbsp;&nbsp;&nbsp;&nbsp;&nbsp;Generar el an\u00e1lisis de posibles experiencias pr\u00e1cticas exitosas en diversas organizaciones y estudiar la aplicaci\u00f3n en cada pa\u00eds de residencia de los lideres.<\/p>\n\n\n\n<p>\u00b7&nbsp;&nbsp;&nbsp;&nbsp;&nbsp;&nbsp;&nbsp;&nbsp;&nbsp;Incentivar a los becarios a repensar actuales formatos y visiones de los derechos a la salud de cada pa\u00eds en comparaci\u00f3n con los standares de la UE<\/p>\n\n\n\n<p>\u00b7&nbsp;&nbsp;&nbsp;&nbsp;&nbsp;&nbsp;&nbsp;&nbsp;&nbsp;Tomar contacto directo con diferentes autoridades p\u00fablicas espa\u00f1olas dedicadas al tratamiento y acceso de la hemofilia para enriquecer sus estrategias nacionales<\/p>\n\n\n\n<p>\u00b7&nbsp;&nbsp;&nbsp;&nbsp;&nbsp;&nbsp;&nbsp;&nbsp;&nbsp;Conocer sobre los tratamientos y m\u00e9todos de cobertura y acceso de Espa\u00f1a para replicarlos en sus pa\u00edses<\/p>\n\n\n\n<p>\u00b7&nbsp;&nbsp;&nbsp;&nbsp;&nbsp;&nbsp;&nbsp;&nbsp;&nbsp;Conocer la modalidad de trabajo de la Fedhemo y generar pensamiento cr\u00edtico en la estructura de cada ONM<\/p>\n\n\n\n<div class=\"wp-block-columns is-layout-flex wp-container-core-columns-is-layout-28f84493 wp-block-columns-is-layout-flex\">\n<div class=\"wp-block-column is-layout-flow wp-block-column-is-layout-flow\"><\/div>\n\n\n\n<div class=\"wp-block-column is-layout-flow wp-block-column-is-layout-flow\">\n<figure class=\"wp-block-image aligncenter size-full is-resized\"><a href=\"https:\/\/www.coaliciondelasamericas.org\/blog\/wp-content\/uploads\/2024\/03\/Proyecto-de-mentorias-COA-FEDHEMO.pdf\"><img loading=\"lazy\" decoding=\"async\" width=\"235\" height=\"214\" src=\"https:\/\/www.coaliciondelasamericas.org\/blog\/wp-content\/uploads\/2024\/03\/archivo-pdf.png\" alt=\"Together\" class=\"wp-image-3238\" style=\"width:94px;height:auto\"\/><\/a><\/figure>\n<\/div>\n\n\n\n<div class=\"wp-block-column is-layout-flow wp-block-column-is-layout-flow\"><\/div>\n<\/div>\n\n\n\n<p class=\"has-white-color has-text-color has-link-color wp-elements-7e4ac651328708ea719ac0894fa30934\">.<\/p>\n\n\n\n<p class=\"has-white-color has-text-color has-link-color wp-elements-7e4ac651328708ea719ac0894fa30934\">.<\/p>\n\n\n\n<hr class=\"wp-block-separator has-text-color has-black-color has-alpha-channel-opacity has-black-background-color has-background is-style-wide\"\/>\n\n\n\n<div class=\"wp-block-columns is-layout-flex wp-container-core-columns-is-layout-28f84493 wp-block-columns-is-layout-flex\">\n<div class=\"wp-block-column is-layout-flow wp-block-column-is-layout-flow\" style=\"flex-basis:33.33%\">\n<figure class=\"wp-block-image size-full\"><img loading=\"lazy\" decoding=\"async\" width=\"480\" height=\"480\" src=\"https:\/\/www.coaliciondelasamericas.org\/blog\/wp-content\/uploads\/2024\/03\/Violeta-Farah-Ven.jpg\" alt=\"Violeta Farah\" class=\"wp-image-3163\" srcset=\"https:\/\/www.coaliciondelasamericas.org\/blog\/wp-content\/uploads\/2024\/03\/Violeta-Farah-Ven.jpg 480w, https:\/\/www.coaliciondelasamericas.org\/blog\/wp-content\/uploads\/2024\/03\/Violeta-Farah-Ven-300x300.jpg 300w, https:\/\/www.coaliciondelasamericas.org\/blog\/wp-content\/uploads\/2024\/03\/Violeta-Farah-Ven-150x150.jpg 150w\" sizes=\"auto, (max-width: 480px) 100vw, 480px\" \/><\/figure>\n<\/div>\n\n\n\n<div class=\"wp-block-column is-layout-flow wp-block-column-is-layout-flow\" style=\"flex-basis:66.66%\">\n<p><strong>VIOLETA FARAH<br><\/strong>Coordinadora Comit\u00e9 de J\u00f3venes<br>Venezuela<\/p>\n\n\n\n<p>Graduada como Licenciada en Administraci\u00f3n de Empresas y Magister en Mercadeo Gerencial.<\/p>\n\n\n\n<p>Trabaja activamente en la AVH como l\u00edder del proyecto MNTC y en la COA como l\u00edder del comit\u00e9 de j\u00f3venes. <strong><a href=\"https:\/\/www.coaliciondelasamericas.org\/blog\/consejo-directivo\/violeta-farah\/\">Leer M\u00e1s \u00bb<\/a><\/strong><\/p>\n<\/div>\n<\/div>\n\n\n\n<hr class=\"wp-block-separator has-text-color has-black-color has-alpha-channel-opacity has-black-background-color has-background is-style-wide\"\/>\n\n\n\n<p class=\"has-white-color has-text-color has-link-color wp-elements-7e4ac651328708ea719ac0894fa30934\">.<\/p>\n\n\n\n<p class=\"has-text-align-center\">Este programa es apoyado por SANOFI.<\/p>\n\n\n\n<figure class=\"wp-block-image aligncenter size-medium\"><img loading=\"lazy\" decoding=\"async\" width=\"300\" height=\"90\" src=\"https:\/\/www.coaliciondelasamericas.org\/blog\/wp-content\/uploads\/2024\/03\/Logo-Sanofi-1-300x90.png\" alt=\"Sanofi\" class=\"wp-image-3257\" srcset=\"https:\/\/www.coaliciondelasamericas.org\/blog\/wp-content\/uploads\/2024\/03\/Logo-Sanofi-1-300x90.png 300w, https:\/\/www.coaliciondelasamericas.org\/blog\/wp-content\/uploads\/2024\/03\/Logo-Sanofi-1.png 500w\" sizes=\"auto, (max-width: 300px) 100vw, 300px\" \/><\/figure>\n","protected":false},"excerpt":{"rendered":"<p>Mentor\u00edas con la Fedhemo. Es sabido que las ONM de nuestro continente cuentan con una disparidad en sus niveles de<\/p>\n","protected":false},"author":1,"featured_media":0,"parent":2834,"menu_order":2,"comment_status":"closed","ping_status":"closed","template":"","meta":{"colormag_page_container_layout":"no_sidebar_content_centered","colormag_page_sidebar_layout":"no_sidebar","_coblocks_attr":"","_coblocks_dimensions":"","_coblocks_responsive_height":"","_coblocks_accordion_ie_support":"","_monsterinsights_skip_tracking":false,"_monsterinsights_sitenote_active":false,"_monsterinsights_sitenote_note":"","_monsterinsights_sitenote_category":0,"footnotes":""},"class_list":["post-2880","page","type-page","status-publish","hentry"],"yoast_head":"<!-- This site is optimized with the Yoast SEO plugin v27.4 - https:\/\/yoast.com\/product\/yoast-seo-wordpress\/ -->\n<title>Comit\u00e9 de J\u00f3venes - Coalici&oacute;n de las Am&eacute;ricas<\/title>\n<meta name=\"description\" content=\"Es sabido que las ONM de nuestro continente cuentan con una disparidad en sus niveles de desarrollo, tanto desde la dimensi\u00f3n m\u00e9dica...\" \/>\n<meta name=\"robots\" content=\"index, follow, max-snippet:-1, max-image-preview:large, max-video-preview:-1\" \/>\n<link rel=\"canonical\" href=\"https:\/\/www.coaliciondelasamericas.org\/blog\/comites\/comite-de-jovenes\/\" \/>\n<meta property=\"og:locale\" content=\"es_ES\" \/>\n<meta property=\"og:type\" content=\"article\" \/>\n<meta property=\"og:title\" content=\"Comit\u00e9 de J\u00f3venes - Coalici&oacute;n de las Am&eacute;ricas\" \/>\n<meta property=\"og:description\" content=\"Es sabido que las ONM de nuestro continente cuentan con una disparidad en sus niveles de desarrollo, tanto desde la dimensi\u00f3n m\u00e9dica...\" \/>\n<meta property=\"og:url\" content=\"https:\/\/www.coaliciondelasamericas.org\/blog\/comites\/comite-de-jovenes\/\" \/>\n<meta property=\"og:site_name\" content=\"Coalici&oacute;n de las Am&eacute;ricas\" \/>\n<meta property=\"article:modified_time\" content=\"2024-07-25T15:32:44+00:00\" \/>\n<meta property=\"og:image\" content=\"https:\/\/www.coaliciondelasamericas.org\/blog\/wp-content\/uploads\/2024\/03\/logo-Fedhemo.jpg\" \/>\n<meta name=\"twitter:card\" content=\"summary_large_image\" \/>\n<meta name=\"twitter:label1\" content=\"Tiempo de lectura\" \/>\n\t<meta name=\"twitter:data1\" content=\"4 minutos\" \/>\n<script type=\"application\/ld+json\" class=\"yoast-schema-graph\">{\"@context\":\"https:\\\/\\\/schema.org\",\"@graph\":[{\"@type\":\"WebPage\",\"@id\":\"https:\\\/\\\/www.coaliciondelasamericas.org\\\/blog\\\/comites\\\/comite-de-jovenes\\\/\",\"url\":\"https:\\\/\\\/www.coaliciondelasamericas.org\\\/blog\\\/comites\\\/comite-de-jovenes\\\/\",\"name\":\"Comit\u00e9 de J\u00f3venes - Coalici&oacute;n de las Am&eacute;ricas\",\"isPartOf\":{\"@id\":\"https:\\\/\\\/www.coaliciondelasamericas.org\\\/blog\\\/#website\"},\"primaryImageOfPage\":{\"@id\":\"https:\\\/\\\/www.coaliciondelasamericas.org\\\/blog\\\/comites\\\/comite-de-jovenes\\\/#primaryimage\"},\"image\":{\"@id\":\"https:\\\/\\\/www.coaliciondelasamericas.org\\\/blog\\\/comites\\\/comite-de-jovenes\\\/#primaryimage\"},\"thumbnailUrl\":\"https:\\\/\\\/www.coaliciondelasamericas.org\\\/blog\\\/wp-content\\\/uploads\\\/2024\\\/03\\\/logo-Fedhemo.jpg\",\"datePublished\":\"2024-02-16T23:51:33+00:00\",\"dateModified\":\"2024-07-25T15:32:44+00:00\",\"description\":\"Es sabido que las ONM de nuestro continente cuentan con una disparidad en sus niveles de desarrollo, tanto desde la dimensi\u00f3n m\u00e9dica...\",\"breadcrumb\":{\"@id\":\"https:\\\/\\\/www.coaliciondelasamericas.org\\\/blog\\\/comites\\\/comite-de-jovenes\\\/#breadcrumb\"},\"inLanguage\":\"es\",\"potentialAction\":[{\"@type\":\"ReadAction\",\"target\":[\"https:\\\/\\\/www.coaliciondelasamericas.org\\\/blog\\\/comites\\\/comite-de-jovenes\\\/\"]}]},{\"@type\":\"ImageObject\",\"inLanguage\":\"es\",\"@id\":\"https:\\\/\\\/www.coaliciondelasamericas.org\\\/blog\\\/comites\\\/comite-de-jovenes\\\/#primaryimage\",\"url\":\"https:\\\/\\\/www.coaliciondelasamericas.org\\\/blog\\\/wp-content\\\/uploads\\\/2024\\\/03\\\/logo-Fedhemo.jpg\",\"contentUrl\":\"https:\\\/\\\/www.coaliciondelasamericas.org\\\/blog\\\/wp-content\\\/uploads\\\/2024\\\/03\\\/logo-Fedhemo.jpg\",\"width\":284,\"height\":284,\"caption\":\"fedhemo\"},{\"@type\":\"BreadcrumbList\",\"@id\":\"https:\\\/\\\/www.coaliciondelasamericas.org\\\/blog\\\/comites\\\/comite-de-jovenes\\\/#breadcrumb\",\"itemListElement\":[{\"@type\":\"ListItem\",\"position\":1,\"name\":\"Portada\",\"item\":\"https:\\\/\\\/www.coaliciondelasamericas.org\\\/blog\\\/\"},{\"@type\":\"ListItem\",\"position\":2,\"name\":\"Comit\u00e9s\",\"item\":\"https:\\\/\\\/www.coaliciondelasamericas.org\\\/blog\\\/comites\\\/\"},{\"@type\":\"ListItem\",\"position\":3,\"name\":\"Comit\u00e9 de J\u00f3venes\"}]},{\"@type\":\"WebSite\",\"@id\":\"https:\\\/\\\/www.coaliciondelasamericas.org\\\/blog\\\/#website\",\"url\":\"https:\\\/\\\/www.coaliciondelasamericas.org\\\/blog\\\/\",\"name\":\"Coalici&oacute;n de las Am&eacute;ricas\",\"description\":\"Lideres Unidos por el Bienestar de la Hemofilia\",\"publisher\":{\"@id\":\"https:\\\/\\\/www.coaliciondelasamericas.org\\\/blog\\\/#organization\"},\"potentialAction\":[{\"@type\":\"SearchAction\",\"target\":{\"@type\":\"EntryPoint\",\"urlTemplate\":\"https:\\\/\\\/www.coaliciondelasamericas.org\\\/blog\\\/?s={search_term_string}\"},\"query-input\":{\"@type\":\"PropertyValueSpecification\",\"valueRequired\":true,\"valueName\":\"search_term_string\"}}],\"inLanguage\":\"es\"},{\"@type\":\"Organization\",\"@id\":\"https:\\\/\\\/www.coaliciondelasamericas.org\\\/blog\\\/#organization\",\"name\":\"Coalici&oacute;n de las Am&eacute;ricas\",\"url\":\"https:\\\/\\\/www.coaliciondelasamericas.org\\\/blog\\\/\",\"logo\":{\"@type\":\"ImageObject\",\"inLanguage\":\"es\",\"@id\":\"https:\\\/\\\/www.coaliciondelasamericas.org\\\/blog\\\/#\\\/schema\\\/logo\\\/image\\\/\",\"url\":\"https:\\\/\\\/www.coaliciondelasamericas.org\\\/blog\\\/wp-content\\\/uploads\\\/2023\\\/03\\\/cropped-01-Portada-02.png\",\"contentUrl\":\"https:\\\/\\\/www.coaliciondelasamericas.org\\\/blog\\\/wp-content\\\/uploads\\\/2023\\\/03\\\/cropped-01-Portada-02.png\",\"width\":300,\"height\":130,\"caption\":\"Coalici&oacute;n de las Am&eacute;ricas\"},\"image\":{\"@id\":\"https:\\\/\\\/www.coaliciondelasamericas.org\\\/blog\\\/#\\\/schema\\\/logo\\\/image\\\/\"}}]}<\/script>\n<!-- \/ Yoast SEO plugin. -->","yoast_head_json":{"title":"Comit\u00e9 de J\u00f3venes - Coalici&oacute;n de las Am&eacute;ricas","description":"Es sabido que las ONM de nuestro continente cuentan con una disparidad en sus niveles de desarrollo, tanto desde la dimensi\u00f3n m\u00e9dica...","robots":{"index":"index","follow":"follow","max-snippet":"max-snippet:-1","max-image-preview":"max-image-preview:large","max-video-preview":"max-video-preview:-1"},"canonical":"https:\/\/www.coaliciondelasamericas.org\/blog\/comites\/comite-de-jovenes\/","og_locale":"es_ES","og_type":"article","og_title":"Comit\u00e9 de J\u00f3venes - Coalici&oacute;n de las Am&eacute;ricas","og_description":"Es sabido que las ONM de nuestro continente cuentan con una disparidad en sus niveles de desarrollo, tanto desde la dimensi\u00f3n m\u00e9dica...","og_url":"https:\/\/www.coaliciondelasamericas.org\/blog\/comites\/comite-de-jovenes\/","og_site_name":"Coalici&oacute;n de las Am&eacute;ricas","article_modified_time":"2024-07-25T15:32:44+00:00","og_image":[{"url":"https:\/\/www.coaliciondelasamericas.org\/blog\/wp-content\/uploads\/2024\/03\/logo-Fedhemo.jpg","type":"","width":"","height":""}],"twitter_card":"summary_large_image","twitter_misc":{"Tiempo de lectura":"4 minutos"},"schema":{"@context":"https:\/\/schema.org","@graph":[{"@type":"WebPage","@id":"https:\/\/www.coaliciondelasamericas.org\/blog\/comites\/comite-de-jovenes\/","url":"https:\/\/www.coaliciondelasamericas.org\/blog\/comites\/comite-de-jovenes\/","name":"Comit\u00e9 de J\u00f3venes - Coalici&oacute;n de las Am&eacute;ricas","isPartOf":{"@id":"https:\/\/www.coaliciondelasamericas.org\/blog\/#website"},"primaryImageOfPage":{"@id":"https:\/\/www.coaliciondelasamericas.org\/blog\/comites\/comite-de-jovenes\/#primaryimage"},"image":{"@id":"https:\/\/www.coaliciondelasamericas.org\/blog\/comites\/comite-de-jovenes\/#primaryimage"},"thumbnailUrl":"https:\/\/www.coaliciondelasamericas.org\/blog\/wp-content\/uploads\/2024\/03\/logo-Fedhemo.jpg","datePublished":"2024-02-16T23:51:33+00:00","dateModified":"2024-07-25T15:32:44+00:00","description":"Es sabido que las ONM de nuestro continente cuentan con una disparidad en sus niveles de desarrollo, tanto desde la dimensi\u00f3n m\u00e9dica...","breadcrumb":{"@id":"https:\/\/www.coaliciondelasamericas.org\/blog\/comites\/comite-de-jovenes\/#breadcrumb"},"inLanguage":"es","potentialAction":[{"@type":"ReadAction","target":["https:\/\/www.coaliciondelasamericas.org\/blog\/comites\/comite-de-jovenes\/"]}]},{"@type":"ImageObject","inLanguage":"es","@id":"https:\/\/www.coaliciondelasamericas.org\/blog\/comites\/comite-de-jovenes\/#primaryimage","url":"https:\/\/www.coaliciondelasamericas.org\/blog\/wp-content\/uploads\/2024\/03\/logo-Fedhemo.jpg","contentUrl":"https:\/\/www.coaliciondelasamericas.org\/blog\/wp-content\/uploads\/2024\/03\/logo-Fedhemo.jpg","width":284,"height":284,"caption":"fedhemo"},{"@type":"BreadcrumbList","@id":"https:\/\/www.coaliciondelasamericas.org\/blog\/comites\/comite-de-jovenes\/#breadcrumb","itemListElement":[{"@type":"ListItem","position":1,"name":"Portada","item":"https:\/\/www.coaliciondelasamericas.org\/blog\/"},{"@type":"ListItem","position":2,"name":"Comit\u00e9s","item":"https:\/\/www.coaliciondelasamericas.org\/blog\/comites\/"},{"@type":"ListItem","position":3,"name":"Comit\u00e9 de J\u00f3venes"}]},{"@type":"WebSite","@id":"https:\/\/www.coaliciondelasamericas.org\/blog\/#website","url":"https:\/\/www.coaliciondelasamericas.org\/blog\/","name":"Coalici&oacute;n de las Am&eacute;ricas","description":"Lideres Unidos por el Bienestar de la Hemofilia","publisher":{"@id":"https:\/\/www.coaliciondelasamericas.org\/blog\/#organization"},"potentialAction":[{"@type":"SearchAction","target":{"@type":"EntryPoint","urlTemplate":"https:\/\/www.coaliciondelasamericas.org\/blog\/?s={search_term_string}"},"query-input":{"@type":"PropertyValueSpecification","valueRequired":true,"valueName":"search_term_string"}}],"inLanguage":"es"},{"@type":"Organization","@id":"https:\/\/www.coaliciondelasamericas.org\/blog\/#organization","name":"Coalici&oacute;n de las Am&eacute;ricas","url":"https:\/\/www.coaliciondelasamericas.org\/blog\/","logo":{"@type":"ImageObject","inLanguage":"es","@id":"https:\/\/www.coaliciondelasamericas.org\/blog\/#\/schema\/logo\/image\/","url":"https:\/\/www.coaliciondelasamericas.org\/blog\/wp-content\/uploads\/2023\/03\/cropped-01-Portada-02.png","contentUrl":"https:\/\/www.coaliciondelasamericas.org\/blog\/wp-content\/uploads\/2023\/03\/cropped-01-Portada-02.png","width":300,"height":130,"caption":"Coalici&oacute;n de las Am&eacute;ricas"},"image":{"@id":"https:\/\/www.coaliciondelasamericas.org\/blog\/#\/schema\/logo\/image\/"}}]}},"_links":{"self":[{"href":"https:\/\/www.coaliciondelasamericas.org\/blog\/wp-json\/wp\/v2\/pages\/2880","targetHints":{"allow":["GET"]}}],"collection":[{"href":"https:\/\/www.coaliciondelasamericas.org\/blog\/wp-json\/wp\/v2\/pages"}],"about":[{"href":"https:\/\/www.coaliciondelasamericas.org\/blog\/wp-json\/wp\/v2\/types\/page"}],"author":[{"embeddable":true,"href":"https:\/\/www.coaliciondelasamericas.org\/blog\/wp-json\/wp\/v2\/users\/1"}],"replies":[{"embeddable":true,"href":"https:\/\/www.coaliciondelasamericas.org\/blog\/wp-json\/wp\/v2\/comments?post=2880"}],"version-history":[{"count":15,"href":"https:\/\/www.coaliciondelasamericas.org\/blog\/wp-json\/wp\/v2\/pages\/2880\/revisions"}],"predecessor-version":[{"id":3568,"href":"https:\/\/www.coaliciondelasamericas.org\/blog\/wp-json\/wp\/v2\/pages\/2880\/revisions\/3568"}],"up":[{"embeddable":true,"href":"https:\/\/www.coaliciondelasamericas.org\/blog\/wp-json\/wp\/v2\/pages\/2834"}],"wp:attachment":[{"href":"https:\/\/www.coaliciondelasamericas.org\/blog\/wp-json\/wp\/v2\/media?parent=2880"}],"curies":[{"name":"wp","href":"https:\/\/api.w.org\/{rel}","templated":true}]}}