{"id":1878,"date":"2023-03-11T21:45:56","date_gmt":"2023-03-11T21:45:56","guid":{"rendered":"https:\/\/www.coaliciondelasamericas.org\/blog\/?page_id=1878"},"modified":"2023-03-11T22:10:18","modified_gmt":"2023-03-11T22:10:18","slug":"galeria-012","status":"publish","type":"page","link":"https:\/\/www.coaliciondelasamericas.org\/blog\/galeria\/galeria-012\/","title":{"rendered":"Juntos pela Hemofilia"},"content":{"rendered":"\n<p>La Federaci\u00f3n Brasile\u00f1a de la Hemofilia nos invit\u00f3 al tercer encuentro Juntos Pela Hemofilia<\/p>\n\n\n\n<figure class=\"wp-block-gallery has-nested-images columns-default is-cropped wp-block-gallery-1 is-layout-flex wp-block-gallery-is-layout-flex\">\n<figure class=\"wp-block-image size-large\"><img loading=\"lazy\" decoding=\"async\" width=\"593\" height=\"395\" data-id=\"1879\" src=\"https:\/\/www.coaliciondelasamericas.org\/blog\/wp-content\/uploads\/2023\/03\/JuntosPelaHemofilia001.jpg\" alt=\"Tania Mar\u00eda Onzi Pietrobelli\" class=\"wp-image-1879\" srcset=\"https:\/\/www.coaliciondelasamericas.org\/blog\/wp-content\/uploads\/2023\/03\/JuntosPelaHemofilia001.jpg 593w, https:\/\/www.coaliciondelasamericas.org\/blog\/wp-content\/uploads\/2023\/03\/JuntosPelaHemofilia001-300x200.jpg 300w\" sizes=\"auto, (max-width: 593px) 100vw, 593px\" \/><\/figure>\n\n\n\n<figure class=\"wp-block-image size-large\"><img loading=\"lazy\" decoding=\"async\" width=\"1024\" height=\"683\" data-id=\"1885\" src=\"https:\/\/www.coaliciondelasamericas.org\/blog\/wp-content\/uploads\/2023\/03\/JuntosPelaHemofilia002-1024x683.jpg\" alt=\"\" class=\"wp-image-1885\" srcset=\"https:\/\/www.coaliciondelasamericas.org\/blog\/wp-content\/uploads\/2023\/03\/JuntosPelaHemofilia002-1024x683.jpg 1024w, https:\/\/www.coaliciondelasamericas.org\/blog\/wp-content\/uploads\/2023\/03\/JuntosPelaHemofilia002-300x200.jpg 300w, https:\/\/www.coaliciondelasamericas.org\/blog\/wp-content\/uploads\/2023\/03\/JuntosPelaHemofilia002-768x512.jpg 768w, https:\/\/www.coaliciondelasamericas.org\/blog\/wp-content\/uploads\/2023\/03\/JuntosPelaHemofilia002-1536x1025.jpg 1536w, https:\/\/www.coaliciondelasamericas.org\/blog\/wp-content\/uploads\/2023\/03\/JuntosPelaHemofilia002.jpg 2048w\" sizes=\"auto, (max-width: 1024px) 100vw, 1024px\" \/><\/figure>\n\n\n\n<figure class=\"wp-block-image size-large\"><img loading=\"lazy\" decoding=\"async\" width=\"1024\" height=\"683\" data-id=\"1884\" src=\"https:\/\/www.coaliciondelasamericas.org\/blog\/wp-content\/uploads\/2023\/03\/JuntosPelaHemofilia003-1024x683.jpg\" alt=\"Juntos pela Hemofilia\" class=\"wp-image-1884\" srcset=\"https:\/\/www.coaliciondelasamericas.org\/blog\/wp-content\/uploads\/2023\/03\/JuntosPelaHemofilia003-1024x683.jpg 1024w, https:\/\/www.coaliciondelasamericas.org\/blog\/wp-content\/uploads\/2023\/03\/JuntosPelaHemofilia003-300x200.jpg 300w, https:\/\/www.coaliciondelasamericas.org\/blog\/wp-content\/uploads\/2023\/03\/JuntosPelaHemofilia003-768x512.jpg 768w, https:\/\/www.coaliciondelasamericas.org\/blog\/wp-content\/uploads\/2023\/03\/JuntosPelaHemofilia003-1536x1024.jpg 1536w, https:\/\/www.coaliciondelasamericas.org\/blog\/wp-content\/uploads\/2023\/03\/JuntosPelaHemofilia003.jpg 2048w\" sizes=\"auto, (max-width: 1024px) 100vw, 1024px\" \/><\/figure>\n\n\n\n<figure class=\"wp-block-image size-large\"><img loading=\"lazy\" decoding=\"async\" width=\"1024\" height=\"683\" data-id=\"1889\" src=\"https:\/\/www.coaliciondelasamericas.org\/blog\/wp-content\/uploads\/2023\/03\/JuntosPelaHemofilia004-1-1024x683.jpg\" alt=\"Juntos pela Hemofilia\" class=\"wp-image-1889\" srcset=\"https:\/\/www.coaliciondelasamericas.org\/blog\/wp-content\/uploads\/2023\/03\/JuntosPelaHemofilia004-1-1024x683.jpg 1024w, https:\/\/www.coaliciondelasamericas.org\/blog\/wp-content\/uploads\/2023\/03\/JuntosPelaHemofilia004-1-300x200.jpg 300w, https:\/\/www.coaliciondelasamericas.org\/blog\/wp-content\/uploads\/2023\/03\/JuntosPelaHemofilia004-1-768x512.jpg 768w, https:\/\/www.coaliciondelasamericas.org\/blog\/wp-content\/uploads\/2023\/03\/JuntosPelaHemofilia004-1-1536x1024.jpg 1536w, https:\/\/www.coaliciondelasamericas.org\/blog\/wp-content\/uploads\/2023\/03\/JuntosPelaHemofilia004-1.jpg 2048w\" sizes=\"auto, (max-width: 1024px) 100vw, 1024px\" \/><\/figure>\n\n\n\n<figure class=\"wp-block-image size-large\"><img loading=\"lazy\" decoding=\"async\" width=\"1024\" height=\"683\" data-id=\"1883\" src=\"https:\/\/www.coaliciondelasamericas.org\/blog\/wp-content\/uploads\/2023\/03\/JuntosPelaHemofilia005-1024x683.jpg\" alt=\"Sr. Cesar Garrido\" class=\"wp-image-1883\" srcset=\"https:\/\/www.coaliciondelasamericas.org\/blog\/wp-content\/uploads\/2023\/03\/JuntosPelaHemofilia005-1024x683.jpg 1024w, https:\/\/www.coaliciondelasamericas.org\/blog\/wp-content\/uploads\/2023\/03\/JuntosPelaHemofilia005-300x200.jpg 300w, https:\/\/www.coaliciondelasamericas.org\/blog\/wp-content\/uploads\/2023\/03\/JuntosPelaHemofilia005-768x512.jpg 768w, https:\/\/www.coaliciondelasamericas.org\/blog\/wp-content\/uploads\/2023\/03\/JuntosPelaHemofilia005-1536x1024.jpg 1536w, https:\/\/www.coaliciondelasamericas.org\/blog\/wp-content\/uploads\/2023\/03\/JuntosPelaHemofilia005.jpg 2048w\" sizes=\"auto, (max-width: 1024px) 100vw, 1024px\" \/><\/figure>\n\n\n\n<figure class=\"wp-block-image size-large\"><img loading=\"lazy\" decoding=\"async\" width=\"1024\" height=\"683\" data-id=\"1881\" src=\"https:\/\/www.coaliciondelasamericas.org\/blog\/wp-content\/uploads\/2023\/03\/JuntosPelaHemofilia006-1024x683.jpg\" alt=\"Licenciado Antonio G\u00f3mez C\" class=\"wp-image-1881\" srcset=\"https:\/\/www.coaliciondelasamericas.org\/blog\/wp-content\/uploads\/2023\/03\/JuntosPelaHemofilia006-1024x683.jpg 1024w, https:\/\/www.coaliciondelasamericas.org\/blog\/wp-content\/uploads\/2023\/03\/JuntosPelaHemofilia006-300x200.jpg 300w, https:\/\/www.coaliciondelasamericas.org\/blog\/wp-content\/uploads\/2023\/03\/JuntosPelaHemofilia006-768x512.jpg 768w, https:\/\/www.coaliciondelasamericas.org\/blog\/wp-content\/uploads\/2023\/03\/JuntosPelaHemofilia006-1536x1025.jpg 1536w, https:\/\/www.coaliciondelasamericas.org\/blog\/wp-content\/uploads\/2023\/03\/JuntosPelaHemofilia006.jpg 2048w\" sizes=\"auto, (max-width: 1024px) 100vw, 1024px\" \/><\/figure>\n\n\n\n<figure class=\"wp-block-image size-large\"><img loading=\"lazy\" decoding=\"async\" width=\"1024\" height=\"683\" data-id=\"1880\" src=\"https:\/\/www.coaliciondelasamericas.org\/blog\/wp-content\/uploads\/2023\/03\/JuntosPelaHemofilia007-1024x683.jpg\" alt=\"Juntos pela Hemofilia\" class=\"wp-image-1880\" srcset=\"https:\/\/www.coaliciondelasamericas.org\/blog\/wp-content\/uploads\/2023\/03\/JuntosPelaHemofilia007-1024x683.jpg 1024w, https:\/\/www.coaliciondelasamericas.org\/blog\/wp-content\/uploads\/2023\/03\/JuntosPelaHemofilia007-300x200.jpg 300w, https:\/\/www.coaliciondelasamericas.org\/blog\/wp-content\/uploads\/2023\/03\/JuntosPelaHemofilia007-768x512.jpg 768w, https:\/\/www.coaliciondelasamericas.org\/blog\/wp-content\/uploads\/2023\/03\/JuntosPelaHemofilia007-1536x1025.jpg 1536w, https:\/\/www.coaliciondelasamericas.org\/blog\/wp-content\/uploads\/2023\/03\/JuntosPelaHemofilia007.jpg 2048w\" sizes=\"auto, (max-width: 1024px) 100vw, 1024px\" \/><\/figure>\n\n\n\n<figure class=\"wp-block-image size-large\"><img loading=\"lazy\" decoding=\"async\" width=\"1024\" height=\"683\" data-id=\"1882\" src=\"https:\/\/www.coaliciondelasamericas.org\/blog\/wp-content\/uploads\/2023\/03\/JuntosPelaHemofilia008-1024x683.jpg\" alt=\"Juntos pela Hemofilia\" class=\"wp-image-1882\" srcset=\"https:\/\/www.coaliciondelasamericas.org\/blog\/wp-content\/uploads\/2023\/03\/JuntosPelaHemofilia008-1024x683.jpg 1024w, https:\/\/www.coaliciondelasamericas.org\/blog\/wp-content\/uploads\/2023\/03\/JuntosPelaHemofilia008-300x200.jpg 300w, https:\/\/www.coaliciondelasamericas.org\/blog\/wp-content\/uploads\/2023\/03\/JuntosPelaHemofilia008-768x512.jpg 768w, https:\/\/www.coaliciondelasamericas.org\/blog\/wp-content\/uploads\/2023\/03\/JuntosPelaHemofilia008-1536x1024.jpg 1536w, https:\/\/www.coaliciondelasamericas.org\/blog\/wp-content\/uploads\/2023\/03\/JuntosPelaHemofilia008.jpg 2048w\" sizes=\"auto, (max-width: 1024px) 100vw, 1024px\" \/><\/figure>\n<\/figure>\n","protected":false},"excerpt":{"rendered":"<p>Juntos pela Hemofilia<\/p>\n","protected":false},"author":1,"featured_media":0,"parent":42,"menu_order":12,"comment_status":"closed","ping_status":"closed","template":"","meta":{"colormag_page_container_layout":"no_sidebar_full_width","colormag_page_sidebar_layout":"no_sidebar","_coblocks_attr":"","_coblocks_dimensions":"","_coblocks_responsive_height":"","_coblocks_accordion_ie_support":"","_monsterinsights_skip_tracking":false,"_monsterinsights_sitenote_active":false,"_monsterinsights_sitenote_note":"","_monsterinsights_sitenote_category":0,"footnotes":""},"class_list":["post-1878","page","type-page","status-publish","hentry"],"yoast_head":"<!-- This site is optimized with the Yoast SEO plugin v27.4 - https:\/\/yoast.com\/product\/yoast-seo-wordpress\/ -->\n<title>Juntos pela Hemofilia - Coalici&oacute;n de las Am&eacute;ricas<\/title>\n<meta name=\"description\" content=\"La Federaci\u00f3n Brasile\u00f1a de la Hemofilia nos invit\u00f3 al tercer encuentro Juntos Pela Hemofilia.\" \/>\n<meta name=\"robots\" content=\"index, follow, max-snippet:-1, max-image-preview:large, max-video-preview:-1\" \/>\n<link rel=\"canonical\" href=\"https:\/\/www.coaliciondelasamericas.org\/blog\/galeria\/galeria-012\/\" \/>\n<meta property=\"og:locale\" content=\"es_ES\" \/>\n<meta property=\"og:type\" content=\"article\" \/>\n<meta property=\"og:title\" content=\"Juntos pela Hemofilia - Coalici&oacute;n de las Am&eacute;ricas\" \/>\n<meta property=\"og:description\" content=\"La Federaci\u00f3n Brasile\u00f1a de la Hemofilia nos invit\u00f3 al tercer encuentro Juntos Pela Hemofilia.\" \/>\n<meta property=\"og:url\" content=\"https:\/\/www.coaliciondelasamericas.org\/blog\/galeria\/galeria-012\/\" \/>\n<meta property=\"og:site_name\" content=\"Coalici&oacute;n de las Am&eacute;ricas\" \/>\n<meta property=\"article:modified_time\" content=\"2023-03-11T22:10:18+00:00\" \/>\n<meta property=\"og:image\" content=\"https:\/\/www.coaliciondelasamericas.org\/blog\/wp-content\/uploads\/2023\/03\/JuntosPelaHemofilia001.jpg\" \/>\n<meta name=\"twitter:card\" content=\"summary_large_image\" \/>\n<meta name=\"twitter:label1\" content=\"Tiempo de lectura\" \/>\n\t<meta name=\"twitter:data1\" content=\"2 minutos\" \/>\n<script type=\"application\/ld+json\" class=\"yoast-schema-graph\">{\"@context\":\"https:\\\/\\\/schema.org\",\"@graph\":[{\"@type\":\"WebPage\",\"@id\":\"https:\\\/\\\/www.coaliciondelasamericas.org\\\/blog\\\/galeria\\\/galeria-012\\\/\",\"url\":\"https:\\\/\\\/www.coaliciondelasamericas.org\\\/blog\\\/galeria\\\/galeria-012\\\/\",\"name\":\"Juntos pela Hemofilia - Coalici&oacute;n de las Am&eacute;ricas\",\"isPartOf\":{\"@id\":\"https:\\\/\\\/www.coaliciondelasamericas.org\\\/blog\\\/#website\"},\"primaryImageOfPage\":{\"@id\":\"https:\\\/\\\/www.coaliciondelasamericas.org\\\/blog\\\/galeria\\\/galeria-012\\\/#primaryimage\"},\"image\":{\"@id\":\"https:\\\/\\\/www.coaliciondelasamericas.org\\\/blog\\\/galeria\\\/galeria-012\\\/#primaryimage\"},\"thumbnailUrl\":\"https:\\\/\\\/www.coaliciondelasamericas.org\\\/blog\\\/wp-content\\\/uploads\\\/2023\\\/03\\\/JuntosPelaHemofilia001.jpg\",\"datePublished\":\"2023-03-11T21:45:56+00:00\",\"dateModified\":\"2023-03-11T22:10:18+00:00\",\"description\":\"La Federaci\u00f3n Brasile\u00f1a de la Hemofilia nos invit\u00f3 al tercer encuentro Juntos Pela Hemofilia.\",\"breadcrumb\":{\"@id\":\"https:\\\/\\\/www.coaliciondelasamericas.org\\\/blog\\\/galeria\\\/galeria-012\\\/#breadcrumb\"},\"inLanguage\":\"es\",\"potentialAction\":[{\"@type\":\"ReadAction\",\"target\":[\"https:\\\/\\\/www.coaliciondelasamericas.org\\\/blog\\\/galeria\\\/galeria-012\\\/\"]}]},{\"@type\":\"ImageObject\",\"inLanguage\":\"es\",\"@id\":\"https:\\\/\\\/www.coaliciondelasamericas.org\\\/blog\\\/galeria\\\/galeria-012\\\/#primaryimage\",\"url\":\"https:\\\/\\\/www.coaliciondelasamericas.org\\\/blog\\\/wp-content\\\/uploads\\\/2023\\\/03\\\/JuntosPelaHemofilia001.jpg\",\"contentUrl\":\"https:\\\/\\\/www.coaliciondelasamericas.org\\\/blog\\\/wp-content\\\/uploads\\\/2023\\\/03\\\/JuntosPelaHemofilia001.jpg\",\"width\":593,\"height\":395},{\"@type\":\"BreadcrumbList\",\"@id\":\"https:\\\/\\\/www.coaliciondelasamericas.org\\\/blog\\\/galeria\\\/galeria-012\\\/#breadcrumb\",\"itemListElement\":[{\"@type\":\"ListItem\",\"position\":1,\"name\":\"Portada\",\"item\":\"https:\\\/\\\/www.coaliciondelasamericas.org\\\/blog\\\/\"},{\"@type\":\"ListItem\",\"position\":2,\"name\":\"Galer\u00eda\",\"item\":\"https:\\\/\\\/www.coaliciondelasamericas.org\\\/blog\\\/galeria\\\/\"},{\"@type\":\"ListItem\",\"position\":3,\"name\":\"Juntos pela Hemofilia\"}]},{\"@type\":\"WebSite\",\"@id\":\"https:\\\/\\\/www.coaliciondelasamericas.org\\\/blog\\\/#website\",\"url\":\"https:\\\/\\\/www.coaliciondelasamericas.org\\\/blog\\\/\",\"name\":\"Coalici&oacute;n de las Am&eacute;ricas\",\"description\":\"Lideres Unidos por el Bienestar de la Hemofilia\",\"publisher\":{\"@id\":\"https:\\\/\\\/www.coaliciondelasamericas.org\\\/blog\\\/#organization\"},\"potentialAction\":[{\"@type\":\"SearchAction\",\"target\":{\"@type\":\"EntryPoint\",\"urlTemplate\":\"https:\\\/\\\/www.coaliciondelasamericas.org\\\/blog\\\/?s={search_term_string}\"},\"query-input\":{\"@type\":\"PropertyValueSpecification\",\"valueRequired\":true,\"valueName\":\"search_term_string\"}}],\"inLanguage\":\"es\"},{\"@type\":\"Organization\",\"@id\":\"https:\\\/\\\/www.coaliciondelasamericas.org\\\/blog\\\/#organization\",\"name\":\"Coalici&oacute;n de las Am&eacute;ricas\",\"url\":\"https:\\\/\\\/www.coaliciondelasamericas.org\\\/blog\\\/\",\"logo\":{\"@type\":\"ImageObject\",\"inLanguage\":\"es\",\"@id\":\"https:\\\/\\\/www.coaliciondelasamericas.org\\\/blog\\\/#\\\/schema\\\/logo\\\/image\\\/\",\"url\":\"https:\\\/\\\/www.coaliciondelasamericas.org\\\/blog\\\/wp-content\\\/uploads\\\/2023\\\/03\\\/cropped-01-Portada-02.png\",\"contentUrl\":\"https:\\\/\\\/www.coaliciondelasamericas.org\\\/blog\\\/wp-content\\\/uploads\\\/2023\\\/03\\\/cropped-01-Portada-02.png\",\"width\":300,\"height\":130,\"caption\":\"Coalici&oacute;n de las Am&eacute;ricas\"},\"image\":{\"@id\":\"https:\\\/\\\/www.coaliciondelasamericas.org\\\/blog\\\/#\\\/schema\\\/logo\\\/image\\\/\"}}]}<\/script>\n<!-- \/ Yoast SEO plugin. -->","yoast_head_json":{"title":"Juntos pela Hemofilia - Coalici&oacute;n de las Am&eacute;ricas","description":"La Federaci\u00f3n Brasile\u00f1a de la Hemofilia nos invit\u00f3 al tercer encuentro Juntos Pela Hemofilia.","robots":{"index":"index","follow":"follow","max-snippet":"max-snippet:-1","max-image-preview":"max-image-preview:large","max-video-preview":"max-video-preview:-1"},"canonical":"https:\/\/www.coaliciondelasamericas.org\/blog\/galeria\/galeria-012\/","og_locale":"es_ES","og_type":"article","og_title":"Juntos pela Hemofilia - Coalici&oacute;n de las Am&eacute;ricas","og_description":"La Federaci\u00f3n Brasile\u00f1a de la Hemofilia nos invit\u00f3 al tercer encuentro Juntos Pela Hemofilia.","og_url":"https:\/\/www.coaliciondelasamericas.org\/blog\/galeria\/galeria-012\/","og_site_name":"Coalici&oacute;n de las Am&eacute;ricas","article_modified_time":"2023-03-11T22:10:18+00:00","og_image":[{"url":"https:\/\/www.coaliciondelasamericas.org\/blog\/wp-content\/uploads\/2023\/03\/JuntosPelaHemofilia001.jpg","type":"","width":"","height":""}],"twitter_card":"summary_large_image","twitter_misc":{"Tiempo de lectura":"2 minutos"},"schema":{"@context":"https:\/\/schema.org","@graph":[{"@type":"WebPage","@id":"https:\/\/www.coaliciondelasamericas.org\/blog\/galeria\/galeria-012\/","url":"https:\/\/www.coaliciondelasamericas.org\/blog\/galeria\/galeria-012\/","name":"Juntos pela Hemofilia - Coalici&oacute;n de las Am&eacute;ricas","isPartOf":{"@id":"https:\/\/www.coaliciondelasamericas.org\/blog\/#website"},"primaryImageOfPage":{"@id":"https:\/\/www.coaliciondelasamericas.org\/blog\/galeria\/galeria-012\/#primaryimage"},"image":{"@id":"https:\/\/www.coaliciondelasamericas.org\/blog\/galeria\/galeria-012\/#primaryimage"},"thumbnailUrl":"https:\/\/www.coaliciondelasamericas.org\/blog\/wp-content\/uploads\/2023\/03\/JuntosPelaHemofilia001.jpg","datePublished":"2023-03-11T21:45:56+00:00","dateModified":"2023-03-11T22:10:18+00:00","description":"La Federaci\u00f3n Brasile\u00f1a de la Hemofilia nos invit\u00f3 al tercer encuentro Juntos Pela Hemofilia.","breadcrumb":{"@id":"https:\/\/www.coaliciondelasamericas.org\/blog\/galeria\/galeria-012\/#breadcrumb"},"inLanguage":"es","potentialAction":[{"@type":"ReadAction","target":["https:\/\/www.coaliciondelasamericas.org\/blog\/galeria\/galeria-012\/"]}]},{"@type":"ImageObject","inLanguage":"es","@id":"https:\/\/www.coaliciondelasamericas.org\/blog\/galeria\/galeria-012\/#primaryimage","url":"https:\/\/www.coaliciondelasamericas.org\/blog\/wp-content\/uploads\/2023\/03\/JuntosPelaHemofilia001.jpg","contentUrl":"https:\/\/www.coaliciondelasamericas.org\/blog\/wp-content\/uploads\/2023\/03\/JuntosPelaHemofilia001.jpg","width":593,"height":395},{"@type":"BreadcrumbList","@id":"https:\/\/www.coaliciondelasamericas.org\/blog\/galeria\/galeria-012\/#breadcrumb","itemListElement":[{"@type":"ListItem","position":1,"name":"Portada","item":"https:\/\/www.coaliciondelasamericas.org\/blog\/"},{"@type":"ListItem","position":2,"name":"Galer\u00eda","item":"https:\/\/www.coaliciondelasamericas.org\/blog\/galeria\/"},{"@type":"ListItem","position":3,"name":"Juntos pela Hemofilia"}]},{"@type":"WebSite","@id":"https:\/\/www.coaliciondelasamericas.org\/blog\/#website","url":"https:\/\/www.coaliciondelasamericas.org\/blog\/","name":"Coalici&oacute;n de las Am&eacute;ricas","description":"Lideres Unidos por el Bienestar de la Hemofilia","publisher":{"@id":"https:\/\/www.coaliciondelasamericas.org\/blog\/#organization"},"potentialAction":[{"@type":"SearchAction","target":{"@type":"EntryPoint","urlTemplate":"https:\/\/www.coaliciondelasamericas.org\/blog\/?s={search_term_string}"},"query-input":{"@type":"PropertyValueSpecification","valueRequired":true,"valueName":"search_term_string"}}],"inLanguage":"es"},{"@type":"Organization","@id":"https:\/\/www.coaliciondelasamericas.org\/blog\/#organization","name":"Coalici&oacute;n de las Am&eacute;ricas","url":"https:\/\/www.coaliciondelasamericas.org\/blog\/","logo":{"@type":"ImageObject","inLanguage":"es","@id":"https:\/\/www.coaliciondelasamericas.org\/blog\/#\/schema\/logo\/image\/","url":"https:\/\/www.coaliciondelasamericas.org\/blog\/wp-content\/uploads\/2023\/03\/cropped-01-Portada-02.png","contentUrl":"https:\/\/www.coaliciondelasamericas.org\/blog\/wp-content\/uploads\/2023\/03\/cropped-01-Portada-02.png","width":300,"height":130,"caption":"Coalici&oacute;n de las Am&eacute;ricas"},"image":{"@id":"https:\/\/www.coaliciondelasamericas.org\/blog\/#\/schema\/logo\/image\/"}}]}},"_links":{"self":[{"href":"https:\/\/www.coaliciondelasamericas.org\/blog\/wp-json\/wp\/v2\/pages\/1878","targetHints":{"allow":["GET"]}}],"collection":[{"href":"https:\/\/www.coaliciondelasamericas.org\/blog\/wp-json\/wp\/v2\/pages"}],"about":[{"href":"https:\/\/www.coaliciondelasamericas.org\/blog\/wp-json\/wp\/v2\/types\/page"}],"author":[{"embeddable":true,"href":"https:\/\/www.coaliciondelasamericas.org\/blog\/wp-json\/wp\/v2\/users\/1"}],"replies":[{"embeddable":true,"href":"https:\/\/www.coaliciondelasamericas.org\/blog\/wp-json\/wp\/v2\/comments?post=1878"}],"version-history":[{"count":2,"href":"https:\/\/www.coaliciondelasamericas.org\/blog\/wp-json\/wp\/v2\/pages\/1878\/revisions"}],"predecessor-version":[{"id":1890,"href":"https:\/\/www.coaliciondelasamericas.org\/blog\/wp-json\/wp\/v2\/pages\/1878\/revisions\/1890"}],"up":[{"embeddable":true,"href":"https:\/\/www.coaliciondelasamericas.org\/blog\/wp-json\/wp\/v2\/pages\/42"}],"wp:attachment":[{"href":"https:\/\/www.coaliciondelasamericas.org\/blog\/wp-json\/wp\/v2\/media?parent=1878"}],"curies":[{"name":"wp","href":"https:\/\/api.w.org\/{rel}","templated":true}]}}