{"id":1853,"date":"2023-03-11T21:33:16","date_gmt":"2023-03-11T21:33:16","guid":{"rendered":"https:\/\/www.coaliciondelasamericas.org\/blog\/?page_id=1853"},"modified":"2023-03-11T21:36:02","modified_gmt":"2023-03-11T21:36:02","slug":"galeria-011","status":"publish","type":"page","link":"https:\/\/www.coaliciondelasamericas.org\/blog\/galeria\/galeria-011\/","title":{"rendered":"Juntos Cambiamos Vidas"},"content":{"rendered":"\n<p>Agradecemos la invitaci\u00f3n a formar parte del taller Juntos Cambiamos Vidas, La Coalici\u00f3n de las Am\u00e9ricas representada por el Coordinador General Lic. Antonio G\u00f3mez Cavallini<\/p>\n\n\n\n<figure class=\"wp-block-gallery has-nested-images columns-default is-cropped wp-block-gallery-1 is-layout-flex wp-block-gallery-is-layout-flex\">\n<figure class=\"wp-block-image size-large\"><img loading=\"lazy\" decoding=\"async\" width=\"1024\" height=\"768\" data-id=\"1866\" src=\"https:\/\/www.coaliciondelasamericas.org\/blog\/wp-content\/uploads\/2023\/03\/001-6-1024x768.jpeg\" alt=\"\" class=\"wp-image-1866\" srcset=\"https:\/\/www.coaliciondelasamericas.org\/blog\/wp-content\/uploads\/2023\/03\/001-6-1024x768.jpeg 1024w, https:\/\/www.coaliciondelasamericas.org\/blog\/wp-content\/uploads\/2023\/03\/001-6-300x225.jpeg 300w, https:\/\/www.coaliciondelasamericas.org\/blog\/wp-content\/uploads\/2023\/03\/001-6-768x576.jpeg 768w, https:\/\/www.coaliciondelasamericas.org\/blog\/wp-content\/uploads\/2023\/03\/001-6-1536x1152.jpeg 1536w, https:\/\/www.coaliciondelasamericas.org\/blog\/wp-content\/uploads\/2023\/03\/001-6.jpeg 1600w\" sizes=\"auto, (max-width: 1024px) 100vw, 1024px\" \/><\/figure>\n\n\n\n<figure class=\"wp-block-image size-large\"><img loading=\"lazy\" decoding=\"async\" width=\"1024\" height=\"1024\" data-id=\"1869\" src=\"https:\/\/www.coaliciondelasamericas.org\/blog\/wp-content\/uploads\/2023\/03\/002-3-1024x1024.jpeg\" alt=\"\" class=\"wp-image-1869\" srcset=\"https:\/\/www.coaliciondelasamericas.org\/blog\/wp-content\/uploads\/2023\/03\/002-3-1024x1024.jpeg 1024w, https:\/\/www.coaliciondelasamericas.org\/blog\/wp-content\/uploads\/2023\/03\/002-3-300x300.jpeg 300w, https:\/\/www.coaliciondelasamericas.org\/blog\/wp-content\/uploads\/2023\/03\/002-3-150x150.jpeg 150w, https:\/\/www.coaliciondelasamericas.org\/blog\/wp-content\/uploads\/2023\/03\/002-3-768x768.jpeg 768w, https:\/\/www.coaliciondelasamericas.org\/blog\/wp-content\/uploads\/2023\/03\/002-3.jpeg 1500w\" sizes=\"auto, (max-width: 1024px) 100vw, 1024px\" \/><\/figure>\n\n\n\n<figure class=\"wp-block-image size-large\"><img loading=\"lazy\" decoding=\"async\" width=\"1024\" height=\"1024\" data-id=\"1870\" src=\"https:\/\/www.coaliciondelasamericas.org\/blog\/wp-content\/uploads\/2023\/03\/003-4-1024x1024.jpeg\" alt=\"\" class=\"wp-image-1870\" srcset=\"https:\/\/www.coaliciondelasamericas.org\/blog\/wp-content\/uploads\/2023\/03\/003-4-1024x1024.jpeg 1024w, https:\/\/www.coaliciondelasamericas.org\/blog\/wp-content\/uploads\/2023\/03\/003-4-300x300.jpeg 300w, https:\/\/www.coaliciondelasamericas.org\/blog\/wp-content\/uploads\/2023\/03\/003-4-150x150.jpeg 150w, https:\/\/www.coaliciondelasamericas.org\/blog\/wp-content\/uploads\/2023\/03\/003-4-768x768.jpeg 768w, https:\/\/www.coaliciondelasamericas.org\/blog\/wp-content\/uploads\/2023\/03\/003-4.jpeg 1500w\" sizes=\"auto, (max-width: 1024px) 100vw, 1024px\" \/><\/figure>\n\n\n\n<figure class=\"wp-block-image size-large\"><img loading=\"lazy\" decoding=\"async\" width=\"1023\" height=\"576\" data-id=\"1868\" src=\"https:\/\/www.coaliciondelasamericas.org\/blog\/wp-content\/uploads\/2023\/03\/004-3.jpeg\" alt=\"\" class=\"wp-image-1868\" srcset=\"https:\/\/www.coaliciondelasamericas.org\/blog\/wp-content\/uploads\/2023\/03\/004-3.jpeg 1023w, https:\/\/www.coaliciondelasamericas.org\/blog\/wp-content\/uploads\/2023\/03\/004-3-300x169.jpeg 300w, https:\/\/www.coaliciondelasamericas.org\/blog\/wp-content\/uploads\/2023\/03\/004-3-768x432.jpeg 768w\" sizes=\"auto, (max-width: 1023px) 100vw, 1023px\" \/><\/figure>\n\n\n\n<figure class=\"wp-block-image size-large\"><img loading=\"lazy\" decoding=\"async\" width=\"1024\" height=\"768\" data-id=\"1867\" src=\"https:\/\/www.coaliciondelasamericas.org\/blog\/wp-content\/uploads\/2023\/03\/005-3-1024x768.jpeg\" alt=\"\" class=\"wp-image-1867\" srcset=\"https:\/\/www.coaliciondelasamericas.org\/blog\/wp-content\/uploads\/2023\/03\/005-3-1024x768.jpeg 1024w, https:\/\/www.coaliciondelasamericas.org\/blog\/wp-content\/uploads\/2023\/03\/005-3-300x225.jpeg 300w, https:\/\/www.coaliciondelasamericas.org\/blog\/wp-content\/uploads\/2023\/03\/005-3-768x576.jpeg 768w, https:\/\/www.coaliciondelasamericas.org\/blog\/wp-content\/uploads\/2023\/03\/005-3-1536x1152.jpeg 1536w, https:\/\/www.coaliciondelasamericas.org\/blog\/wp-content\/uploads\/2023\/03\/005-3.jpeg 1600w\" sizes=\"auto, (max-width: 1024px) 100vw, 1024px\" \/><\/figure>\n\n\n\n<figure class=\"wp-block-image size-large\"><img loading=\"lazy\" decoding=\"async\" width=\"1024\" height=\"576\" data-id=\"1862\" src=\"https:\/\/www.coaliciondelasamericas.org\/blog\/wp-content\/uploads\/2023\/03\/005b-1024x576.jpeg\" alt=\"\" class=\"wp-image-1862\" srcset=\"https:\/\/www.coaliciondelasamericas.org\/blog\/wp-content\/uploads\/2023\/03\/005b-1024x576.jpeg 1024w, https:\/\/www.coaliciondelasamericas.org\/blog\/wp-content\/uploads\/2023\/03\/005b-300x169.jpeg 300w, https:\/\/www.coaliciondelasamericas.org\/blog\/wp-content\/uploads\/2023\/03\/005b-768x432.jpeg 768w, https:\/\/www.coaliciondelasamericas.org\/blog\/wp-content\/uploads\/2023\/03\/005b-1536x864.jpeg 1536w, https:\/\/www.coaliciondelasamericas.org\/blog\/wp-content\/uploads\/2023\/03\/005b.jpeg 1600w\" sizes=\"auto, (max-width: 1024px) 100vw, 1024px\" \/><\/figure>\n\n\n\n<figure class=\"wp-block-image size-large\"><img loading=\"lazy\" decoding=\"async\" width=\"1024\" height=\"576\" data-id=\"1863\" src=\"https:\/\/www.coaliciondelasamericas.org\/blog\/wp-content\/uploads\/2023\/03\/006-3-1024x576.jpeg\" alt=\"\" class=\"wp-image-1863\" srcset=\"https:\/\/www.coaliciondelasamericas.org\/blog\/wp-content\/uploads\/2023\/03\/006-3-1024x576.jpeg 1024w, https:\/\/www.coaliciondelasamericas.org\/blog\/wp-content\/uploads\/2023\/03\/006-3-300x169.jpeg 300w, https:\/\/www.coaliciondelasamericas.org\/blog\/wp-content\/uploads\/2023\/03\/006-3-768x432.jpeg 768w, https:\/\/www.coaliciondelasamericas.org\/blog\/wp-content\/uploads\/2023\/03\/006-3-1536x864.jpeg 1536w, https:\/\/www.coaliciondelasamericas.org\/blog\/wp-content\/uploads\/2023\/03\/006-3.jpeg 2000w\" sizes=\"auto, (max-width: 1024px) 100vw, 1024px\" \/><\/figure>\n\n\n\n<figure class=\"wp-block-image size-large\"><img loading=\"lazy\" decoding=\"async\" width=\"768\" height=\"1024\" data-id=\"1865\" src=\"https:\/\/www.coaliciondelasamericas.org\/blog\/wp-content\/uploads\/2023\/03\/07-768x1024.jpeg\" alt=\"\" class=\"wp-image-1865\" srcset=\"https:\/\/www.coaliciondelasamericas.org\/blog\/wp-content\/uploads\/2023\/03\/07-768x1024.jpeg 768w, https:\/\/www.coaliciondelasamericas.org\/blog\/wp-content\/uploads\/2023\/03\/07-225x300.jpeg 225w, https:\/\/www.coaliciondelasamericas.org\/blog\/wp-content\/uploads\/2023\/03\/07-1152x1536.jpeg 1152w, https:\/\/www.coaliciondelasamericas.org\/blog\/wp-content\/uploads\/2023\/03\/07.jpeg 1200w\" sizes=\"auto, (max-width: 768px) 100vw, 768px\" \/><\/figure>\n\n\n\n<figure class=\"wp-block-image size-large\"><img loading=\"lazy\" decoding=\"async\" width=\"1024\" height=\"768\" data-id=\"1864\" src=\"https:\/\/www.coaliciondelasamericas.org\/blog\/wp-content\/uploads\/2023\/03\/08-1024x768.jpeg\" alt=\"\" class=\"wp-image-1864\" srcset=\"https:\/\/www.coaliciondelasamericas.org\/blog\/wp-content\/uploads\/2023\/03\/08-1024x768.jpeg 1024w, https:\/\/www.coaliciondelasamericas.org\/blog\/wp-content\/uploads\/2023\/03\/08-300x225.jpeg 300w, https:\/\/www.coaliciondelasamericas.org\/blog\/wp-content\/uploads\/2023\/03\/08-768x576.jpeg 768w, https:\/\/www.coaliciondelasamericas.org\/blog\/wp-content\/uploads\/2023\/03\/08-1536x1152.jpeg 1536w, https:\/\/www.coaliciondelasamericas.org\/blog\/wp-content\/uploads\/2023\/03\/08.jpeg 1600w\" sizes=\"auto, (max-width: 1024px) 100vw, 1024px\" \/><\/figure>\n<\/figure>\n","protected":false},"excerpt":{"rendered":"<p>Juntos Cambiamos Vidas<\/p>\n","protected":false},"author":1,"featured_media":0,"parent":42,"menu_order":11,"comment_status":"closed","ping_status":"closed","template":"","meta":{"colormag_page_container_layout":"no_sidebar_full_width","colormag_page_sidebar_layout":"no_sidebar","_coblocks_attr":"","_coblocks_dimensions":"","_coblocks_responsive_height":"","_coblocks_accordion_ie_support":"","_monsterinsights_skip_tracking":false,"_monsterinsights_sitenote_active":false,"_monsterinsights_sitenote_note":"","_monsterinsights_sitenote_category":0,"footnotes":""},"class_list":["post-1853","page","type-page","status-publish","hentry"],"yoast_head":"<!-- This site is optimized with the Yoast SEO plugin v27.4 - https:\/\/yoast.com\/product\/yoast-seo-wordpress\/ -->\n<title>Juntos Cambiamos Vidas - Coalici&oacute;n de las Am&eacute;ricas<\/title>\n<meta name=\"description\" content=\"Agradecemos la invitaci\u00f3n a formar parte del taller Juntos Cambiamos Vidas, la CoA representada por Coordinador General Lic. Antonio G\u00f3mez.\" \/>\n<meta name=\"robots\" content=\"index, follow, max-snippet:-1, max-image-preview:large, max-video-preview:-1\" \/>\n<link rel=\"canonical\" href=\"https:\/\/www.coaliciondelasamericas.org\/blog\/galeria\/galeria-011\/\" \/>\n<meta property=\"og:locale\" content=\"es_ES\" \/>\n<meta property=\"og:type\" content=\"article\" \/>\n<meta property=\"og:title\" content=\"Juntos Cambiamos Vidas - Coalici&oacute;n de las Am&eacute;ricas\" \/>\n<meta property=\"og:description\" content=\"Agradecemos la invitaci\u00f3n a formar parte del taller Juntos Cambiamos Vidas, la CoA representada por Coordinador General Lic. Antonio G\u00f3mez.\" \/>\n<meta property=\"og:url\" content=\"https:\/\/www.coaliciondelasamericas.org\/blog\/galeria\/galeria-011\/\" \/>\n<meta property=\"og:site_name\" content=\"Coalici&oacute;n de las Am&eacute;ricas\" \/>\n<meta property=\"article:modified_time\" content=\"2023-03-11T21:36:02+00:00\" \/>\n<meta property=\"og:image\" content=\"https:\/\/www.coaliciondelasamericas.org\/blog\/wp-content\/uploads\/2023\/03\/001-6-1024x768.jpeg\" \/>\n<meta name=\"twitter:card\" content=\"summary_large_image\" \/>\n<meta name=\"twitter:label1\" content=\"Tiempo de lectura\" \/>\n\t<meta name=\"twitter:data1\" content=\"2 minutos\" \/>\n<script type=\"application\/ld+json\" class=\"yoast-schema-graph\">{\"@context\":\"https:\\\/\\\/schema.org\",\"@graph\":[{\"@type\":\"WebPage\",\"@id\":\"https:\\\/\\\/www.coaliciondelasamericas.org\\\/blog\\\/galeria\\\/galeria-011\\\/\",\"url\":\"https:\\\/\\\/www.coaliciondelasamericas.org\\\/blog\\\/galeria\\\/galeria-011\\\/\",\"name\":\"Juntos Cambiamos Vidas - Coalici&oacute;n de las Am&eacute;ricas\",\"isPartOf\":{\"@id\":\"https:\\\/\\\/www.coaliciondelasamericas.org\\\/blog\\\/#website\"},\"primaryImageOfPage\":{\"@id\":\"https:\\\/\\\/www.coaliciondelasamericas.org\\\/blog\\\/galeria\\\/galeria-011\\\/#primaryimage\"},\"image\":{\"@id\":\"https:\\\/\\\/www.coaliciondelasamericas.org\\\/blog\\\/galeria\\\/galeria-011\\\/#primaryimage\"},\"thumbnailUrl\":\"https:\\\/\\\/www.coaliciondelasamericas.org\\\/blog\\\/wp-content\\\/uploads\\\/2023\\\/03\\\/001-6-1024x768.jpeg\",\"datePublished\":\"2023-03-11T21:33:16+00:00\",\"dateModified\":\"2023-03-11T21:36:02+00:00\",\"description\":\"Agradecemos la invitaci\u00f3n a formar parte del taller Juntos Cambiamos Vidas, la CoA representada por Coordinador General Lic. Antonio G\u00f3mez.\",\"breadcrumb\":{\"@id\":\"https:\\\/\\\/www.coaliciondelasamericas.org\\\/blog\\\/galeria\\\/galeria-011\\\/#breadcrumb\"},\"inLanguage\":\"es\",\"potentialAction\":[{\"@type\":\"ReadAction\",\"target\":[\"https:\\\/\\\/www.coaliciondelasamericas.org\\\/blog\\\/galeria\\\/galeria-011\\\/\"]}]},{\"@type\":\"ImageObject\",\"inLanguage\":\"es\",\"@id\":\"https:\\\/\\\/www.coaliciondelasamericas.org\\\/blog\\\/galeria\\\/galeria-011\\\/#primaryimage\",\"url\":\"https:\\\/\\\/www.coaliciondelasamericas.org\\\/blog\\\/wp-content\\\/uploads\\\/2023\\\/03\\\/001-6-1024x768.jpeg\",\"contentUrl\":\"https:\\\/\\\/www.coaliciondelasamericas.org\\\/blog\\\/wp-content\\\/uploads\\\/2023\\\/03\\\/001-6-1024x768.jpeg\"},{\"@type\":\"BreadcrumbList\",\"@id\":\"https:\\\/\\\/www.coaliciondelasamericas.org\\\/blog\\\/galeria\\\/galeria-011\\\/#breadcrumb\",\"itemListElement\":[{\"@type\":\"ListItem\",\"position\":1,\"name\":\"Portada\",\"item\":\"https:\\\/\\\/www.coaliciondelasamericas.org\\\/blog\\\/\"},{\"@type\":\"ListItem\",\"position\":2,\"name\":\"Galer\u00eda\",\"item\":\"https:\\\/\\\/www.coaliciondelasamericas.org\\\/blog\\\/galeria\\\/\"},{\"@type\":\"ListItem\",\"position\":3,\"name\":\"Juntos Cambiamos Vidas\"}]},{\"@type\":\"WebSite\",\"@id\":\"https:\\\/\\\/www.coaliciondelasamericas.org\\\/blog\\\/#website\",\"url\":\"https:\\\/\\\/www.coaliciondelasamericas.org\\\/blog\\\/\",\"name\":\"Coalici&oacute;n de las Am&eacute;ricas\",\"description\":\"Lideres Unidos por el Bienestar de la Hemofilia\",\"publisher\":{\"@id\":\"https:\\\/\\\/www.coaliciondelasamericas.org\\\/blog\\\/#organization\"},\"potentialAction\":[{\"@type\":\"SearchAction\",\"target\":{\"@type\":\"EntryPoint\",\"urlTemplate\":\"https:\\\/\\\/www.coaliciondelasamericas.org\\\/blog\\\/?s={search_term_string}\"},\"query-input\":{\"@type\":\"PropertyValueSpecification\",\"valueRequired\":true,\"valueName\":\"search_term_string\"}}],\"inLanguage\":\"es\"},{\"@type\":\"Organization\",\"@id\":\"https:\\\/\\\/www.coaliciondelasamericas.org\\\/blog\\\/#organization\",\"name\":\"Coalici&oacute;n de las Am&eacute;ricas\",\"url\":\"https:\\\/\\\/www.coaliciondelasamericas.org\\\/blog\\\/\",\"logo\":{\"@type\":\"ImageObject\",\"inLanguage\":\"es\",\"@id\":\"https:\\\/\\\/www.coaliciondelasamericas.org\\\/blog\\\/#\\\/schema\\\/logo\\\/image\\\/\",\"url\":\"https:\\\/\\\/www.coaliciondelasamericas.org\\\/blog\\\/wp-content\\\/uploads\\\/2023\\\/03\\\/cropped-01-Portada-02.png\",\"contentUrl\":\"https:\\\/\\\/www.coaliciondelasamericas.org\\\/blog\\\/wp-content\\\/uploads\\\/2023\\\/03\\\/cropped-01-Portada-02.png\",\"width\":300,\"height\":130,\"caption\":\"Coalici&oacute;n de las Am&eacute;ricas\"},\"image\":{\"@id\":\"https:\\\/\\\/www.coaliciondelasamericas.org\\\/blog\\\/#\\\/schema\\\/logo\\\/image\\\/\"}}]}<\/script>\n<!-- \/ Yoast SEO plugin. -->","yoast_head_json":{"title":"Juntos Cambiamos Vidas - Coalici&oacute;n de las Am&eacute;ricas","description":"Agradecemos la invitaci\u00f3n a formar parte del taller Juntos Cambiamos Vidas, la CoA representada por Coordinador General Lic. Antonio G\u00f3mez.","robots":{"index":"index","follow":"follow","max-snippet":"max-snippet:-1","max-image-preview":"max-image-preview:large","max-video-preview":"max-video-preview:-1"},"canonical":"https:\/\/www.coaliciondelasamericas.org\/blog\/galeria\/galeria-011\/","og_locale":"es_ES","og_type":"article","og_title":"Juntos Cambiamos Vidas - Coalici&oacute;n de las Am&eacute;ricas","og_description":"Agradecemos la invitaci\u00f3n a formar parte del taller Juntos Cambiamos Vidas, la CoA representada por Coordinador General Lic. Antonio G\u00f3mez.","og_url":"https:\/\/www.coaliciondelasamericas.org\/blog\/galeria\/galeria-011\/","og_site_name":"Coalici&oacute;n de las Am&eacute;ricas","article_modified_time":"2023-03-11T21:36:02+00:00","og_image":[{"url":"https:\/\/www.coaliciondelasamericas.org\/blog\/wp-content\/uploads\/2023\/03\/001-6-1024x768.jpeg","type":"","width":"","height":""}],"twitter_card":"summary_large_image","twitter_misc":{"Tiempo de lectura":"2 minutos"},"schema":{"@context":"https:\/\/schema.org","@graph":[{"@type":"WebPage","@id":"https:\/\/www.coaliciondelasamericas.org\/blog\/galeria\/galeria-011\/","url":"https:\/\/www.coaliciondelasamericas.org\/blog\/galeria\/galeria-011\/","name":"Juntos Cambiamos Vidas - Coalici&oacute;n de las Am&eacute;ricas","isPartOf":{"@id":"https:\/\/www.coaliciondelasamericas.org\/blog\/#website"},"primaryImageOfPage":{"@id":"https:\/\/www.coaliciondelasamericas.org\/blog\/galeria\/galeria-011\/#primaryimage"},"image":{"@id":"https:\/\/www.coaliciondelasamericas.org\/blog\/galeria\/galeria-011\/#primaryimage"},"thumbnailUrl":"https:\/\/www.coaliciondelasamericas.org\/blog\/wp-content\/uploads\/2023\/03\/001-6-1024x768.jpeg","datePublished":"2023-03-11T21:33:16+00:00","dateModified":"2023-03-11T21:36:02+00:00","description":"Agradecemos la invitaci\u00f3n a formar parte del taller Juntos Cambiamos Vidas, la CoA representada por Coordinador General Lic. Antonio G\u00f3mez.","breadcrumb":{"@id":"https:\/\/www.coaliciondelasamericas.org\/blog\/galeria\/galeria-011\/#breadcrumb"},"inLanguage":"es","potentialAction":[{"@type":"ReadAction","target":["https:\/\/www.coaliciondelasamericas.org\/blog\/galeria\/galeria-011\/"]}]},{"@type":"ImageObject","inLanguage":"es","@id":"https:\/\/www.coaliciondelasamericas.org\/blog\/galeria\/galeria-011\/#primaryimage","url":"https:\/\/www.coaliciondelasamericas.org\/blog\/wp-content\/uploads\/2023\/03\/001-6-1024x768.jpeg","contentUrl":"https:\/\/www.coaliciondelasamericas.org\/blog\/wp-content\/uploads\/2023\/03\/001-6-1024x768.jpeg"},{"@type":"BreadcrumbList","@id":"https:\/\/www.coaliciondelasamericas.org\/blog\/galeria\/galeria-011\/#breadcrumb","itemListElement":[{"@type":"ListItem","position":1,"name":"Portada","item":"https:\/\/www.coaliciondelasamericas.org\/blog\/"},{"@type":"ListItem","position":2,"name":"Galer\u00eda","item":"https:\/\/www.coaliciondelasamericas.org\/blog\/galeria\/"},{"@type":"ListItem","position":3,"name":"Juntos Cambiamos Vidas"}]},{"@type":"WebSite","@id":"https:\/\/www.coaliciondelasamericas.org\/blog\/#website","url":"https:\/\/www.coaliciondelasamericas.org\/blog\/","name":"Coalici&oacute;n de las Am&eacute;ricas","description":"Lideres Unidos por el Bienestar de la Hemofilia","publisher":{"@id":"https:\/\/www.coaliciondelasamericas.org\/blog\/#organization"},"potentialAction":[{"@type":"SearchAction","target":{"@type":"EntryPoint","urlTemplate":"https:\/\/www.coaliciondelasamericas.org\/blog\/?s={search_term_string}"},"query-input":{"@type":"PropertyValueSpecification","valueRequired":true,"valueName":"search_term_string"}}],"inLanguage":"es"},{"@type":"Organization","@id":"https:\/\/www.coaliciondelasamericas.org\/blog\/#organization","name":"Coalici&oacute;n de las Am&eacute;ricas","url":"https:\/\/www.coaliciondelasamericas.org\/blog\/","logo":{"@type":"ImageObject","inLanguage":"es","@id":"https:\/\/www.coaliciondelasamericas.org\/blog\/#\/schema\/logo\/image\/","url":"https:\/\/www.coaliciondelasamericas.org\/blog\/wp-content\/uploads\/2023\/03\/cropped-01-Portada-02.png","contentUrl":"https:\/\/www.coaliciondelasamericas.org\/blog\/wp-content\/uploads\/2023\/03\/cropped-01-Portada-02.png","width":300,"height":130,"caption":"Coalici&oacute;n de las Am&eacute;ricas"},"image":{"@id":"https:\/\/www.coaliciondelasamericas.org\/blog\/#\/schema\/logo\/image\/"}}]}},"_links":{"self":[{"href":"https:\/\/www.coaliciondelasamericas.org\/blog\/wp-json\/wp\/v2\/pages\/1853","targetHints":{"allow":["GET"]}}],"collection":[{"href":"https:\/\/www.coaliciondelasamericas.org\/blog\/wp-json\/wp\/v2\/pages"}],"about":[{"href":"https:\/\/www.coaliciondelasamericas.org\/blog\/wp-json\/wp\/v2\/types\/page"}],"author":[{"embeddable":true,"href":"https:\/\/www.coaliciondelasamericas.org\/blog\/wp-json\/wp\/v2\/users\/1"}],"replies":[{"embeddable":true,"href":"https:\/\/www.coaliciondelasamericas.org\/blog\/wp-json\/wp\/v2\/comments?post=1853"}],"version-history":[{"count":2,"href":"https:\/\/www.coaliciondelasamericas.org\/blog\/wp-json\/wp\/v2\/pages\/1853\/revisions"}],"predecessor-version":[{"id":1871,"href":"https:\/\/www.coaliciondelasamericas.org\/blog\/wp-json\/wp\/v2\/pages\/1853\/revisions\/1871"}],"up":[{"embeddable":true,"href":"https:\/\/www.coaliciondelasamericas.org\/blog\/wp-json\/wp\/v2\/pages\/42"}],"wp:attachment":[{"href":"https:\/\/www.coaliciondelasamericas.org\/blog\/wp-json\/wp\/v2\/media?parent=1853"}],"curies":[{"name":"wp","href":"https:\/\/api.w.org\/{rel}","templated":true}]}}