{"id":1835,"date":"2023-03-11T20:13:04","date_gmt":"2023-03-11T20:13:04","guid":{"rendered":"https:\/\/www.coaliciondelasamericas.org\/blog\/?page_id=1835"},"modified":"2023-03-11T21:29:10","modified_gmt":"2023-03-11T21:29:10","slug":"galeria-010","status":"publish","type":"page","link":"https:\/\/www.coaliciondelasamericas.org\/blog\/galeria\/galeria-010\/","title":{"rendered":"Conectando Experiencias"},"content":{"rendered":"\n<p>La Coalici\u00f3n de las Am\u00e9ricas desea agradecer a Novo Nordisk , por el espacio brindado a nuestro Coordinador General Lic. Antonio G\u00f3mez Cavallini, en la Actividad denominada Conectando Experiencias (Comunidad CLAT).<\/p>\n\n\n\n<figure class=\"wp-block-gallery has-nested-images columns-default is-cropped wp-block-gallery-1 is-layout-flex wp-block-gallery-is-layout-flex\">\n<figure class=\"wp-block-image size-large\"><img loading=\"lazy\" decoding=\"async\" width=\"1024\" height=\"507\" data-id=\"1839\" src=\"https:\/\/www.coaliciondelasamericas.org\/blog\/wp-content\/uploads\/2023\/03\/001-4-1024x507.jpeg\" alt=\"Conectando Experiencias\" class=\"wp-image-1839\" srcset=\"https:\/\/www.coaliciondelasamericas.org\/blog\/wp-content\/uploads\/2023\/03\/001-4-1024x507.jpeg 1024w, https:\/\/www.coaliciondelasamericas.org\/blog\/wp-content\/uploads\/2023\/03\/001-4-300x149.jpeg 300w, https:\/\/www.coaliciondelasamericas.org\/blog\/wp-content\/uploads\/2023\/03\/001-4-768x380.jpeg 768w, https:\/\/www.coaliciondelasamericas.org\/blog\/wp-content\/uploads\/2023\/03\/001-4.jpeg 1280w\" sizes=\"auto, (max-width: 1024px) 100vw, 1024px\" \/><\/figure>\n\n\n\n<figure class=\"wp-block-image size-large\"><img loading=\"lazy\" decoding=\"async\" width=\"1024\" height=\"507\" data-id=\"1845\" src=\"https:\/\/www.coaliciondelasamericas.org\/blog\/wp-content\/uploads\/2023\/03\/002-1-1024x507.jpeg\" alt=\"Conectando Experiencias\" class=\"wp-image-1845\" srcset=\"https:\/\/www.coaliciondelasamericas.org\/blog\/wp-content\/uploads\/2023\/03\/002-1-1024x507.jpeg 1024w, https:\/\/www.coaliciondelasamericas.org\/blog\/wp-content\/uploads\/2023\/03\/002-1-300x149.jpeg 300w, https:\/\/www.coaliciondelasamericas.org\/blog\/wp-content\/uploads\/2023\/03\/002-1-768x380.jpeg 768w, https:\/\/www.coaliciondelasamericas.org\/blog\/wp-content\/uploads\/2023\/03\/002-1.jpeg 1280w\" sizes=\"auto, (max-width: 1024px) 100vw, 1024px\" \/><\/figure>\n\n\n\n<figure class=\"wp-block-image size-large\"><img loading=\"lazy\" decoding=\"async\" width=\"1024\" height=\"576\" data-id=\"1847\" src=\"https:\/\/www.coaliciondelasamericas.org\/blog\/wp-content\/uploads\/2023\/03\/003-1-1024x576.jpeg\" alt=\"Conectando Experiencias, Lic. Antonio G\u00f3mez C\" class=\"wp-image-1847\" srcset=\"https:\/\/www.coaliciondelasamericas.org\/blog\/wp-content\/uploads\/2023\/03\/003-1-1024x576.jpeg 1024w, https:\/\/www.coaliciondelasamericas.org\/blog\/wp-content\/uploads\/2023\/03\/003-1-300x169.jpeg 300w, https:\/\/www.coaliciondelasamericas.org\/blog\/wp-content\/uploads\/2023\/03\/003-1-768x432.jpeg 768w, https:\/\/www.coaliciondelasamericas.org\/blog\/wp-content\/uploads\/2023\/03\/003-1-1536x864.jpeg 1536w, https:\/\/www.coaliciondelasamericas.org\/blog\/wp-content\/uploads\/2023\/03\/003-1.jpeg 1600w\" sizes=\"auto, (max-width: 1024px) 100vw, 1024px\" \/><\/figure>\n\n\n\n<figure class=\"wp-block-image size-large\"><img loading=\"lazy\" decoding=\"async\" width=\"1024\" height=\"576\" data-id=\"1844\" src=\"https:\/\/www.coaliciondelasamericas.org\/blog\/wp-content\/uploads\/2023\/03\/004-1-1024x576.jpeg\" alt=\"\" class=\"wp-image-1844\" srcset=\"https:\/\/www.coaliciondelasamericas.org\/blog\/wp-content\/uploads\/2023\/03\/004-1-1024x576.jpeg 1024w, https:\/\/www.coaliciondelasamericas.org\/blog\/wp-content\/uploads\/2023\/03\/004-1-300x169.jpeg 300w, https:\/\/www.coaliciondelasamericas.org\/blog\/wp-content\/uploads\/2023\/03\/004-1-768x432.jpeg 768w, https:\/\/www.coaliciondelasamericas.org\/blog\/wp-content\/uploads\/2023\/03\/004-1-1536x864.jpeg 1536w, https:\/\/www.coaliciondelasamericas.org\/blog\/wp-content\/uploads\/2023\/03\/004-1.jpeg 1600w\" sizes=\"auto, (max-width: 1024px) 100vw, 1024px\" \/><\/figure>\n\n\n\n<figure class=\"wp-block-image size-large\"><img loading=\"lazy\" decoding=\"async\" width=\"1024\" height=\"507\" data-id=\"1846\" src=\"https:\/\/www.coaliciondelasamericas.org\/blog\/wp-content\/uploads\/2023\/03\/005-1-1024x507.jpeg\" alt=\"\" class=\"wp-image-1846\" srcset=\"https:\/\/www.coaliciondelasamericas.org\/blog\/wp-content\/uploads\/2023\/03\/005-1-1024x507.jpeg 1024w, https:\/\/www.coaliciondelasamericas.org\/blog\/wp-content\/uploads\/2023\/03\/005-1-300x149.jpeg 300w, https:\/\/www.coaliciondelasamericas.org\/blog\/wp-content\/uploads\/2023\/03\/005-1-768x380.jpeg 768w, https:\/\/www.coaliciondelasamericas.org\/blog\/wp-content\/uploads\/2023\/03\/005-1.jpeg 1280w\" sizes=\"auto, (max-width: 1024px) 100vw, 1024px\" \/><\/figure>\n\n\n\n<figure class=\"wp-block-image size-large\"><img loading=\"lazy\" decoding=\"async\" width=\"1024\" height=\"507\" data-id=\"1840\" src=\"https:\/\/www.coaliciondelasamericas.org\/blog\/wp-content\/uploads\/2023\/03\/006-1-1024x507.jpeg\" alt=\"\" class=\"wp-image-1840\" srcset=\"https:\/\/www.coaliciondelasamericas.org\/blog\/wp-content\/uploads\/2023\/03\/006-1-1024x507.jpeg 1024w, https:\/\/www.coaliciondelasamericas.org\/blog\/wp-content\/uploads\/2023\/03\/006-1-300x149.jpeg 300w, https:\/\/www.coaliciondelasamericas.org\/blog\/wp-content\/uploads\/2023\/03\/006-1-768x380.jpeg 768w, https:\/\/www.coaliciondelasamericas.org\/blog\/wp-content\/uploads\/2023\/03\/006-1.jpeg 1280w\" sizes=\"auto, (max-width: 1024px) 100vw, 1024px\" \/><\/figure>\n\n\n\n<figure class=\"wp-block-image size-large\"><img loading=\"lazy\" decoding=\"async\" width=\"1024\" height=\"507\" data-id=\"1843\" src=\"https:\/\/www.coaliciondelasamericas.org\/blog\/wp-content\/uploads\/2023\/03\/007-1024x507.jpeg\" alt=\"Premio a Mar\u00eda del Carmen Agurcia, Honduras\" class=\"wp-image-1843\" srcset=\"https:\/\/www.coaliciondelasamericas.org\/blog\/wp-content\/uploads\/2023\/03\/007-1024x507.jpeg 1024w, https:\/\/www.coaliciondelasamericas.org\/blog\/wp-content\/uploads\/2023\/03\/007-300x149.jpeg 300w, https:\/\/www.coaliciondelasamericas.org\/blog\/wp-content\/uploads\/2023\/03\/007-768x380.jpeg 768w, https:\/\/www.coaliciondelasamericas.org\/blog\/wp-content\/uploads\/2023\/03\/007.jpeg 1280w\" sizes=\"auto, (max-width: 1024px) 100vw, 1024px\" \/><\/figure>\n\n\n\n<figure class=\"wp-block-image size-large\"><img loading=\"lazy\" decoding=\"async\" width=\"1024\" height=\"507\" data-id=\"1841\" src=\"https:\/\/www.coaliciondelasamericas.org\/blog\/wp-content\/uploads\/2023\/03\/008-1024x507.jpeg\" alt=\"\" class=\"wp-image-1841\" srcset=\"https:\/\/www.coaliciondelasamericas.org\/blog\/wp-content\/uploads\/2023\/03\/008-1024x507.jpeg 1024w, https:\/\/www.coaliciondelasamericas.org\/blog\/wp-content\/uploads\/2023\/03\/008-300x149.jpeg 300w, https:\/\/www.coaliciondelasamericas.org\/blog\/wp-content\/uploads\/2023\/03\/008-768x380.jpeg 768w, https:\/\/www.coaliciondelasamericas.org\/blog\/wp-content\/uploads\/2023\/03\/008.jpeg 1280w\" sizes=\"auto, (max-width: 1024px) 100vw, 1024px\" \/><\/figure>\n\n\n\n<figure class=\"wp-block-image size-large\"><img loading=\"lazy\" decoding=\"async\" width=\"1024\" height=\"507\" data-id=\"1842\" src=\"https:\/\/www.coaliciondelasamericas.org\/blog\/wp-content\/uploads\/2023\/03\/009-1024x507.jpeg\" alt=\"\" class=\"wp-image-1842\" srcset=\"https:\/\/www.coaliciondelasamericas.org\/blog\/wp-content\/uploads\/2023\/03\/009-1024x507.jpeg 1024w, https:\/\/www.coaliciondelasamericas.org\/blog\/wp-content\/uploads\/2023\/03\/009-300x149.jpeg 300w, https:\/\/www.coaliciondelasamericas.org\/blog\/wp-content\/uploads\/2023\/03\/009-768x380.jpeg 768w, https:\/\/www.coaliciondelasamericas.org\/blog\/wp-content\/uploads\/2023\/03\/009.jpeg 1280w\" sizes=\"auto, (max-width: 1024px) 100vw, 1024px\" \/><\/figure>\n<\/figure>\n","protected":false},"excerpt":{"rendered":"<p>La Coalici\u00f3n de las Am\u00e9ricas desea agradecer a Novo Nordisk , por el espacio brindado a nuestro Coordinador General Lic.<\/p>\n","protected":false},"author":1,"featured_media":0,"parent":42,"menu_order":10,"comment_status":"closed","ping_status":"closed","template":"","meta":{"colormag_page_container_layout":"no_sidebar_full_width","colormag_page_sidebar_layout":"no_sidebar","_coblocks_attr":"","_coblocks_dimensions":"","_coblocks_responsive_height":"","_coblocks_accordion_ie_support":"","_monsterinsights_skip_tracking":false,"_monsterinsights_sitenote_active":false,"_monsterinsights_sitenote_note":"","_monsterinsights_sitenote_category":0,"footnotes":""},"class_list":["post-1835","page","type-page","status-publish","hentry"],"yoast_head":"<!-- This site is optimized with the Yoast SEO plugin v27.4 - https:\/\/yoast.com\/product\/yoast-seo-wordpress\/ -->\n<title>Conectando Experiencias - Coalici&oacute;n de las Am&eacute;ricas<\/title>\n<meta name=\"description\" content=\"La Coalici\u00f3n de las Am\u00e9ricas desea agradecer a Novo Nordisk , por el espacio brindado a nuestro en la Actividad Conectando Experiencias.\" \/>\n<meta name=\"robots\" content=\"index, follow, max-snippet:-1, max-image-preview:large, max-video-preview:-1\" \/>\n<link rel=\"canonical\" href=\"https:\/\/www.coaliciondelasamericas.org\/blog\/galeria\/galeria-010\/\" \/>\n<meta property=\"og:locale\" content=\"es_ES\" \/>\n<meta property=\"og:type\" content=\"article\" \/>\n<meta property=\"og:title\" content=\"Conectando Experiencias - Coalici&oacute;n de las Am&eacute;ricas\" \/>\n<meta property=\"og:description\" content=\"La Coalici\u00f3n de las Am\u00e9ricas desea agradecer a Novo Nordisk , por el espacio brindado a nuestro en la Actividad Conectando Experiencias.\" \/>\n<meta property=\"og:url\" content=\"https:\/\/www.coaliciondelasamericas.org\/blog\/galeria\/galeria-010\/\" \/>\n<meta property=\"og:site_name\" content=\"Coalici&oacute;n de las Am&eacute;ricas\" \/>\n<meta property=\"article:modified_time\" content=\"2023-03-11T21:29:10+00:00\" \/>\n<meta property=\"og:image\" content=\"https:\/\/www.coaliciondelasamericas.org\/blog\/wp-content\/uploads\/2023\/03\/001-4-1024x507.jpeg\" \/>\n<meta name=\"twitter:card\" content=\"summary_large_image\" \/>\n<meta name=\"twitter:label1\" content=\"Tiempo de lectura\" \/>\n\t<meta name=\"twitter:data1\" content=\"2 minutos\" \/>\n<script type=\"application\/ld+json\" class=\"yoast-schema-graph\">{\"@context\":\"https:\\\/\\\/schema.org\",\"@graph\":[{\"@type\":\"WebPage\",\"@id\":\"https:\\\/\\\/www.coaliciondelasamericas.org\\\/blog\\\/galeria\\\/galeria-010\\\/\",\"url\":\"https:\\\/\\\/www.coaliciondelasamericas.org\\\/blog\\\/galeria\\\/galeria-010\\\/\",\"name\":\"Conectando Experiencias - Coalici&oacute;n de las Am&eacute;ricas\",\"isPartOf\":{\"@id\":\"https:\\\/\\\/www.coaliciondelasamericas.org\\\/blog\\\/#website\"},\"primaryImageOfPage\":{\"@id\":\"https:\\\/\\\/www.coaliciondelasamericas.org\\\/blog\\\/galeria\\\/galeria-010\\\/#primaryimage\"},\"image\":{\"@id\":\"https:\\\/\\\/www.coaliciondelasamericas.org\\\/blog\\\/galeria\\\/galeria-010\\\/#primaryimage\"},\"thumbnailUrl\":\"https:\\\/\\\/www.coaliciondelasamericas.org\\\/blog\\\/wp-content\\\/uploads\\\/2023\\\/03\\\/001-4-1024x507.jpeg\",\"datePublished\":\"2023-03-11T20:13:04+00:00\",\"dateModified\":\"2023-03-11T21:29:10+00:00\",\"description\":\"La Coalici\u00f3n de las Am\u00e9ricas desea agradecer a Novo Nordisk , por el espacio brindado a nuestro en la Actividad Conectando Experiencias.\",\"breadcrumb\":{\"@id\":\"https:\\\/\\\/www.coaliciondelasamericas.org\\\/blog\\\/galeria\\\/galeria-010\\\/#breadcrumb\"},\"inLanguage\":\"es\",\"potentialAction\":[{\"@type\":\"ReadAction\",\"target\":[\"https:\\\/\\\/www.coaliciondelasamericas.org\\\/blog\\\/galeria\\\/galeria-010\\\/\"]}]},{\"@type\":\"ImageObject\",\"inLanguage\":\"es\",\"@id\":\"https:\\\/\\\/www.coaliciondelasamericas.org\\\/blog\\\/galeria\\\/galeria-010\\\/#primaryimage\",\"url\":\"https:\\\/\\\/www.coaliciondelasamericas.org\\\/blog\\\/wp-content\\\/uploads\\\/2023\\\/03\\\/001-4-1024x507.jpeg\",\"contentUrl\":\"https:\\\/\\\/www.coaliciondelasamericas.org\\\/blog\\\/wp-content\\\/uploads\\\/2023\\\/03\\\/001-4-1024x507.jpeg\"},{\"@type\":\"BreadcrumbList\",\"@id\":\"https:\\\/\\\/www.coaliciondelasamericas.org\\\/blog\\\/galeria\\\/galeria-010\\\/#breadcrumb\",\"itemListElement\":[{\"@type\":\"ListItem\",\"position\":1,\"name\":\"Portada\",\"item\":\"https:\\\/\\\/www.coaliciondelasamericas.org\\\/blog\\\/\"},{\"@type\":\"ListItem\",\"position\":2,\"name\":\"Galer\u00eda\",\"item\":\"https:\\\/\\\/www.coaliciondelasamericas.org\\\/blog\\\/galeria\\\/\"},{\"@type\":\"ListItem\",\"position\":3,\"name\":\"Conectando Experiencias\"}]},{\"@type\":\"WebSite\",\"@id\":\"https:\\\/\\\/www.coaliciondelasamericas.org\\\/blog\\\/#website\",\"url\":\"https:\\\/\\\/www.coaliciondelasamericas.org\\\/blog\\\/\",\"name\":\"Coalici&oacute;n de las Am&eacute;ricas\",\"description\":\"Lideres Unidos por el Bienestar de la Hemofilia\",\"publisher\":{\"@id\":\"https:\\\/\\\/www.coaliciondelasamericas.org\\\/blog\\\/#organization\"},\"potentialAction\":[{\"@type\":\"SearchAction\",\"target\":{\"@type\":\"EntryPoint\",\"urlTemplate\":\"https:\\\/\\\/www.coaliciondelasamericas.org\\\/blog\\\/?s={search_term_string}\"},\"query-input\":{\"@type\":\"PropertyValueSpecification\",\"valueRequired\":true,\"valueName\":\"search_term_string\"}}],\"inLanguage\":\"es\"},{\"@type\":\"Organization\",\"@id\":\"https:\\\/\\\/www.coaliciondelasamericas.org\\\/blog\\\/#organization\",\"name\":\"Coalici&oacute;n de las Am&eacute;ricas\",\"url\":\"https:\\\/\\\/www.coaliciondelasamericas.org\\\/blog\\\/\",\"logo\":{\"@type\":\"ImageObject\",\"inLanguage\":\"es\",\"@id\":\"https:\\\/\\\/www.coaliciondelasamericas.org\\\/blog\\\/#\\\/schema\\\/logo\\\/image\\\/\",\"url\":\"https:\\\/\\\/www.coaliciondelasamericas.org\\\/blog\\\/wp-content\\\/uploads\\\/2023\\\/03\\\/cropped-01-Portada-02.png\",\"contentUrl\":\"https:\\\/\\\/www.coaliciondelasamericas.org\\\/blog\\\/wp-content\\\/uploads\\\/2023\\\/03\\\/cropped-01-Portada-02.png\",\"width\":300,\"height\":130,\"caption\":\"Coalici&oacute;n de las Am&eacute;ricas\"},\"image\":{\"@id\":\"https:\\\/\\\/www.coaliciondelasamericas.org\\\/blog\\\/#\\\/schema\\\/logo\\\/image\\\/\"}}]}<\/script>\n<!-- \/ Yoast SEO plugin. -->","yoast_head_json":{"title":"Conectando Experiencias - Coalici&oacute;n de las Am&eacute;ricas","description":"La Coalici\u00f3n de las Am\u00e9ricas desea agradecer a Novo Nordisk , por el espacio brindado a nuestro en la Actividad Conectando Experiencias.","robots":{"index":"index","follow":"follow","max-snippet":"max-snippet:-1","max-image-preview":"max-image-preview:large","max-video-preview":"max-video-preview:-1"},"canonical":"https:\/\/www.coaliciondelasamericas.org\/blog\/galeria\/galeria-010\/","og_locale":"es_ES","og_type":"article","og_title":"Conectando Experiencias - Coalici&oacute;n de las Am&eacute;ricas","og_description":"La Coalici\u00f3n de las Am\u00e9ricas desea agradecer a Novo Nordisk , por el espacio brindado a nuestro en la Actividad Conectando Experiencias.","og_url":"https:\/\/www.coaliciondelasamericas.org\/blog\/galeria\/galeria-010\/","og_site_name":"Coalici&oacute;n de las Am&eacute;ricas","article_modified_time":"2023-03-11T21:29:10+00:00","og_image":[{"url":"https:\/\/www.coaliciondelasamericas.org\/blog\/wp-content\/uploads\/2023\/03\/001-4-1024x507.jpeg","type":"","width":"","height":""}],"twitter_card":"summary_large_image","twitter_misc":{"Tiempo de lectura":"2 minutos"},"schema":{"@context":"https:\/\/schema.org","@graph":[{"@type":"WebPage","@id":"https:\/\/www.coaliciondelasamericas.org\/blog\/galeria\/galeria-010\/","url":"https:\/\/www.coaliciondelasamericas.org\/blog\/galeria\/galeria-010\/","name":"Conectando Experiencias - Coalici&oacute;n de las Am&eacute;ricas","isPartOf":{"@id":"https:\/\/www.coaliciondelasamericas.org\/blog\/#website"},"primaryImageOfPage":{"@id":"https:\/\/www.coaliciondelasamericas.org\/blog\/galeria\/galeria-010\/#primaryimage"},"image":{"@id":"https:\/\/www.coaliciondelasamericas.org\/blog\/galeria\/galeria-010\/#primaryimage"},"thumbnailUrl":"https:\/\/www.coaliciondelasamericas.org\/blog\/wp-content\/uploads\/2023\/03\/001-4-1024x507.jpeg","datePublished":"2023-03-11T20:13:04+00:00","dateModified":"2023-03-11T21:29:10+00:00","description":"La Coalici\u00f3n de las Am\u00e9ricas desea agradecer a Novo Nordisk , por el espacio brindado a nuestro en la Actividad Conectando Experiencias.","breadcrumb":{"@id":"https:\/\/www.coaliciondelasamericas.org\/blog\/galeria\/galeria-010\/#breadcrumb"},"inLanguage":"es","potentialAction":[{"@type":"ReadAction","target":["https:\/\/www.coaliciondelasamericas.org\/blog\/galeria\/galeria-010\/"]}]},{"@type":"ImageObject","inLanguage":"es","@id":"https:\/\/www.coaliciondelasamericas.org\/blog\/galeria\/galeria-010\/#primaryimage","url":"https:\/\/www.coaliciondelasamericas.org\/blog\/wp-content\/uploads\/2023\/03\/001-4-1024x507.jpeg","contentUrl":"https:\/\/www.coaliciondelasamericas.org\/blog\/wp-content\/uploads\/2023\/03\/001-4-1024x507.jpeg"},{"@type":"BreadcrumbList","@id":"https:\/\/www.coaliciondelasamericas.org\/blog\/galeria\/galeria-010\/#breadcrumb","itemListElement":[{"@type":"ListItem","position":1,"name":"Portada","item":"https:\/\/www.coaliciondelasamericas.org\/blog\/"},{"@type":"ListItem","position":2,"name":"Galer\u00eda","item":"https:\/\/www.coaliciondelasamericas.org\/blog\/galeria\/"},{"@type":"ListItem","position":3,"name":"Conectando Experiencias"}]},{"@type":"WebSite","@id":"https:\/\/www.coaliciondelasamericas.org\/blog\/#website","url":"https:\/\/www.coaliciondelasamericas.org\/blog\/","name":"Coalici&oacute;n de las Am&eacute;ricas","description":"Lideres Unidos por el Bienestar de la Hemofilia","publisher":{"@id":"https:\/\/www.coaliciondelasamericas.org\/blog\/#organization"},"potentialAction":[{"@type":"SearchAction","target":{"@type":"EntryPoint","urlTemplate":"https:\/\/www.coaliciondelasamericas.org\/blog\/?s={search_term_string}"},"query-input":{"@type":"PropertyValueSpecification","valueRequired":true,"valueName":"search_term_string"}}],"inLanguage":"es"},{"@type":"Organization","@id":"https:\/\/www.coaliciondelasamericas.org\/blog\/#organization","name":"Coalici&oacute;n de las Am&eacute;ricas","url":"https:\/\/www.coaliciondelasamericas.org\/blog\/","logo":{"@type":"ImageObject","inLanguage":"es","@id":"https:\/\/www.coaliciondelasamericas.org\/blog\/#\/schema\/logo\/image\/","url":"https:\/\/www.coaliciondelasamericas.org\/blog\/wp-content\/uploads\/2023\/03\/cropped-01-Portada-02.png","contentUrl":"https:\/\/www.coaliciondelasamericas.org\/blog\/wp-content\/uploads\/2023\/03\/cropped-01-Portada-02.png","width":300,"height":130,"caption":"Coalici&oacute;n de las Am&eacute;ricas"},"image":{"@id":"https:\/\/www.coaliciondelasamericas.org\/blog\/#\/schema\/logo\/image\/"}}]}},"_links":{"self":[{"href":"https:\/\/www.coaliciondelasamericas.org\/blog\/wp-json\/wp\/v2\/pages\/1835","targetHints":{"allow":["GET"]}}],"collection":[{"href":"https:\/\/www.coaliciondelasamericas.org\/blog\/wp-json\/wp\/v2\/pages"}],"about":[{"href":"https:\/\/www.coaliciondelasamericas.org\/blog\/wp-json\/wp\/v2\/types\/page"}],"author":[{"embeddable":true,"href":"https:\/\/www.coaliciondelasamericas.org\/blog\/wp-json\/wp\/v2\/users\/1"}],"replies":[{"embeddable":true,"href":"https:\/\/www.coaliciondelasamericas.org\/blog\/wp-json\/wp\/v2\/comments?post=1835"}],"version-history":[{"count":1,"href":"https:\/\/www.coaliciondelasamericas.org\/blog\/wp-json\/wp\/v2\/pages\/1835\/revisions"}],"predecessor-version":[{"id":1848,"href":"https:\/\/www.coaliciondelasamericas.org\/blog\/wp-json\/wp\/v2\/pages\/1835\/revisions\/1848"}],"up":[{"embeddable":true,"href":"https:\/\/www.coaliciondelasamericas.org\/blog\/wp-json\/wp\/v2\/pages\/42"}],"wp:attachment":[{"href":"https:\/\/www.coaliciondelasamericas.org\/blog\/wp-json\/wp\/v2\/media?parent=1835"}],"curies":[{"name":"wp","href":"https:\/\/api.w.org\/{rel}","templated":true}]}}