{"id":1804,"date":"2023-03-11T19:27:53","date_gmt":"2023-03-11T19:27:53","guid":{"rendered":"https:\/\/www.coaliciondelasamericas.org\/blog\/?page_id=1804"},"modified":"2023-03-11T19:33:05","modified_gmt":"2023-03-11T19:33:05","slug":"galeria-008","status":"publish","type":"page","link":"https:\/\/www.coaliciondelasamericas.org\/blog\/galeria\/galeria-008\/","title":{"rendered":"Congreso Mundial de Hemofilia 2022"},"content":{"rendered":"\n<p>La comunidad internacional de trastornos de la coagulaci\u00f3n tuvo su encuentro en el Congreso Mundial de Hemofilia 2022 desarrollado en Montreal, Canad\u00e1<\/p>\n\n\n\n<p>La Real Fundaci\u00f3n Victoria Eugenia (@RFVE_hemofilia)<br>En el marco del Congreso Mundial de Hemofilia se hizo entrega del Premio Duquesa de Soria al Proyecto de investigaci\u00f3n multidisciplinar a Antonio G\u00f3mez Cavallini en representaci\u00f3n de la Coalici\u00f3n de las Am\u00e9ricas por el Estudio Selfie II: \u00abAn\u00e1lisis continental del tratamiento integral de la hemofilia\u00bb<\/p>\n\n\n\n<figure class=\"wp-block-gallery has-nested-images columns-default is-cropped wp-block-gallery-1 is-layout-flex wp-block-gallery-is-layout-flex\">\n<figure class=\"wp-block-image size-large\"><img loading=\"lazy\" decoding=\"async\" width=\"680\" height=\"383\" data-id=\"1805\" src=\"https:\/\/www.coaliciondelasamericas.org\/blog\/wp-content\/uploads\/2023\/03\/280594966_1156536108463291_5303261838912816875_n.jpg\" alt=\"Congreso Mundial de Hemofilia 2022, Premio Duquesa de Soria\" class=\"wp-image-1805\" srcset=\"https:\/\/www.coaliciondelasamericas.org\/blog\/wp-content\/uploads\/2023\/03\/280594966_1156536108463291_5303261838912816875_n.jpg 680w, https:\/\/www.coaliciondelasamericas.org\/blog\/wp-content\/uploads\/2023\/03\/280594966_1156536108463291_5303261838912816875_n-300x169.jpg 300w\" sizes=\"auto, (max-width: 680px) 100vw, 680px\" \/><\/figure>\n\n\n\n<figure class=\"wp-block-image size-large\"><img loading=\"lazy\" decoding=\"async\" width=\"1024\" height=\"768\" data-id=\"1806\" src=\"https:\/\/www.coaliciondelasamericas.org\/blog\/wp-content\/uploads\/2023\/03\/WhatsApp-Image-2023-03-11-at-9.33.47-AM-1024x768.jpeg\" alt=\"Congreso Mundial de Hemofilia 2022\" class=\"wp-image-1806\" srcset=\"https:\/\/www.coaliciondelasamericas.org\/blog\/wp-content\/uploads\/2023\/03\/WhatsApp-Image-2023-03-11-at-9.33.47-AM-1024x768.jpeg 1024w, https:\/\/www.coaliciondelasamericas.org\/blog\/wp-content\/uploads\/2023\/03\/WhatsApp-Image-2023-03-11-at-9.33.47-AM-300x225.jpeg 300w, https:\/\/www.coaliciondelasamericas.org\/blog\/wp-content\/uploads\/2023\/03\/WhatsApp-Image-2023-03-11-at-9.33.47-AM-768x576.jpeg 768w, https:\/\/www.coaliciondelasamericas.org\/blog\/wp-content\/uploads\/2023\/03\/WhatsApp-Image-2023-03-11-at-9.33.47-AM-1536x1152.jpeg 1536w, https:\/\/www.coaliciondelasamericas.org\/blog\/wp-content\/uploads\/2023\/03\/WhatsApp-Image-2023-03-11-at-9.33.47-AM.jpeg 1600w\" sizes=\"auto, (max-width: 1024px) 100vw, 1024px\" \/><\/figure>\n<\/figure>\n\n\n\n<p>Se realiza la firma del Memor\u00e1ndum de entendimiento entre la Federaci\u00f3n Mundial de Hemofilia, Representada por el se\u00f1or Cesar Garrido, presidente y la Coalici\u00f3n de las Am\u00e9ricas representada por el Se\u00f1or Antonio G\u00f3mez Cavallini.<\/p>\n\n\n\n<figure class=\"wp-block-gallery has-nested-images columns-default is-cropped wp-block-gallery-2 is-layout-flex wp-block-gallery-is-layout-flex\">\n<figure class=\"wp-block-image size-large\"><img loading=\"lazy\" decoding=\"async\" width=\"768\" height=\"1024\" data-id=\"1809\" src=\"https:\/\/www.coaliciondelasamericas.org\/blog\/wp-content\/uploads\/2023\/03\/280744211_1157027575080811_8382760965757543965_n-768x1024.jpg\" alt=\"Memor\u00e1ndum de entendimiento entre la Federaci\u00f3n Mundial de Hemofilia y la Coalici\u00f3n de las Am\u00e9ricas\" class=\"wp-image-1809\" srcset=\"https:\/\/www.coaliciondelasamericas.org\/blog\/wp-content\/uploads\/2023\/03\/280744211_1157027575080811_8382760965757543965_n-768x1024.jpg 768w, https:\/\/www.coaliciondelasamericas.org\/blog\/wp-content\/uploads\/2023\/03\/280744211_1157027575080811_8382760965757543965_n-225x300.jpg 225w, https:\/\/www.coaliciondelasamericas.org\/blog\/wp-content\/uploads\/2023\/03\/280744211_1157027575080811_8382760965757543965_n-1152x1536.jpg 1152w, https:\/\/www.coaliciondelasamericas.org\/blog\/wp-content\/uploads\/2023\/03\/280744211_1157027575080811_8382760965757543965_n.jpg 1200w\" sizes=\"auto, (max-width: 768px) 100vw, 768px\" \/><\/figure>\n\n\n\n<figure class=\"wp-block-image size-large\"><img loading=\"lazy\" decoding=\"async\" width=\"1024\" height=\"768\" data-id=\"1807\" src=\"https:\/\/www.coaliciondelasamericas.org\/blog\/wp-content\/uploads\/2023\/03\/WhatsApp-Image-2023-03-11-at-9.35.16-AM-1024x768.jpeg\" alt=\"Memor\u00e1ndum de entendimiento entre la Federaci\u00f3n Mundial de Hemofilia y la Coalici\u00f3n de las Am\u00e9ricas\" class=\"wp-image-1807\" srcset=\"https:\/\/www.coaliciondelasamericas.org\/blog\/wp-content\/uploads\/2023\/03\/WhatsApp-Image-2023-03-11-at-9.35.16-AM-1024x768.jpeg 1024w, https:\/\/www.coaliciondelasamericas.org\/blog\/wp-content\/uploads\/2023\/03\/WhatsApp-Image-2023-03-11-at-9.35.16-AM-300x225.jpeg 300w, https:\/\/www.coaliciondelasamericas.org\/blog\/wp-content\/uploads\/2023\/03\/WhatsApp-Image-2023-03-11-at-9.35.16-AM-768x576.jpeg 768w, https:\/\/www.coaliciondelasamericas.org\/blog\/wp-content\/uploads\/2023\/03\/WhatsApp-Image-2023-03-11-at-9.35.16-AM-1536x1152.jpeg 1536w, https:\/\/www.coaliciondelasamericas.org\/blog\/wp-content\/uploads\/2023\/03\/WhatsApp-Image-2023-03-11-at-9.35.16-AM.jpeg 1600w\" sizes=\"auto, (max-width: 1024px) 100vw, 1024px\" \/><\/figure>\n\n\n\n<figure class=\"wp-block-image size-large mt-0\"><img loading=\"lazy\" decoding=\"async\" width=\"768\" height=\"1024\" data-id=\"1808\" src=\"https:\/\/www.coaliciondelasamericas.org\/blog\/wp-content\/uploads\/2023\/03\/WhatsApp-Image-2023-03-11-at-9.35.17-AM-768x1024.jpeg\" alt=\"Memor\u00e1ndum de entendimiento entre la Federaci\u00f3n Mundial de Hemofilia y la Coalici\u00f3n de las Am\u00e9ricas\" class=\"wp-image-1808\" srcset=\"https:\/\/www.coaliciondelasamericas.org\/blog\/wp-content\/uploads\/2023\/03\/WhatsApp-Image-2023-03-11-at-9.35.17-AM-768x1024.jpeg 768w, https:\/\/www.coaliciondelasamericas.org\/blog\/wp-content\/uploads\/2023\/03\/WhatsApp-Image-2023-03-11-at-9.35.17-AM-225x300.jpeg 225w, https:\/\/www.coaliciondelasamericas.org\/blog\/wp-content\/uploads\/2023\/03\/WhatsApp-Image-2023-03-11-at-9.35.17-AM-1152x1536.jpeg 1152w, https:\/\/www.coaliciondelasamericas.org\/blog\/wp-content\/uploads\/2023\/03\/WhatsApp-Image-2023-03-11-at-9.35.17-AM.jpeg 1200w\" sizes=\"auto, (max-width: 768px) 100vw, 768px\" \/><\/figure>\n<\/figure>\n\n\n\n<p>La Coalici\u00f3n de las Am\u00e9ricas se re\u00fane con los representantes de las organizaciones de Am\u00e9rica, presentes en el Congreso Mundial de Hemofilia.<\/p>\n\n\n\n<figure class=\"wp-block-gallery has-nested-images columns-default is-cropped wp-block-gallery-3 is-layout-flex wp-block-gallery-is-layout-flex\">\n<figure class=\"wp-block-image size-large\"><img loading=\"lazy\" decoding=\"async\" width=\"1024\" height=\"768\" data-id=\"1810\" src=\"https:\/\/www.coaliciondelasamericas.org\/blog\/wp-content\/uploads\/2023\/03\/WhatsApp-Image-2023-03-11-at-9.33.47-AM-1.jpeg\" alt=\"La Coalici\u00f3n de las Am\u00e9ricas se re\u00fane con los representantes de las organizaciones de Am\u00e9rica, presentes en el Congreso Mundial de Hemofilia.\" class=\"wp-image-1810\" srcset=\"https:\/\/www.coaliciondelasamericas.org\/blog\/wp-content\/uploads\/2023\/03\/WhatsApp-Image-2023-03-11-at-9.33.47-AM-1.jpeg 1024w, https:\/\/www.coaliciondelasamericas.org\/blog\/wp-content\/uploads\/2023\/03\/WhatsApp-Image-2023-03-11-at-9.33.47-AM-1-300x225.jpeg 300w, https:\/\/www.coaliciondelasamericas.org\/blog\/wp-content\/uploads\/2023\/03\/WhatsApp-Image-2023-03-11-at-9.33.47-AM-1-768x576.jpeg 768w\" sizes=\"auto, (max-width: 1024px) 100vw, 1024px\" \/><\/figure>\n<\/figure>\n","protected":false},"excerpt":{"rendered":"<p>La comunidad internacional de trastornos de la coagulaci\u00f3n tuvo su encuentro en el Congreso Mundial de Hemofilia 2022 desarrollado en<\/p>\n","protected":false},"author":1,"featured_media":0,"parent":42,"menu_order":8,"comment_status":"closed","ping_status":"closed","template":"","meta":{"colormag_page_container_layout":"no_sidebar_content_centered","colormag_page_sidebar_layout":"no_sidebar","_coblocks_attr":"","_coblocks_dimensions":"","_coblocks_responsive_height":"","_coblocks_accordion_ie_support":"","_monsterinsights_skip_tracking":false,"_monsterinsights_sitenote_active":false,"_monsterinsights_sitenote_note":"","_monsterinsights_sitenote_category":0,"footnotes":""},"class_list":["post-1804","page","type-page","status-publish","hentry"],"yoast_head":"<!-- This site is optimized with the Yoast SEO plugin v27.4 - https:\/\/yoast.com\/product\/yoast-seo-wordpress\/ -->\n<title>Congreso Mundial de Hemofilia 2022 - Coalici&oacute;n de las Am&eacute;ricas<\/title>\n<meta name=\"description\" content=\"La comunidad internacional de trastornos de la coagulaci\u00f3n tuvo su encuentro en el Congreso Mundial de Hemofilia 2022, Montreal, Canad\u00e1\" \/>\n<meta name=\"robots\" content=\"index, follow, max-snippet:-1, max-image-preview:large, max-video-preview:-1\" \/>\n<link rel=\"canonical\" href=\"https:\/\/www.coaliciondelasamericas.org\/blog\/galeria\/galeria-008\/\" \/>\n<meta property=\"og:locale\" content=\"es_ES\" \/>\n<meta property=\"og:type\" content=\"article\" \/>\n<meta property=\"og:title\" content=\"Congreso Mundial de Hemofilia 2022 - Coalici&oacute;n de las Am&eacute;ricas\" \/>\n<meta property=\"og:description\" content=\"La comunidad internacional de trastornos de la coagulaci\u00f3n tuvo su encuentro en el Congreso Mundial de Hemofilia 2022, Montreal, Canad\u00e1\" \/>\n<meta property=\"og:url\" content=\"https:\/\/www.coaliciondelasamericas.org\/blog\/galeria\/galeria-008\/\" \/>\n<meta property=\"og:site_name\" content=\"Coalici&oacute;n de las Am&eacute;ricas\" \/>\n<meta property=\"article:modified_time\" content=\"2023-03-11T19:33:05+00:00\" \/>\n<meta property=\"og:image\" content=\"https:\/\/www.coaliciondelasamericas.org\/blog\/wp-content\/uploads\/2023\/03\/280594966_1156536108463291_5303261838912816875_n.jpg\" \/>\n<meta name=\"twitter:card\" content=\"summary_large_image\" \/>\n<meta name=\"twitter:label1\" content=\"Tiempo de lectura\" \/>\n\t<meta name=\"twitter:data1\" content=\"2 minutos\" \/>\n<script type=\"application\/ld+json\" class=\"yoast-schema-graph\">{\"@context\":\"https:\\\/\\\/schema.org\",\"@graph\":[{\"@type\":\"WebPage\",\"@id\":\"https:\\\/\\\/www.coaliciondelasamericas.org\\\/blog\\\/galeria\\\/galeria-008\\\/\",\"url\":\"https:\\\/\\\/www.coaliciondelasamericas.org\\\/blog\\\/galeria\\\/galeria-008\\\/\",\"name\":\"Congreso Mundial de Hemofilia 2022 - Coalici&oacute;n de las Am&eacute;ricas\",\"isPartOf\":{\"@id\":\"https:\\\/\\\/www.coaliciondelasamericas.org\\\/blog\\\/#website\"},\"primaryImageOfPage\":{\"@id\":\"https:\\\/\\\/www.coaliciondelasamericas.org\\\/blog\\\/galeria\\\/galeria-008\\\/#primaryimage\"},\"image\":{\"@id\":\"https:\\\/\\\/www.coaliciondelasamericas.org\\\/blog\\\/galeria\\\/galeria-008\\\/#primaryimage\"},\"thumbnailUrl\":\"https:\\\/\\\/www.coaliciondelasamericas.org\\\/blog\\\/wp-content\\\/uploads\\\/2023\\\/03\\\/280594966_1156536108463291_5303261838912816875_n.jpg\",\"datePublished\":\"2023-03-11T19:27:53+00:00\",\"dateModified\":\"2023-03-11T19:33:05+00:00\",\"description\":\"La comunidad internacional de trastornos de la coagulaci\u00f3n tuvo su encuentro en el Congreso Mundial de Hemofilia 2022, Montreal, Canad\u00e1\",\"breadcrumb\":{\"@id\":\"https:\\\/\\\/www.coaliciondelasamericas.org\\\/blog\\\/galeria\\\/galeria-008\\\/#breadcrumb\"},\"inLanguage\":\"es\",\"potentialAction\":[{\"@type\":\"ReadAction\",\"target\":[\"https:\\\/\\\/www.coaliciondelasamericas.org\\\/blog\\\/galeria\\\/galeria-008\\\/\"]}]},{\"@type\":\"ImageObject\",\"inLanguage\":\"es\",\"@id\":\"https:\\\/\\\/www.coaliciondelasamericas.org\\\/blog\\\/galeria\\\/galeria-008\\\/#primaryimage\",\"url\":\"https:\\\/\\\/www.coaliciondelasamericas.org\\\/blog\\\/wp-content\\\/uploads\\\/2023\\\/03\\\/280594966_1156536108463291_5303261838912816875_n.jpg\",\"contentUrl\":\"https:\\\/\\\/www.coaliciondelasamericas.org\\\/blog\\\/wp-content\\\/uploads\\\/2023\\\/03\\\/280594966_1156536108463291_5303261838912816875_n.jpg\",\"width\":680,\"height\":383},{\"@type\":\"BreadcrumbList\",\"@id\":\"https:\\\/\\\/www.coaliciondelasamericas.org\\\/blog\\\/galeria\\\/galeria-008\\\/#breadcrumb\",\"itemListElement\":[{\"@type\":\"ListItem\",\"position\":1,\"name\":\"Portada\",\"item\":\"https:\\\/\\\/www.coaliciondelasamericas.org\\\/blog\\\/\"},{\"@type\":\"ListItem\",\"position\":2,\"name\":\"Galer\u00eda\",\"item\":\"https:\\\/\\\/www.coaliciondelasamericas.org\\\/blog\\\/galeria\\\/\"},{\"@type\":\"ListItem\",\"position\":3,\"name\":\"Congreso Mundial de Hemofilia 2022\"}]},{\"@type\":\"WebSite\",\"@id\":\"https:\\\/\\\/www.coaliciondelasamericas.org\\\/blog\\\/#website\",\"url\":\"https:\\\/\\\/www.coaliciondelasamericas.org\\\/blog\\\/\",\"name\":\"Coalici&oacute;n de las Am&eacute;ricas\",\"description\":\"Lideres Unidos por el Bienestar de la Hemofilia\",\"publisher\":{\"@id\":\"https:\\\/\\\/www.coaliciondelasamericas.org\\\/blog\\\/#organization\"},\"potentialAction\":[{\"@type\":\"SearchAction\",\"target\":{\"@type\":\"EntryPoint\",\"urlTemplate\":\"https:\\\/\\\/www.coaliciondelasamericas.org\\\/blog\\\/?s={search_term_string}\"},\"query-input\":{\"@type\":\"PropertyValueSpecification\",\"valueRequired\":true,\"valueName\":\"search_term_string\"}}],\"inLanguage\":\"es\"},{\"@type\":\"Organization\",\"@id\":\"https:\\\/\\\/www.coaliciondelasamericas.org\\\/blog\\\/#organization\",\"name\":\"Coalici&oacute;n de las Am&eacute;ricas\",\"url\":\"https:\\\/\\\/www.coaliciondelasamericas.org\\\/blog\\\/\",\"logo\":{\"@type\":\"ImageObject\",\"inLanguage\":\"es\",\"@id\":\"https:\\\/\\\/www.coaliciondelasamericas.org\\\/blog\\\/#\\\/schema\\\/logo\\\/image\\\/\",\"url\":\"https:\\\/\\\/www.coaliciondelasamericas.org\\\/blog\\\/wp-content\\\/uploads\\\/2023\\\/03\\\/cropped-01-Portada-02.png\",\"contentUrl\":\"https:\\\/\\\/www.coaliciondelasamericas.org\\\/blog\\\/wp-content\\\/uploads\\\/2023\\\/03\\\/cropped-01-Portada-02.png\",\"width\":300,\"height\":130,\"caption\":\"Coalici&oacute;n de las Am&eacute;ricas\"},\"image\":{\"@id\":\"https:\\\/\\\/www.coaliciondelasamericas.org\\\/blog\\\/#\\\/schema\\\/logo\\\/image\\\/\"}}]}<\/script>\n<!-- \/ Yoast SEO plugin. -->","yoast_head_json":{"title":"Congreso Mundial de Hemofilia 2022 - Coalici&oacute;n de las Am&eacute;ricas","description":"La comunidad internacional de trastornos de la coagulaci\u00f3n tuvo su encuentro en el Congreso Mundial de Hemofilia 2022, Montreal, Canad\u00e1","robots":{"index":"index","follow":"follow","max-snippet":"max-snippet:-1","max-image-preview":"max-image-preview:large","max-video-preview":"max-video-preview:-1"},"canonical":"https:\/\/www.coaliciondelasamericas.org\/blog\/galeria\/galeria-008\/","og_locale":"es_ES","og_type":"article","og_title":"Congreso Mundial de Hemofilia 2022 - Coalici&oacute;n de las Am&eacute;ricas","og_description":"La comunidad internacional de trastornos de la coagulaci\u00f3n tuvo su encuentro en el Congreso Mundial de Hemofilia 2022, Montreal, Canad\u00e1","og_url":"https:\/\/www.coaliciondelasamericas.org\/blog\/galeria\/galeria-008\/","og_site_name":"Coalici&oacute;n de las Am&eacute;ricas","article_modified_time":"2023-03-11T19:33:05+00:00","og_image":[{"url":"https:\/\/www.coaliciondelasamericas.org\/blog\/wp-content\/uploads\/2023\/03\/280594966_1156536108463291_5303261838912816875_n.jpg","type":"","width":"","height":""}],"twitter_card":"summary_large_image","twitter_misc":{"Tiempo de lectura":"2 minutos"},"schema":{"@context":"https:\/\/schema.org","@graph":[{"@type":"WebPage","@id":"https:\/\/www.coaliciondelasamericas.org\/blog\/galeria\/galeria-008\/","url":"https:\/\/www.coaliciondelasamericas.org\/blog\/galeria\/galeria-008\/","name":"Congreso Mundial de Hemofilia 2022 - Coalici&oacute;n de las Am&eacute;ricas","isPartOf":{"@id":"https:\/\/www.coaliciondelasamericas.org\/blog\/#website"},"primaryImageOfPage":{"@id":"https:\/\/www.coaliciondelasamericas.org\/blog\/galeria\/galeria-008\/#primaryimage"},"image":{"@id":"https:\/\/www.coaliciondelasamericas.org\/blog\/galeria\/galeria-008\/#primaryimage"},"thumbnailUrl":"https:\/\/www.coaliciondelasamericas.org\/blog\/wp-content\/uploads\/2023\/03\/280594966_1156536108463291_5303261838912816875_n.jpg","datePublished":"2023-03-11T19:27:53+00:00","dateModified":"2023-03-11T19:33:05+00:00","description":"La comunidad internacional de trastornos de la coagulaci\u00f3n tuvo su encuentro en el Congreso Mundial de Hemofilia 2022, Montreal, Canad\u00e1","breadcrumb":{"@id":"https:\/\/www.coaliciondelasamericas.org\/blog\/galeria\/galeria-008\/#breadcrumb"},"inLanguage":"es","potentialAction":[{"@type":"ReadAction","target":["https:\/\/www.coaliciondelasamericas.org\/blog\/galeria\/galeria-008\/"]}]},{"@type":"ImageObject","inLanguage":"es","@id":"https:\/\/www.coaliciondelasamericas.org\/blog\/galeria\/galeria-008\/#primaryimage","url":"https:\/\/www.coaliciondelasamericas.org\/blog\/wp-content\/uploads\/2023\/03\/280594966_1156536108463291_5303261838912816875_n.jpg","contentUrl":"https:\/\/www.coaliciondelasamericas.org\/blog\/wp-content\/uploads\/2023\/03\/280594966_1156536108463291_5303261838912816875_n.jpg","width":680,"height":383},{"@type":"BreadcrumbList","@id":"https:\/\/www.coaliciondelasamericas.org\/blog\/galeria\/galeria-008\/#breadcrumb","itemListElement":[{"@type":"ListItem","position":1,"name":"Portada","item":"https:\/\/www.coaliciondelasamericas.org\/blog\/"},{"@type":"ListItem","position":2,"name":"Galer\u00eda","item":"https:\/\/www.coaliciondelasamericas.org\/blog\/galeria\/"},{"@type":"ListItem","position":3,"name":"Congreso Mundial de Hemofilia 2022"}]},{"@type":"WebSite","@id":"https:\/\/www.coaliciondelasamericas.org\/blog\/#website","url":"https:\/\/www.coaliciondelasamericas.org\/blog\/","name":"Coalici&oacute;n de las Am&eacute;ricas","description":"Lideres Unidos por el Bienestar de la Hemofilia","publisher":{"@id":"https:\/\/www.coaliciondelasamericas.org\/blog\/#organization"},"potentialAction":[{"@type":"SearchAction","target":{"@type":"EntryPoint","urlTemplate":"https:\/\/www.coaliciondelasamericas.org\/blog\/?s={search_term_string}"},"query-input":{"@type":"PropertyValueSpecification","valueRequired":true,"valueName":"search_term_string"}}],"inLanguage":"es"},{"@type":"Organization","@id":"https:\/\/www.coaliciondelasamericas.org\/blog\/#organization","name":"Coalici&oacute;n de las Am&eacute;ricas","url":"https:\/\/www.coaliciondelasamericas.org\/blog\/","logo":{"@type":"ImageObject","inLanguage":"es","@id":"https:\/\/www.coaliciondelasamericas.org\/blog\/#\/schema\/logo\/image\/","url":"https:\/\/www.coaliciondelasamericas.org\/blog\/wp-content\/uploads\/2023\/03\/cropped-01-Portada-02.png","contentUrl":"https:\/\/www.coaliciondelasamericas.org\/blog\/wp-content\/uploads\/2023\/03\/cropped-01-Portada-02.png","width":300,"height":130,"caption":"Coalici&oacute;n de las Am&eacute;ricas"},"image":{"@id":"https:\/\/www.coaliciondelasamericas.org\/blog\/#\/schema\/logo\/image\/"}}]}},"_links":{"self":[{"href":"https:\/\/www.coaliciondelasamericas.org\/blog\/wp-json\/wp\/v2\/pages\/1804","targetHints":{"allow":["GET"]}}],"collection":[{"href":"https:\/\/www.coaliciondelasamericas.org\/blog\/wp-json\/wp\/v2\/pages"}],"about":[{"href":"https:\/\/www.coaliciondelasamericas.org\/blog\/wp-json\/wp\/v2\/types\/page"}],"author":[{"embeddable":true,"href":"https:\/\/www.coaliciondelasamericas.org\/blog\/wp-json\/wp\/v2\/users\/1"}],"replies":[{"embeddable":true,"href":"https:\/\/www.coaliciondelasamericas.org\/blog\/wp-json\/wp\/v2\/comments?post=1804"}],"version-history":[{"count":4,"href":"https:\/\/www.coaliciondelasamericas.org\/blog\/wp-json\/wp\/v2\/pages\/1804\/revisions"}],"predecessor-version":[{"id":1816,"href":"https:\/\/www.coaliciondelasamericas.org\/blog\/wp-json\/wp\/v2\/pages\/1804\/revisions\/1816"}],"up":[{"embeddable":true,"href":"https:\/\/www.coaliciondelasamericas.org\/blog\/wp-json\/wp\/v2\/pages\/42"}],"wp:attachment":[{"href":"https:\/\/www.coaliciondelasamericas.org\/blog\/wp-json\/wp\/v2\/media?parent=1804"}],"curies":[{"name":"wp","href":"https:\/\/api.w.org\/{rel}","templated":true}]}}