{"id":1228,"date":"2022-10-01T20:44:25","date_gmt":"2022-10-01T20:44:25","guid":{"rendered":"https:\/\/www.coaliciondelasamericas.org\/blog\/?page_id=1228"},"modified":"2024-03-15T20:45:25","modified_gmt":"2024-03-15T20:45:25","slug":"estudio-selfie-01","status":"publish","type":"page","link":"https:\/\/www.coaliciondelasamericas.org\/blog\/estudios\/estudio-selfie-01\/","title":{"rendered":"Estudio Selfie I"},"content":{"rendered":"\n<p>An\u00e1lisis de las unidades m\u00e9dicas y organizaciones nacionales miembros (ONMs) para la atenci\u00f3n de personas con hemofilia y otras deficiencias de coagulaci\u00f3n en Am\u00e9rica Latina.<\/p>\n\n\n\n<p><strong>Objetivo<\/strong>:<br>Conocer c\u00f3mo es el manejo de los pacientes con hemofilia y otras deficiencias de coagulaci\u00f3n en la regi\u00f3n y as\u00ed determinar con qu\u00e9 elementos se cuenta para brindar tratamiento integral.<\/p>\n\n\n\n<p><strong>Participantes<\/strong>: 15 ONM de Am\u00e9rica<\/p>\n\n\n\n<p>Bolivia, Brasil, Canad\u00e1, Chile, Colombia, Ecuador, El Salvador, Guatemala, Mexico, Nicaragua, Panam\u00e1, Paraguay, Republica Dominicana, United States, Venezuela.<\/p>\n\n\n\n<p><strong>Encuesta<\/strong><br>En total se realizaron 75 preguntas divididas en los siguientes temas:<br>Personalidad De la ONM<br>Relaci\u00f3n ONM con cuerpo m\u00e9dico<br>Registro nacional de pacientes<br>Derecho a la salud en cada pa\u00eds<br>Leyes nacionales de salud<br>Medicamentos, disponibilidad, adquisici\u00f3n, consumo<br>Procesos institucionales de la atenci\u00f3n<br>Esquemas de manejo<br>Centros de tratamiento<\/p>\n\n\n\n<p><strong>Grupo Organizador<br><\/strong>Participaron miembros de ONM, de Brasil, Colombia, Estados Unidos, M\u00e9xico y Venezuela<br>Con un grupo de expertos m\u00e9dicos de cada pa\u00eds participante<br>Durante 3 a\u00f1os hubo m\u00e1s de 4 reuniones presenciales para la estructuraci\u00f3n de la entrevista<br>Se Nombr\u00f3 un coordinador general para la realizaci\u00f3n de las encuestas (M\u00e9xico)<br>Se determin\u00f3 contratar una Universidad para la realizaci\u00f3n del an\u00e1lisis de las respuestas, con la Universidad.<\/p>\n\n\n\n<p class=\"has-text-align-center\"><strong>Ver Resultados<\/strong><\/p>\n\n\n\n<figure class=\"wp-block-image aligncenter size-full is-resized\"><a href=\"https:\/\/www.coaliciondelasamericas.org\/blog\/wp-content\/uploads\/2024\/03\/Selfie-I-Espanol.pdf\" target=\"_blank\" rel=\"noreferrer noopener\"><img loading=\"lazy\" decoding=\"async\" width=\"235\" height=\"214\" src=\"https:\/\/www.coaliciondelasamericas.org\/blog\/wp-content\/uploads\/2024\/03\/archivo-pdf.png\" alt=\"Together\" class=\"wp-image-3238\" style=\"width:69px;height:auto\"\/><\/a><\/figure>\n","protected":false},"excerpt":{"rendered":"<p>An\u00e1lisis de las unidades m\u00e9dicas y organizaciones nacionales miembros (ONMs) para la atenci\u00f3n de personas con hemofilia y otras deficiencias<\/p>\n","protected":false},"author":1,"featured_media":0,"parent":1741,"menu_order":1,"comment_status":"closed","ping_status":"closed","template":"","meta":{"colormag_page_container_layout":"no_sidebar_content_centered","colormag_page_sidebar_layout":"no_sidebar","_coblocks_attr":"","_coblocks_dimensions":"","_coblocks_responsive_height":"","_coblocks_accordion_ie_support":"","_monsterinsights_skip_tracking":false,"_monsterinsights_sitenote_active":false,"_monsterinsights_sitenote_note":"","_monsterinsights_sitenote_category":0,"footnotes":""},"class_list":["post-1228","page","type-page","status-publish","hentry"],"yoast_head":"<!-- This site is optimized with the Yoast SEO plugin v27.4 - https:\/\/yoast.com\/product\/yoast-seo-wordpress\/ -->\n<title>Estudio Selfie I - Coalici&oacute;n de las Am&eacute;ricas<\/title>\n<meta name=\"description\" content=\"An\u00e1lisis de las unidades m\u00e9dicas y organizaciones nacionales miembros (ONMs) para la atenci\u00f3n de personas con hemofilia y otras deficiencias.\" \/>\n<meta name=\"robots\" content=\"index, follow, max-snippet:-1, max-image-preview:large, max-video-preview:-1\" \/>\n<link rel=\"canonical\" href=\"https:\/\/www.coaliciondelasamericas.org\/blog\/estudios\/estudio-selfie-01\/\" \/>\n<meta property=\"og:locale\" content=\"es_ES\" \/>\n<meta property=\"og:type\" content=\"article\" \/>\n<meta property=\"og:title\" content=\"Estudio Selfie I - Coalici&oacute;n de las Am&eacute;ricas\" \/>\n<meta property=\"og:description\" content=\"An\u00e1lisis de las unidades m\u00e9dicas y organizaciones nacionales miembros (ONMs) para la atenci\u00f3n de personas con hemofilia y otras deficiencias.\" \/>\n<meta property=\"og:url\" content=\"https:\/\/www.coaliciondelasamericas.org\/blog\/estudios\/estudio-selfie-01\/\" \/>\n<meta property=\"og:site_name\" content=\"Coalici&oacute;n de las Am&eacute;ricas\" \/>\n<meta property=\"article:modified_time\" content=\"2024-03-15T20:45:25+00:00\" \/>\n<meta property=\"og:image\" content=\"https:\/\/www.coaliciondelasamericas.org\/blog\/wp-content\/uploads\/2024\/03\/archivo-pdf.png\" \/>\n<meta name=\"twitter:card\" content=\"summary_large_image\" \/>\n<meta name=\"twitter:label1\" content=\"Tiempo de lectura\" \/>\n\t<meta name=\"twitter:data1\" content=\"2 minutos\" \/>\n<script type=\"application\/ld+json\" class=\"yoast-schema-graph\">{\"@context\":\"https:\\\/\\\/schema.org\",\"@graph\":[{\"@type\":\"WebPage\",\"@id\":\"https:\\\/\\\/www.coaliciondelasamericas.org\\\/blog\\\/estudios\\\/estudio-selfie-01\\\/\",\"url\":\"https:\\\/\\\/www.coaliciondelasamericas.org\\\/blog\\\/estudios\\\/estudio-selfie-01\\\/\",\"name\":\"Estudio Selfie I - Coalici&oacute;n de las Am&eacute;ricas\",\"isPartOf\":{\"@id\":\"https:\\\/\\\/www.coaliciondelasamericas.org\\\/blog\\\/#website\"},\"primaryImageOfPage\":{\"@id\":\"https:\\\/\\\/www.coaliciondelasamericas.org\\\/blog\\\/estudios\\\/estudio-selfie-01\\\/#primaryimage\"},\"image\":{\"@id\":\"https:\\\/\\\/www.coaliciondelasamericas.org\\\/blog\\\/estudios\\\/estudio-selfie-01\\\/#primaryimage\"},\"thumbnailUrl\":\"https:\\\/\\\/www.coaliciondelasamericas.org\\\/blog\\\/wp-content\\\/uploads\\\/2024\\\/03\\\/archivo-pdf.png\",\"datePublished\":\"2022-10-01T20:44:25+00:00\",\"dateModified\":\"2024-03-15T20:45:25+00:00\",\"description\":\"An\u00e1lisis de las unidades m\u00e9dicas y organizaciones nacionales miembros (ONMs) para la atenci\u00f3n de personas con hemofilia y otras deficiencias.\",\"breadcrumb\":{\"@id\":\"https:\\\/\\\/www.coaliciondelasamericas.org\\\/blog\\\/estudios\\\/estudio-selfie-01\\\/#breadcrumb\"},\"inLanguage\":\"es\",\"potentialAction\":[{\"@type\":\"ReadAction\",\"target\":[\"https:\\\/\\\/www.coaliciondelasamericas.org\\\/blog\\\/estudios\\\/estudio-selfie-01\\\/\"]}]},{\"@type\":\"ImageObject\",\"inLanguage\":\"es\",\"@id\":\"https:\\\/\\\/www.coaliciondelasamericas.org\\\/blog\\\/estudios\\\/estudio-selfie-01\\\/#primaryimage\",\"url\":\"https:\\\/\\\/www.coaliciondelasamericas.org\\\/blog\\\/wp-content\\\/uploads\\\/2024\\\/03\\\/archivo-pdf.png\",\"contentUrl\":\"https:\\\/\\\/www.coaliciondelasamericas.org\\\/blog\\\/wp-content\\\/uploads\\\/2024\\\/03\\\/archivo-pdf.png\",\"width\":235,\"height\":214,\"caption\":\"M\u00e1s Informaci\u00f3n \\\/ Descargar el PDF\"},{\"@type\":\"BreadcrumbList\",\"@id\":\"https:\\\/\\\/www.coaliciondelasamericas.org\\\/blog\\\/estudios\\\/estudio-selfie-01\\\/#breadcrumb\",\"itemListElement\":[{\"@type\":\"ListItem\",\"position\":1,\"name\":\"Portada\",\"item\":\"https:\\\/\\\/www.coaliciondelasamericas.org\\\/blog\\\/\"},{\"@type\":\"ListItem\",\"position\":2,\"name\":\"Proyectos\",\"item\":\"https:\\\/\\\/www.coaliciondelasamericas.org\\\/blog\\\/estudios\\\/\"},{\"@type\":\"ListItem\",\"position\":3,\"name\":\"Estudio Selfie I\"}]},{\"@type\":\"WebSite\",\"@id\":\"https:\\\/\\\/www.coaliciondelasamericas.org\\\/blog\\\/#website\",\"url\":\"https:\\\/\\\/www.coaliciondelasamericas.org\\\/blog\\\/\",\"name\":\"Coalici&oacute;n de las Am&eacute;ricas\",\"description\":\"Lideres Unidos por el Bienestar de la Hemofilia\",\"publisher\":{\"@id\":\"https:\\\/\\\/www.coaliciondelasamericas.org\\\/blog\\\/#organization\"},\"potentialAction\":[{\"@type\":\"SearchAction\",\"target\":{\"@type\":\"EntryPoint\",\"urlTemplate\":\"https:\\\/\\\/www.coaliciondelasamericas.org\\\/blog\\\/?s={search_term_string}\"},\"query-input\":{\"@type\":\"PropertyValueSpecification\",\"valueRequired\":true,\"valueName\":\"search_term_string\"}}],\"inLanguage\":\"es\"},{\"@type\":\"Organization\",\"@id\":\"https:\\\/\\\/www.coaliciondelasamericas.org\\\/blog\\\/#organization\",\"name\":\"Coalici&oacute;n de las Am&eacute;ricas\",\"url\":\"https:\\\/\\\/www.coaliciondelasamericas.org\\\/blog\\\/\",\"logo\":{\"@type\":\"ImageObject\",\"inLanguage\":\"es\",\"@id\":\"https:\\\/\\\/www.coaliciondelasamericas.org\\\/blog\\\/#\\\/schema\\\/logo\\\/image\\\/\",\"url\":\"https:\\\/\\\/www.coaliciondelasamericas.org\\\/blog\\\/wp-content\\\/uploads\\\/2023\\\/03\\\/cropped-01-Portada-02.png\",\"contentUrl\":\"https:\\\/\\\/www.coaliciondelasamericas.org\\\/blog\\\/wp-content\\\/uploads\\\/2023\\\/03\\\/cropped-01-Portada-02.png\",\"width\":300,\"height\":130,\"caption\":\"Coalici&oacute;n de las Am&eacute;ricas\"},\"image\":{\"@id\":\"https:\\\/\\\/www.coaliciondelasamericas.org\\\/blog\\\/#\\\/schema\\\/logo\\\/image\\\/\"}}]}<\/script>\n<!-- \/ Yoast SEO plugin. -->","yoast_head_json":{"title":"Estudio Selfie I - Coalici&oacute;n de las Am&eacute;ricas","description":"An\u00e1lisis de las unidades m\u00e9dicas y organizaciones nacionales miembros (ONMs) para la atenci\u00f3n de personas con hemofilia y otras deficiencias.","robots":{"index":"index","follow":"follow","max-snippet":"max-snippet:-1","max-image-preview":"max-image-preview:large","max-video-preview":"max-video-preview:-1"},"canonical":"https:\/\/www.coaliciondelasamericas.org\/blog\/estudios\/estudio-selfie-01\/","og_locale":"es_ES","og_type":"article","og_title":"Estudio Selfie I - Coalici&oacute;n de las Am&eacute;ricas","og_description":"An\u00e1lisis de las unidades m\u00e9dicas y organizaciones nacionales miembros (ONMs) para la atenci\u00f3n de personas con hemofilia y otras deficiencias.","og_url":"https:\/\/www.coaliciondelasamericas.org\/blog\/estudios\/estudio-selfie-01\/","og_site_name":"Coalici&oacute;n de las Am&eacute;ricas","article_modified_time":"2024-03-15T20:45:25+00:00","og_image":[{"url":"https:\/\/www.coaliciondelasamericas.org\/blog\/wp-content\/uploads\/2024\/03\/archivo-pdf.png","type":"","width":"","height":""}],"twitter_card":"summary_large_image","twitter_misc":{"Tiempo de lectura":"2 minutos"},"schema":{"@context":"https:\/\/schema.org","@graph":[{"@type":"WebPage","@id":"https:\/\/www.coaliciondelasamericas.org\/blog\/estudios\/estudio-selfie-01\/","url":"https:\/\/www.coaliciondelasamericas.org\/blog\/estudios\/estudio-selfie-01\/","name":"Estudio Selfie I - Coalici&oacute;n de las Am&eacute;ricas","isPartOf":{"@id":"https:\/\/www.coaliciondelasamericas.org\/blog\/#website"},"primaryImageOfPage":{"@id":"https:\/\/www.coaliciondelasamericas.org\/blog\/estudios\/estudio-selfie-01\/#primaryimage"},"image":{"@id":"https:\/\/www.coaliciondelasamericas.org\/blog\/estudios\/estudio-selfie-01\/#primaryimage"},"thumbnailUrl":"https:\/\/www.coaliciondelasamericas.org\/blog\/wp-content\/uploads\/2024\/03\/archivo-pdf.png","datePublished":"2022-10-01T20:44:25+00:00","dateModified":"2024-03-15T20:45:25+00:00","description":"An\u00e1lisis de las unidades m\u00e9dicas y organizaciones nacionales miembros (ONMs) para la atenci\u00f3n de personas con hemofilia y otras deficiencias.","breadcrumb":{"@id":"https:\/\/www.coaliciondelasamericas.org\/blog\/estudios\/estudio-selfie-01\/#breadcrumb"},"inLanguage":"es","potentialAction":[{"@type":"ReadAction","target":["https:\/\/www.coaliciondelasamericas.org\/blog\/estudios\/estudio-selfie-01\/"]}]},{"@type":"ImageObject","inLanguage":"es","@id":"https:\/\/www.coaliciondelasamericas.org\/blog\/estudios\/estudio-selfie-01\/#primaryimage","url":"https:\/\/www.coaliciondelasamericas.org\/blog\/wp-content\/uploads\/2024\/03\/archivo-pdf.png","contentUrl":"https:\/\/www.coaliciondelasamericas.org\/blog\/wp-content\/uploads\/2024\/03\/archivo-pdf.png","width":235,"height":214,"caption":"M\u00e1s Informaci\u00f3n \/ Descargar el PDF"},{"@type":"BreadcrumbList","@id":"https:\/\/www.coaliciondelasamericas.org\/blog\/estudios\/estudio-selfie-01\/#breadcrumb","itemListElement":[{"@type":"ListItem","position":1,"name":"Portada","item":"https:\/\/www.coaliciondelasamericas.org\/blog\/"},{"@type":"ListItem","position":2,"name":"Proyectos","item":"https:\/\/www.coaliciondelasamericas.org\/blog\/estudios\/"},{"@type":"ListItem","position":3,"name":"Estudio Selfie I"}]},{"@type":"WebSite","@id":"https:\/\/www.coaliciondelasamericas.org\/blog\/#website","url":"https:\/\/www.coaliciondelasamericas.org\/blog\/","name":"Coalici&oacute;n de las Am&eacute;ricas","description":"Lideres Unidos por el Bienestar de la Hemofilia","publisher":{"@id":"https:\/\/www.coaliciondelasamericas.org\/blog\/#organization"},"potentialAction":[{"@type":"SearchAction","target":{"@type":"EntryPoint","urlTemplate":"https:\/\/www.coaliciondelasamericas.org\/blog\/?s={search_term_string}"},"query-input":{"@type":"PropertyValueSpecification","valueRequired":true,"valueName":"search_term_string"}}],"inLanguage":"es"},{"@type":"Organization","@id":"https:\/\/www.coaliciondelasamericas.org\/blog\/#organization","name":"Coalici&oacute;n de las Am&eacute;ricas","url":"https:\/\/www.coaliciondelasamericas.org\/blog\/","logo":{"@type":"ImageObject","inLanguage":"es","@id":"https:\/\/www.coaliciondelasamericas.org\/blog\/#\/schema\/logo\/image\/","url":"https:\/\/www.coaliciondelasamericas.org\/blog\/wp-content\/uploads\/2023\/03\/cropped-01-Portada-02.png","contentUrl":"https:\/\/www.coaliciondelasamericas.org\/blog\/wp-content\/uploads\/2023\/03\/cropped-01-Portada-02.png","width":300,"height":130,"caption":"Coalici&oacute;n de las Am&eacute;ricas"},"image":{"@id":"https:\/\/www.coaliciondelasamericas.org\/blog\/#\/schema\/logo\/image\/"}}]}},"_links":{"self":[{"href":"https:\/\/www.coaliciondelasamericas.org\/blog\/wp-json\/wp\/v2\/pages\/1228","targetHints":{"allow":["GET"]}}],"collection":[{"href":"https:\/\/www.coaliciondelasamericas.org\/blog\/wp-json\/wp\/v2\/pages"}],"about":[{"href":"https:\/\/www.coaliciondelasamericas.org\/blog\/wp-json\/wp\/v2\/types\/page"}],"author":[{"embeddable":true,"href":"https:\/\/www.coaliciondelasamericas.org\/blog\/wp-json\/wp\/v2\/users\/1"}],"replies":[{"embeddable":true,"href":"https:\/\/www.coaliciondelasamericas.org\/blog\/wp-json\/wp\/v2\/comments?post=1228"}],"version-history":[{"count":40,"href":"https:\/\/www.coaliciondelasamericas.org\/blog\/wp-json\/wp\/v2\/pages\/1228\/revisions"}],"predecessor-version":[{"id":3303,"href":"https:\/\/www.coaliciondelasamericas.org\/blog\/wp-json\/wp\/v2\/pages\/1228\/revisions\/3303"}],"up":[{"embeddable":true,"href":"https:\/\/www.coaliciondelasamericas.org\/blog\/wp-json\/wp\/v2\/pages\/1741"}],"wp:attachment":[{"href":"https:\/\/www.coaliciondelasamericas.org\/blog\/wp-json\/wp\/v2\/media?parent=1228"}],"curies":[{"name":"wp","href":"https:\/\/api.w.org\/{rel}","templated":true}]}}