{"id":1085,"date":"2022-09-07T02:32:16","date_gmt":"2022-09-07T02:32:16","guid":{"rendered":"https:\/\/www.coaliciondelasamericas.org\/blog\/?page_id=1085"},"modified":"2022-09-07T03:00:50","modified_gmt":"2022-09-07T03:00:50","slug":"federacion-mundial-de-hemofilia","status":"publish","type":"page","link":"https:\/\/www.coaliciondelasamericas.org\/blog\/federacion-mundial-de-hemofilia\/","title":{"rendered":"Federaci\u00f3n Mundial de Hemofilia"},"content":{"rendered":"\n<h5 class=\"has-text-align-center wp-block-heading\"><\/h5>\n\n\n\n<hr class=\"wp-block-separator has-alpha-channel-opacity is-style-wide\"\/>\n\n\n\n<div class=\"wp-block-columns is-layout-flex wp-container-core-columns-is-layout-28f84493 wp-block-columns-is-layout-flex\">\n<div class=\"wp-block-column is-vertically-aligned-top is-layout-flow wp-block-column-is-layout-flow\">\n<figure class=\"wp-block-image size-full\"><img loading=\"lazy\" decoding=\"async\" width=\"354\" height=\"290\" src=\"https:\/\/www.coaliciondelasamericas.org\/blog\/wp-content\/uploads\/2022\/08\/Linea-Roja-01-FMH.png\" alt=\"\" class=\"wp-image-936\" srcset=\"https:\/\/www.coaliciondelasamericas.org\/blog\/wp-content\/uploads\/2022\/08\/Linea-Roja-01-FMH.png 354w, https:\/\/www.coaliciondelasamericas.org\/blog\/wp-content\/uploads\/2022\/08\/Linea-Roja-01-FMH-300x246.png 300w\" sizes=\"auto, (max-width: 354px) 100vw, 354px\" \/><figcaption>Federaci\u00f3n Mundial de Hemofilia<\/figcaption><\/figure>\n<\/div>\n\n\n\n<div class=\"wp-block-column is-layout-flow wp-block-column-is-layout-flow\">\n<figure class=\"wp-block-image size-full\"><img loading=\"lazy\" decoding=\"async\" width=\"354\" height=\"290\" src=\"https:\/\/www.coaliciondelasamericas.org\/blog\/wp-content\/uploads\/2022\/09\/Linea-Celeste-06.png\" alt=\"\" class=\"wp-image-1089\" srcset=\"https:\/\/www.coaliciondelasamericas.org\/blog\/wp-content\/uploads\/2022\/09\/Linea-Celeste-06.png 354w, https:\/\/www.coaliciondelasamericas.org\/blog\/wp-content\/uploads\/2022\/09\/Linea-Celeste-06-300x246.png 300w\" sizes=\"auto, (max-width: 354px) 100vw, 354px\" \/><figcaption>Noticias de la Federaci\u00f3n<\/figcaption><\/figure>\n<\/div>\n<\/div>\n\n\n\n<p class=\"has-white-color has-text-color has-background\" style=\"background-color:#1ab4cf;font-size:16px\">Proximos eventos<\/p>\n\n\n\n<div class=\"wp-block-columns is-layout-flex wp-container-core-columns-is-layout-28f84493 wp-block-columns-is-layout-flex\">\n<div class=\"wp-block-column is-vertically-aligned-top is-layout-flow wp-block-column-is-layout-flow\">\n<figure class=\"wp-block-image aligncenter size-full\"><img loading=\"lazy\" decoding=\"async\" width=\"350\" height=\"183\" src=\"https:\/\/www.coaliciondelasamericas.org\/blog\/wp-content\/uploads\/2022\/08\/WFH_GPAS_2022.png\" alt=\"Inicio,  Eventos de la Federacion Mundial de Hemofilia\" class=\"wp-image-166\" srcset=\"https:\/\/www.coaliciondelasamericas.org\/blog\/wp-content\/uploads\/2022\/08\/WFH_GPAS_2022.png 350w, https:\/\/www.coaliciondelasamericas.org\/blog\/wp-content\/uploads\/2022\/08\/WFH_GPAS_2022-300x157.png 300w\" sizes=\"auto, (max-width: 350px) 100vw, 350px\" \/><figcaption>Pr\u00f3ximos Eventos <\/figcaption><\/figure>\n<\/div>\n\n\n\n<div class=\"wp-block-column is-layout-flow wp-block-column-is-layout-flow\"><\/div>\n<\/div>\n\n\n\n<p class=\"has-white-color has-text-color has-background\" style=\"background-color:#1ab4cf;font-size:16px\">Educaci\u00f3n \/ Campus Virtual \/ Multimedios<\/p>\n\n\n\n<div class=\"wp-block-columns is-layout-flex wp-container-core-columns-is-layout-28f84493 wp-block-columns-is-layout-flex\">\n<div class=\"wp-block-column is-layout-flow wp-block-column-is-layout-flow\">\n<figure class=\"wp-block-image size-full\"><img loading=\"lazy\" decoding=\"async\" width=\"354\" height=\"290\" src=\"https:\/\/www.coaliciondelasamericas.org\/blog\/wp-content\/uploads\/2022\/08\/Linea-Roja-03-FMH.png\" alt=\"\" class=\"wp-image-992\" srcset=\"https:\/\/www.coaliciondelasamericas.org\/blog\/wp-content\/uploads\/2022\/08\/Linea-Roja-03-FMH.png 354w, https:\/\/www.coaliciondelasamericas.org\/blog\/wp-content\/uploads\/2022\/08\/Linea-Roja-03-FMH-300x246.png 300w\" sizes=\"auto, (max-width: 354px) 100vw, 354px\" \/><figcaption><a href=\"https:\/\/elearning.wfh.org\/es\/\" target=\"_blank\" rel=\"noreferrer noopener\">Plataforma elearning WFH<\/a><\/figcaption><\/figure>\n<\/div>\n\n\n\n<div class=\"wp-block-column is-vertically-aligned-top is-layout-flow wp-block-column-is-layout-flow\"><\/div>\n<\/div>\n\n\n\n<div class=\"wp-block-columns is-layout-flex wp-container-core-columns-is-layout-28f84493 wp-block-columns-is-layout-flex\">\n<div class=\"wp-block-column is-layout-flow wp-block-column-is-layout-flow\"><\/div>\n<\/div>\n\n\n\n<hr class=\"wp-block-separator has-alpha-channel-opacity\"\/>\n\n\n\n<p><\/p>\n","protected":false},"excerpt":{"rendered":"<p>Proximos eventos Educaci\u00f3n \/ Campus Virtual \/ Multimedios<\/p>\n","protected":false},"author":1,"featured_media":0,"parent":0,"menu_order":0,"comment_status":"closed","ping_status":"closed","template":"","meta":{"colormag_page_container_layout":"default_layout","colormag_page_sidebar_layout":"default_layout","_coblocks_attr":"","_coblocks_dimensions":"","_coblocks_responsive_height":"","_coblocks_accordion_ie_support":"","_monsterinsights_skip_tracking":false,"_monsterinsights_sitenote_active":false,"_monsterinsights_sitenote_note":"","_monsterinsights_sitenote_category":0,"footnotes":""},"class_list":["post-1085","page","type-page","status-publish","hentry"],"yoast_head":"<!-- This site is optimized with the Yoast SEO plugin v27.4 - https:\/\/yoast.com\/product\/yoast-seo-wordpress\/ -->\n<title>Federaci\u00f3n Mundial de Hemofilia - Coalici&oacute;n de las Am&eacute;ricas<\/title>\n<meta name=\"description\" content=\"La Coalici\u00f3n de las Am\u00e9ricas es una agrupaci\u00f3n aut\u00f3noma basada en acciones y esfuerzos enfocados a mejorar el cuidado de la Hemofilia.\" \/>\n<meta name=\"robots\" content=\"index, follow, max-snippet:-1, max-image-preview:large, max-video-preview:-1\" \/>\n<link rel=\"canonical\" href=\"https:\/\/www.coaliciondelasamericas.org\/blog\/federacion-mundial-de-hemofilia\/\" \/>\n<meta property=\"og:locale\" content=\"es_ES\" \/>\n<meta property=\"og:type\" content=\"article\" \/>\n<meta property=\"og:title\" content=\"Federaci\u00f3n Mundial de Hemofilia - Coalici&oacute;n de las Am&eacute;ricas\" \/>\n<meta property=\"og:description\" content=\"La Coalici\u00f3n de las Am\u00e9ricas es una agrupaci\u00f3n aut\u00f3noma basada en acciones y esfuerzos enfocados a mejorar el cuidado de la Hemofilia.\" \/>\n<meta property=\"og:url\" content=\"https:\/\/www.coaliciondelasamericas.org\/blog\/federacion-mundial-de-hemofilia\/\" \/>\n<meta property=\"og:site_name\" content=\"Coalici&oacute;n de las Am&eacute;ricas\" \/>\n<meta property=\"article:modified_time\" content=\"2022-09-07T03:00:50+00:00\" \/>\n<meta property=\"og:image\" content=\"https:\/\/www.coaliciondelasamericas.org\/blog\/wp-content\/uploads\/2022\/08\/Linea-Roja-01-FMH.png\" \/>\n<meta name=\"twitter:card\" content=\"summary_large_image\" \/>\n<meta name=\"twitter:label1\" content=\"Tiempo de lectura\" \/>\n\t<meta name=\"twitter:data1\" content=\"1 minuto\" \/>\n<script type=\"application\/ld+json\" class=\"yoast-schema-graph\">{\"@context\":\"https:\\\/\\\/schema.org\",\"@graph\":[{\"@type\":\"WebPage\",\"@id\":\"https:\\\/\\\/www.coaliciondelasamericas.org\\\/blog\\\/federacion-mundial-de-hemofilia\\\/\",\"url\":\"https:\\\/\\\/www.coaliciondelasamericas.org\\\/blog\\\/federacion-mundial-de-hemofilia\\\/\",\"name\":\"Federaci\u00f3n Mundial de Hemofilia - Coalici&oacute;n de las Am&eacute;ricas\",\"isPartOf\":{\"@id\":\"https:\\\/\\\/www.coaliciondelasamericas.org\\\/blog\\\/#website\"},\"primaryImageOfPage\":{\"@id\":\"https:\\\/\\\/www.coaliciondelasamericas.org\\\/blog\\\/federacion-mundial-de-hemofilia\\\/#primaryimage\"},\"image\":{\"@id\":\"https:\\\/\\\/www.coaliciondelasamericas.org\\\/blog\\\/federacion-mundial-de-hemofilia\\\/#primaryimage\"},\"thumbnailUrl\":\"https:\\\/\\\/www.coaliciondelasamericas.org\\\/blog\\\/wp-content\\\/uploads\\\/2022\\\/08\\\/Linea-Roja-01-FMH.png\",\"datePublished\":\"2022-09-07T02:32:16+00:00\",\"dateModified\":\"2022-09-07T03:00:50+00:00\",\"description\":\"La Coalici\u00f3n de las Am\u00e9ricas es una agrupaci\u00f3n aut\u00f3noma basada en acciones y esfuerzos enfocados a mejorar el cuidado de la Hemofilia.\",\"breadcrumb\":{\"@id\":\"https:\\\/\\\/www.coaliciondelasamericas.org\\\/blog\\\/federacion-mundial-de-hemofilia\\\/#breadcrumb\"},\"inLanguage\":\"es\",\"potentialAction\":[{\"@type\":\"ReadAction\",\"target\":[\"https:\\\/\\\/www.coaliciondelasamericas.org\\\/blog\\\/federacion-mundial-de-hemofilia\\\/\"]}]},{\"@type\":\"ImageObject\",\"inLanguage\":\"es\",\"@id\":\"https:\\\/\\\/www.coaliciondelasamericas.org\\\/blog\\\/federacion-mundial-de-hemofilia\\\/#primaryimage\",\"url\":\"https:\\\/\\\/www.coaliciondelasamericas.org\\\/blog\\\/wp-content\\\/uploads\\\/2022\\\/08\\\/Linea-Roja-01-FMH.png\",\"contentUrl\":\"https:\\\/\\\/www.coaliciondelasamericas.org\\\/blog\\\/wp-content\\\/uploads\\\/2022\\\/08\\\/Linea-Roja-01-FMH.png\",\"width\":354,\"height\":290},{\"@type\":\"BreadcrumbList\",\"@id\":\"https:\\\/\\\/www.coaliciondelasamericas.org\\\/blog\\\/federacion-mundial-de-hemofilia\\\/#breadcrumb\",\"itemListElement\":[{\"@type\":\"ListItem\",\"position\":1,\"name\":\"Portada\",\"item\":\"https:\\\/\\\/www.coaliciondelasamericas.org\\\/blog\\\/\"},{\"@type\":\"ListItem\",\"position\":2,\"name\":\"Federaci\u00f3n Mundial de Hemofilia\"}]},{\"@type\":\"WebSite\",\"@id\":\"https:\\\/\\\/www.coaliciondelasamericas.org\\\/blog\\\/#website\",\"url\":\"https:\\\/\\\/www.coaliciondelasamericas.org\\\/blog\\\/\",\"name\":\"Coalici&oacute;n de las Am&eacute;ricas\",\"description\":\"Lideres Unidos por el Bienestar de la Hemofilia\",\"publisher\":{\"@id\":\"https:\\\/\\\/www.coaliciondelasamericas.org\\\/blog\\\/#organization\"},\"potentialAction\":[{\"@type\":\"SearchAction\",\"target\":{\"@type\":\"EntryPoint\",\"urlTemplate\":\"https:\\\/\\\/www.coaliciondelasamericas.org\\\/blog\\\/?s={search_term_string}\"},\"query-input\":{\"@type\":\"PropertyValueSpecification\",\"valueRequired\":true,\"valueName\":\"search_term_string\"}}],\"inLanguage\":\"es\"},{\"@type\":\"Organization\",\"@id\":\"https:\\\/\\\/www.coaliciondelasamericas.org\\\/blog\\\/#organization\",\"name\":\"Coalici&oacute;n de las Am&eacute;ricas\",\"url\":\"https:\\\/\\\/www.coaliciondelasamericas.org\\\/blog\\\/\",\"logo\":{\"@type\":\"ImageObject\",\"inLanguage\":\"es\",\"@id\":\"https:\\\/\\\/www.coaliciondelasamericas.org\\\/blog\\\/#\\\/schema\\\/logo\\\/image\\\/\",\"url\":\"https:\\\/\\\/www.coaliciondelasamericas.org\\\/blog\\\/wp-content\\\/uploads\\\/2023\\\/03\\\/cropped-01-Portada-02.png\",\"contentUrl\":\"https:\\\/\\\/www.coaliciondelasamericas.org\\\/blog\\\/wp-content\\\/uploads\\\/2023\\\/03\\\/cropped-01-Portada-02.png\",\"width\":300,\"height\":130,\"caption\":\"Coalici&oacute;n de las Am&eacute;ricas\"},\"image\":{\"@id\":\"https:\\\/\\\/www.coaliciondelasamericas.org\\\/blog\\\/#\\\/schema\\\/logo\\\/image\\\/\"}}]}<\/script>\n<!-- \/ Yoast SEO plugin. -->","yoast_head_json":{"title":"Federaci\u00f3n Mundial de Hemofilia - Coalici&oacute;n de las Am&eacute;ricas","description":"La Coalici\u00f3n de las Am\u00e9ricas es una agrupaci\u00f3n aut\u00f3noma basada en acciones y esfuerzos enfocados a mejorar el cuidado de la Hemofilia.","robots":{"index":"index","follow":"follow","max-snippet":"max-snippet:-1","max-image-preview":"max-image-preview:large","max-video-preview":"max-video-preview:-1"},"canonical":"https:\/\/www.coaliciondelasamericas.org\/blog\/federacion-mundial-de-hemofilia\/","og_locale":"es_ES","og_type":"article","og_title":"Federaci\u00f3n Mundial de Hemofilia - Coalici&oacute;n de las Am&eacute;ricas","og_description":"La Coalici\u00f3n de las Am\u00e9ricas es una agrupaci\u00f3n aut\u00f3noma basada en acciones y esfuerzos enfocados a mejorar el cuidado de la Hemofilia.","og_url":"https:\/\/www.coaliciondelasamericas.org\/blog\/federacion-mundial-de-hemofilia\/","og_site_name":"Coalici&oacute;n de las Am&eacute;ricas","article_modified_time":"2022-09-07T03:00:50+00:00","og_image":[{"url":"https:\/\/www.coaliciondelasamericas.org\/blog\/wp-content\/uploads\/2022\/08\/Linea-Roja-01-FMH.png","type":"","width":"","height":""}],"twitter_card":"summary_large_image","twitter_misc":{"Tiempo de lectura":"1 minuto"},"schema":{"@context":"https:\/\/schema.org","@graph":[{"@type":"WebPage","@id":"https:\/\/www.coaliciondelasamericas.org\/blog\/federacion-mundial-de-hemofilia\/","url":"https:\/\/www.coaliciondelasamericas.org\/blog\/federacion-mundial-de-hemofilia\/","name":"Federaci\u00f3n Mundial de Hemofilia - Coalici&oacute;n de las Am&eacute;ricas","isPartOf":{"@id":"https:\/\/www.coaliciondelasamericas.org\/blog\/#website"},"primaryImageOfPage":{"@id":"https:\/\/www.coaliciondelasamericas.org\/blog\/federacion-mundial-de-hemofilia\/#primaryimage"},"image":{"@id":"https:\/\/www.coaliciondelasamericas.org\/blog\/federacion-mundial-de-hemofilia\/#primaryimage"},"thumbnailUrl":"https:\/\/www.coaliciondelasamericas.org\/blog\/wp-content\/uploads\/2022\/08\/Linea-Roja-01-FMH.png","datePublished":"2022-09-07T02:32:16+00:00","dateModified":"2022-09-07T03:00:50+00:00","description":"La Coalici\u00f3n de las Am\u00e9ricas es una agrupaci\u00f3n aut\u00f3noma basada en acciones y esfuerzos enfocados a mejorar el cuidado de la Hemofilia.","breadcrumb":{"@id":"https:\/\/www.coaliciondelasamericas.org\/blog\/federacion-mundial-de-hemofilia\/#breadcrumb"},"inLanguage":"es","potentialAction":[{"@type":"ReadAction","target":["https:\/\/www.coaliciondelasamericas.org\/blog\/federacion-mundial-de-hemofilia\/"]}]},{"@type":"ImageObject","inLanguage":"es","@id":"https:\/\/www.coaliciondelasamericas.org\/blog\/federacion-mundial-de-hemofilia\/#primaryimage","url":"https:\/\/www.coaliciondelasamericas.org\/blog\/wp-content\/uploads\/2022\/08\/Linea-Roja-01-FMH.png","contentUrl":"https:\/\/www.coaliciondelasamericas.org\/blog\/wp-content\/uploads\/2022\/08\/Linea-Roja-01-FMH.png","width":354,"height":290},{"@type":"BreadcrumbList","@id":"https:\/\/www.coaliciondelasamericas.org\/blog\/federacion-mundial-de-hemofilia\/#breadcrumb","itemListElement":[{"@type":"ListItem","position":1,"name":"Portada","item":"https:\/\/www.coaliciondelasamericas.org\/blog\/"},{"@type":"ListItem","position":2,"name":"Federaci\u00f3n Mundial de Hemofilia"}]},{"@type":"WebSite","@id":"https:\/\/www.coaliciondelasamericas.org\/blog\/#website","url":"https:\/\/www.coaliciondelasamericas.org\/blog\/","name":"Coalici&oacute;n de las Am&eacute;ricas","description":"Lideres Unidos por el Bienestar de la Hemofilia","publisher":{"@id":"https:\/\/www.coaliciondelasamericas.org\/blog\/#organization"},"potentialAction":[{"@type":"SearchAction","target":{"@type":"EntryPoint","urlTemplate":"https:\/\/www.coaliciondelasamericas.org\/blog\/?s={search_term_string}"},"query-input":{"@type":"PropertyValueSpecification","valueRequired":true,"valueName":"search_term_string"}}],"inLanguage":"es"},{"@type":"Organization","@id":"https:\/\/www.coaliciondelasamericas.org\/blog\/#organization","name":"Coalici&oacute;n de las Am&eacute;ricas","url":"https:\/\/www.coaliciondelasamericas.org\/blog\/","logo":{"@type":"ImageObject","inLanguage":"es","@id":"https:\/\/www.coaliciondelasamericas.org\/blog\/#\/schema\/logo\/image\/","url":"https:\/\/www.coaliciondelasamericas.org\/blog\/wp-content\/uploads\/2023\/03\/cropped-01-Portada-02.png","contentUrl":"https:\/\/www.coaliciondelasamericas.org\/blog\/wp-content\/uploads\/2023\/03\/cropped-01-Portada-02.png","width":300,"height":130,"caption":"Coalici&oacute;n de las Am&eacute;ricas"},"image":{"@id":"https:\/\/www.coaliciondelasamericas.org\/blog\/#\/schema\/logo\/image\/"}}]}},"_links":{"self":[{"href":"https:\/\/www.coaliciondelasamericas.org\/blog\/wp-json\/wp\/v2\/pages\/1085","targetHints":{"allow":["GET"]}}],"collection":[{"href":"https:\/\/www.coaliciondelasamericas.org\/blog\/wp-json\/wp\/v2\/pages"}],"about":[{"href":"https:\/\/www.coaliciondelasamericas.org\/blog\/wp-json\/wp\/v2\/types\/page"}],"author":[{"embeddable":true,"href":"https:\/\/www.coaliciondelasamericas.org\/blog\/wp-json\/wp\/v2\/users\/1"}],"replies":[{"embeddable":true,"href":"https:\/\/www.coaliciondelasamericas.org\/blog\/wp-json\/wp\/v2\/comments?post=1085"}],"version-history":[{"count":6,"href":"https:\/\/www.coaliciondelasamericas.org\/blog\/wp-json\/wp\/v2\/pages\/1085\/revisions"}],"predecessor-version":[{"id":1789,"href":"https:\/\/www.coaliciondelasamericas.org\/blog\/wp-json\/wp\/v2\/pages\/1085\/revisions\/1789"}],"wp:attachment":[{"href":"https:\/\/www.coaliciondelasamericas.org\/blog\/wp-json\/wp\/v2\/media?parent=1085"}],"curies":[{"name":"wp","href":"https:\/\/api.w.org\/{rel}","templated":true}]}}